{"id":1794,"date":"2021-12-02T12:15:52","date_gmt":"2021-12-02T17:15:52","guid":{"rendered":"https:\/\/fibrotek.com\/?page_id=1794"},"modified":"2024-02-13T18:39:39","modified_gmt":"2024-02-13T23:39:39","slug":"outillage-composite-aerospatial","status":"publish","type":"page","link":"https:\/\/fibrotek.com\/en_ca\/innovations\/aerospace-composite-tooling\/","title":{"rendered":"Aerospace Composite Tooling"},"content":{"rendered":"<div data-elementor-type=\"wp-page\" data-elementor-id=\"1794\" class=\"elementor elementor-1794\">\n\t\t\t\t\t\t<section class=\"elementor-section elementor-top-section elementor-element elementor-element-7ceac3d1 elementor-section-height-min-height elementor-section-content-middle elementor-section-stretched elementor-section-boxed elementor-section-height-default elementor-section-items-middle\" data-id=\"7ceac3d1\" data-element_type=\"section\" data-e-type=\"section\" data-settings=\"{&quot;background_background&quot;:&quot;classic&quot;,&quot;stretch_section&quot;:&quot;section-stretched&quot;}\">\n\t\t\t\t\t\t\t<div class=\"elementor-background-overlay\"><\/div>\n\t\t\t\t\t\t\t<div class=\"elementor-container elementor-column-gap-default\">\n\t\t\t\t\t<div class=\"elementor-column elementor-col-100 elementor-top-column elementor-element elementor-element-165ca8b3\" data-id=\"165ca8b3\" data-element_type=\"column\" data-e-type=\"column\">\n\t\t\t<div class=\"elementor-widget-wrap elementor-element-populated\">\n\t\t\t\t\t\t<div class=\"elementor-element elementor-element-7f40c6d9 elementor-widget elementor-widget-heading\" data-id=\"7f40c6d9\" data-element_type=\"widget\" data-e-type=\"widget\" data-widget_type=\"heading.default\">\n\t\t\t\t<div class=\"elementor-widget-container\">\n\t\t\t\t\t<h1 class=\"elementor-heading-title elementor-size-default\">Aerospace Composite Tooling<\/h1>\t\t\t\t<\/div>\n\t\t\t\t<\/div>\n\t\t\t\t\t<\/div>\n\t\t<\/div>\n\t\t\t\t\t<\/div>\n\t\t<\/section>\n\t\t\t\t<section class=\"elementor-section elementor-top-section elementor-element elementor-element-bc3d947 elementor-section-content-middle elementor-section-stretched elementor-section-boxed elementor-section-height-default elementor-section-height-default\" data-id=\"bc3d947\" data-element_type=\"section\" data-e-type=\"section\" data-settings=\"{&quot;stretch_section&quot;:&quot;section-stretched&quot;}\">\n\t\t\t\t\t\t<div class=\"elementor-container elementor-column-gap-no\">\n\t\t\t\t\t<div class=\"elementor-column elementor-col-100 elementor-top-column elementor-element elementor-element-4d13fe43\" data-id=\"4d13fe43\" data-element_type=\"column\" data-e-type=\"column\">\n\t\t\t<div class=\"elementor-widget-wrap elementor-element-populated\">\n\t\t\t\t\t\t<div class=\"elementor-element elementor-element-7203db0 elementor-widget-divider--view-line elementor-widget elementor-widget-divider\" data-id=\"7203db0\" data-element_type=\"widget\" data-e-type=\"widget\" data-widget_type=\"divider.default\">\n\t\t\t\t<div class=\"elementor-widget-container\">\n\t\t\t\t\t\t\t<div class=\"elementor-divider\">\n\t\t\t<span class=\"elementor-divider-separator\">\n\t\t\t\t\t\t<\/span>\n\t\t<\/div>\n\t\t\t\t\t\t<\/div>\n\t\t\t\t<\/div>\n\t\t\t\t<div class=\"elementor-element elementor-element-4b342103 elementor-widget elementor-widget-text-editor\" data-id=\"4b342103\" data-element_type=\"widget\" data-e-type=\"widget\" data-widget_type=\"text-editor.default\">\n\t\t\t\t<div class=\"elementor-widget-container\">\n\t\t\t\t\t\t\t\t\t<h2><strong>Aerospace Composite Tooling<\/strong><\/h2><p>Composite material consists of reinforcing thermoset or thermoplastic matrix with reinforcements represented generally by resistant and stiff fibers. These materials are desirable for aviation and aerospace employment due to their outstanding strength, stiffness, density ratios, and superior physical attributes.<\/p><p>From fuselage panels, wing assemblies, to aircraft seating, and instrument enclosures, composite materials are one of the most significant resources utilized by the aerospace industry due to their ability to reduce weight and increase fuel efficiency. As a result of high production demands, dimensional requirements, and crucial precision, aerospace manufacturers must have access to robust tools that preserve assembly cycles and safeguard global supply chains.<\/p><p><strong>Hard Tools<\/strong><\/p><p>Hard tools are frequently constructed of high-yielding metal compounds such as steel, aluminum, and nickel. However, while these materials are reliable, they do have shortcomings that cause production lines difficulties, including:<\/p><ul><li>Their overall weight, making the hard tools challenging to move and work with seamlessly.<\/li><li>Expensive tool manufacturing costs.<\/li><li>Their thermal conductivity which can lengthen cure times and lead to cure certification complications ensuing from a lack of control during the treatment process.<\/li><\/ul><p>In conclusion, the manufacturing of hard tooling is extensive and requires meticulous finishing and buffing procedures in addition to welding and other significant phases to obtain a functional part.\u00a0<\/p><p><strong>The Advantages of Composite Tooling<\/strong><\/p><p>The impediments in production that are caused by hard tools can be solved through the application of composite tooling, also known as soft tooling. There are copious advantages to using composite materials, including:<\/p><ul><li>Simplicity in the assembly of intricate mechanisms such as shapes and designs.<\/li><li>More robust tool strength at a lower mass<\/li><li>An overall weight decrease in the tool itself, by 20 \u2013 50%.<\/li><li>Enhanced tolerance to significant damage<\/li><li>Thermal constancy when bare to prompt temperature adjustments<\/li><li>Elimination of corrosion issues<\/li><li>Increased endurance to high impacts<\/li><\/ul><p><strong>Common Aerospace Composite Materials<\/strong><\/p><p>Furthermore, an additional valuable aspect of aerospace composite is that several types of composites are used in aerospace manufacturing, depending on the soft tool requirements. For example, parts manufactured in small capacities, prototype pieces where stringent dimensional certainty is not a requirement, and pieces cured at room or low temperatures can be manufactured with materials such as fiberglass, high-density foams, machinable epoxy panels, clay or wood\/plaster models are frequently suitable.<\/p><p class=\" translation-block\">At Fibrotek Advanced Materials, we are committed to utilizing the following composite materials in our production of soft and hard tools depending on client requirements for customized results:<\/p><ul><li>Carbon fiber<\/li><li>Kevlar<\/li><li>Fiberglass<\/li><li>Graphite<\/li><li>Tooling boards<\/li><li>Epoxy and other synthetic thermoset resin and polymers<\/li><li>Composite sandwich laminate<\/li><li>Aluminum<\/li><li>Steel<\/li><li>Wood<\/li><li>Plaster<\/li><\/ul><p>These diverse materials permit our business in constructing innovative hybrid tools that off the benefits of both hard and soft tools to optimize performance and reduce complications across the production line while offering customizable experiences contingent on client provisions and budget requirements. Our individually constructed frame infrastructure is produced of solid aluminum or steel, rendering the required toughness, quality, and low-shrinkage potential.<\/p><p><strong>How Fibrotek Advanced Materials Can Help\u00a0\u00a0<\/strong><\/p><p class=\" translation-block\">With over 20 years of experience serving diverse clients in the aerospace, drone, and automotive industry, our objective at Fibrotek Advanced Materials is to continue leading tooling manufacturing and engineering standards by expanding the boundaries of efficiency and innovation to offer our clients superior quality products that are cost-effective. From the initial prototype design stage to manufacturing and delivery, Fibrotek Advanced Materials has profitably eliminated all subcontracting costs for customers while certifying remarkable craftsmanship.<\/p><p>Our extensive warehouse is host to internal proficiencies for:<\/p><ul><li>3-, 4-, and 5- axis machining<\/li><li>Autoclaving<\/li><li>Additive manufacturing, or 3D printing\u00a0\u00a0<\/li><li>Assembly<\/li><li>Prototype and modeling display for demonstrational purposes<\/li><\/ul><p><strong>Miscellaneous Production Parts<\/strong><\/p><p class=\" translation-block\">Fibrotek Advanced Materials masterfully employs complex understanding and expertise in executing intricate tooling, mechanical parts and equipment for drilling and trim milling, segments, and accessories with a diverse team of engineers, chemists, specialized staff, and business superintendents working alongside several principal OEMs and Tier 1 companies globally.<\/p><p class=\" translation-block\">Here is a closer look at the production mechanical parts Fibrotek Advanced Materials can manufacture for your necessities:<\/p><ul><li>Finishing devices<\/li><li>Joining devices<\/li><li>Assembly jigs<\/li><li>Retainers<\/li><li>Milling devices<\/li><li>Vacuum-type or clamp-style<\/li><li>Complex, challenging shapes<\/li><li>Hydraulic or Pneumatic grippers for high quantity industrialized procedures<\/li><\/ul><p>Complying with AS9100 standards and quality specifications, Fibrotek Advanced Materials' professional engineering, manufacturing, and delivery services offer excellent care and valuable solutions. This assurance is upheld through the utilization of our 10x20 Composite Autoclave \u2013a high-pressure container employed to construct composites requiring immense pressure and temperatures.<\/p><p><strong>Our Inspection Standards<\/strong><\/p><p class=\" translation-block\">Fibrotek Advanced Materials takes pride in advancing a diverse spectrum of measurement solutions at all stages of our product life cycles by utilizing innovative technological software, including HandyScan 3D, a transportable metrology-grade 3D scanner. This dynamic handheld 3D scanner promptly presents precise, high-resolution 3D scans with intricate exteriors under all environmental circumstances. It also extends sharpness up to 0.030 mm (0.0012 in.) and a maximum resolution of 0.050 mm (0.0020 in.).<\/p><p>Furthermore, its top acquisition rate is 480,000 measurements\/s. Applied in combination with post-treatment software, data from the 3D scan can be clinched and exported as a simple 3D file for inspection, 3D printing, and CAD software (CATIA, SolidWorks, Inventor, etc.). With this innovative production scanner, Fibrotek offers our clients unlimited 3D scanning regardless of the part size, complexity, material, or surface with this innovative production scanner.<\/p><p><strong>Fibrotek Advanced Materials Quality Certifications<\/strong><\/p><p class=\" translation-block\">As an industry leading company, Fibrotek Advanced Materials is pleased to hold several quality certifications, including:<\/p><ul><li>ISO 9001: 2015 Quality Management<\/li><li>AS 9100 Quality Management for Aerospace and Defense<\/li><\/ul><p>We are also registered under the Canadian Controlled Products Program (CGP), and Compliant with ITAR.<\/p><p class=\" translation-block\"><strong>Call Fibrotek Advanced Materials Today<\/strong><\/p><p class=\" translation-block\">At Fibrotek Advanced Materials, clients can rest assured knowing they\u2019ve partnered with a company who understands the complexity and significance of innovative aerospace composite tooling. With years of experience and industry authority, our team is well-equipped with the knowledge and manufacturing equipment to deliver you with excellence.<\/p><p>To learn more about how we can assist you, please call us at (418) -439-0999 to book a consultation call with our team of diverse experts.<\/p><p>We look forward to working with you.<\/p>\t\t\t\t\t\t\t\t<\/div>\n\t\t\t\t<\/div>\n\t\t\t\t\t<\/div>\n\t\t<\/div>\n\t\t\t\t\t<\/div>\n\t\t<\/section>\n\t\t\t\t<section class=\"elementor-section elementor-top-section elementor-element elementor-element-26eeb9de elementor-section-boxed elementor-section-height-default elementor-section-height-default\" data-id=\"26eeb9de\" data-element_type=\"section\" data-e-type=\"section\">\n\t\t\t\t\t\t<div class=\"elementor-container elementor-column-gap-default\">\n\t\t\t\t\t<div class=\"elementor-column elementor-col-100 elementor-top-column elementor-element elementor-element-6becfa3\" data-id=\"6becfa3\" data-element_type=\"column\" data-e-type=\"column\">\n\t\t\t<div class=\"elementor-widget-wrap\">\n\t\t\t\t\t\t\t<\/div>\n\t\t<\/div>\n\t\t\t\t\t<\/div>\n\t\t<\/section>\n\t\t\t\t<\/div>","protected":false},"excerpt":{"rendered":"<p>Outillage composite pour l&rsquo;a\u00e9rospatiale Outillage Composite A\u00e9rospatial Le mat\u00e9riau composite est constitu\u00e9 d&rsquo;un renfort \u00e0 matrice thermodurcissable ou thermoplastique avec des renforts repr\u00e9sent\u00e9s g\u00e9n\u00e9ralement par des fibres r\u00e9sistantes et rigides. Ces mat\u00e9riaux sont souhaitables pour l&rsquo;aviation et l&rsquo;a\u00e9rospatiale en raison de leur r\u00e9sistance, de leur rigidit\u00e9, de leurs rapports de densit\u00e9 et de leurs attributs [&hellip;]<\/p>","protected":false},"author":1,"featured_media":0,"parent":342,"menu_order":0,"comment_status":"closed","ping_status":"closed","template":"","meta":{"ocean_post_layout":"","ocean_both_sidebars_style":"","ocean_both_sidebars_content_width":0,"ocean_both_sidebars_sidebars_width":0,"ocean_sidebar":"0","ocean_second_sidebar":"0","ocean_disable_margins":"enable","ocean_add_body_class":"","ocean_shortcode_before_top_bar":"","ocean_shortcode_after_top_bar":"","ocean_shortcode_before_header":"","ocean_shortcode_after_header":"","ocean_has_shortcode":"","ocean_shortcode_after_title":"","ocean_shortcode_before_footer_widgets":"","ocean_shortcode_after_footer_widgets":"","ocean_shortcode_before_footer_bottom":"","ocean_shortcode_after_footer_bottom":"","ocean_display_top_bar":"default","ocean_display_header":"default","ocean_header_style":"","ocean_center_header_left_menu":"0","ocean_custom_header_template":"0","ocean_custom_logo":0,"ocean_custom_retina_logo":0,"ocean_custom_logo_max_width":0,"ocean_custom_logo_tablet_max_width":0,"ocean_custom_logo_mobile_max_width":0,"ocean_custom_logo_max_height":0,"ocean_custom_logo_tablet_max_height":0,"ocean_custom_logo_mobile_max_height":0,"ocean_header_custom_menu":"0","ocean_menu_typo_font_family":"0","ocean_menu_typo_font_subset":"","ocean_menu_typo_font_size":0,"ocean_menu_typo_font_size_tablet":0,"ocean_menu_typo_font_size_mobile":0,"ocean_menu_typo_font_size_unit":"px","ocean_menu_typo_font_weight":"","ocean_menu_typo_font_weight_tablet":"","ocean_menu_typo_font_weight_mobile":"","ocean_menu_typo_transform":"","ocean_menu_typo_transform_tablet":"","ocean_menu_typo_transform_mobile":"","ocean_menu_typo_line_height":0,"ocean_menu_typo_line_height_tablet":0,"ocean_menu_typo_line_height_mobile":0,"ocean_menu_typo_line_height_unit":"","ocean_menu_typo_spacing":0,"ocean_menu_typo_spacing_tablet":0,"ocean_menu_typo_spacing_mobile":0,"ocean_menu_typo_spacing_unit":"","ocean_menu_link_color":"","ocean_menu_link_color_hover":"","ocean_menu_link_color_active":"","ocean_menu_link_background":"","ocean_menu_link_hover_background":"","ocean_menu_link_active_background":"","ocean_menu_social_links_bg":"","ocean_menu_social_hover_links_bg":"","ocean_menu_social_links_color":"","ocean_menu_social_hover_links_color":"","ocean_disable_title":"default","ocean_disable_heading":"default","ocean_post_title":"","ocean_post_subheading":"","ocean_post_title_style":"","ocean_post_title_background_color":"","ocean_post_title_background":0,"ocean_post_title_bg_image_position":"","ocean_post_title_bg_image_attachment":"","ocean_post_title_bg_image_repeat":"","ocean_post_title_bg_image_size":"","ocean_post_title_height":0,"ocean_post_title_bg_overlay":0.5,"ocean_post_title_bg_overlay_color":"","ocean_disable_breadcrumbs":"default","ocean_breadcrumbs_color":"","ocean_breadcrumbs_separator_color":"","ocean_breadcrumbs_links_color":"","ocean_breadcrumbs_links_hover_color":"","ocean_display_footer_widgets":"default","ocean_display_footer_bottom":"default","ocean_custom_footer_template":"1508","footnotes":""},"class_list":["post-1794","page","type-page","status-publish","hentry","entry"],"_links":{"self":[{"href":"https:\/\/fibrotek.com\/en_ca\/wp-json\/wp\/v2\/pages\/1794","targetHints":{"allow":["GET"]}}],"collection":[{"href":"https:\/\/fibrotek.com\/en_ca\/wp-json\/wp\/v2\/pages"}],"about":[{"href":"https:\/\/fibrotek.com\/en_ca\/wp-json\/wp\/v2\/types\/page"}],"author":[{"embeddable":true,"href":"https:\/\/fibrotek.com\/en_ca\/wp-json\/wp\/v2\/users\/1"}],"replies":[{"embeddable":true,"href":"https:\/\/fibrotek.com\/en_ca\/wp-json\/wp\/v2\/comments?post=1794"}],"version-history":[{"count":30,"href":"https:\/\/fibrotek.com\/en_ca\/wp-json\/wp\/v2\/pages\/1794\/revisions"}],"predecessor-version":[{"id":2421,"href":"https:\/\/fibrotek.com\/en_ca\/wp-json\/wp\/v2\/pages\/1794\/revisions\/2421"}],"up":[{"embeddable":true,"href":"https:\/\/fibrotek.com\/en_ca\/wp-json\/wp\/v2\/pages\/342"}],"wp:attachment":[{"href":"https:\/\/fibrotek.com\/en_ca\/wp-json\/wp\/v2\/media?parent=1794"}],"curies":[{"name":"wp","href":"https:\/\/api.w.org\/{rel}","templated":true}]}}