{"id":1822,"date":"2021-12-02T13:47:25","date_gmt":"2021-12-02T18:47:25","guid":{"rendered":"https:\/\/fibrotek.com\/?page_id=1822"},"modified":"2024-02-13T18:00:20","modified_gmt":"2024-02-13T23:00:20","slug":"entreprises-de-fabrication-de-pieces-davion","status":"publish","type":"page","link":"https:\/\/fibrotek.com\/en_ca\/innovations\/aircraft-parts-manufacturing-companies\/","title":{"rendered":"Aircraft Parts Manufacturing Companies"},"content":{"rendered":"<div data-elementor-type=\"wp-page\" data-elementor-id=\"1822\" class=\"elementor elementor-1822\">\n\t\t\t\t\t\t<section class=\"elementor-section elementor-top-section elementor-element elementor-element-7ceac3d1 elementor-section-height-min-height elementor-section-content-middle elementor-section-stretched elementor-section-boxed elementor-section-height-default elementor-section-items-middle\" data-id=\"7ceac3d1\" data-element_type=\"section\" data-e-type=\"section\" data-settings=\"{&quot;background_background&quot;:&quot;classic&quot;,&quot;stretch_section&quot;:&quot;section-stretched&quot;}\">\n\t\t\t\t\t\t\t<div class=\"elementor-background-overlay\"><\/div>\n\t\t\t\t\t\t\t<div class=\"elementor-container elementor-column-gap-default\">\n\t\t\t\t\t<div class=\"elementor-column elementor-col-100 elementor-top-column elementor-element elementor-element-165ca8b3\" data-id=\"165ca8b3\" data-element_type=\"column\" data-e-type=\"column\">\n\t\t\t<div class=\"elementor-widget-wrap elementor-element-populated\">\n\t\t\t\t\t\t<div class=\"elementor-element elementor-element-7f40c6d9 elementor-widget elementor-widget-heading\" data-id=\"7f40c6d9\" data-element_type=\"widget\" data-e-type=\"widget\" data-widget_type=\"heading.default\">\n\t\t\t\t<div class=\"elementor-widget-container\">\n\t\t\t\t\t<h1 class=\"elementor-heading-title elementor-size-default\">Aircraft Parts Manufacturing<\/h1>\t\t\t\t<\/div>\n\t\t\t\t<\/div>\n\t\t\t\t\t<\/div>\n\t\t<\/div>\n\t\t\t\t\t<\/div>\n\t\t<\/section>\n\t\t\t\t<section class=\"elementor-section elementor-top-section elementor-element elementor-element-bc3d947 elementor-section-content-middle elementor-section-stretched elementor-section-boxed elementor-section-height-default elementor-section-height-default\" data-id=\"bc3d947\" data-element_type=\"section\" data-e-type=\"section\" data-settings=\"{&quot;stretch_section&quot;:&quot;section-stretched&quot;}\">\n\t\t\t\t\t\t<div class=\"elementor-container elementor-column-gap-no\">\n\t\t\t\t\t<div class=\"elementor-column elementor-col-100 elementor-top-column elementor-element elementor-element-4d13fe43\" data-id=\"4d13fe43\" data-element_type=\"column\" data-e-type=\"column\">\n\t\t\t<div class=\"elementor-widget-wrap elementor-element-populated\">\n\t\t\t\t\t\t<div class=\"elementor-element elementor-element-7203db0 elementor-widget-divider--view-line elementor-widget elementor-widget-divider\" data-id=\"7203db0\" data-element_type=\"widget\" data-e-type=\"widget\" data-widget_type=\"divider.default\">\n\t\t\t\t<div class=\"elementor-widget-container\">\n\t\t\t\t\t\t\t<div class=\"elementor-divider\">\n\t\t\t<span class=\"elementor-divider-separator\">\n\t\t\t\t\t\t<\/span>\n\t\t<\/div>\n\t\t\t\t\t\t<\/div>\n\t\t\t\t<\/div>\n\t\t\t\t<div class=\"elementor-element elementor-element-4b342103 elementor-widget elementor-widget-text-editor\" data-id=\"4b342103\" data-element_type=\"widget\" data-e-type=\"widget\" data-widget_type=\"text-editor.default\">\n\t\t\t\t<div class=\"elementor-widget-container\">\n\t\t\t\t\t\t\t\t\t<h2><strong>Aircraft Parts Manufacturing Companies<\/strong><\/h2><p>Aircraft parts manufacturing companies play a critical role in the aerospace industry by supplying precise, intricate, and important mechanical pieces to businesses who construct aircrafts and space vehicles worldwide. While many of these manufacturing companies focus on specific aircraft parts, others may supply all forms of mechanical parts ranging from aircraft seating, fuselage panels, engines, landing gear, to technology that supports space flight for commercial and defense applications.<\/p><p class=\" translation-block\">Here at Fibrotek Advanced Materials, we take pride in offering clients a diverse selection of aerospace composite parts for exterior and interior use. Unlike other aircraft parts manufacturing companies, Fibrotek Advanced Materials oversees the initial design and engineering stages through to the manufacturing and delivery of your businesses customized products. With over 20 years serving clients globally in the aero.<\/p><p><strong>What Makes Us Different: Composite Materials<\/strong><\/p><p class=\" translation-block\">Recognizing the imperative need for aircraft parts that increased fuel efficiency while decreasing weight, Fibrotek Advanced Materials is committed to manufacturing superior quality parts from composite materials by utilizing autoclave, prepeg materials, or wet materials.<\/p><p class=\" translation-block\">Composite materials are desirable for aerodynamics and aerospace due to their extraordinary ratios between strength, stiffness, and density, along with their preferred dynamic attributes. Generally speaking, composite material consists of solid and rigid fibers in an unbreakable resin matrix. Many types of reinforcing materials are available for use in airplanes, and Fibrotek Advanced Materials is well prepared and equipped to custom aerospace mechanical parts according to your needs and specifications.<\/p><p><strong>Composite Materials We Use<\/strong><\/p><p class=\" translation-block\">At Fibrotek Advanced Materials, we manufacture aircraft parts from several composite materials, including:<\/p>\t\t\t\t\t\t\t\t<\/div>\n\t\t\t\t<\/div>\n\t\t\t\t\t<\/div>\n\t\t<\/div>\n\t\t\t\t\t<\/div>\n\t\t<\/section>\n\t\t\t\t<section class=\"elementor-section elementor-top-section elementor-element elementor-element-757f4db elementor-section-boxed elementor-section-height-default elementor-section-height-default\" data-id=\"757f4db\" data-element_type=\"section\" data-e-type=\"section\">\n\t\t\t\t\t\t<div class=\"elementor-container elementor-column-gap-default\">\n\t\t\t\t\t<div class=\"elementor-column elementor-col-33 elementor-top-column elementor-element elementor-element-add37ea\" data-id=\"add37ea\" data-element_type=\"column\" data-e-type=\"column\">\n\t\t\t<div class=\"elementor-widget-wrap elementor-element-populated\">\n\t\t\t\t\t\t<div class=\"elementor-element elementor-element-44be6ca elementor-widget elementor-widget-text-editor\" data-id=\"44be6ca\" data-element_type=\"widget\" data-e-type=\"widget\" data-widget_type=\"text-editor.default\">\n\t\t\t\t<div class=\"elementor-widget-container\">\n\t\t\t\t\t\t\t\t\t<ul style=\"color: #c91503;\"><li>Carbon fiber<\/li><li>Kevlar<\/li><li>Fiberglass<\/li><li>Graphite<\/li><\/ul>\t\t\t\t\t\t\t\t<\/div>\n\t\t\t\t<\/div>\n\t\t\t\t\t<\/div>\n\t\t<\/div>\n\t\t\t\t<div class=\"elementor-column elementor-col-33 elementor-top-column elementor-element elementor-element-ea10406\" data-id=\"ea10406\" data-element_type=\"column\" data-e-type=\"column\">\n\t\t\t<div class=\"elementor-widget-wrap elementor-element-populated\">\n\t\t\t\t\t\t<div class=\"elementor-element elementor-element-b873a25 elementor-widget elementor-widget-text-editor\" data-id=\"b873a25\" data-element_type=\"widget\" data-e-type=\"widget\" data-widget_type=\"text-editor.default\">\n\t\t\t\t<div class=\"elementor-widget-container\">\n\t\t\t\t\t\t\t\t\t<ul style=\"color: #c91503;\"><li>Tooling boards<\/li><li>Epoxy and other synthetic thermoset resin and polymers<\/li><li>Composite sandwich laminate<\/li><li>Aluminum<\/li><\/ul>\t\t\t\t\t\t\t\t<\/div>\n\t\t\t\t<\/div>\n\t\t\t\t\t<\/div>\n\t\t<\/div>\n\t\t\t\t<div class=\"elementor-column elementor-col-33 elementor-top-column elementor-element elementor-element-60f0a24\" data-id=\"60f0a24\" data-element_type=\"column\" data-e-type=\"column\">\n\t\t\t<div class=\"elementor-widget-wrap elementor-element-populated\">\n\t\t\t\t\t\t<div class=\"elementor-element elementor-element-33bc486 elementor-widget elementor-widget-text-editor\" data-id=\"33bc486\" data-element_type=\"widget\" data-e-type=\"widget\" data-widget_type=\"text-editor.default\">\n\t\t\t\t<div class=\"elementor-widget-container\">\n\t\t\t\t\t\t\t\t\t<ul style=\"color: #c91503;\"><li>Steel<\/li><li>Wood<\/li><li>Plaster<\/li><\/ul>\t\t\t\t\t\t\t\t<\/div>\n\t\t\t\t<\/div>\n\t\t\t\t\t<\/div>\n\t\t<\/div>\n\t\t\t\t\t<\/div>\n\t\t<\/section>\n\t\t\t\t<section class=\"elementor-section elementor-top-section elementor-element elementor-element-fc02f16 elementor-section-content-middle elementor-section-stretched elementor-section-boxed elementor-section-height-default elementor-section-height-default\" data-id=\"fc02f16\" data-element_type=\"section\" data-e-type=\"section\" data-settings=\"{&quot;stretch_section&quot;:&quot;section-stretched&quot;}\">\n\t\t\t\t\t\t<div class=\"elementor-container elementor-column-gap-no\">\n\t\t\t\t\t<div class=\"elementor-column elementor-col-100 elementor-top-column elementor-element elementor-element-1cab21b\" data-id=\"1cab21b\" data-element_type=\"column\" data-e-type=\"column\">\n\t\t\t<div class=\"elementor-widget-wrap elementor-element-populated\">\n\t\t\t\t\t\t<div class=\"elementor-element elementor-element-8b8b4ed elementor-widget elementor-widget-text-editor\" data-id=\"8b8b4ed\" data-element_type=\"widget\" data-e-type=\"widget\" data-widget_type=\"text-editor.default\">\n\t\t\t\t<div class=\"elementor-widget-container\">\n\t\t\t\t\t\t\t\t\t<p><strong>The Advantages of Composite Tooling<\/strong>\u00a0<\/p><p>There are copious advantages to using composite materials for manufacturing aircraft parts, including:<\/p><ul><li>Simplicity in the construction of elaborate devices, including shapes and designs.<\/li><li>The enhanced threshold to notable damage<\/li><li>Thermal constancy when bare to incite temperature regulating<\/li><li>Avoidance of corrosion problems<\/li><li>Expanded resistance to high impact collisions\u00a0<\/li><\/ul><p class=\" translation-block\">Our technicians, engineers, and manual installers are highly qualified in the performance and protection of producing custom and OEM parts for numerous aeronautics and aerospace practices. With the capabilities of our facilities including 3-, 4-, 5- axis machining, autoclaving, 3D printing, assembly, and prototype modeling, Fibrotek Advanced Materials is able to proficiently create aircraft parts for your specific needs, regardless of the type of aircraft part you require.<\/p><p class=\" translation-block\">The Fibrotek Advanced Materials internal 10 x 20 composite autoclave is a potent container that produces composites demanding high pressure and temperature levels. Through our production facility, we can quickly and efficiently deliver aerospace parts and segments that are designed and need elaborate geometry and shapes. Furthermore, our resin systems include<\/p><ul><li>Epoxy<\/li><li>Polyester<\/li><li>Phenol<\/li><\/ul><p><strong>Quality Management at Fibrotek Advanced Materials\u00a0<\/strong><\/p><p class=\" translation-block\">At Fibrotek Advanced Materials, we take the quality of our production and customized parts seriously, which is why over the last 20 years, we\u2019ve implemented a stringent quality management system that aids in guaranteeing our assembly exceeds industry standards. Our Aerospace Quality Management System is ISO9001: 2020\/AS9100D certified, and we take pride in implementing inspections throughout the product life cycle to ensure precision at all times.<\/p><p><strong>Superior Inspection Principles<\/strong><\/p><p class=\" translation-block\">At Fibrotek Advanced Materials, we are committed to utilizing and promoting an assorted selection of measurement clarifications at all stages of our product life cycles. We innovatively use complex scientific software, including the HandyScan 3D, a portable measurement 3D scanner. This powerful handheld 3D scanner immediately displays accurate, high-resolution 3D scans with complex surfaces under all weather conditions. It also reaches a sharpness up to 0.030 mm (0.0012 in.) with a supreme resolution of 0.050 mm (0.0020 in.).<\/p><p class=\" translation-block\">This scientific scanner also has a top procurement rate of 480,000 measurements\/s. When this scanner is employed in unification with our post-treatment software, the data from the 3D scans can be secured and transported as a simple 3D file for review, 3D printing, and CAD software (CATIA, SolidWorks, Inventor, etc.). Fibrotek Advanced Materials is also pleased to offer our clients extensive 3D scanning resources despite the dimensions of your customized aerospace parts, the complexity of the design, the materials we use, or the surface, thanks to our innovative production scanner.<\/p><p class=\" translation-block\">Furthermore, at Fibrotek Advanced Materials, our rigorous quality management system ensures excellence. Here is just some of the procedures our company is dedicated to following with each partnership we foster, regardless of how big or small the job may be.<\/p><ul><li class=\" translation-block\">Fibrotek Advanced Materials utilizes custom inspection levels dependent on the product or part in production<\/li><li>Our team employs source inspections and document tracing for ease of reference<\/li><li>We administer specialized project management<\/li><li class=\" translation-block\">We provide do not outsource any third-party assistance to save our clients money and to guarantee the level of service upholds the Fibrotek Advanced Materials standards at all times.<\/li><\/ul><p><strong>Our Certifications<\/strong><\/p><p class=\" translation-block\">As a leading competitor as an aircraft parts manufacturing company, Fibrotek Advanced Materials takes pride in upholding certifications that support our industry authority and provide our clients with the assurance they need before partnering with our team. Therefore, our diverse quality certifications include:<\/p><ul><li>Quality Certifications<\/li><li>AS 9100 Quality Management for Aerospace and Defense<\/li><li>ISO 9001: 2015 Quality Management<\/li><\/ul><p>Our company is also pleased to be registered under the Canadian Controlled Products Program (CGP), and<\/p><p>Compliant with ITAR.<\/p><p class=\" translation-block\"><strong>Call Fibrotek Advanced Materials Today<\/strong><\/p><p class=\" translation-block\">At Fibrotek Advanced Materials, our clients can confidently partner with us knowing our team recognizes the intricacies and importance of innovative aerospace composite parts made with precision accuracy. With over 20 years of experience and industry authority working with companies throughout Canada, the United States, and Mexico, our team is well-prepared with the expertise and production machinery to deliver you with superiority.<\/p><p>To learn more about how we can aid you and your business, please call us at (418)-439-0999 to book a free consultation call with our crew of diverse industry professionals and aerospace experts. We look forward to working with you.<\/p>\t\t\t\t\t\t\t\t<\/div>\n\t\t\t\t<\/div>\n\t\t\t\t\t<\/div>\n\t\t<\/div>\n\t\t\t\t\t<\/div>\n\t\t<\/section>\n\t\t\t\t<\/div>","protected":false},"excerpt":{"rendered":"<p>Fabrication de pi\u00e8ces d&rsquo;avion Entreprises De Fabrication De Pi\u00e8ces D&rsquo;avion Les entreprises de fabrication de pi\u00e8ces d&rsquo;a\u00e9ronefs jouent un r\u00f4le essentiel dans l&rsquo;industrie a\u00e9rospatiale en fournissant des pi\u00e8ces m\u00e9caniques pr\u00e9cises, complexes et importantes aux entreprises qui construisent des avions et des v\u00e9hicules spatiaux dans le monde entier. Alors que bon nombre de ces entreprises de [&hellip;]<\/p>","protected":false},"author":1,"featured_media":0,"parent":342,"menu_order":0,"comment_status":"closed","ping_status":"closed","template":"","meta":{"ocean_post_layout":"","ocean_both_sidebars_style":"","ocean_both_sidebars_content_width":0,"ocean_both_sidebars_sidebars_width":0,"ocean_sidebar":"0","ocean_second_sidebar":"0","ocean_disable_margins":"enable","ocean_add_body_class":"","ocean_shortcode_before_top_bar":"","ocean_shortcode_after_top_bar":"","ocean_shortcode_before_header":"","ocean_shortcode_after_header":"","ocean_has_shortcode":"","ocean_shortcode_after_title":"","ocean_shortcode_before_footer_widgets":"","ocean_shortcode_after_footer_widgets":"","ocean_shortcode_before_footer_bottom":"","ocean_shortcode_after_footer_bottom":"","ocean_display_top_bar":"default","ocean_display_header":"default","ocean_header_style":"","ocean_center_header_left_menu":"0","ocean_custom_header_template":"0","ocean_custom_logo":0,"ocean_custom_retina_logo":0,"ocean_custom_logo_max_width":0,"ocean_custom_logo_tablet_max_width":0,"ocean_custom_logo_mobile_max_width":0,"ocean_custom_logo_max_height":0,"ocean_custom_logo_tablet_max_height":0,"ocean_custom_logo_mobile_max_height":0,"ocean_header_custom_menu":"0","ocean_menu_typo_font_family":"0","ocean_menu_typo_font_subset":"","ocean_menu_typo_font_size":0,"ocean_menu_typo_font_size_tablet":0,"ocean_menu_typo_font_size_mobile":0,"ocean_menu_typo_font_size_unit":"px","ocean_menu_typo_font_weight":"","ocean_menu_typo_font_weight_tablet":"","ocean_menu_typo_font_weight_mobile":"","ocean_menu_typo_transform":"","ocean_menu_typo_transform_tablet":"","ocean_menu_typo_transform_mobile":"","ocean_menu_typo_line_height":0,"ocean_menu_typo_line_height_tablet":0,"ocean_menu_typo_line_height_mobile":0,"ocean_menu_typo_line_height_unit":"","ocean_menu_typo_spacing":0,"ocean_menu_typo_spacing_tablet":0,"ocean_menu_typo_spacing_mobile":0,"ocean_menu_typo_spacing_unit":"","ocean_menu_link_color":"","ocean_menu_link_color_hover":"","ocean_menu_link_color_active":"","ocean_menu_link_background":"","ocean_menu_link_hover_background":"","ocean_menu_link_active_background":"","ocean_menu_social_links_bg":"","ocean_menu_social_hover_links_bg":"","ocean_menu_social_links_color":"","ocean_menu_social_hover_links_color":"","ocean_disable_title":"default","ocean_disable_heading":"default","ocean_post_title":"","ocean_post_subheading":"","ocean_post_title_style":"","ocean_post_title_background_color":"","ocean_post_title_background":0,"ocean_post_title_bg_image_position":"","ocean_post_title_bg_image_attachment":"","ocean_post_title_bg_image_repeat":"","ocean_post_title_bg_image_size":"","ocean_post_title_height":0,"ocean_post_title_bg_overlay":0.5,"ocean_post_title_bg_overlay_color":"","ocean_disable_breadcrumbs":"default","ocean_breadcrumbs_color":"","ocean_breadcrumbs_separator_color":"","ocean_breadcrumbs_links_color":"","ocean_breadcrumbs_links_hover_color":"","ocean_display_footer_widgets":"default","ocean_display_footer_bottom":"default","ocean_custom_footer_template":"1508","footnotes":""},"class_list":["post-1822","page","type-page","status-publish","hentry","entry"],"_links":{"self":[{"href":"https:\/\/fibrotek.com\/en_ca\/wp-json\/wp\/v2\/pages\/1822","targetHints":{"allow":["GET"]}}],"collection":[{"href":"https:\/\/fibrotek.com\/en_ca\/wp-json\/wp\/v2\/pages"}],"about":[{"href":"https:\/\/fibrotek.com\/en_ca\/wp-json\/wp\/v2\/types\/page"}],"author":[{"embeddable":true,"href":"https:\/\/fibrotek.com\/en_ca\/wp-json\/wp\/v2\/users\/1"}],"replies":[{"embeddable":true,"href":"https:\/\/fibrotek.com\/en_ca\/wp-json\/wp\/v2\/comments?post=1822"}],"version-history":[{"count":25,"href":"https:\/\/fibrotek.com\/en_ca\/wp-json\/wp\/v2\/pages\/1822\/revisions"}],"predecessor-version":[{"id":2409,"href":"https:\/\/fibrotek.com\/en_ca\/wp-json\/wp\/v2\/pages\/1822\/revisions\/2409"}],"up":[{"embeddable":true,"href":"https:\/\/fibrotek.com\/en_ca\/wp-json\/wp\/v2\/pages\/342"}],"wp:attachment":[{"href":"https:\/\/fibrotek.com\/en_ca\/wp-json\/wp\/v2\/media?parent=1822"}],"curies":[{"name":"wp","href":"https:\/\/api.w.org\/{rel}","templated":true}]}}