{"id":1841,"date":"2021-12-02T14:24:23","date_gmt":"2021-12-02T19:24:23","guid":{"rendered":"https:\/\/fibrotek.com\/?page_id=1841"},"modified":"2024-02-13T18:47:41","modified_gmt":"2024-02-13T23:47:41","slug":"fabricant-de-pieces-automobiles","status":"publish","type":"page","link":"https:\/\/fibrotek.com\/en_ca\/innovations\/automotive-parts-manufacturer\/","title":{"rendered":"Automotive Parts Manufacturer"},"content":{"rendered":"<div data-elementor-type=\"wp-page\" data-elementor-id=\"1841\" class=\"elementor elementor-1841\">\n\t\t\t\t\t\t<section class=\"elementor-section elementor-top-section elementor-element elementor-element-7ceac3d1 elementor-section-height-min-height elementor-section-content-middle elementor-section-stretched elementor-section-boxed elementor-section-height-default elementor-section-items-middle\" data-id=\"7ceac3d1\" data-element_type=\"section\" data-e-type=\"section\" data-settings=\"{&quot;background_background&quot;:&quot;classic&quot;,&quot;stretch_section&quot;:&quot;section-stretched&quot;}\">\n\t\t\t\t\t\t\t<div class=\"elementor-background-overlay\"><\/div>\n\t\t\t\t\t\t\t<div class=\"elementor-container elementor-column-gap-default\">\n\t\t\t\t\t<div class=\"elementor-column elementor-col-100 elementor-top-column elementor-element elementor-element-165ca8b3\" data-id=\"165ca8b3\" data-element_type=\"column\" data-e-type=\"column\">\n\t\t\t<div class=\"elementor-widget-wrap elementor-element-populated\">\n\t\t\t\t\t\t<div class=\"elementor-element elementor-element-7f40c6d9 elementor-widget elementor-widget-heading\" data-id=\"7f40c6d9\" data-element_type=\"widget\" data-e-type=\"widget\" data-widget_type=\"heading.default\">\n\t\t\t\t<div class=\"elementor-widget-container\">\n\t\t\t\t\t<h1 class=\"elementor-heading-title elementor-size-default\">Automotive Parts Manufacturer<\/h1>\t\t\t\t<\/div>\n\t\t\t\t<\/div>\n\t\t\t\t\t<\/div>\n\t\t<\/div>\n\t\t\t\t\t<\/div>\n\t\t<\/section>\n\t\t\t\t<section class=\"elementor-section elementor-top-section elementor-element elementor-element-bc3d947 elementor-section-content-middle elementor-section-stretched elementor-section-boxed elementor-section-height-default elementor-section-height-default\" data-id=\"bc3d947\" data-element_type=\"section\" data-e-type=\"section\" data-settings=\"{&quot;stretch_section&quot;:&quot;section-stretched&quot;}\">\n\t\t\t\t\t\t<div class=\"elementor-container elementor-column-gap-no\">\n\t\t\t\t\t<div class=\"elementor-column elementor-col-100 elementor-top-column elementor-element elementor-element-4d13fe43\" data-id=\"4d13fe43\" data-element_type=\"column\" data-e-type=\"column\">\n\t\t\t<div class=\"elementor-widget-wrap elementor-element-populated\">\n\t\t\t\t\t\t<div class=\"elementor-element elementor-element-7203db0 elementor-widget-divider--view-line elementor-widget elementor-widget-divider\" data-id=\"7203db0\" data-element_type=\"widget\" data-e-type=\"widget\" data-widget_type=\"divider.default\">\n\t\t\t\t<div class=\"elementor-widget-container\">\n\t\t\t\t\t\t\t<div class=\"elementor-divider\">\n\t\t\t<span class=\"elementor-divider-separator\">\n\t\t\t\t\t\t<\/span>\n\t\t<\/div>\n\t\t\t\t\t\t<\/div>\n\t\t\t\t<\/div>\n\t\t\t\t<div class=\"elementor-element elementor-element-4b342103 elementor-widget elementor-widget-text-editor\" data-id=\"4b342103\" data-element_type=\"widget\" data-e-type=\"widget\" data-widget_type=\"text-editor.default\">\n\t\t\t\t<div class=\"elementor-widget-container\">\n\t\t\t\t\t\t\t\t\t<h2><strong>Automotive Parts Manufacturer<\/strong><\/h2><p class=\" translation-block\">With an estimated 1 billion vehicles on the road worldwide, this statistic is projected to double to 2 billion by the year 2035. Each vehicle, while unique in design, is constructed of approximately 30,000 individual parts with diverse functions and precise requirements \u2013making the automotive part industry one of the largest sectors of the economy in the world. And although there are more than 5,00 automotive parts manufacturing companies operating worldwide, Fibrotek Advanced Materials continues to lead industry standards for quality and customer service experiences.<\/p><p><strong>Automotive Part Supply Chain Categories<\/strong><\/p><p>The automotive part supply chain is driven by three essential categories \u2013OEM, replacement parts, and aftermarket parts. Below, is a more in-depth explanation as to what each of these imperative categories entail.<\/p><p><strong>Original Equipment Manufacturers (OEM)<\/strong><\/p><p>Original Equipment Manufacturers (OEM) deliver automotive parts for newly produced vehicles and are utilized directly in the assembly line. Therefore, these parts need to be made available at all times during new vehicle assembly to ensure uninterrupted construction efficiency.<\/p><p><strong>Automotive Replacement Parts<\/strong><\/p><p>Automotive replacement parts are typically manufactured by the same companies who produce original equipment for new vehicles. These replacement parts are employed should a vehicle be involved in an accident or requires updating.<\/p><p><strong>Aftermarket Automotive Parts\u00a0<\/strong><\/p><p>Aftermarket automotive parts consist of any vehicle part that is not manufactured by the original car manufacturer.<\/p><p><strong>Automotive Mechanism Categories\u00a0<\/strong><\/p><p>From electrical systems, brakes, seat frames, handles, hinges, to gasoline engines, the required mechanisms each car requires is immense. However, the industry is categorized by major and sub industries that manufacture specific products only. Let\u2019s take a closer look at these categories below<\/p><ol><li><strong>Metal Stamped Parts<\/strong><\/li><\/ol><p>Metal stamped parts are a massive sector of the automotive parts industry and are generally manufactured by companies who construct the following:\u00a0<\/p><ul><li>Gasoline engines<\/li><li>Tops<\/li><li>Trims<\/li><li>Hub caps<\/li><li>Fenders<\/li><li>Body parts<\/li><li>Moldings<\/li><li>Wheel centers<\/li><\/ul><ol start=\"2\"><li><strong>Transmissions and Powertrain<\/strong><\/li><\/ol><p>Transmissions and powertrain mechanisms are another major category within the industry and include the manufacturing of:<\/p><ul><li>Joints<\/li><li>Gears<\/li><li>Axles<\/li><li>Clutches<\/li><\/ul><ol start=\"3\"><li><strong>Engines and Parts for Engines<\/strong><\/li><\/ol><p>Engines and engines parts are typically manufactured by the same companies who produce metal stamped parts. However, because of its intricate part requirements, it can be identified as its own category. Other engine parts manufactured are:<\/p><ul><li>Bearings<\/li><li>Crankshafts<\/li><li>Manifolds<\/li><li>Timing gears<\/li><li>Crankshafts<\/li><\/ul><ol start=\"4\"><li><strong>Electrical<\/strong><\/li><\/ol><p>While an essential component in gasoline vehicles, electrical manufacturing sectors of the automotive industry are expected to grow with the increase demand for electric vehicles in the years to come. Some of the major electrical parts currently manufactured are:<\/p><ul><li>Lighting<\/li><li>Harnesses and ignitions<\/li><li>Fuel pumps<\/li><li>Windshield wiper mechanics<\/li><li>Starters<\/li><li>Lithium batteries<\/li><li>Electric motors<\/li><\/ul><ol start=\"5\"><li><strong>Seating and Interior Trims<\/strong><\/li><\/ol><p>Moving onto the interior of the vehicle, these automotive parts are typically made of fabrics and trimmings to include:<\/p><ul><li>Headlines<\/li><li>Interior panels<\/li><li>Interior trims<\/li><li>Seat belts<\/li><\/ul><ol start=\"6\"><li><strong>Braking Systems<\/strong><\/li><\/ol><p>A relatively straightforward category, these automotive mechanisms include:<\/p><ul><li>Brake cylinders<\/li><li>Brake drums<\/li><\/ul><ol start=\"7\"><li><strong>Steering and Suspensions<\/strong><\/li><\/ol><p>To ensure automotive are able to absorb shock and steer, these components include:<\/p><ul><li>Shock absorbers<\/li><li>Power steering pumps\u00a0<\/li><\/ul><ol start=\"8\"><li><strong>Other Automotive Mechanisms\u00a0<\/strong><\/li><\/ol><p>Furthermore, other automotive parts include the production of:\u00a0<\/p><ul><li>Fuel tanks<\/li><li>Exhaust systems<\/li><li>HVAC systems<\/li><li>Air bags<\/li><\/ul><p><strong>How Fibrotek Advanced Materials Can Help You<\/strong><\/p><p>Fibrotek Advanced Materials is a leading manufacturing company with over 20 years of experience working with clients globally in the aerospace, automotive, and drone industry. Our team consists of expert engineers, project managers, and over 140 manufacturing workers who lead industry standards of quality, customer service, and innovation to provide superior solutions at cost-effective prices.\u00a0<\/p><p>We collaborate closely with clients from the design and engineering stage through to the production and delivery stage to effectively remove all subcontracting costs and safeguard excellent craftsmanship in all areas of our manufacturing product line. Our facilities host 3-,4-, 5- axis machining, autoclaving, 3D printing, and prototype modeling for display purposes should your business require so. As a result, our company is more than equipped with the required production elements that ca provide your business with what it needs, regardless of how intricate your specifications are.\u00a0\u00a0\u00a0<\/p><p><strong>Fibrotek Advanced Materials Inspection Principles\u00a0<\/strong><\/p><p>Fibrotek Advanced Materials utilizes a full suite of innovative measurement solutions at all stages of product life cycles through scientific software including HandyScan 3D \u2013a portable metrology-grade 3D scanner. This active handheld 3D scanner speedily grants accurate, high-resolution 3D scans with intricate shells under all environmental conditions. It also encompasses sharpness up to 0.030 mm (0.0012 in.) and a supreme resolution of 0.050 mm (0.0020 in.).<\/p><p>Furthermore, its top procurement rate is 480,000 measurements\/s. Employed in the unification with post-treatment software, data from the 3D scan can be secured and transported as a simple 3D file for inspection, 3D printing, and CAD software (CATIA, SolidWorks, Inventor, etc.). Additionally, Fibrotek Advanced Materials is also pleased to provide our clients with infinite 3D scanning despite the part size, complexity, material.<\/p><p>Or exterior with this modern rendering scanner.<\/p><p><strong>We Certify Quality<\/strong><\/p><p class=\" translation-block\">At Fibrotek Advanced Materials, we take pride in certifying our quality. With over 20 years in operation, our company adheres to numerous quality certifications including:<\/p><ul><li>ISO 9001: 2015 Quality Management<\/li><li>AS 9100 Quality Management for Aerospace and Defense<\/li><\/ul><p>We are also registered under the Canadian Controlled Products Program (CGP), and Compliant with ITAR.<\/p><p class=\" translation-block\"><strong>Call Fibrotek Advanced Materials Today<\/strong><\/p><p class=\" translation-block\">At Fibrotek Advanced Materials, we provide our clients with the confidence they need to partner with a business that has years of combined knowledge and expertise. Our entire staff understands the intricacies and significance of producing precise, innovative, and tough automotive parts that are guaranteed to last. Fibrotek Advanced Materials is equipped with innovative machinery solutions to deliver clients excellent products and results according to their unique needs and specifications.<\/p><p>To learn more about how we can assist you and to receive an overview of our complete list of automotive parts we can manufacture for you, please call us at (418) -439-0999 to book a consultation call with our team of miscellaneous and experienced industry experts. We look forward to working with you.<\/p>\t\t\t\t\t\t\t\t<\/div>\n\t\t\t\t<\/div>\n\t\t\t\t\t<\/div>\n\t\t<\/div>\n\t\t\t\t\t<\/div>\n\t\t<\/section>\n\t\t\t\t<section class=\"elementor-section elementor-top-section elementor-element elementor-element-26eeb9de elementor-section-boxed elementor-section-height-default elementor-section-height-default\" data-id=\"26eeb9de\" data-element_type=\"section\" data-e-type=\"section\">\n\t\t\t\t\t\t<div class=\"elementor-container elementor-column-gap-default\">\n\t\t\t\t\t<div class=\"elementor-column elementor-col-100 elementor-top-column elementor-element elementor-element-6becfa3\" data-id=\"6becfa3\" data-element_type=\"column\" data-e-type=\"column\">\n\t\t\t<div class=\"elementor-widget-wrap\">\n\t\t\t\t\t\t\t<\/div>\n\t\t<\/div>\n\t\t\t\t\t<\/div>\n\t\t<\/section>\n\t\t\t\t<\/div>","protected":false},"excerpt":{"rendered":"<p>FABRICANT DE PI\u00c8CES AUTOMOBILES Fabricant De Pi\u00e8ces Automobiles Avec environ 1 milliard de v\u00e9hicules sur la route dans le monde, cette statistique devrait doubler pour atteindre 2 milliards d&rsquo;ici 2035. Chaque v\u00e9hicule, bien que de conception unique, est compos\u00e9 d&rsquo;environ 30 000 pi\u00e8ces individuelles avec diverses fonctions et exigences pr\u00e9cises &#8211; ce qui rend l&rsquo;automobile [&hellip;]<\/p>","protected":false},"author":1,"featured_media":0,"parent":342,"menu_order":0,"comment_status":"closed","ping_status":"closed","template":"","meta":{"ocean_post_layout":"","ocean_both_sidebars_style":"","ocean_both_sidebars_content_width":0,"ocean_both_sidebars_sidebars_width":0,"ocean_sidebar":"0","ocean_second_sidebar":"0","ocean_disable_margins":"enable","ocean_add_body_class":"","ocean_shortcode_before_top_bar":"","ocean_shortcode_after_top_bar":"","ocean_shortcode_before_header":"","ocean_shortcode_after_header":"","ocean_has_shortcode":"","ocean_shortcode_after_title":"","ocean_shortcode_before_footer_widgets":"","ocean_shortcode_after_footer_widgets":"","ocean_shortcode_before_footer_bottom":"","ocean_shortcode_after_footer_bottom":"","ocean_display_top_bar":"default","ocean_display_header":"default","ocean_header_style":"","ocean_center_header_left_menu":"0","ocean_custom_header_template":"0","ocean_custom_logo":0,"ocean_custom_retina_logo":0,"ocean_custom_logo_max_width":0,"ocean_custom_logo_tablet_max_width":0,"ocean_custom_logo_mobile_max_width":0,"ocean_custom_logo_max_height":0,"ocean_custom_logo_tablet_max_height":0,"ocean_custom_logo_mobile_max_height":0,"ocean_header_custom_menu":"0","ocean_menu_typo_font_family":"0","ocean_menu_typo_font_subset":"","ocean_menu_typo_font_size":0,"ocean_menu_typo_font_size_tablet":0,"ocean_menu_typo_font_size_mobile":0,"ocean_menu_typo_font_size_unit":"px","ocean_menu_typo_font_weight":"","ocean_menu_typo_font_weight_tablet":"","ocean_menu_typo_font_weight_mobile":"","ocean_menu_typo_transform":"","ocean_menu_typo_transform_tablet":"","ocean_menu_typo_transform_mobile":"","ocean_menu_typo_line_height":0,"ocean_menu_typo_line_height_tablet":0,"ocean_menu_typo_line_height_mobile":0,"ocean_menu_typo_line_height_unit":"","ocean_menu_typo_spacing":0,"ocean_menu_typo_spacing_tablet":0,"ocean_menu_typo_spacing_mobile":0,"ocean_menu_typo_spacing_unit":"","ocean_menu_link_color":"","ocean_menu_link_color_hover":"","ocean_menu_link_color_active":"","ocean_menu_link_background":"","ocean_menu_link_hover_background":"","ocean_menu_link_active_background":"","ocean_menu_social_links_bg":"","ocean_menu_social_hover_links_bg":"","ocean_menu_social_links_color":"","ocean_menu_social_hover_links_color":"","ocean_disable_title":"default","ocean_disable_heading":"default","ocean_post_title":"","ocean_post_subheading":"","ocean_post_title_style":"","ocean_post_title_background_color":"","ocean_post_title_background":0,"ocean_post_title_bg_image_position":"","ocean_post_title_bg_image_attachment":"","ocean_post_title_bg_image_repeat":"","ocean_post_title_bg_image_size":"","ocean_post_title_height":0,"ocean_post_title_bg_overlay":0.5,"ocean_post_title_bg_overlay_color":"","ocean_disable_breadcrumbs":"default","ocean_breadcrumbs_color":"","ocean_breadcrumbs_separator_color":"","ocean_breadcrumbs_links_color":"","ocean_breadcrumbs_links_hover_color":"","ocean_display_footer_widgets":"default","ocean_display_footer_bottom":"default","ocean_custom_footer_template":"1508","footnotes":""},"class_list":["post-1841","page","type-page","status-publish","hentry","entry"],"_links":{"self":[{"href":"https:\/\/fibrotek.com\/en_ca\/wp-json\/wp\/v2\/pages\/1841","targetHints":{"allow":["GET"]}}],"collection":[{"href":"https:\/\/fibrotek.com\/en_ca\/wp-json\/wp\/v2\/pages"}],"about":[{"href":"https:\/\/fibrotek.com\/en_ca\/wp-json\/wp\/v2\/types\/page"}],"author":[{"embeddable":true,"href":"https:\/\/fibrotek.com\/en_ca\/wp-json\/wp\/v2\/users\/1"}],"replies":[{"embeddable":true,"href":"https:\/\/fibrotek.com\/en_ca\/wp-json\/wp\/v2\/comments?post=1841"}],"version-history":[{"count":24,"href":"https:\/\/fibrotek.com\/en_ca\/wp-json\/wp\/v2\/pages\/1841\/revisions"}],"predecessor-version":[{"id":2436,"href":"https:\/\/fibrotek.com\/en_ca\/wp-json\/wp\/v2\/pages\/1841\/revisions\/2436"}],"up":[{"embeddable":true,"href":"https:\/\/fibrotek.com\/en_ca\/wp-json\/wp\/v2\/pages\/342"}],"wp:attachment":[{"href":"https:\/\/fibrotek.com\/en_ca\/wp-json\/wp\/v2\/media?parent=1841"}],"curies":[{"name":"wp","href":"https:\/\/api.w.org\/{rel}","templated":true}]}}