{"id":1854,"date":"2021-12-02T14:54:24","date_gmt":"2021-12-02T19:54:24","guid":{"rendered":"https:\/\/fibrotek.com\/?page_id=1854"},"modified":"2023-01-27T14:35:25","modified_gmt":"2023-01-27T19:35:25","slug":"equipement-de-leve-geophysique","status":"publish","type":"page","link":"https:\/\/fibrotek.com\/en_ca\/innovations\/geophysical-survey-equipment-for-sales\/","title":{"rendered":"Geophysical Survey Equipment for Sales"},"content":{"rendered":"<div data-elementor-type=\"wp-page\" data-elementor-id=\"1854\" class=\"elementor elementor-1854\">\n\t\t\t\t\t\t<section class=\"elementor-section elementor-top-section elementor-element elementor-element-7ceac3d1 elementor-section-height-min-height elementor-section-content-middle elementor-section-stretched elementor-section-boxed elementor-section-height-default elementor-section-items-middle\" data-id=\"7ceac3d1\" data-element_type=\"section\" data-e-type=\"section\" data-settings=\"{&quot;background_background&quot;:&quot;classic&quot;,&quot;stretch_section&quot;:&quot;section-stretched&quot;}\">\n\t\t\t\t\t\t\t<div class=\"elementor-background-overlay\"><\/div>\n\t\t\t\t\t\t\t<div class=\"elementor-container elementor-column-gap-default\">\n\t\t\t\t\t<div class=\"elementor-column elementor-col-100 elementor-top-column elementor-element elementor-element-165ca8b3\" data-id=\"165ca8b3\" data-element_type=\"column\" data-e-type=\"column\">\n\t\t\t<div class=\"elementor-widget-wrap elementor-element-populated\">\n\t\t\t\t\t\t<div class=\"elementor-element elementor-element-7f40c6d9 elementor-widget elementor-widget-heading\" data-id=\"7f40c6d9\" data-element_type=\"widget\" data-e-type=\"widget\" data-widget_type=\"heading.default\">\n\t\t\t\t<div class=\"elementor-widget-container\">\n\t\t\t\t\t<h4 class=\"elementor-heading-title elementor-size-default\">Geophysical Survey Equipment for Sales<\/h4>\t\t\t\t<\/div>\n\t\t\t\t<\/div>\n\t\t\t\t\t<\/div>\n\t\t<\/div>\n\t\t\t\t\t<\/div>\n\t\t<\/section>\n\t\t\t\t<section class=\"elementor-section elementor-top-section elementor-element elementor-element-bc3d947 elementor-section-content-middle elementor-section-stretched elementor-section-boxed elementor-section-height-default elementor-section-height-default\" data-id=\"bc3d947\" data-element_type=\"section\" data-e-type=\"section\" data-settings=\"{&quot;stretch_section&quot;:&quot;section-stretched&quot;}\">\n\t\t\t\t\t\t<div class=\"elementor-container elementor-column-gap-no\">\n\t\t\t\t\t<div class=\"elementor-column elementor-col-100 elementor-top-column elementor-element elementor-element-4d13fe43\" data-id=\"4d13fe43\" data-element_type=\"column\" data-e-type=\"column\">\n\t\t\t<div class=\"elementor-widget-wrap elementor-element-populated\">\n\t\t\t\t\t\t<div class=\"elementor-element elementor-element-7203db0 elementor-widget-divider--view-line elementor-widget elementor-widget-divider\" data-id=\"7203db0\" data-element_type=\"widget\" data-e-type=\"widget\" data-widget_type=\"divider.default\">\n\t\t\t\t<div class=\"elementor-widget-container\">\n\t\t\t\t\t\t\t<div class=\"elementor-divider\">\n\t\t\t<span class=\"elementor-divider-separator\">\n\t\t\t\t\t\t<\/span>\n\t\t<\/div>\n\t\t\t\t\t\t<\/div>\n\t\t\t\t<\/div>\n\t\t\t\t<div class=\"elementor-element elementor-element-4b342103 elementor-widget elementor-widget-text-editor\" data-id=\"4b342103\" data-element_type=\"widget\" data-e-type=\"widget\" data-widget_type=\"text-editor.default\">\n\t\t\t\t<div class=\"elementor-widget-container\">\n\t\t\t\t\t\t\t\t\t<h1><strong>Geophysical Survey Equipment for Sales<\/strong><\/h1><p class=\" translation-block\">Apart from manufacturing composite tooling and high precision parts and components for clients in the aerospace, automotive, and drone industries worldwide, Fibrotek Advanced Materials is also committed to supplying innovative geophysical survey equipment for sales. With the help of our team of professionals and industry-leading experts we\u2019ll help guide you through the buying procedure of your geophysical survey instrument depending on your application requirements.<\/p><p><strong>Geophysical Survey Equipment We Sell<\/strong><\/p><p class=\" translation-block\">At Fibrotek Advanced Materials, we take pride in selling diverse geophysical survey instruments that will serve your specifications and requirements. Below, you will find an in-depth guide to each of the instruments we can provide your business with, including how they can aid you.<\/p><ol><li><u>Electrical Resistivity Imaging <\/u><\/li><li>Electrical Resistivity Imaging (ERI), also known as Electrical Resistivity Tomography (ERT) and similar to Ground Penetrating Radar (GPR), is an electrical testing method where an electrical current is stimulated into the ground through two electrodes to determine the subsurface resistivity distribution. This data is rapidly collected and can provide information on:<\/li><\/ol><ul><li>Electrical grounding<\/li><li>Geological mapping<\/li><li>Environmental studies\u00a0<\/li><li>Mineral discovery<\/li><li>Void locating<\/li><li>Mapping of bedrock depth<\/li><\/ul><ol start=\"2\"><li><u>Gravimeter<\/u><\/li><\/ol><p>A gravimeter is a device that surveys and measures deviations of the gravitational field of the earth triggered by concentration differences in the nearby surface sediment and rock. These measurements are almost always supplemented by a highly accurate topographic survey for all-inclusive and comprehensive data results. This data can be strategically utilized to produce data on:<\/p><ul><li>Geographical mapping<\/li><li>Void detection<\/li><li>Oil and gas surveys<\/li><li>The examination of minerals\u00a0\u00a0<\/li><li>Precise measurements of the thickness of sediment<\/li><\/ul><ol start=\"3\"><li><u>Electromagnetics Systems<\/u><\/li><\/ol><p>Electromagnetic systems utilize a coil and alternating current that produces a magnetic field around the ring. A subsequent field is then produced in the surveyed ground to offset the force from the coil. This auxiliary magnetic field is then measured and interpreted. On the other hand, magnetometers are utilized to collect measurements of the earth's magnetic field. These geophysical survey instruments are used for several purposes, including:\u00a0<\/p><ul><li>The mapping of contamination<\/li><li>The detection of below surface metals<\/li><li>The exploration of minerals<\/li><li>Geological mapping<\/li><li>The exploration of groundwater<\/li><li>Oil and gas surveys<\/li><\/ul><ol start=\"4\"><li><u>GPS<\/u><\/li><\/ol><p>GPS is navigational system that receives radio frequencies from satellites that constantly circle the earth. GPS devices decode and calculate the exact location of the satellite before using these data signals to calculate a user's precise location. These devices are utilized in several industries, including:<\/p><ul><li>Agriculture<\/li><li>Aerospace\u00a0\u00a0<\/li><li>Drone in<\/li><li>Defense<\/li><li>Automotive<\/li><\/ul><ol start=\"5\"><li><u>Marine Seismic Systems<\/u><\/li><\/ol><p>Fibrotek Advanced Materials is pleased to offer access to several marine seismic systems with various techniques, including:<\/p><ul><li>Bathymetry<\/li><li>Side-scan sonar<\/li><li>Seismic<\/li><li>Sub-bottom profiling<\/li><li>Swath bathymetry<\/li><li>Current and tide measurements<\/li><li>Magnetometry<\/li><li>Marine safety<\/li><li>Water sampling and underwater imaging<\/li><\/ul><p>These systems are also widely used in diverse applications ranging from the exploration of mining and miners, geological and geotechnical surveying, the exploration of oil and gas, environmental circumstances, and more.<\/p><ol start=\"6\"><li><u>Ground Penetrating Radar<\/u><\/li><\/ol><p>Ground Penetrating Radar (GPR) strategically utilizes radar energy to penetrate deep into the surface of the ground. This energy is then reflected back if anything interferes with it. Ground Penetrating Radar is utilized in several industries, including:<\/p><ul><li>The construction of roads and bridges<\/li><li>Environmental studies<\/li><li>Civil infrastructures<\/li><li>Void and karst mapping<\/li><li>Geological mapping<\/li><li>The study of ice thickness<\/li><\/ul><ol start=\"7\"><li><u>LiDAR<\/u><\/li><\/ol><p>LiDAR is a geophysical survey instrument, also known as light detection and ranging. It utilizes a pulsed laser to measure variable distances to the earth. This device generates precise, 3D information and its surface features. LiDAR is utilized for:<\/p><ul><li>Producing maps of shorelines<\/li><li>In emergency response operations<\/li><li>To measure the height and density of vegetation<\/li><\/ul><p>And much more.<\/p><ol start=\"8\"><li><u>Seismic Refraction and Reflection<\/u><\/li><\/ol><p>A seismic refraction or reflection is a combination of seismographs lined along the surface of the earth. It is used to register seismic fluctuations produced by an explosion or earthquake to indicate reflections and refractions of these frequencies from speed disruptions inside the earth's surface. This technology is utilized in various industries to:<\/p><ul><li>Explore hydrocarbon trapping structures<\/li><li>The exploration of oil and gas<\/li><\/ul><p>And much more.<\/p><p class=\" translation-block\"><strong>Call Fibrotek Advanced Materials Today<\/strong><\/p><p class=\" translation-block\">At Fibrotek Advanced Materials, we have years of combined experience and industry authority. Our team is more than prepared with the knowledge and industry equipment to deliver you with excellence depending on what geophysical survey instruments you require for the job. Whether you already know what you\u2019re looking for, or need guidance, Fibrotek Advanced Materials is here to help you with your needs and specifications.<\/p><p>To learn more about how we can assist you with purchasing geophysical survey instruments, please contact us at (418) -439-0999, please book a call with our team of diverse experts. We look forward to working with you.<\/p>\t\t\t\t\t\t\t\t<\/div>\n\t\t\t\t<\/div>\n\t\t\t\t\t<\/div>\n\t\t<\/div>\n\t\t\t\t\t<\/div>\n\t\t<\/section>\n\t\t\t\t<section class=\"elementor-section elementor-top-section elementor-element elementor-element-26eeb9de elementor-section-boxed elementor-section-height-default elementor-section-height-default\" data-id=\"26eeb9de\" data-element_type=\"section\" data-e-type=\"section\">\n\t\t\t\t\t\t<div class=\"elementor-container elementor-column-gap-default\">\n\t\t\t\t\t<div class=\"elementor-column elementor-col-100 elementor-top-column elementor-element elementor-element-6becfa3\" data-id=\"6becfa3\" data-element_type=\"column\" data-e-type=\"column\">\n\t\t\t<div class=\"elementor-widget-wrap\">\n\t\t\t\t\t\t\t<\/div>\n\t\t<\/div>\n\t\t\t\t\t<\/div>\n\t\t<\/section>\n\t\t\t\t<\/div>","protected":false},"excerpt":{"rendered":"<p>\u00c9QUIPEMENT DE LEV\u00c9 GEOPHYSIQUE \u00c0 VENDRE \u00c9quipement De Lev\u00e9 G\u00e9ophysique \u00c0 Vendre Outre la fabrication d&rsquo;outils composites et de pi\u00e8ces et composants de haute pr\u00e9cision pour des clients des secteurs de l&rsquo;a\u00e9rospatiale, de l&rsquo;automobile et des drones dans le monde entier, Fibrotek Mat\u00e9riaux Avanc\u00e9s s&rsquo;engage \u00e9galement \u00e0 fournir des \u00e9quipements de sondage g\u00e9ophysique innovants pour [&hellip;]<\/p>","protected":false},"author":1,"featured_media":0,"parent":342,"menu_order":0,"comment_status":"closed","ping_status":"closed","template":"","meta":{"ocean_post_layout":"","ocean_both_sidebars_style":"","ocean_both_sidebars_content_width":0,"ocean_both_sidebars_sidebars_width":0,"ocean_sidebar":"0","ocean_second_sidebar":"0","ocean_disable_margins":"enable","ocean_add_body_class":"","ocean_shortcode_before_top_bar":"","ocean_shortcode_after_top_bar":"","ocean_shortcode_before_header":"","ocean_shortcode_after_header":"","ocean_has_shortcode":"","ocean_shortcode_after_title":"","ocean_shortcode_before_footer_widgets":"","ocean_shortcode_after_footer_widgets":"","ocean_shortcode_before_footer_bottom":"","ocean_shortcode_after_footer_bottom":"","ocean_display_top_bar":"default","ocean_display_header":"default","ocean_header_style":"","ocean_center_header_left_menu":"0","ocean_custom_header_template":"0","ocean_custom_logo":0,"ocean_custom_retina_logo":0,"ocean_custom_logo_max_width":0,"ocean_custom_logo_tablet_max_width":0,"ocean_custom_logo_mobile_max_width":0,"ocean_custom_logo_max_height":0,"ocean_custom_logo_tablet_max_height":0,"ocean_custom_logo_mobile_max_height":0,"ocean_header_custom_menu":"0","ocean_menu_typo_font_family":"0","ocean_menu_typo_font_subset":"","ocean_menu_typo_font_size":0,"ocean_menu_typo_font_size_tablet":0,"ocean_menu_typo_font_size_mobile":0,"ocean_menu_typo_font_size_unit":"px","ocean_menu_typo_font_weight":"","ocean_menu_typo_font_weight_tablet":"","ocean_menu_typo_font_weight_mobile":"","ocean_menu_typo_transform":"","ocean_menu_typo_transform_tablet":"","ocean_menu_typo_transform_mobile":"","ocean_menu_typo_line_height":0,"ocean_menu_typo_line_height_tablet":0,"ocean_menu_typo_line_height_mobile":0,"ocean_menu_typo_line_height_unit":"","ocean_menu_typo_spacing":0,"ocean_menu_typo_spacing_tablet":0,"ocean_menu_typo_spacing_mobile":0,"ocean_menu_typo_spacing_unit":"","ocean_menu_link_color":"","ocean_menu_link_color_hover":"","ocean_menu_link_color_active":"","ocean_menu_link_background":"","ocean_menu_link_hover_background":"","ocean_menu_link_active_background":"","ocean_menu_social_links_bg":"","ocean_menu_social_hover_links_bg":"","ocean_menu_social_links_color":"","ocean_menu_social_hover_links_color":"","ocean_disable_title":"default","ocean_disable_heading":"default","ocean_post_title":"","ocean_post_subheading":"","ocean_post_title_style":"","ocean_post_title_background_color":"","ocean_post_title_background":0,"ocean_post_title_bg_image_position":"","ocean_post_title_bg_image_attachment":"","ocean_post_title_bg_image_repeat":"","ocean_post_title_bg_image_size":"","ocean_post_title_height":0,"ocean_post_title_bg_overlay":0.5,"ocean_post_title_bg_overlay_color":"","ocean_disable_breadcrumbs":"default","ocean_breadcrumbs_color":"","ocean_breadcrumbs_separator_color":"","ocean_breadcrumbs_links_color":"","ocean_breadcrumbs_links_hover_color":"","ocean_display_footer_widgets":"default","ocean_display_footer_bottom":"default","ocean_custom_footer_template":"1508","footnotes":""},"class_list":["post-1854","page","type-page","status-publish","hentry","entry"],"_links":{"self":[{"href":"https:\/\/fibrotek.com\/en_ca\/wp-json\/wp\/v2\/pages\/1854","targetHints":{"allow":["GET"]}}],"collection":[{"href":"https:\/\/fibrotek.com\/en_ca\/wp-json\/wp\/v2\/pages"}],"about":[{"href":"https:\/\/fibrotek.com\/en_ca\/wp-json\/wp\/v2\/types\/page"}],"author":[{"embeddable":true,"href":"https:\/\/fibrotek.com\/en_ca\/wp-json\/wp\/v2\/users\/1"}],"replies":[{"embeddable":true,"href":"https:\/\/fibrotek.com\/en_ca\/wp-json\/wp\/v2\/comments?post=1854"}],"version-history":[{"count":12,"href":"https:\/\/fibrotek.com\/en_ca\/wp-json\/wp\/v2\/pages\/1854\/revisions"}],"predecessor-version":[{"id":2249,"href":"https:\/\/fibrotek.com\/en_ca\/wp-json\/wp\/v2\/pages\/1854\/revisions\/2249"}],"up":[{"embeddable":true,"href":"https:\/\/fibrotek.com\/en_ca\/wp-json\/wp\/v2\/pages\/342"}],"wp:attachment":[{"href":"https:\/\/fibrotek.com\/en_ca\/wp-json\/wp\/v2\/media?parent=1854"}],"curies":[{"name":"wp","href":"https:\/\/api.w.org\/{rel}","templated":true}]}}