{"id":2018,"date":"2022-04-18T08:18:56","date_gmt":"2022-04-18T13:18:56","guid":{"rendered":"https:\/\/fibrotek.com\/?page_id=2018"},"modified":"2024-02-13T14:59:09","modified_gmt":"2024-02-13T19:59:09","slug":"materiaux-doutillage-composites","status":"publish","type":"page","link":"https:\/\/fibrotek.com\/en_ca\/innovations\/composite-tooling-materials\/","title":{"rendered":"Composite Tooling Materials\ufffc"},"content":{"rendered":"<div data-elementor-type=\"wp-page\" data-elementor-id=\"2018\" class=\"elementor elementor-2018\">\n\t\t\t\t\t\t<section class=\"elementor-section elementor-top-section elementor-element elementor-element-7ceac3d1 elementor-section-height-min-height elementor-section-content-middle elementor-section-stretched elementor-section-boxed elementor-section-height-default elementor-section-items-middle\" data-id=\"7ceac3d1\" data-element_type=\"section\" data-e-type=\"section\" data-settings=\"{&quot;background_background&quot;:&quot;classic&quot;,&quot;stretch_section&quot;:&quot;section-stretched&quot;}\">\n\t\t\t\t\t\t\t<div class=\"elementor-background-overlay\"><\/div>\n\t\t\t\t\t\t\t<div class=\"elementor-container elementor-column-gap-default\">\n\t\t\t\t\t<div class=\"elementor-column elementor-col-100 elementor-top-column elementor-element elementor-element-165ca8b3\" data-id=\"165ca8b3\" data-element_type=\"column\" data-e-type=\"column\">\n\t\t\t<div class=\"elementor-widget-wrap elementor-element-populated\">\n\t\t\t\t\t\t<div class=\"elementor-element elementor-element-7f40c6d9 elementor-widget elementor-widget-heading\" data-id=\"7f40c6d9\" data-element_type=\"widget\" data-e-type=\"widget\" data-widget_type=\"heading.default\">\n\t\t\t\t<div class=\"elementor-widget-container\">\n\t\t\t\t\t<h1 class=\"elementor-heading-title elementor-size-default\">Composite Tooling Materials<\/h1>\t\t\t\t<\/div>\n\t\t\t\t<\/div>\n\t\t\t\t\t<\/div>\n\t\t<\/div>\n\t\t\t\t\t<\/div>\n\t\t<\/section>\n\t\t\t\t<section class=\"elementor-section elementor-top-section elementor-element elementor-element-bc3d947 elementor-section-content-middle elementor-section-stretched elementor-section-boxed elementor-section-height-default elementor-section-height-default\" data-id=\"bc3d947\" data-element_type=\"section\" data-e-type=\"section\" data-settings=\"{&quot;stretch_section&quot;:&quot;section-stretched&quot;}\">\n\t\t\t\t\t\t<div class=\"elementor-container elementor-column-gap-no\">\n\t\t\t\t\t<div class=\"elementor-column elementor-col-100 elementor-top-column elementor-element elementor-element-4d13fe43\" data-id=\"4d13fe43\" data-element_type=\"column\" data-e-type=\"column\">\n\t\t\t<div class=\"elementor-widget-wrap elementor-element-populated\">\n\t\t\t\t\t\t<div class=\"elementor-element elementor-element-7203db0 elementor-widget-divider--view-line elementor-widget elementor-widget-divider\" data-id=\"7203db0\" data-element_type=\"widget\" data-e-type=\"widget\" data-widget_type=\"divider.default\">\n\t\t\t\t<div class=\"elementor-widget-container\">\n\t\t\t\t\t\t\t<div class=\"elementor-divider\">\n\t\t\t<span class=\"elementor-divider-separator\">\n\t\t\t\t\t\t<\/span>\n\t\t<\/div>\n\t\t\t\t\t\t<\/div>\n\t\t\t\t<\/div>\n\t\t\t\t<div class=\"elementor-element elementor-element-4b342103 elementor-widget elementor-widget-text-editor\" data-id=\"4b342103\" data-element_type=\"widget\" data-e-type=\"widget\" data-widget_type=\"text-editor.default\">\n\t\t\t\t<div class=\"elementor-widget-container\">\n\t\t\t\t\t\t\t\t\t<h2><strong>Composite Tooling Materials<\/strong><\/h2><p class=\" translation-block\">Aerospace, Automotive and the UAV manufacturing companies in charge of constructing intricate and diverse mechanisms and components require robust tools to fulfil large production demands and specific dimensional requirements. While conventional tools are constructed of metal compounds such as nickel, steel, and aluminum for their reliability, they also provide production life challenges due to their inherent weight, manufacturing costs, and thermal conductivity. Recognizing these difficulties, Fibrotek Advanced Materials is committed to designing and manufacturing composite tooling materials for your business needs.<\/p><p><strong>What are Composite Materials?\u00a0<\/strong><\/p><p>Composite materials are constructed from solid and stiff fibers that are embedded into an impenetrable resin matrix. The reason why composite materials are desirable for the automotive and aviation industries is largely due to their density ration, increased strength, stiffness, and other physical characteristics. Furthermore, there are several advantages to using composite materials in the manufacturing of soft tooling including:\u00a0<\/p><ul><li>Simplicity in the assembly of complex mechanisms including shapes and design patterns<\/li><li>Higher too strength without increasing the overall weight of the tool<\/li><li>An overall weight decrease, in the tool itself, by 20 \u2013 50%.<\/li><li>Improved tolerance against significant damage<\/li><li>Thermal constancy when exposed to rapid temperature changes<\/li><li>Fully eliminate the possibility of corrosion issues<\/li><li>Increased resiliency against high impacts<\/li><\/ul><p class=\" translation-block\">With over 20 years of experience assisting clients in the aerospace, UAV,  submersibles and automotive industry, our goal at Fibrotek Advanced Materials is to maintain leading tooling manufacturing and engineering criteria by extending the limits of performance and innovation to provide clients with high-quality products and soft tooling solutions that are more cost-effective than conventional hard tooling methods.<\/p><p>Fibrotek Advanced Materials has successfully eliminated all subcontracting expenses for clients while guaranteeing exceptional results from the initial archetype layout to manufacturing your order based on your specification and delivery to your location for convenience. Our team of engineers, project managers, and production staff utilize several composite materials for soft tooling molds. Among constituents used in these composite materials, we can mention:<\/p><ul><li>Carbon fiber<\/li><li>Kevlar<\/li><li>Fiberglass<\/li><li>Epoxy and other synthetic thermoset resin<\/li><li>Honeycomb<\/li><\/ul><p>Using various composite materials, we can construct innovative hybrid tools that benefit both hard and soft tools to maximize production achievements and decrease difficulties across the production chain while offering customizable experiences for our clients. Our individually composed frame foundation is constructed of solid aluminum or steel, delivering the demanded Stiffness, strength, quality and low-shrinkage potential<\/p><p><strong>Types of Tooling Methods\u00a0<\/strong><\/p><p class=\" translation-block\">The Fibrotek Advanced Materials warehouse in Canada has internal capacities with numerous innovative machining solutions and software technologies including:<\/p><ul><li>3-, 4-, and 5- axis machining<\/li><li>Autoclaving<\/li><li>Additive manufacturing, or 3D printing\u00a0\u00a0<\/li><li>Assembly<\/li><li>Prototype and modeling display for demonstration<\/li><\/ul><p class=\" translation-block\">As our facilities are well-equipped with robust machines and technologies, Fibrotek Advanced Materials has the capacity to customize your tooling requirements, regardless of how intricate your designs are. There are specific methodologies and diverse composite materials required for the production quality tooling, which is why we are confident in offering clients a diverse range of materials and production styles to get the job done correctly.<\/p><p class=\" translation-block\">Our team understands the imperativeness in manufacturing quality tooling as it has a direct effect on the quality of the produced parts later in the production line. Luckily, Fibrotek Advanced Materials has the expertise to design your tools in-house without the need to outsource third parties. Below is a list of common Fibrotek Advanced Materials\u2019 methods utilized during the production process to manufacture your tools.<\/p><p class=\" translation-block\">Direct Tooling: The direct tooling approach uses molds directly manufactured from a slab of dense material. The materials employed for this tooling method include pieces of polymer, tooling foams, metals, and machinable clays or ceramics.<\/p><p>Indirect Tooling: The indirect tooling approach begins with a master prototype. This original design can be manufactured or an existent product. Once the prototype is made, the mold is cast or overlaid onto it. These molds are frequently manufactured from fiberglass and carbon fiber. However, it is possible to utilize castable polymers, ceramics, concrete, or nickel if needed.<\/p><p><strong>Questions to Answer<\/strong>\u00a0<\/p><p>It can be challenging to determine composite materials and manufacturing methods as there are several solutions that you can use. Therefore, before choosing composite material tooling options for your project, consider the following questions that can help you better determine whether composite tooling is the correct method for you and your business needs.\u00a0\u00a0\u00a0<\/p><ol><li>What is your composite tooling process like?<\/li><\/ol><p class=\" translation-block\">The Fibrotek Advanced Materials process looks like this:<\/p><ol><li>Initial consultation to meet with our engineers.<\/li><li>Designing of your composite tooling molds to ensure accuracy.<\/li><li>The development of your prototype that will undergo external stressors to ensure durability.<\/li><li>Production of your composite material tools.<\/li><li>Quality control and inspections using HandyScan 3D.<\/li><li>Post-production packaging and delivery.<\/li><li><strong>Can we convert metal products into composite?<\/strong><\/li><\/ol><p class=\" translation-block\">Yes, Fibrotek Advanced Materials has the expertise and machinery available to re-design your metal tools into composites.<\/p><ol start=\"3\"><li><strong>Do you use third-party subcontractors?<\/strong>\u00a0<\/li><\/ol><p class=\" translation-block\">No, Fibrotek Advanced Materials is committed to overseeing all stages of the product production cycle to ensure superior quality and accuracy. This also helps save clients\u2019 money in the long run.<\/p><ol start=\"4\"><li><strong>What inspection standards do you have?<\/strong><\/li><\/ol><p class=\" translation-block\">Fibrotek Advanced Materials utilizes numerous measurement solutions by employing innovative scientific software and instruments, including HandyScan 3D, a mobile measurement 3D scanner.<\/p><p class=\" translation-block\"><strong>Call Fibrotek Advanced Materials Today<\/strong><\/p><p class=\" translation-block\">At Fibrotek Advanced Materials, clients can confidently partner with a company who recognizes the intricacy and importance of state-of-the-art aerospace composite material tooling. With years of experience working with clients in Canada, the United States, and Mexico, along with our superior industry authority, our team is well-prepared with the information and manufacturing equipment to deliver you with high-quality products and excellent customer service experiences.<\/p><p>To learn more about how we can assist you with the development of your composite material tools, please call us at (418) -439-0999 to book a consultation call with our team of industry-leading experts. We look forward to working with you.<\/p>\t\t\t\t\t\t\t\t<\/div>\n\t\t\t\t<\/div>\n\t\t\t\t\t<\/div>\n\t\t<\/div>\n\t\t\t\t\t<\/div>\n\t\t<\/section>\n\t\t\t\t<section class=\"elementor-section elementor-top-section elementor-element elementor-element-26eeb9de elementor-section-boxed elementor-section-height-default elementor-section-height-default\" data-id=\"26eeb9de\" data-element_type=\"section\" data-e-type=\"section\">\n\t\t\t\t\t\t<div class=\"elementor-container elementor-column-gap-default\">\n\t\t\t\t\t<div class=\"elementor-column elementor-col-100 elementor-top-column elementor-element elementor-element-6becfa3\" data-id=\"6becfa3\" data-element_type=\"column\" data-e-type=\"column\">\n\t\t\t<div class=\"elementor-widget-wrap\">\n\t\t\t\t\t\t\t<\/div>\n\t\t<\/div>\n\t\t\t\t\t<\/div>\n\t\t<\/section>\n\t\t\t\t<\/div>","protected":false},"excerpt":{"rendered":"<p>MAT\u00c9RIAUX D&rsquo;OUTILLAGE COMPOSITES Mat\u00e9riaux D&rsquo;outillage Composites Les entreprises a\u00e9rospatiales, automobiles et de fabrication d&rsquo;UAV en charge de la construction de m\u00e9canismes et de composants complexes et divers n\u00e9cessitent des outils robustes pour r\u00e9pondre aux demandes de production importantes et aux exigences dimensionnelles sp\u00e9cifiques. Alors que les outils conventionnels sont construits \u00e0 partir de compos\u00e9s m\u00e9talliques [&hellip;]<\/p>","protected":false},"author":1,"featured_media":0,"parent":342,"menu_order":0,"comment_status":"closed","ping_status":"closed","template":"","meta":{"ocean_post_layout":"","ocean_both_sidebars_style":"","ocean_both_sidebars_content_width":0,"ocean_both_sidebars_sidebars_width":0,"ocean_sidebar":"0","ocean_second_sidebar":"0","ocean_disable_margins":"enable","ocean_add_body_class":"","ocean_shortcode_before_top_bar":"","ocean_shortcode_after_top_bar":"","ocean_shortcode_before_header":"","ocean_shortcode_after_header":"","ocean_has_shortcode":"","ocean_shortcode_after_title":"","ocean_shortcode_before_footer_widgets":"","ocean_shortcode_after_footer_widgets":"","ocean_shortcode_before_footer_bottom":"","ocean_shortcode_after_footer_bottom":"","ocean_display_top_bar":"default","ocean_display_header":"default","ocean_header_style":"","ocean_center_header_left_menu":"0","ocean_custom_header_template":"0","ocean_custom_logo":0,"ocean_custom_retina_logo":0,"ocean_custom_logo_max_width":0,"ocean_custom_logo_tablet_max_width":0,"ocean_custom_logo_mobile_max_width":0,"ocean_custom_logo_max_height":0,"ocean_custom_logo_tablet_max_height":0,"ocean_custom_logo_mobile_max_height":0,"ocean_header_custom_menu":"0","ocean_menu_typo_font_family":"0","ocean_menu_typo_font_subset":"","ocean_menu_typo_font_size":0,"ocean_menu_typo_font_size_tablet":0,"ocean_menu_typo_font_size_mobile":0,"ocean_menu_typo_font_size_unit":"px","ocean_menu_typo_font_weight":"","ocean_menu_typo_font_weight_tablet":"","ocean_menu_typo_font_weight_mobile":"","ocean_menu_typo_transform":"","ocean_menu_typo_transform_tablet":"","ocean_menu_typo_transform_mobile":"","ocean_menu_typo_line_height":0,"ocean_menu_typo_line_height_tablet":0,"ocean_menu_typo_line_height_mobile":0,"ocean_menu_typo_line_height_unit":"","ocean_menu_typo_spacing":0,"ocean_menu_typo_spacing_tablet":0,"ocean_menu_typo_spacing_mobile":0,"ocean_menu_typo_spacing_unit":"","ocean_menu_link_color":"","ocean_menu_link_color_hover":"","ocean_menu_link_color_active":"","ocean_menu_link_background":"","ocean_menu_link_hover_background":"","ocean_menu_link_active_background":"","ocean_menu_social_links_bg":"","ocean_menu_social_hover_links_bg":"","ocean_menu_social_links_color":"","ocean_menu_social_hover_links_color":"","ocean_disable_title":"default","ocean_disable_heading":"default","ocean_post_title":"","ocean_post_subheading":"","ocean_post_title_style":"","ocean_post_title_background_color":"","ocean_post_title_background":0,"ocean_post_title_bg_image_position":"","ocean_post_title_bg_image_attachment":"","ocean_post_title_bg_image_repeat":"","ocean_post_title_bg_image_size":"","ocean_post_title_height":0,"ocean_post_title_bg_overlay":0.5,"ocean_post_title_bg_overlay_color":"","ocean_disable_breadcrumbs":"default","ocean_breadcrumbs_color":"","ocean_breadcrumbs_separator_color":"","ocean_breadcrumbs_links_color":"","ocean_breadcrumbs_links_hover_color":"","ocean_display_footer_widgets":"default","ocean_display_footer_bottom":"default","ocean_custom_footer_template":"1508","footnotes":""},"class_list":["post-2018","page","type-page","status-publish","hentry","entry"],"_links":{"self":[{"href":"https:\/\/fibrotek.com\/en_ca\/wp-json\/wp\/v2\/pages\/2018","targetHints":{"allow":["GET"]}}],"collection":[{"href":"https:\/\/fibrotek.com\/en_ca\/wp-json\/wp\/v2\/pages"}],"about":[{"href":"https:\/\/fibrotek.com\/en_ca\/wp-json\/wp\/v2\/types\/page"}],"author":[{"embeddable":true,"href":"https:\/\/fibrotek.com\/en_ca\/wp-json\/wp\/v2\/users\/1"}],"replies":[{"embeddable":true,"href":"https:\/\/fibrotek.com\/en_ca\/wp-json\/wp\/v2\/comments?post=2018"}],"version-history":[{"count":21,"href":"https:\/\/fibrotek.com\/en_ca\/wp-json\/wp\/v2\/pages\/2018\/revisions"}],"predecessor-version":[{"id":2391,"href":"https:\/\/fibrotek.com\/en_ca\/wp-json\/wp\/v2\/pages\/2018\/revisions\/2391"}],"up":[{"embeddable":true,"href":"https:\/\/fibrotek.com\/en_ca\/wp-json\/wp\/v2\/pages\/342"}],"wp:attachment":[{"href":"https:\/\/fibrotek.com\/en_ca\/wp-json\/wp\/v2\/media?parent=2018"}],"curies":[{"name":"wp","href":"https:\/\/api.w.org\/{rel}","templated":true}]}}