{"id":344,"date":"2020-04-30T16:46:47","date_gmt":"2020-04-30T21:46:47","guid":{"rendered":"https:\/\/rorkaal-dev.ninja\/?page_id=344"},"modified":"2024-02-13T17:58:41","modified_gmt":"2024-02-13T22:58:41","slug":"systemes-prospection-geophysique","status":"publish","type":"page","link":"https:\/\/fibrotek.com\/en_ca\/products\/geophysical-survey-systems\/","title":{"rendered":"Geophysical survey systems"},"content":{"rendered":"<div data-elementor-type=\"wp-page\" data-elementor-id=\"344\" class=\"elementor elementor-344\">\n\t\t\t\t\t\t<section class=\"elementor-section elementor-top-section elementor-element elementor-element-2d82a6cd elementor-section-height-min-height elementor-section-content-middle elementor-section-stretched elementor-section-boxed elementor-section-height-default elementor-section-items-middle\" data-id=\"2d82a6cd\" data-element_type=\"section\" data-e-type=\"section\" data-settings=\"{&quot;background_background&quot;:&quot;classic&quot;,&quot;stretch_section&quot;:&quot;section-stretched&quot;}\">\n\t\t\t\t\t\t\t<div class=\"elementor-background-overlay\"><\/div>\n\t\t\t\t\t\t\t<div class=\"elementor-container elementor-column-gap-default\">\n\t\t\t\t\t<div class=\"elementor-column elementor-col-100 elementor-top-column elementor-element elementor-element-380ede74\" data-id=\"380ede74\" data-element_type=\"column\" data-e-type=\"column\">\n\t\t\t<div class=\"elementor-widget-wrap elementor-element-populated\">\n\t\t\t\t\t\t<div class=\"elementor-element elementor-element-4285605d elementor-widget elementor-widget-heading\" data-id=\"4285605d\" data-element_type=\"widget\" data-e-type=\"widget\" data-widget_type=\"heading.default\">\n\t\t\t\t<div class=\"elementor-widget-container\">\n\t\t\t\t\t<h1 class=\"elementor-heading-title elementor-size-default\">Geophisycal Survey Systems<\/h1>\t\t\t\t<\/div>\n\t\t\t\t<\/div>\n\t\t\t\t\t<\/div>\n\t\t<\/div>\n\t\t\t\t\t<\/div>\n\t\t<\/section>\n\t\t\t\t<section class=\"elementor-section elementor-top-section elementor-element elementor-element-6e09f63 elementor-section-boxed elementor-section-height-default elementor-section-height-default\" data-id=\"6e09f63\" data-element_type=\"section\" data-e-type=\"section\">\n\t\t\t\t\t\t<div class=\"elementor-container elementor-column-gap-default\">\n\t\t\t\t\t<div class=\"elementor-column elementor-col-100 elementor-top-column elementor-element elementor-element-040e9cd\" data-id=\"040e9cd\" data-element_type=\"column\" data-e-type=\"column\">\n\t\t\t<div class=\"elementor-widget-wrap elementor-element-populated\">\n\t\t\t\t\t\t<div class=\"elementor-element elementor-element-fe6b7db elementor-widget-divider--view-line elementor-widget elementor-widget-divider\" data-id=\"fe6b7db\" data-element_type=\"widget\" data-e-type=\"widget\" data-widget_type=\"divider.default\">\n\t\t\t\t<div class=\"elementor-widget-container\">\n\t\t\t\t\t\t\t<div class=\"elementor-divider\">\n\t\t\t<span class=\"elementor-divider-separator\">\n\t\t\t\t\t\t<\/span>\n\t\t<\/div>\n\t\t\t\t\t\t<\/div>\n\t\t\t\t<\/div>\n\t\t\t\t<div class=\"elementor-element elementor-element-3d35bb3 elementor-widget elementor-widget-text-editor\" data-id=\"3d35bb3\" data-element_type=\"widget\" data-e-type=\"widget\" data-widget_type=\"text-editor.default\">\n\t\t\t\t<div class=\"elementor-widget-container\">\n\t\t\t\t\t\t\t\t\t<p>Fibrotek Advanced Materials is engaged in the engineering and manufacturing of geophysical survey equipment and also specializes in the production of interior and exterior composite tools and parts for automobiles, serving the United States, Mexico, and Canada.<\/p><p>Fibrotek Advanced Materials produces superior quality geophysical survey Stingers, from the initial design phase to manufacturing and delivery. An aluminum storage case is included with each Stinger we manufacture.<br \/>The Stinger, manufactured by Fibrotek, is suitable for low ground clearance, especially in difficult terrain which includes remote and inaccessible exploration areas. field. The Fibrotek Stinger can be installed on a variety of helicopters.<br \/>Fibrotek with over two decades of experience in manufacturing Geophysical Stingers with a trusted reputation in the industry. Our design department works directly with clients with specific design requirements, always ready to explore different design challenges.<\/p>\t\t\t\t\t\t\t\t<\/div>\n\t\t\t\t<\/div>\n\t\t\t\t\t<\/div>\n\t\t<\/div>\n\t\t\t\t\t<\/div>\n\t\t<\/section>\n\t\t\t\t<section class=\"elementor-section elementor-top-section elementor-element elementor-element-7ecc4f0 elementor-section-boxed elementor-section-height-default elementor-section-height-default\" data-id=\"7ecc4f0\" data-element_type=\"section\" data-e-type=\"section\">\n\t\t\t\t\t\t<div class=\"elementor-container elementor-column-gap-default\">\n\t\t\t\t\t<div class=\"elementor-column elementor-col-100 elementor-top-column elementor-element elementor-element-e024434\" data-id=\"e024434\" data-element_type=\"column\" data-e-type=\"column\">\n\t\t\t<div class=\"elementor-widget-wrap elementor-element-populated\">\n\t\t\t\t\t\t<div class=\"elementor-element elementor-element-2342beef elementor-widget elementor-widget-image-carousel\" data-id=\"2342beef\" data-element_type=\"widget\" data-e-type=\"widget\" data-settings=\"{&quot;slides_to_show&quot;:&quot;3&quot;,&quot;navigation&quot;:&quot;none&quot;,&quot;autoplay&quot;:&quot;no&quot;,&quot;image_spacing_custom&quot;:{&quot;unit&quot;:&quot;px&quot;,&quot;size&quot;:34,&quot;sizes&quot;:[]},&quot;infinite&quot;:&quot;yes&quot;,&quot;speed&quot;:500,&quot;image_spacing_custom_tablet&quot;:{&quot;unit&quot;:&quot;px&quot;,&quot;size&quot;:&quot;&quot;,&quot;sizes&quot;:[]},&quot;image_spacing_custom_mobile&quot;:{&quot;unit&quot;:&quot;px&quot;,&quot;size&quot;:&quot;&quot;,&quot;sizes&quot;:[]}}\" data-widget_type=\"image-carousel.default\">\n\t\t\t\t<div class=\"elementor-widget-container\">\n\t\t\t\t\t\t\t<div class=\"elementor-image-carousel-wrapper swiper\" role=\"region\" aria-roledescription=\"carousel\" aria-label=\"Carrousel d\u2019images\" dir=\"ltr\">\n\t\t\t<div class=\"elementor-image-carousel swiper-wrapper\" aria-live=\"polite\">\n\t\t\t\t\t\t\t\t<div class=\"swiper-slide\" role=\"group\" aria-roledescription=\"slide\" aria-label=\"1 sur 3\"><a data-elementor-open-lightbox=\"yes\" data-elementor-lightbox-slideshow=\"2342beef\" data-elementor-lightbox-title=\"AddedValue4\" data-e-action-hash=\"#elementor-action%3Aaction%3Dlightbox%26settings%3DeyJpZCI6MTEyOSwidXJsIjoiaHR0cHM6XC9cL2ZpYnJvdGVrLmNvbVwvd3AtY29udGVudFwvdXBsb2Fkc1wvMjAyMFwvMDhcL0FkZGVkVmFsdWU0LTEuanBnIiwic2xpZGVzaG93IjoiMjM0MmJlZWYifQ%3D%3D\" href=\"https:\/\/fibrotek.com\/wp-content\/uploads\/2020\/08\/AddedValue4-1.jpg\"><figure class=\"swiper-slide-inner\"><img decoding=\"async\" class=\"swiper-slide-image\" src=\"https:\/\/fibrotek.com\/wp-content\/uploads\/2020\/08\/AddedValue4-1.jpg\" alt=\"geophysical survey systems\" title=\"\"><figcaption class=\"elementor-image-carousel-caption\">geophysical survey systems<\/figcaption><\/figure><\/a><\/div><div class=\"swiper-slide\" role=\"group\" aria-roledescription=\"slide\" aria-label=\"2 sur 3\"><a data-elementor-open-lightbox=\"yes\" data-elementor-lightbox-slideshow=\"2342beef\" data-elementor-lightbox-title=\"OtherValue2\" data-e-action-hash=\"#elementor-action%3Aaction%3Dlightbox%26settings%3DeyJpZCI6MTExNywidXJsIjoiaHR0cHM6XC9cL2ZpYnJvdGVrLmNvbVwvd3AtY29udGVudFwvdXBsb2Fkc1wvMjAyMFwvMDhcL090aGVyVmFsdWUyLmpwZyIsInNsaWRlc2hvdyI6IjIzNDJiZWVmIn0%3D\" href=\"https:\/\/fibrotek.com\/wp-content\/uploads\/2020\/08\/OtherValue2.jpg\"><figure class=\"swiper-slide-inner\"><img decoding=\"async\" class=\"swiper-slide-image\" src=\"https:\/\/fibrotek.com\/wp-content\/uploads\/2020\/08\/OtherValue2.jpg\" alt=\"Underwater Unmanned Vehicles\" title=\"\"><figcaption class=\"elementor-image-carousel-caption\">Underwater Unmanned Vehicles<\/figcaption><\/figure><\/a><\/div><div class=\"swiper-slide\" role=\"group\" aria-roledescription=\"slide\" aria-label=\"3 sur 3\"><a data-elementor-open-lightbox=\"yes\" data-elementor-lightbox-slideshow=\"2342beef\" data-elementor-lightbox-title=\"OtherValue1\" data-e-action-hash=\"#elementor-action%3Aaction%3Dlightbox%26settings%3DeyJpZCI6MTExNiwidXJsIjoiaHR0cHM6XC9cL2ZpYnJvdGVrLmNvbVwvd3AtY29udGVudFwvdXBsb2Fkc1wvMjAyMFwvMDhcL090aGVyVmFsdWUxLmpwZyIsInNsaWRlc2hvdyI6IjIzNDJiZWVmIn0%3D\" href=\"https:\/\/fibrotek.com\/wp-content\/uploads\/2020\/08\/OtherValue1.jpg\"><figure class=\"swiper-slide-inner\"><img decoding=\"async\" class=\"swiper-slide-image\" src=\"https:\/\/fibrotek.com\/wp-content\/uploads\/2020\/08\/OtherValue1.jpg\" alt=\"Underwater Unmanned Vehicles\" title=\"\"><figcaption class=\"elementor-image-carousel-caption\">Underwater Unmanned Vehicles<\/figcaption><\/figure><\/a><\/div>\t\t\t<\/div>\n\t\t\t\t\t\t\t\n\t\t\t\t\t\t\t\t\t<\/div>\n\t\t\t\t\t\t<\/div>\n\t\t\t\t<\/div>\n\t\t\t\t\t<\/div>\n\t\t<\/div>\n\t\t\t\t\t<\/div>\n\t\t<\/section>\n\t\t\t\t<section class=\"elementor-section elementor-top-section elementor-element elementor-element-2687b92c elementor-section-boxed elementor-section-height-default elementor-section-height-default\" data-id=\"2687b92c\" data-element_type=\"section\" data-e-type=\"section\">\n\t\t\t\t\t\t<div class=\"elementor-container elementor-column-gap-default\">\n\t\t\t\t\t<div class=\"elementor-column elementor-col-100 elementor-top-column elementor-element elementor-element-53397b43\" data-id=\"53397b43\" data-element_type=\"column\" data-e-type=\"column\">\n\t\t\t<div class=\"elementor-widget-wrap\">\n\t\t\t\t\t\t\t<\/div>\n\t\t<\/div>\n\t\t\t\t\t<\/div>\n\t\t<\/section>\n\t\t\t\t<section class=\"elementor-section elementor-top-section elementor-element elementor-element-6c68d1d1 elementor-section-boxed elementor-section-height-default elementor-section-height-default\" data-id=\"6c68d1d1\" data-element_type=\"section\" data-e-type=\"section\">\n\t\t\t\t\t\t<div class=\"elementor-container elementor-column-gap-default\">\n\t\t\t\t\t<div class=\"elementor-column elementor-col-100 elementor-top-column elementor-element elementor-element-5e99a5db\" data-id=\"5e99a5db\" data-element_type=\"column\" data-e-type=\"column\">\n\t\t\t<div class=\"elementor-widget-wrap\">\n\t\t\t\t\t\t\t<\/div>\n\t\t<\/div>\n\t\t\t\t\t<\/div>\n\t\t<\/section>\n\t\t\t\t<\/div>","protected":false},"excerpt":{"rendered":"<p>Syst\u00e8mes de lev\u00e9s g\u00e9ophysiques Fibrotek Mat\u00e9riaux Avanc\u00e9s s&rsquo;engage dans l&rsquo;ing\u00e9nierie et la fabrication d&rsquo;\u00e9quipements de lev\u00e9 g\u00e9ophysique et se sp\u00e9cialise \u00e9galement dans la fabrication d&rsquo;outils et de pi\u00e8ces composites int\u00e9rieurs et ext\u00e9rieurs pour automobiles desservant les \u00c9tats-Unis, le Mexique et le Canada. Fibrotek Mat\u00e9riaux Avanc\u00e9s fabrique des Stingers de lev\u00e9 g\u00e9ophysique de qualit\u00e9 sup\u00e9rieure, de [&hellip;]<\/p>","protected":false},"author":1,"featured_media":0,"parent":926,"menu_order":0,"comment_status":"closed","ping_status":"closed","template":"","meta":{"ocean_post_layout":"","ocean_both_sidebars_style":"","ocean_both_sidebars_content_width":0,"ocean_both_sidebars_sidebars_width":0,"ocean_sidebar":"0","ocean_second_sidebar":"0","ocean_disable_margins":"enable","ocean_add_body_class":"","ocean_shortcode_before_top_bar":"","ocean_shortcode_after_top_bar":"","ocean_shortcode_before_header":"","ocean_shortcode_after_header":"","ocean_has_shortcode":"","ocean_shortcode_after_title":"","ocean_shortcode_before_footer_widgets":"","ocean_shortcode_after_footer_widgets":"","ocean_shortcode_before_footer_bottom":"","ocean_shortcode_after_footer_bottom":"","ocean_display_top_bar":"default","ocean_display_header":"default","ocean_header_style":"","ocean_center_header_left_menu":"0","ocean_custom_header_template":"0","ocean_custom_logo":0,"ocean_custom_retina_logo":0,"ocean_custom_logo_max_width":0,"ocean_custom_logo_tablet_max_width":0,"ocean_custom_logo_mobile_max_width":0,"ocean_custom_logo_max_height":0,"ocean_custom_logo_tablet_max_height":0,"ocean_custom_logo_mobile_max_height":0,"ocean_header_custom_menu":"0","ocean_menu_typo_font_family":"0","ocean_menu_typo_font_subset":"","ocean_menu_typo_font_size":0,"ocean_menu_typo_font_size_tablet":0,"ocean_menu_typo_font_size_mobile":0,"ocean_menu_typo_font_size_unit":"px","ocean_menu_typo_font_weight":"","ocean_menu_typo_font_weight_tablet":"","ocean_menu_typo_font_weight_mobile":"","ocean_menu_typo_transform":"","ocean_menu_typo_transform_tablet":"","ocean_menu_typo_transform_mobile":"","ocean_menu_typo_line_height":0,"ocean_menu_typo_line_height_tablet":0,"ocean_menu_typo_line_height_mobile":0,"ocean_menu_typo_line_height_unit":"","ocean_menu_typo_spacing":0,"ocean_menu_typo_spacing_tablet":0,"ocean_menu_typo_spacing_mobile":0,"ocean_menu_typo_spacing_unit":"","ocean_menu_link_color":"","ocean_menu_link_color_hover":"","ocean_menu_link_color_active":"","ocean_menu_link_background":"","ocean_menu_link_hover_background":"","ocean_menu_link_active_background":"","ocean_menu_social_links_bg":"","ocean_menu_social_hover_links_bg":"","ocean_menu_social_links_color":"","ocean_menu_social_hover_links_color":"","ocean_disable_title":"default","ocean_disable_heading":"default","ocean_post_title":"","ocean_post_subheading":"","ocean_post_title_style":"","ocean_post_title_background_color":"","ocean_post_title_background":0,"ocean_post_title_bg_image_position":"","ocean_post_title_bg_image_attachment":"","ocean_post_title_bg_image_repeat":"","ocean_post_title_bg_image_size":"","ocean_post_title_height":0,"ocean_post_title_bg_overlay":0.5,"ocean_post_title_bg_overlay_color":"","ocean_disable_breadcrumbs":"default","ocean_breadcrumbs_color":"","ocean_breadcrumbs_separator_color":"","ocean_breadcrumbs_links_color":"","ocean_breadcrumbs_links_hover_color":"","ocean_display_footer_widgets":"default","ocean_display_footer_bottom":"default","ocean_custom_footer_template":"1508","footnotes":""},"class_list":["post-344","page","type-page","status-publish","hentry","entry"],"_links":{"self":[{"href":"https:\/\/fibrotek.com\/en_ca\/wp-json\/wp\/v2\/pages\/344","targetHints":{"allow":["GET"]}}],"collection":[{"href":"https:\/\/fibrotek.com\/en_ca\/wp-json\/wp\/v2\/pages"}],"about":[{"href":"https:\/\/fibrotek.com\/en_ca\/wp-json\/wp\/v2\/types\/page"}],"author":[{"embeddable":true,"href":"https:\/\/fibrotek.com\/en_ca\/wp-json\/wp\/v2\/users\/1"}],"replies":[{"embeddable":true,"href":"https:\/\/fibrotek.com\/en_ca\/wp-json\/wp\/v2\/comments?post=344"}],"version-history":[{"count":20,"href":"https:\/\/fibrotek.com\/en_ca\/wp-json\/wp\/v2\/pages\/344\/revisions"}],"predecessor-version":[{"id":2406,"href":"https:\/\/fibrotek.com\/en_ca\/wp-json\/wp\/v2\/pages\/344\/revisions\/2406"}],"up":[{"embeddable":true,"href":"https:\/\/fibrotek.com\/en_ca\/wp-json\/wp\/v2\/pages\/926"}],"wp:attachment":[{"href":"https:\/\/fibrotek.com\/en_ca\/wp-json\/wp\/v2\/media?parent=344"}],"curies":[{"name":"wp","href":"https:\/\/api.w.org\/{rel}","templated":true}]}}