{"id":1794,"date":"2021-12-02T12:15:52","date_gmt":"2021-12-02T17:15:52","guid":{"rendered":"https:\/\/fibrotek.com\/?page_id=1794"},"modified":"2024-02-13T18:39:39","modified_gmt":"2024-02-13T23:39:39","slug":"outillage-composite-aerospatial","status":"publish","type":"page","link":"https:\/\/fibrotek.com\/fr_fr\/nouveautes\/outillage-composite-aerospatial\/","title":{"rendered":"Aerospace Composite Tooling"},"content":{"rendered":"\t\t<div data-elementor-type=\"wp-page\" data-elementor-id=\"1794\" class=\"elementor elementor-1794\">\n\t\t\t\t\t\t<section class=\"elementor-section elementor-top-section elementor-element elementor-element-7ceac3d1 elementor-section-height-min-height elementor-section-content-middle elementor-section-stretched elementor-section-boxed elementor-section-height-default elementor-section-items-middle\" data-id=\"7ceac3d1\" data-element_type=\"section\" data-e-type=\"section\" data-settings=\"{&quot;background_background&quot;:&quot;classic&quot;,&quot;stretch_section&quot;:&quot;section-stretched&quot;}\">\n\t\t\t\t\t\t\t<div class=\"elementor-background-overlay\"><\/div>\n\t\t\t\t\t\t\t<div class=\"elementor-container elementor-column-gap-default\">\n\t\t\t\t\t<div class=\"elementor-column elementor-col-100 elementor-top-column elementor-element elementor-element-165ca8b3\" data-id=\"165ca8b3\" data-element_type=\"column\" data-e-type=\"column\">\n\t\t\t<div class=\"elementor-widget-wrap elementor-element-populated\">\n\t\t\t\t\t\t<div class=\"elementor-element elementor-element-7f40c6d9 elementor-widget elementor-widget-heading\" data-id=\"7f40c6d9\" data-element_type=\"widget\" data-e-type=\"widget\" data-widget_type=\"heading.default\">\n\t\t\t\t<div class=\"elementor-widget-container\">\n\t\t\t\t\t<h1 class=\"elementor-heading-title elementor-size-default\">Outillage composite pour l'a\u00e9rospatiale<\/h1>\t\t\t\t<\/div>\n\t\t\t\t<\/div>\n\t\t\t\t\t<\/div>\n\t\t<\/div>\n\t\t\t\t\t<\/div>\n\t\t<\/section>\n\t\t\t\t<section class=\"elementor-section elementor-top-section elementor-element elementor-element-bc3d947 elementor-section-content-middle elementor-section-stretched elementor-section-boxed elementor-section-height-default elementor-section-height-default\" data-id=\"bc3d947\" data-element_type=\"section\" data-e-type=\"section\" data-settings=\"{&quot;stretch_section&quot;:&quot;section-stretched&quot;}\">\n\t\t\t\t\t\t<div class=\"elementor-container elementor-column-gap-no\">\n\t\t\t\t\t<div class=\"elementor-column elementor-col-100 elementor-top-column elementor-element elementor-element-4d13fe43\" data-id=\"4d13fe43\" data-element_type=\"column\" data-e-type=\"column\">\n\t\t\t<div class=\"elementor-widget-wrap elementor-element-populated\">\n\t\t\t\t\t\t<div class=\"elementor-element elementor-element-7203db0 elementor-widget-divider--view-line elementor-widget elementor-widget-divider\" data-id=\"7203db0\" data-element_type=\"widget\" data-e-type=\"widget\" data-widget_type=\"divider.default\">\n\t\t\t\t<div class=\"elementor-widget-container\">\n\t\t\t\t\t\t\t<div class=\"elementor-divider\">\n\t\t\t<span class=\"elementor-divider-separator\">\n\t\t\t\t\t\t<\/span>\n\t\t<\/div>\n\t\t\t\t\t\t<\/div>\n\t\t\t\t<\/div>\n\t\t\t\t<div class=\"elementor-element elementor-element-4b342103 elementor-widget elementor-widget-text-editor\" data-id=\"4b342103\" data-element_type=\"widget\" data-e-type=\"widget\" data-widget_type=\"text-editor.default\">\n\t\t\t\t<div class=\"elementor-widget-container\">\n\t\t\t\t\t\t\t\t\t<h2><strong>Outillage Composite A\u00e9rospatial<\/strong><\/h2><p>Le mat\u00e9riau composite est constitu\u00e9 d&rsquo;un renfort \u00e0 matrice thermodurcissable ou thermoplastique avec des renforts repr\u00e9sent\u00e9s g\u00e9n\u00e9ralement par des fibres r\u00e9sistantes et rigides. Ces mat\u00e9riaux sont souhaitables pour l&rsquo;aviation et l&rsquo;a\u00e9rospatiale en raison de leur r\u00e9sistance, de leur rigidit\u00e9, de leurs rapports de densit\u00e9 et de leurs attributs physiques sup\u00e9rieurs.<\/p><p>Des panneaux de fuselage aux assemblages d&rsquo;ailes en passant par les si\u00e8ges d&rsquo;avion et les bo\u00eetiers d&rsquo;instruments, les mat\u00e9riaux composites sont l&rsquo;une des ressources les plus importantes utilis\u00e9es par l&rsquo;industrie a\u00e9rospatiale en raison de leur capacit\u00e9 \u00e0 r\u00e9duire le poids et \u00e0 augmenter le rendement \u00e9nerg\u00e9tique. En raison des exigences de production \u00e9lev\u00e9es, des exigences dimensionnelles et de la pr\u00e9cision cruciale, les fabricants de l&rsquo;a\u00e9rospatiale doivent avoir acc\u00e8s \u00e0 des outils robustes qui pr\u00e9servent les cycles d&rsquo;assemblage et prot\u00e8gent les cha\u00eenes d&rsquo;approvisionnement mondiales.<\/p><p><strong>Outils durs<\/strong><\/p><p>Les outils durs sont souvent construits \u00e0 partir de compos\u00e9s m\u00e9talliques \u00e0 haut rendement tels que l&rsquo;acier, l&rsquo;aluminium et le nickel. Cependant, bien que ces mat\u00e9riaux soient fiables, ils pr\u00e9sentent des d\u00e9fauts qui entra\u00eenent des difficult\u00e9s sur les cha\u00eenes de production, notamment :<\/p><ul><li>Leur poids total rend les outils durs difficiles \u00e0 d\u00e9placer et \u00e0 utiliser de mani\u00e8re transparente.<\/li><li>Co\u00fbts \u00e9lev\u00e9s de fabrication des outils.<\/li><li>Leur conductivit\u00e9 thermique qui peut allonger les temps de cure et entra\u00eener des complications de certification de cure suite \u00e0 un manque de contr\u00f4le lors du processus de traitement.<\/li><\/ul><p>En conclusion, la fabrication d&rsquo;outillages durs est extensive et n\u00e9cessite des proc\u00e9dures de finition et de polissage m\u00e9ticuleuses en plus du soudage et d&rsquo;autres phases importantes pour obtenir une pi\u00e8ce fonctionnelle.\u00a0<\/p><p><strong>Les avantages de l&rsquo;outillage composite<\/strong><\/p><p>Les obstacles \u00e0 la production caus\u00e9s par les outils durs peuvent \u00eatre r\u00e9solus gr\u00e2ce \u00e0 l&rsquo;application d&rsquo;outils composites, \u00e9galement appel\u00e9s outils souples. L&rsquo;utilisation de mat\u00e9riaux composites pr\u00e9sente de nombreux avantages, notamment :<\/p><ul><li>Simplicit\u00e9 dans l&rsquo;assemblage de m\u00e9canismes complexes tels que les formes et les dessins.<\/li><li>Force d&rsquo;outil plus robuste \u00e0 une masse inf\u00e9rieure<\/li><li>Une diminution globale du poids de l&rsquo;outil lui-m\u00eame, de 20 \u00e0 50 %.<\/li><li>Tol\u00e9rance accrue aux dommages importants<\/li><li>Constance thermique \u00e0 nu pour acc\u00e9l\u00e9rer les ajustements de temp\u00e9rature<\/li><li>\u00c9limination des probl\u00e8mes de corrosion<\/li><li>Augmentation de l&rsquo;endurance aux impacts \u00e9lev\u00e9s<\/li><\/ul><p><strong>Mat\u00e9riaux composites a\u00e9rospatiaux courants<\/strong><\/p><p>En outre, un autre aspect pr\u00e9cieux du composite a\u00e9rospatial est que plusieurs types de composites sont utilis\u00e9s dans la fabrication a\u00e9rospatiale, en fonction des exigences des outils souples. Par exemple, les pi\u00e8ces fabriqu\u00e9es dans de petites capacit\u00e9s, les pi\u00e8ces prototypes o\u00f9 une certitude dimensionnelle rigoureuse n&rsquo;est pas une exigence, et les pi\u00e8ces durcies \u00e0 temp\u00e9rature ambiante ou \u00e0 basse temp\u00e9rature peuvent \u00eatre fabriqu\u00e9es avec des mat\u00e9riaux tels que la fibre de verre, les mousses haute densit\u00e9, les panneaux \u00e9poxy usinables, l&rsquo;argile ou le bois\/ les mod\u00e8les en pl\u00e2tre conviennent souvent.<\/p><p>Chez <u>Fibrotek Mat\u00e9riaux Avanc\u00e9s<\/u>, nous nous engageons \u00e0 utiliser les mat\u00e9riaux composites suivants dans notre production d&rsquo;outils souples et durs en fonction des exigences du client pour des r\u00e9sultats personnalis\u00e9s :<\/p><ul><li>Fibre de carbone<\/li><li>Kevlar<\/li><li>Fibre de verre<\/li><li>Graphite<\/li><li>Tableaux d&rsquo;outillage<\/li><li>\u00c9poxy et autres r\u00e9sines synth\u00e9tiques thermodurcissables et polym\u00e8res<\/li><li>Stratifi\u00e9 sandwich composite<\/li><li>Aluminium<\/li><li>Acier<\/li><li>Bois<\/li><li>Pl\u00e2tre<\/li><\/ul><p>Ces divers mat\u00e9riaux permettent \u00e0 notre entreprise de construire des outils hybrides innovants qui exploitent les avantages des outils durs et souples pour optimiser les performances et r\u00e9duire les complications tout au long de la cha\u00eene de production tout en offrant des exp\u00e9riences personnalisables en fonction des dispositions du client et des exigences budg\u00e9taires. Notre infrastructure de ch\u00e2ssis construite individuellement est fabriqu\u00e9e en aluminium massif ou en acier, offrant la r\u00e9sistance, la qualit\u00e9 et le potentiel de faible retrait requis.<\/p><p><strong>Comment les mat\u00e9riaux avanc\u00e9s de Fibrotek peuvent aider\u00a0\u00a0<\/strong><\/p><p>Avec plus de 20 ans d&rsquo;exp\u00e9rience au service de divers clients de l&rsquo;industrie a\u00e9rospatiale, des drones et de l&rsquo;automobile, notre objectif chez notori\u00e9t\u00e9 est de continuer \u00e0 diriger les normes de fabrication et d&rsquo;ing\u00e9nierie d&rsquo;outillage en repoussant les limites de l&rsquo;efficacit\u00e9 et de l&rsquo;innovation pour offrir \u00e0 nos clients des produits de qualit\u00e9 sup\u00e9rieure qui sont rentables. De la conception initiale du prototype \u00e0 la fabrication et \u00e0 la livraison, <u>Fibrotek Mat\u00e9riaux Avanc\u00e9s<\/u> a \u00e9limin\u00e9 de mani\u00e8re rentable tous les co\u00fbts de sous-traitance pour les clients tout en certifiant un savoir-faire remarquable.<\/p><p>Notre vaste entrep\u00f4t abrite des comp\u00e9tences internes pour :<\/p><ul><li>Usinage 3, 4 et 5 axes<\/li><li>Autoclavage<\/li><li>Fabrication additive ou impression 3D\u00a0\u00a0<\/li><li>Assembl\u00e9e<\/li><li>Exposition de prototypes et de mod\u00e8les \u00e0 des fins de d\u00e9monstration<\/li><\/ul><p><strong>Pi\u00e8ces de production diverses<\/strong><\/p><p><u>Fibrotek Mat\u00e9riaux Avanc\u00e9s<\/u> utilise magistralement une compr\u00e9hension et une expertise complexes dans l&rsquo;ex\u00e9cution d&rsquo;outils complexes, de pi\u00e8ces m\u00e9caniques et d&rsquo;\u00e9quipements pour le forage et le fraisage, les segments et les accessoires avec une \u00e9quipe diversifi\u00e9e d&rsquo;ing\u00e9nieurs, de chimistes, de personnel sp\u00e9cialis\u00e9 et de surintendants d&rsquo;affaires, travaillant aux c\u00f4t\u00e9s de plusieurs principaux OEM et entreprise noter num\u00e9ro 1 dans le monde.<\/p><p>Voici un aper\u00e7u de la production de pi\u00e8ces m\u00e9caniques que <u>Fibrotek Mat\u00e9riaux Avanc\u00e9s<\/u> peut fabriquer pour vos besoins :<\/p><ul><li>Dispositifs de finition<\/li><li>Joindre des appareils<\/li><li>Gabarits de montage<\/li><li>Retenues<\/li><li>Appareils de fraisage<\/li><li>Type \u00e0 vide ou \u00e0 pince<\/li><li>Des formes complexes et exigeantes<\/li><li>Pr\u00e9henseurs hydrauliques ou pneumatiques pour les proc\u00e9dures industrialis\u00e9es en grande quantit\u00e9<\/li><\/ul><p>Conform\u00e9ment aux normes AS9100 et aux sp\u00e9cifications de qualit\u00e9, les services professionnels d&rsquo;ing\u00e9nierie, de fabrication et de livraison de notori\u00e9t\u00e9 offrent un excellent soin et des solutions pr\u00e9cieuses. Cette assurance est confirm\u00e9e par l&rsquo;utilisation de notre autoclave composite 10 \u00d7 20 &#8211; un conteneur \u00e0 haute pression utilis\u00e9 pour construire des composites n\u00e9cessitant une pression et des temp\u00e9ratures immenses.<\/p><p><strong>Nos normes d&rsquo;inspection<\/strong><\/p><p><u>Fibrotek Mat\u00e9riaux Avanc\u00e9s<\/u> est fier de proposer un large \u00e9ventail de solutions de mesure \u00e0 toutes les \u00e9tapes du cycle de vie de ses produits en utilisant des logiciels technologiques innovants, notamment HandyScan 3D, un scanner 3D transportable de qualit\u00e9 m\u00e9trologique. Ce scanner 3D portable dynamique pr\u00e9sente rapidement des scans 3D pr\u00e9cis et haute r\u00e9solution avec des ext\u00e9rieurs complexes dans toutes les circonstances environnementales. Il \u00e9tend \u00e9galement la nettet\u00e9 jusqu&rsquo;\u00e0 0,030 mm (0,0012 pouce) et une r\u00e9solution maximale de 0,050 mm (0,0020 pouce).<\/p><p>De plus, son taux d&rsquo;acquisition maximal est de 480 000 mesures\/s. Appliqu\u00e9es en combinaison avec un logiciel de post-traitement, les donn\u00e9es du scan 3D peuvent \u00eatre r\u00e9cup\u00e9r\u00e9es et export\u00e9es sous la forme d&rsquo;un simple fichier 3D pour l&rsquo;inspection, l&rsquo;impression 3D et les logiciels de CAO (CATIA, SolidWorks, Inventor, etc.). Avec ce scanner de production innovant, Fibrotek offre \u00e0 ses clients une num\u00e9risation 3D illimit\u00e9e, quelle que soit la taille, la complexit\u00e9, le mat\u00e9riau ou la surface de la pi\u00e8ce avec ce scanner de production innovant.<\/p><p><strong>Certifications de qualit\u00e9 des mat\u00e9riaux avanc\u00e9s Fibrotek<\/strong><\/p><p>En tant qu&rsquo;entreprise leader de l&rsquo;industrie, <u>Fibrotek Mat\u00e9riaux Avanc\u00e9s<\/u> est heureuse de d\u00e9tenir plusieurs certifications de qualit\u00e9, notamment :<\/p><ul><li>ISO 9001 : 2015 Management de la Qualit\u00e9<\/li><li>Gestion de la qualit\u00e9 AS 9100 pour l&rsquo;a\u00e9rospatiale et la d\u00e9fense<\/li><\/ul><p>Nous sommes \u00e9galement enregistr\u00e9s dans le cadre du Programme canadien des produits contr\u00f4l\u00e9s (PMC) et conformes \u00e0 l&rsquo;ITAR.<\/p><p><strong>Appelez Fibrotek Mat\u00e9riaux Avanc\u00e9s d\u00e8s aujourd&rsquo;hui<\/strong><\/p><p>Chez <u>Fibrotek Mat\u00e9riaux Avanc\u00e9s<\/u>, les clients peuvent \u00eatre assur\u00e9s de s&rsquo;\u00eatre associ\u00e9s \u00e0 une entreprise qui comprend la complexit\u00e9 et l&rsquo;importance de l&rsquo;outillage composite innovant pour l&rsquo;a\u00e9rospatiale. Avec des ann\u00e9es d&rsquo;exp\u00e9rience et une notori\u00e9t\u00e9 reconnue dans l&rsquo;industrie, notre \u00e9quipe est bien \u00e9quip\u00e9e avec les connaissances et l&rsquo;\u00e9quipement de fabrication pour vous offrir l&rsquo;Excellence!<\/p><p>Pour en savoir plus sur la fa\u00e7on dont nous pouvons vous aider, veuillez nous contacter au (418) -439-0999 pour r\u00e9server un appel de consultation avec notre \u00e9quipe d&rsquo;experts.<\/p><p>Nous avons h\u00e2te de travailler avec vous!<\/p>\t\t\t\t\t\t\t\t<\/div>\n\t\t\t\t<\/div>\n\t\t\t\t\t<\/div>\n\t\t<\/div>\n\t\t\t\t\t<\/div>\n\t\t<\/section>\n\t\t\t\t<section class=\"elementor-section elementor-top-section elementor-element elementor-element-26eeb9de elementor-section-boxed elementor-section-height-default elementor-section-height-default\" data-id=\"26eeb9de\" data-element_type=\"section\" data-e-type=\"section\">\n\t\t\t\t\t\t<div class=\"elementor-container elementor-column-gap-default\">\n\t\t\t\t\t<div class=\"elementor-column elementor-col-100 elementor-top-column elementor-element elementor-element-6becfa3\" data-id=\"6becfa3\" data-element_type=\"column\" data-e-type=\"column\">\n\t\t\t<div class=\"elementor-widget-wrap\">\n\t\t\t\t\t\t\t<\/div>\n\t\t<\/div>\n\t\t\t\t\t<\/div>\n\t\t<\/section>\n\t\t\t\t<\/div>\n\t\t","protected":false},"excerpt":{"rendered":"<p>Outillage composite pour l&rsquo;a\u00e9rospatiale Outillage Composite A\u00e9rospatial Le mat\u00e9riau composite est constitu\u00e9 d&rsquo;un renfort \u00e0 matrice thermodurcissable ou thermoplastique avec des renforts repr\u00e9sent\u00e9s g\u00e9n\u00e9ralement par des fibres r\u00e9sistantes et rigides. Ces mat\u00e9riaux sont souhaitables pour l&rsquo;aviation et l&rsquo;a\u00e9rospatiale en raison de leur r\u00e9sistance, de leur rigidit\u00e9, de leurs rapports de densit\u00e9 et de leurs attributs [&hellip;]<\/p>\n","protected":false},"author":1,"featured_media":0,"parent":342,"menu_order":0,"comment_status":"closed","ping_status":"closed","template":"","meta":{"ocean_post_layout":"","ocean_both_sidebars_style":"","ocean_both_sidebars_content_width":0,"ocean_both_sidebars_sidebars_width":0,"ocean_sidebar":"0","ocean_second_sidebar":"0","ocean_disable_margins":"enable","ocean_add_body_class":"","ocean_shortcode_before_top_bar":"","ocean_shortcode_after_top_bar":"","ocean_shortcode_before_header":"","ocean_shortcode_after_header":"","ocean_has_shortcode":"","ocean_shortcode_after_title":"","ocean_shortcode_before_footer_widgets":"","ocean_shortcode_after_footer_widgets":"","ocean_shortcode_before_footer_bottom":"","ocean_shortcode_after_footer_bottom":"","ocean_display_top_bar":"default","ocean_display_header":"default","ocean_header_style":"","ocean_center_header_left_menu":"0","ocean_custom_header_template":"0","ocean_custom_logo":0,"ocean_custom_retina_logo":0,"ocean_custom_logo_max_width":0,"ocean_custom_logo_tablet_max_width":0,"ocean_custom_logo_mobile_max_width":0,"ocean_custom_logo_max_height":0,"ocean_custom_logo_tablet_max_height":0,"ocean_custom_logo_mobile_max_height":0,"ocean_header_custom_menu":"0","ocean_menu_typo_font_family":"0","ocean_menu_typo_font_subset":"","ocean_menu_typo_font_size":0,"ocean_menu_typo_font_size_tablet":0,"ocean_menu_typo_font_size_mobile":0,"ocean_menu_typo_font_size_unit":"px","ocean_menu_typo_font_weight":"","ocean_menu_typo_font_weight_tablet":"","ocean_menu_typo_font_weight_mobile":"","ocean_menu_typo_transform":"","ocean_menu_typo_transform_tablet":"","ocean_menu_typo_transform_mobile":"","ocean_menu_typo_line_height":0,"ocean_menu_typo_line_height_tablet":0,"ocean_menu_typo_line_height_mobile":0,"ocean_menu_typo_line_height_unit":"","ocean_menu_typo_spacing":0,"ocean_menu_typo_spacing_tablet":0,"ocean_menu_typo_spacing_mobile":0,"ocean_menu_typo_spacing_unit":"","ocean_menu_link_color":"","ocean_menu_link_color_hover":"","ocean_menu_link_color_active":"","ocean_menu_link_background":"","ocean_menu_link_hover_background":"","ocean_menu_link_active_background":"","ocean_menu_social_links_bg":"","ocean_menu_social_hover_links_bg":"","ocean_menu_social_links_color":"","ocean_menu_social_hover_links_color":"","ocean_disable_title":"default","ocean_disable_heading":"default","ocean_post_title":"","ocean_post_subheading":"","ocean_post_title_style":"","ocean_post_title_background_color":"","ocean_post_title_background":0,"ocean_post_title_bg_image_position":"","ocean_post_title_bg_image_attachment":"","ocean_post_title_bg_image_repeat":"","ocean_post_title_bg_image_size":"","ocean_post_title_height":0,"ocean_post_title_bg_overlay":0.5,"ocean_post_title_bg_overlay_color":"","ocean_disable_breadcrumbs":"default","ocean_breadcrumbs_color":"","ocean_breadcrumbs_separator_color":"","ocean_breadcrumbs_links_color":"","ocean_breadcrumbs_links_hover_color":"","ocean_display_footer_widgets":"default","ocean_display_footer_bottom":"default","ocean_custom_footer_template":"1508","footnotes":""},"class_list":["post-1794","page","type-page","status-publish","hentry","entry"],"_links":{"self":[{"href":"https:\/\/fibrotek.com\/fr_fr\/wp-json\/wp\/v2\/pages\/1794","targetHints":{"allow":["GET"]}}],"collection":[{"href":"https:\/\/fibrotek.com\/fr_fr\/wp-json\/wp\/v2\/pages"}],"about":[{"href":"https:\/\/fibrotek.com\/fr_fr\/wp-json\/wp\/v2\/types\/page"}],"author":[{"embeddable":true,"href":"https:\/\/fibrotek.com\/fr_fr\/wp-json\/wp\/v2\/users\/1"}],"replies":[{"embeddable":true,"href":"https:\/\/fibrotek.com\/fr_fr\/wp-json\/wp\/v2\/comments?post=1794"}],"version-history":[{"count":30,"href":"https:\/\/fibrotek.com\/fr_fr\/wp-json\/wp\/v2\/pages\/1794\/revisions"}],"predecessor-version":[{"id":2421,"href":"https:\/\/fibrotek.com\/fr_fr\/wp-json\/wp\/v2\/pages\/1794\/revisions\/2421"}],"up":[{"embeddable":true,"href":"https:\/\/fibrotek.com\/fr_fr\/wp-json\/wp\/v2\/pages\/342"}],"wp:attachment":[{"href":"https:\/\/fibrotek.com\/fr_fr\/wp-json\/wp\/v2\/media?parent=1794"}],"curies":[{"name":"wp","href":"https:\/\/api.w.org\/{rel}","templated":true}]}}