{"id":1811,"date":"2021-12-02T13:19:21","date_gmt":"2021-12-02T18:19:21","guid":{"rendered":"https:\/\/fibrotek.com\/?page_id=1811"},"modified":"2023-01-25T13:34:08","modified_gmt":"2023-01-25T18:34:08","slug":"appareils-de-fraisage","status":"publish","type":"page","link":"https:\/\/fibrotek.com\/fr_fr\/nouveautes\/appareils-de-fraisage\/","title":{"rendered":"Milling Machine Fixtures"},"content":{"rendered":"\t\t<div data-elementor-type=\"wp-page\" data-elementor-id=\"1811\" class=\"elementor elementor-1811\">\n\t\t\t\t\t\t<section class=\"elementor-section elementor-top-section elementor-element elementor-element-7ceac3d1 elementor-section-height-min-height elementor-section-content-middle elementor-section-stretched elementor-section-boxed elementor-section-height-default elementor-section-items-middle\" data-id=\"7ceac3d1\" data-element_type=\"section\" data-e-type=\"section\" data-settings=\"{&quot;background_background&quot;:&quot;classic&quot;,&quot;stretch_section&quot;:&quot;section-stretched&quot;}\">\n\t\t\t\t\t\t\t<div class=\"elementor-background-overlay\"><\/div>\n\t\t\t\t\t\t\t<div class=\"elementor-container elementor-column-gap-default\">\n\t\t\t\t\t<div class=\"elementor-column elementor-col-100 elementor-top-column elementor-element elementor-element-165ca8b3\" data-id=\"165ca8b3\" data-element_type=\"column\" data-e-type=\"column\">\n\t\t\t<div class=\"elementor-widget-wrap elementor-element-populated\">\n\t\t\t\t\t\t<div class=\"elementor-element elementor-element-7f40c6d9 elementor-widget elementor-widget-heading\" data-id=\"7f40c6d9\" data-element_type=\"widget\" data-e-type=\"widget\" data-widget_type=\"heading.default\">\n\t\t\t\t<div class=\"elementor-widget-container\">\n\t\t\t\t\t<h4 class=\"elementor-heading-title elementor-size-default\">Appareils De Fraisage<\/h4>\t\t\t\t<\/div>\n\t\t\t\t<\/div>\n\t\t\t\t\t<\/div>\n\t\t<\/div>\n\t\t\t\t\t<\/div>\n\t\t<\/section>\n\t\t\t\t<section class=\"elementor-section elementor-top-section elementor-element elementor-element-bc3d947 elementor-section-content-middle elementor-section-stretched elementor-section-boxed elementor-section-height-default elementor-section-height-default\" data-id=\"bc3d947\" data-element_type=\"section\" data-e-type=\"section\" data-settings=\"{&quot;stretch_section&quot;:&quot;section-stretched&quot;}\">\n\t\t\t\t\t\t<div class=\"elementor-container elementor-column-gap-no\">\n\t\t\t\t\t<div class=\"elementor-column elementor-col-100 elementor-top-column elementor-element elementor-element-4d13fe43\" data-id=\"4d13fe43\" data-element_type=\"column\" data-e-type=\"column\">\n\t\t\t<div class=\"elementor-widget-wrap elementor-element-populated\">\n\t\t\t\t\t\t<div class=\"elementor-element elementor-element-7203db0 elementor-widget-divider--view-line elementor-widget elementor-widget-divider\" data-id=\"7203db0\" data-element_type=\"widget\" data-e-type=\"widget\" data-widget_type=\"divider.default\">\n\t\t\t\t<div class=\"elementor-widget-container\">\n\t\t\t\t\t\t\t<div class=\"elementor-divider\">\n\t\t\t<span class=\"elementor-divider-separator\">\n\t\t\t\t\t\t<\/span>\n\t\t<\/div>\n\t\t\t\t\t\t<\/div>\n\t\t\t\t<\/div>\n\t\t\t\t<div class=\"elementor-element elementor-element-4b342103 elementor-widget elementor-widget-text-editor\" data-id=\"4b342103\" data-element_type=\"widget\" data-e-type=\"widget\" data-widget_type=\"text-editor.default\">\n\t\t\t\t<div class=\"elementor-widget-container\">\n\t\t\t\t\t\t\t\t\t<h1>Appareils De Fraisage<\/h1><p>Les fixations et gabarits de fraiseuse, commun\u00e9ment appel\u00e9s mod\u00e8les de maintien de travail, sont un dispositif imp\u00e9ratif utilis\u00e9 dans l&rsquo;usinage \u00e0 commande num\u00e9rique par ordinateur (CNC), qui vous permet de monter d&rsquo;autres pi\u00e8ces de machine ou pi\u00e8ces dessus tout en les fixant solidement pendant votre processus d&rsquo;usinage. Ces gabarits garantissent non seulement des coupes de pr\u00e9cision, mais ils augmentent \u00e9galement la vitesse de production, l&rsquo;efficacit\u00e9 et garantissent que votre pi\u00e8ce peut r\u00e9sister \u00e0 la force de coupe robuste.<\/p><p><strong>Qu&rsquo;est-ce que l&rsquo;usinage \u00e0 commande num\u00e9rique par ordinateur (CNC)<\/strong><\/p><p>L&rsquo;usinage \u00e0 commande num\u00e9rique par ordinateur (CNC) est un processus de fabrication innovant guid\u00e9 par un logiciel de poste de travail pr\u00e9programm\u00e9 qui impose le mouvement des outils et m\u00e9canismes associ\u00e9s, qui ex\u00e9cutent les responsabilit\u00e9s dimensionnelles indiqu\u00e9es.<\/p><p><strong>Montages vs gabarits\u00a0<\/strong><\/p><p>Bien que les appareils et les gabarits soient des appareils \u00e9troitement li\u00e9s, ensemble, ils servent \u00e0 des fins diff\u00e9rentes sur votre poste de travail. Une fonction de montage est destin\u00e9e \u00e0 maintenir votre pi\u00e8ce de machine ou votre poste de travail en place pendant qu&rsquo;elle subit le processus de coupe, tandis qu&rsquo;un gabarit est responsable du guidage de la lame. Ces pi\u00e8ces essentielles sont g\u00e9n\u00e9ralement fabriqu\u00e9es \u00e0 partir d&rsquo;acier inoxydable et d&rsquo;autres alliages divers. Chaque luminaire et gabarit peut \u00eatre personnalis\u00e9 en diff\u00e9rentes tailles et configurations en fonction des besoins du client.<\/p><p><strong>Avantages des montages CNC\u00a0<\/strong><\/p><ul><li>Efficacit\u00e9 dans les lignes de production<\/li><li>Lignes de coupe pr\u00e9cises<\/li><li>S&rsquo;assure que toutes les pi\u00e8ces produites r\u00e9pondent aux exigences de conception, de dimension et de coupe<\/li><li>Emp\u00eache la rupture de la pi\u00e8ce sous une force de coupe importante<\/li><li>Assure le bon fonctionnement de toute la machine\u00a0<\/li><\/ul><p><strong>Types d&rsquo;appareils \u00e0 commande num\u00e9rique par ordinateur (CNC)\u00a0<\/strong><\/p><p>Comme les luminaires et les gabarits sont personnalisables en fonction des dimensions et des configurations sp\u00e9cifi\u00e9es par le client, il existe plusieurs choix de luminaires parmi lesquels choisir, qui poss\u00e8dent diff\u00e9rentes fonctions et solutions pour votre entreprise. Examinons de plus pr\u00e8s les caract\u00e9ristiques de diff\u00e9renciation de chaque fonctionnalit\u00e9 ci-dessous.<\/p><ol><li><u>Luminaire modulaire<\/u><\/li><\/ol><p>Les luminaires modulaires peuvent \u00eatre personnalis\u00e9s en une gamme d&rsquo;\u00e9l\u00e9ments, y compris des conceptions, des objectifs et des dimensions standardis\u00e9s en fonction de vos exigences de production pour r\u00e9duire les intervalles de fabrication, condenser les cycles de production et am\u00e9liorer l&rsquo;efficacit\u00e9 globale de la fabrication. Les luminaires modulaires ont un degr\u00e9 \u00e9lev\u00e9 de pr\u00e9cision de position, une tra\u00e7abilit\u00e9 de fixation robuste et conviennent aux produits en lots moins importants avec des conceptions complexes et des mod\u00e8les de mise en forme.<\/p><ol start=\"2\"><li><u>Appareil hydraulique<\/u><\/li><\/ol><p>Les fixations hydrauliques sont un dispositif exclusif qui utilise la pression d&rsquo;huile ou d&rsquo;air comme base de carburant pour localiser, guider et comprimer \u00e9troitement la pi\u00e8ce \u00e0 usiner. Ces pinces peuvent d\u00e9terminer efficacement et pr\u00e9cis\u00e9ment le positionnement de la pi\u00e8ce par rapport \u00e0 la machine et \u00e0 la lame et la pr\u00e9cision de coupe pour augmenter les temps de serrage et de desserrage. Ces types de luminaires ont une structure compacte par rapport aux autres styles de pinces. ont une comp\u00e9tence de coupe \u00e0 grande vitesse et sont couramment utilis\u00e9s pour le contr\u00f4le programm\u00e9. Par cons\u00e9quent, les appareils hydrauliques sont mieux adapt\u00e9s aux exigences de production \u00e0 grande \u00e9chelle qui utilisent un programme d&rsquo;usinage CNC.<\/p><ol start=\"3\"><li><u>Pinces \u00e9lectromagn\u00e9tiques\u00a0\u00a0<\/u><\/li><\/ol><p>Un dispositif de serrage \u00e0 \u00e9lectro-aimant est utilis\u00e9 pour un serrage efficace des pi\u00e8ces sur la ligne de production. Il offre une stabilit\u00e9 et une fiabilit\u00e9 extr\u00eames pour les besoins de serrage et est \u00e0 nouveau utilis\u00e9 pour le contr\u00f4le automatique programm\u00e9. Ce dispositif de serrage convient aux lignes de production de petites et grandes s\u00e9ries et est tr\u00e8s \u00e9conome en \u00e9nergie.<\/p><p><strong>\u00c9l\u00e9ments \u00e0 prendre en compte lors du choix de votre appareil CNC<\/strong><\/p><p>Avant de s\u00e9lectionner le luminaire ou la pince dont vous avez besoin pour la cha\u00eene de production de votre entreprise, les clients doivent tenir compte des \u00e9l\u00e9ments suivants pour garantir des avantages et des r\u00e9sultats optimaux.\u00a0<\/p><ul><li>La cat\u00e9gorie de noyau d&rsquo;usinage CNC<\/li><li>Exigences de pr\u00e9cision<\/li><li>Taille de production par lots<\/li><li>Co\u00fbt de traitement<\/li><\/ul><p>En tenant compte de ces facteurs, vous pouvez r\u00e9duire vos temps de cycle de production, r\u00e9duire les co\u00fbts de main-d&rsquo;\u0153uvre, rendre vos op\u00e9rations de production plus pratiques et garantir la s\u00e9curit\u00e9.<\/p><p><strong>Types de pinces pour fraiseuse<\/strong><\/p><p>Qu&rsquo;il s&rsquo;agisse d&rsquo;usiner de grandes plaques ou de nombreuses pi\u00e8ces plus petites, des solutions de bridage sont n\u00e9cessaires pour garantir pr\u00e9cision, s\u00e9curit\u00e9 et efficacit\u00e9 de production.\u00a0<\/p><ol><li><u>Colliers de serrage<\/u><\/li><\/ol><p>Les serre-joints \u00e9tag\u00e9s sont l&rsquo;un des serre-joints les plus couramment utilis\u00e9s dans les lignes de production avec rainures en T. Ces pinces utilisent des boulons et des blocs \u00e9tag\u00e9s qui vous permettent de serrer des pi\u00e8ces plus hautes en place\u00a0<\/p><ol start=\"2\"><li><u>Pinces \u00e0 orteils<\/u><\/li><\/ol><p>Les pinces d&rsquo;orteil sont utilis\u00e9es pour saisir le c\u00f4t\u00e9 de la pi\u00e8ce, plut\u00f4t que la section sup\u00e9rieure comme les pinces \u00e0 gradins pour vous fournir un acc\u00e8s d\u00e9gag\u00e9 \u00e0 la surface de la pi\u00e8ce qui peut n\u00e9cessiter un usinage.\u00a0\u00a0<\/p><p>\u00a0<\/p><p>\u00a0<\/p><p><strong>Luminaires de style sous vide<\/strong><\/p><p>Les appareils de type aspirateur permettent aux travailleurs de la cha\u00eene de production d&rsquo;appliquer une pression uniforme pour maintenir les pi\u00e8ces en toute s\u00e9curit\u00e9. Ces types d&rsquo;appareils utilisent un vide sous la pi\u00e8ce en pompant la pression d&rsquo;air. Ces types de montages conviennent \u00e0 toutes les formes, conceptions et pi\u00e8ces de dimension d&rsquo;\u00e9paisseur. Cependant, un inconv\u00e9nient de ce type de fixation \u00e0 vide est que la force de maintien est limit\u00e9e par la surface, ce qui peut entra\u00eener la chute facile de pi\u00e8ces plus petites. Par cons\u00e9quent, ces fixations ne doivent \u00eatre utilis\u00e9es que sur des pi\u00e8ces plus grandes avec de larges surfaces.\u00a0\u00a0<\/p><p><strong>Comment les mat\u00e9riaux avanc\u00e9s de Fibrotek peuvent aider<\/strong><\/p><p><u>Fibrotek Mat\u00e9riaux Avanc\u00e9s<\/u> est une soci\u00e9t\u00e9 d&rsquo;ing\u00e9nierie et de fabrication de premier plan qui a servi de mani\u00e8re experte les industries de l&rsquo;a\u00e9rospatiale, de l&rsquo;automobile et des drones depuis 2000. Notre \u00e9quipe diversifi\u00e9e d&rsquo;ing\u00e9nieurs, de chefs de projet et de personnel de cha\u00eene de production fabrique des accessoires de fraiseuse exceptionnels en acier, aluminium et autres m\u00e9taux, y compris :<\/p><ul><li>Dispositifs de finition<\/li><li>Joindre des appareils<\/li><li>Gabarits de montage<\/li><li>Dispositifs de retenue et dispositifs de fraisage<\/li><li>Pinces hydrauliques et pneumatiques<\/li><li>Style de vide et de serrage<\/li><\/ul><p>L&rsquo;\u00e9quipe de <u>Fibrotek Mat\u00e9riaux Avanc\u00e9s<\/u> supervise la proc\u00e9dure de conception initiale jusqu&rsquo;\u00e0 la fabrication et la distribution au Canada, aux \u00c9tats-Unis et au Mexique. Notre entreprise s&rsquo;efforce de surpasser les normes de l&rsquo;industrie en mati\u00e8re de qualit\u00e9, de plasticit\u00e9 et de service \u00e0 la client\u00e8le dans les secteurs de l&rsquo;a\u00e9rospatiale, de l&rsquo;automobile et des drones. Nous rendons des services technoscientifiques \u00e0 nos clients et associ\u00e9s pour produire une solution pr\u00e9cieuse et innovante tout en nous conformant strictement aux normes AS9100 et aux sp\u00e9cifications de qualit\u00e9.<\/p><p><u>Fibrotek Mat\u00e9riaux Avanc\u00e9s<\/u>, poss\u00e8de des capacit\u00e9s internes d&rsquo;usinage \u00e0 3, 4 et 5 axes qui permettent \u00e0 notre \u00e9quipe de production de construire de mani\u00e8re transparente des montages de fraiseuse pour les besoins de votre entreprise.<\/p><p><strong>Appelez Fibrotek Mat\u00e9riaux avanc\u00e9s d\u00e8s aujourd&rsquo;hui<\/strong><\/p><p>Chez <u>Fibrotek Mat\u00e9riaux Avanc\u00e9s<\/u>, les clients peuvent avoir confiance en sachant qu&rsquo;ils se sont associ\u00e9s \u00e0 une entreprise qui reconna\u00eet la complexit\u00e9 et l&rsquo;importance des montages de fraisage innovants et robustes. Avec des ann\u00e9es d&rsquo;exp\u00e9rience et de comp\u00e9tence dans l&rsquo;industrie, notre \u00e9quipe est bien \u00e9quip\u00e9e avec les machines d&rsquo;\u00e9ducation et de production pour vous offrir l&rsquo;excellence.<\/p><p>Pour en savoir plus sur la fa\u00e7on dont nous pouvons vous aider, veuillez nous appeler au (418) -439-0999 pour r\u00e9server un appel de consultation avec notre \u00e9quipe d&rsquo;experts divers et exp\u00e9riment\u00e9s de l&rsquo;industrie. Nous avons h\u00e2te de travailler avec vous.<\/p>\t\t\t\t\t\t\t\t<\/div>\n\t\t\t\t<\/div>\n\t\t\t\t\t<\/div>\n\t\t<\/div>\n\t\t\t\t\t<\/div>\n\t\t<\/section>\n\t\t\t\t<section class=\"elementor-section elementor-top-section elementor-element elementor-element-26eeb9de elementor-section-boxed elementor-section-height-default elementor-section-height-default\" data-id=\"26eeb9de\" data-element_type=\"section\" data-e-type=\"section\">\n\t\t\t\t\t\t<div class=\"elementor-container elementor-column-gap-default\">\n\t\t\t\t\t<div class=\"elementor-column elementor-col-100 elementor-top-column elementor-element elementor-element-6becfa3\" data-id=\"6becfa3\" data-element_type=\"column\" data-e-type=\"column\">\n\t\t\t<div class=\"elementor-widget-wrap\">\n\t\t\t\t\t\t\t<\/div>\n\t\t<\/div>\n\t\t\t\t\t<\/div>\n\t\t<\/section>\n\t\t\t\t<\/div>\n\t\t","protected":false},"excerpt":{"rendered":"<p>Appareils De Fraisage Appareils De Fraisage Les fixations et gabarits de fraiseuse, commun\u00e9ment appel\u00e9s mod\u00e8les de maintien de travail, sont un dispositif imp\u00e9ratif utilis\u00e9 dans l&rsquo;usinage \u00e0 commande num\u00e9rique par ordinateur (CNC), qui vous permet de monter d&rsquo;autres pi\u00e8ces de machine ou pi\u00e8ces dessus tout en les fixant solidement pendant votre processus d&rsquo;usinage. Ces gabarits [&hellip;]<\/p>\n","protected":false},"author":1,"featured_media":0,"parent":342,"menu_order":0,"comment_status":"closed","ping_status":"closed","template":"","meta":{"ocean_post_layout":"","ocean_both_sidebars_style":"","ocean_both_sidebars_content_width":0,"ocean_both_sidebars_sidebars_width":0,"ocean_sidebar":"0","ocean_second_sidebar":"0","ocean_disable_margins":"enable","ocean_add_body_class":"","ocean_shortcode_before_top_bar":"","ocean_shortcode_after_top_bar":"","ocean_shortcode_before_header":"","ocean_shortcode_after_header":"","ocean_has_shortcode":"","ocean_shortcode_after_title":"","ocean_shortcode_before_footer_widgets":"","ocean_shortcode_after_footer_widgets":"","ocean_shortcode_before_footer_bottom":"","ocean_shortcode_after_footer_bottom":"","ocean_display_top_bar":"default","ocean_display_header":"default","ocean_header_style":"","ocean_center_header_left_menu":"0","ocean_custom_header_template":"0","ocean_custom_logo":0,"ocean_custom_retina_logo":0,"ocean_custom_logo_max_width":0,"ocean_custom_logo_tablet_max_width":0,"ocean_custom_logo_mobile_max_width":0,"ocean_custom_logo_max_height":0,"ocean_custom_logo_tablet_max_height":0,"ocean_custom_logo_mobile_max_height":0,"ocean_header_custom_menu":"0","ocean_menu_typo_font_family":"0","ocean_menu_typo_font_subset":"","ocean_menu_typo_font_size":0,"ocean_menu_typo_font_size_tablet":0,"ocean_menu_typo_font_size_mobile":0,"ocean_menu_typo_font_size_unit":"px","ocean_menu_typo_font_weight":"","ocean_menu_typo_font_weight_tablet":"","ocean_menu_typo_font_weight_mobile":"","ocean_menu_typo_transform":"","ocean_menu_typo_transform_tablet":"","ocean_menu_typo_transform_mobile":"","ocean_menu_typo_line_height":0,"ocean_menu_typo_line_height_tablet":0,"ocean_menu_typo_line_height_mobile":0,"ocean_menu_typo_line_height_unit":"","ocean_menu_typo_spacing":0,"ocean_menu_typo_spacing_tablet":0,"ocean_menu_typo_spacing_mobile":0,"ocean_menu_typo_spacing_unit":"","ocean_menu_link_color":"","ocean_menu_link_color_hover":"","ocean_menu_link_color_active":"","ocean_menu_link_background":"","ocean_menu_link_hover_background":"","ocean_menu_link_active_background":"","ocean_menu_social_links_bg":"","ocean_menu_social_hover_links_bg":"","ocean_menu_social_links_color":"","ocean_menu_social_hover_links_color":"","ocean_disable_title":"default","ocean_disable_heading":"default","ocean_post_title":"","ocean_post_subheading":"","ocean_post_title_style":"","ocean_post_title_background_color":"","ocean_post_title_background":0,"ocean_post_title_bg_image_position":"","ocean_post_title_bg_image_attachment":"","ocean_post_title_bg_image_repeat":"","ocean_post_title_bg_image_size":"","ocean_post_title_height":0,"ocean_post_title_bg_overlay":0.5,"ocean_post_title_bg_overlay_color":"","ocean_disable_breadcrumbs":"default","ocean_breadcrumbs_color":"","ocean_breadcrumbs_separator_color":"","ocean_breadcrumbs_links_color":"","ocean_breadcrumbs_links_hover_color":"","ocean_display_footer_widgets":"default","ocean_display_footer_bottom":"default","ocean_custom_footer_template":"1508","footnotes":""},"class_list":["post-1811","page","type-page","status-publish","hentry","entry"],"_links":{"self":[{"href":"https:\/\/fibrotek.com\/fr_fr\/wp-json\/wp\/v2\/pages\/1811","targetHints":{"allow":["GET"]}}],"collection":[{"href":"https:\/\/fibrotek.com\/fr_fr\/wp-json\/wp\/v2\/pages"}],"about":[{"href":"https:\/\/fibrotek.com\/fr_fr\/wp-json\/wp\/v2\/types\/page"}],"author":[{"embeddable":true,"href":"https:\/\/fibrotek.com\/fr_fr\/wp-json\/wp\/v2\/users\/1"}],"replies":[{"embeddable":true,"href":"https:\/\/fibrotek.com\/fr_fr\/wp-json\/wp\/v2\/comments?post=1811"}],"version-history":[{"count":18,"href":"https:\/\/fibrotek.com\/fr_fr\/wp-json\/wp\/v2\/pages\/1811\/revisions"}],"predecessor-version":[{"id":2221,"href":"https:\/\/fibrotek.com\/fr_fr\/wp-json\/wp\/v2\/pages\/1811\/revisions\/2221"}],"up":[{"embeddable":true,"href":"https:\/\/fibrotek.com\/fr_fr\/wp-json\/wp\/v2\/pages\/342"}],"wp:attachment":[{"href":"https:\/\/fibrotek.com\/fr_fr\/wp-json\/wp\/v2\/media?parent=1811"}],"curies":[{"name":"wp","href":"https:\/\/api.w.org\/{rel}","templated":true}]}}