{"id":1822,"date":"2021-12-02T13:47:25","date_gmt":"2021-12-02T18:47:25","guid":{"rendered":"https:\/\/fibrotek.com\/?page_id=1822"},"modified":"2024-02-13T18:00:20","modified_gmt":"2024-02-13T23:00:20","slug":"entreprises-de-fabrication-de-pieces-davion","status":"publish","type":"page","link":"https:\/\/fibrotek.com\/fr_fr\/nouveautes\/entreprises-de-fabrication-de-pieces-davion\/","title":{"rendered":"Aircraft Parts Manufacturing Companies"},"content":{"rendered":"\t\t<div data-elementor-type=\"wp-page\" data-elementor-id=\"1822\" class=\"elementor elementor-1822\">\n\t\t\t\t\t\t<section class=\"elementor-section elementor-top-section elementor-element elementor-element-7ceac3d1 elementor-section-height-min-height elementor-section-content-middle elementor-section-stretched elementor-section-boxed elementor-section-height-default elementor-section-items-middle\" data-id=\"7ceac3d1\" data-element_type=\"section\" data-e-type=\"section\" data-settings=\"{&quot;background_background&quot;:&quot;classic&quot;,&quot;stretch_section&quot;:&quot;section-stretched&quot;}\">\n\t\t\t\t\t\t\t<div class=\"elementor-background-overlay\"><\/div>\n\t\t\t\t\t\t\t<div class=\"elementor-container elementor-column-gap-default\">\n\t\t\t\t\t<div class=\"elementor-column elementor-col-100 elementor-top-column elementor-element elementor-element-165ca8b3\" data-id=\"165ca8b3\" data-element_type=\"column\" data-e-type=\"column\">\n\t\t\t<div class=\"elementor-widget-wrap elementor-element-populated\">\n\t\t\t\t\t\t<div class=\"elementor-element elementor-element-7f40c6d9 elementor-widget elementor-widget-heading\" data-id=\"7f40c6d9\" data-element_type=\"widget\" data-e-type=\"widget\" data-widget_type=\"heading.default\">\n\t\t\t\t<div class=\"elementor-widget-container\">\n\t\t\t\t\t<h1 class=\"elementor-heading-title elementor-size-default\">Fabrication de pi\u00e8ces d'avion<\/h1>\t\t\t\t<\/div>\n\t\t\t\t<\/div>\n\t\t\t\t\t<\/div>\n\t\t<\/div>\n\t\t\t\t\t<\/div>\n\t\t<\/section>\n\t\t\t\t<section class=\"elementor-section elementor-top-section elementor-element elementor-element-bc3d947 elementor-section-content-middle elementor-section-stretched elementor-section-boxed elementor-section-height-default elementor-section-height-default\" data-id=\"bc3d947\" data-element_type=\"section\" data-e-type=\"section\" data-settings=\"{&quot;stretch_section&quot;:&quot;section-stretched&quot;}\">\n\t\t\t\t\t\t<div class=\"elementor-container elementor-column-gap-no\">\n\t\t\t\t\t<div class=\"elementor-column elementor-col-100 elementor-top-column elementor-element elementor-element-4d13fe43\" data-id=\"4d13fe43\" data-element_type=\"column\" data-e-type=\"column\">\n\t\t\t<div class=\"elementor-widget-wrap elementor-element-populated\">\n\t\t\t\t\t\t<div class=\"elementor-element elementor-element-7203db0 elementor-widget-divider--view-line elementor-widget elementor-widget-divider\" data-id=\"7203db0\" data-element_type=\"widget\" data-e-type=\"widget\" data-widget_type=\"divider.default\">\n\t\t\t\t<div class=\"elementor-widget-container\">\n\t\t\t\t\t\t\t<div class=\"elementor-divider\">\n\t\t\t<span class=\"elementor-divider-separator\">\n\t\t\t\t\t\t<\/span>\n\t\t<\/div>\n\t\t\t\t\t\t<\/div>\n\t\t\t\t<\/div>\n\t\t\t\t<div class=\"elementor-element elementor-element-4b342103 elementor-widget elementor-widget-text-editor\" data-id=\"4b342103\" data-element_type=\"widget\" data-e-type=\"widget\" data-widget_type=\"text-editor.default\">\n\t\t\t\t<div class=\"elementor-widget-container\">\n\t\t\t\t\t\t\t\t\t<h2><strong>Entreprises De Fabrication De Pi\u00e8ces D&rsquo;avion<\/strong><\/h2><p>Les entreprises de fabrication de pi\u00e8ces d&rsquo;a\u00e9ronefs jouent un r\u00f4le essentiel dans l&rsquo;industrie a\u00e9rospatiale en fournissant des pi\u00e8ces m\u00e9caniques pr\u00e9cises, complexes et importantes aux entreprises qui construisent des avions et des v\u00e9hicules spatiaux dans le monde entier. Alors que bon nombre de ces entreprises de fabrication se concentrent sur des pi\u00e8ces d&rsquo;avion sp\u00e9cifiques, d&rsquo;autres peuvent fournir toutes les formes de pi\u00e8ces m\u00e9caniques, allant des si\u00e8ges d&rsquo;avion, des panneaux de fuselage, des moteurs, des trains d&rsquo;atterrissage, \u00e0 la technologie qui prend en charge le vol spatial pour des applications commerciales et de d\u00e9fense.<\/p><p>Chez <u>Fibrotek Mat\u00e9riaux Avanc\u00e9s <\/u>, nous sommes fiers d&rsquo;offrir \u00e0 nos clients une s\u00e9lection vari\u00e9e de pi\u00e8ces composites a\u00e9rospatiales pour une utilisation ext\u00e9rieure et int\u00e9rieure. Contrairement \u00e0 d&rsquo;autres entreprises de fabrication de pi\u00e8ces d&rsquo;avion, <u>Fibrotek Mat\u00e9riaux Avanc\u00e9s <\/u>supervise les \u00e9tapes initiales de conception et d&rsquo;ing\u00e9nierie jusqu&rsquo;\u00e0 la fabrication et la livraison de produits personnalis\u00e9s pour votre entreprise. <u>Avec plus de 20 ans au service de clients provenant du monde entier dans l\u2019Industrie a\u00e9rospatiale,<\/u><\/p><p><strong>Ce qui nous rend diff\u00e9rents : les mat\u00e9riaux composites<\/strong><\/p><p>Reconnaissant le besoin imp\u00e9ratif de pi\u00e8ces d&rsquo;avion qui augmentent le rendement \u00e9nerg\u00e9tique tout en r\u00e9duisant le poids, <u>Fibrotek Mat\u00e9riaux Avanc\u00e9s<\/u> s&rsquo;engage \u00e0 fabriquer des pi\u00e8ces de qualit\u00e9 sup\u00e9rieure \u00e0 partir de mat\u00e9riaux composites en utilisant des autoclaves, des mat\u00e9riaux pr\u00e9impr\u00e9gn\u00e9s ou des mat\u00e9riaux humides.<\/p><p>Les mat\u00e9riaux composites sont souhaitables pour l&rsquo;a\u00e9rodynamique et l&rsquo;a\u00e9rospatiale en raison de leurs rapports extraordinaires entre r\u00e9sistance, rigidit\u00e9 et densit\u00e9, ainsi que de leurs attributs dynamiques pr\u00e9f\u00e9r\u00e9s. De mani\u00e8re g\u00e9n\u00e9rale, un mat\u00e9riau composite est constitu\u00e9 de fibres solides et rigides dans une matrice de r\u00e9sine incassable. De nombreux types de mat\u00e9riaux de renforcement sont disponibles pour une utilisation dans les avions, et <u>Fibrotek Mat\u00e9riaux Avanc\u00e9s<\/u> poss\u00e8de un \u00e9quipement sp\u00e9cialis\u00e9 surprenant et diversifi\u00e9 afin de personnaliser les pi\u00e8ces m\u00e9caniques a\u00e9rospatiales en fonction de vos besoins et sp\u00e9cifications.<\/p><p><strong>Mat\u00e9riaux composites que nous utilisons<\/strong><\/p><p>Chez <u>Fibrotek Mat\u00e9riaux Avanc\u00e9s <\/u>, nous fabriquons des pi\u00e8ces d&rsquo;avion \u00e0 partir de plusieurs mat\u00e9riaux composites, notamment :<\/p>\t\t\t\t\t\t\t\t<\/div>\n\t\t\t\t<\/div>\n\t\t\t\t\t<\/div>\n\t\t<\/div>\n\t\t\t\t\t<\/div>\n\t\t<\/section>\n\t\t\t\t<section class=\"elementor-section elementor-top-section elementor-element elementor-element-757f4db elementor-section-boxed elementor-section-height-default elementor-section-height-default\" data-id=\"757f4db\" data-element_type=\"section\" data-e-type=\"section\">\n\t\t\t\t\t\t<div class=\"elementor-container elementor-column-gap-default\">\n\t\t\t\t\t<div class=\"elementor-column elementor-col-33 elementor-top-column elementor-element elementor-element-add37ea\" data-id=\"add37ea\" data-element_type=\"column\" data-e-type=\"column\">\n\t\t\t<div class=\"elementor-widget-wrap elementor-element-populated\">\n\t\t\t\t\t\t<div class=\"elementor-element elementor-element-44be6ca elementor-widget elementor-widget-text-editor\" data-id=\"44be6ca\" data-element_type=\"widget\" data-e-type=\"widget\" data-widget_type=\"text-editor.default\">\n\t\t\t\t<div class=\"elementor-widget-container\">\n\t\t\t\t\t\t\t\t\t<ul style=\"color: #c91503;\"><li>Fibre de carbone<\/li><li>Kevlar<\/li><li>Fibre de verre<\/li><li>Graphite<\/li><\/ul>\t\t\t\t\t\t\t\t<\/div>\n\t\t\t\t<\/div>\n\t\t\t\t\t<\/div>\n\t\t<\/div>\n\t\t\t\t<div class=\"elementor-column elementor-col-33 elementor-top-column elementor-element elementor-element-ea10406\" data-id=\"ea10406\" data-element_type=\"column\" data-e-type=\"column\">\n\t\t\t<div class=\"elementor-widget-wrap elementor-element-populated\">\n\t\t\t\t\t\t<div class=\"elementor-element elementor-element-b873a25 elementor-widget elementor-widget-text-editor\" data-id=\"b873a25\" data-element_type=\"widget\" data-e-type=\"widget\" data-widget_type=\"text-editor.default\">\n\t\t\t\t<div class=\"elementor-widget-container\">\n\t\t\t\t\t\t\t\t\t<ul style=\"color: #c91503;\"><li>Tableaux d&rsquo;outillage<\/li><li>\u00c9poxy et autres r\u00e9sines synth\u00e9tiques thermodurcissables et polym\u00e8res<\/li><li>Stratifi\u00e9 sandwich composite<\/li><li>Aluminium<\/li><\/ul>\t\t\t\t\t\t\t\t<\/div>\n\t\t\t\t<\/div>\n\t\t\t\t\t<\/div>\n\t\t<\/div>\n\t\t\t\t<div class=\"elementor-column elementor-col-33 elementor-top-column elementor-element elementor-element-60f0a24\" data-id=\"60f0a24\" data-element_type=\"column\" data-e-type=\"column\">\n\t\t\t<div class=\"elementor-widget-wrap elementor-element-populated\">\n\t\t\t\t\t\t<div class=\"elementor-element elementor-element-33bc486 elementor-widget elementor-widget-text-editor\" data-id=\"33bc486\" data-element_type=\"widget\" data-e-type=\"widget\" data-widget_type=\"text-editor.default\">\n\t\t\t\t<div class=\"elementor-widget-container\">\n\t\t\t\t\t\t\t\t\t<ul style=\"color: #c91503;\"><li>Acier<\/li><li>Bois<\/li><li>Pl\u00e2tre<\/li><\/ul>\t\t\t\t\t\t\t\t<\/div>\n\t\t\t\t<\/div>\n\t\t\t\t\t<\/div>\n\t\t<\/div>\n\t\t\t\t\t<\/div>\n\t\t<\/section>\n\t\t\t\t<section class=\"elementor-section elementor-top-section elementor-element elementor-element-fc02f16 elementor-section-content-middle elementor-section-stretched elementor-section-boxed elementor-section-height-default elementor-section-height-default\" data-id=\"fc02f16\" data-element_type=\"section\" data-e-type=\"section\" data-settings=\"{&quot;stretch_section&quot;:&quot;section-stretched&quot;}\">\n\t\t\t\t\t\t<div class=\"elementor-container elementor-column-gap-no\">\n\t\t\t\t\t<div class=\"elementor-column elementor-col-100 elementor-top-column elementor-element elementor-element-1cab21b\" data-id=\"1cab21b\" data-element_type=\"column\" data-e-type=\"column\">\n\t\t\t<div class=\"elementor-widget-wrap elementor-element-populated\">\n\t\t\t\t\t\t<div class=\"elementor-element elementor-element-8b8b4ed elementor-widget elementor-widget-text-editor\" data-id=\"8b8b4ed\" data-element_type=\"widget\" data-e-type=\"widget\" data-widget_type=\"text-editor.default\">\n\t\t\t\t<div class=\"elementor-widget-container\">\n\t\t\t\t\t\t\t\t\t<p><strong>Les avantages de l&rsquo;outillage composite<\/strong>\u00a0<\/p><p>L&rsquo;utilisation de mat\u00e9riaux composites pour la fabrication de pi\u00e8ces d&rsquo;avion pr\u00e9sente de nombreux avantages, notamment :<\/p><ul><li>Simplicit\u00e9 dans la construction d&rsquo;appareils \u00e9labor\u00e9s, y compris les formes et les conceptions.<\/li><li>Le seuil renforc\u00e9 des dommages notables<\/li><li>Constance thermique \u00e0 nu pour inciter \u00e0 la r\u00e9gulation de la temp\u00e9rature<\/li><li>\u00c9viter les probl\u00e8mes de corrosion<\/li><li>R\u00e9sistance accrue aux collisions \u00e0 fort impact\u00a0<\/li><\/ul><p>Nos techniciens, ing\u00e9nieurs et installateurs manuels sont hautement qualifi\u00e9s dans la performance et la protection de la production de pi\u00e8ces personnalis\u00e9es et OEM pour de nombreuses pratiques a\u00e9ronautiques et a\u00e9rospatiales. Gr\u00e2ce aux capacit\u00e9s de nos installations, notamment l&rsquo;usinage 3, 4 et 5 axes, l&rsquo;autoclavage, l&rsquo;impression 3D, l&rsquo;assemblage et la mod\u00e9lisation de prototypes,<u>Fibrotek Mat\u00e9riaux Avanc\u00e9s<\/u> est en mesure de cr\u00e9er avec comp\u00e9tence des pi\u00e8ces d&rsquo;avion pour vos besoins sp\u00e9cifiques, quel que soit le type d&rsquo;avion ou pi\u00e8ce dont vous avez besoin.<\/p><p>L&rsquo;\u00e9norme autoclave composite interne de 10 x 20 de <u>Fibrotek Mat\u00e9riaux Avanc\u00e9s <\/u>\u00a0est un conteneur puissant qui produit des composites exigeant avec des niveaux de pression et de temp\u00e9rature \u00e9lev\u00e9s. Gr\u00e2ce \u00e0 notre usine de production, nous pouvons livrer rapidement et efficacement des pi\u00e8ces et des segments a\u00e9rospatiaux con\u00e7us et n\u00e9cessitant une g\u00e9om\u00e9trie et des formes \u00e9labor\u00e9es. De plus, nos syst\u00e8mes de r\u00e9sine comprennent<\/p><ul><li>\u00c9poxy<\/li><li>Polyester<\/li><li>Ph\u00e9nol<\/li><\/ul><p><strong>Gestion de la qualit\u00e9 chez Fibrotek Mat\u00e9riaux Avanc\u00e9s\u00a0<\/strong><\/p><p>Chez <u>Fibrotek Mat\u00e9riaux Avanc\u00e9s<\/u>, nous prenons au s\u00e9rieux la qualit\u00e9 de notre production et de nos pi\u00e8ces personnalis\u00e9es, c&rsquo;est pourquoi au cours des 20 derni\u00e8res ann\u00e9es, nous avons mis en place un syst\u00e8me de gestion de la qualit\u00e9 rigoureux, qui aide \u00e0 garantir que notre assemblage d\u00e9passe les normes de l&rsquo;industrie. Notre syst\u00e8me de gestion de la qualit\u00e9 a\u00e9rospatiale est certifi\u00e9 ISO 9001:2020\/AS9100D, et nous sommes fiers de mettre en \u0153uvre des inspections tout au long du cycle de vie du produit pour garantir une pr\u00e9cision \u00e0 tout moment.<\/p><p><strong>Principes d&rsquo;inspection sup\u00e9rieurs<\/strong><\/p><p>Chez <u>Fibrotek Mat\u00e9riaux Avanc\u00e9s<\/u>, nous nous engageons \u00e0 utiliser et \u00e0 promouvoir une s\u00e9lection vari\u00e9e de clarifications de mesure \u00e0 toutes les \u00e9tapes du cycle de vie de nos produits. Nous utilisons de mani\u00e8re innovante des logiciels scientifiques complexes, dont le HandyScan 3D, un scanner 3D de mesure portable. Ce puissant scanner 3D portable affiche imm\u00e9diatement des scans 3D pr\u00e9cis et haute r\u00e9solution avec des surfaces complexes dans toutes les conditions m\u00e9t\u00e9orologiques. Il atteint \u00e9galement une nettet\u00e9 jusqu&rsquo;\u00e0 0,030 mm (0,0012 po) avec une r\u00e9solution supr\u00eame de 0,050 mm (0,0020 po).<\/p><p>Ce scanner scientifique a \u00e9galement un taux d&rsquo;approvisionnement maximal de 480 000 mesures\/s. Lorsque ce scanner est utilis\u00e9 en unification avec notre logiciel de post-traitement, les donn\u00e9es de num\u00e9risations 3D peuvent \u00eatre s\u00e9curis\u00e9es et transport\u00e9es sous la forme d&rsquo;un simple fichier 3D pour r\u00e9vision, impression 3D et logiciel de CAO (CATIA, SolidWorks, Inventor, etc.). <u>Fibrotek Mat\u00e9riaux Avanc\u00e9s <\/u>\u00a0est \u00e9galement heureux d&rsquo;offrir \u00e0 ses clients des ressources de num\u00e9risation 3D \u00e9tendues malgr\u00e9 les dimensions de vos pi\u00e8ces a\u00e9ronautiques personnalis\u00e9es, la complexit\u00e9 de la conception, les mat\u00e9riaux que nous utilisons ou la surface, gr\u00e2ce \u00e0 notre scanner de production innovant.<\/p><p>De plus, chez <u>Fibrotek Mat\u00e9riaux Avanc\u00e9s<\/u>, notre rigoureux syst\u00e8me de gestion de la qualit\u00e9 assure l&rsquo;Excellence. Voici quelques-unes des proc\u00e9dures que notre entreprise s&rsquo;engage \u00e0 suivre avec chaque partenariat que nous encourageons, quelle que soit la taille du travail.<\/p><ul><li><u>Fibrotek Mat\u00e9riaux Avanc\u00e9s<\/u> utilise des niveaux d&rsquo;inspection personnalis\u00e9s en fonction du produit ou de la pi\u00e8ce en production<\/li><li>Notre \u00e9quipe utilise des inspections \u00e0 la source et un suivi des documents pour faciliter la r\u00e9f\u00e9rence<\/li><li>Nous administrons la gestion de projet sp\u00e9cialis\u00e9e<\/li><li>Nous ne fournissons aucune assistance \u00e0 des tiers pour \u00e9conomiser de l&rsquo;argent \u00e0 nos clients et pour garantir que le niveau de service respecte les normes <u>Fibrotek Mat\u00e9riaux Avanc\u00e9s <\/u>\u00e0 tout moment.<\/li><\/ul><p><strong>Nos certifications<\/strong><\/p><p>En tant que principal concurrent en tant qu&rsquo;entreprise de fabrication de pi\u00e8ces d&rsquo;avion, <u>Fibrotek Mat\u00e9riaux Avanc\u00e9s<\/u> est fier de maintenir les certifications qui soutiennent notre autorit\u00e9 dans l&rsquo;industrie et fournissent \u00e0 nos clients l&rsquo;assurance dont ils ont besoin avant de s&rsquo;associer \u00e0 notre \u00e9quipe. Par cons\u00e9quent, nos diverses certifications de qualit\u00e9 incluent :\u00a0<\/p><ul><li>Certificats de qualit\u00e9<\/li><li>Gestion de la qualit\u00e9 AS 9100 pour l&rsquo;a\u00e9rospatiale et la d\u00e9fense<\/li><li>ISO 9001 : 2015 Management de la Qualit\u00e9<\/li><\/ul><p>Notre entreprise est \u00e9galement heureuse d&rsquo;\u00eatre enregistr\u00e9e dans le cadre du Programme canadien des produits contr\u00f4l\u00e9s (PMC), et<\/p><p>Conforme \u00e0 l&rsquo;ITAR.<\/p><p><strong>Appelez Fibrotek Mat\u00e9riaux Avanc\u00e9s d\u00e8s aujourd&rsquo;hui<\/strong><\/p><p>Chez <u>Fibrotek Mat\u00e9riaux Avanc\u00e9s<\/u>, nos clients peuvent s&rsquo;associer en toute confiance avec nous, sachant que notre \u00e9quipe reconna\u00eet les complexit\u00e9s et l&rsquo;importance des pi\u00e8ces composites a\u00e9rospatiales innovantes fabriqu\u00e9es avec une grande pr\u00e9cision. Avec plus de 20 ans d&rsquo;exp\u00e9rience et d&rsquo;autorit\u00e9 dans l&rsquo;industrie travaillant avec des entreprises \u00e0 travers le Canada, les \u00c9tats-Unis et le Mexique, notre \u00e9quipe est bien pr\u00e9par\u00e9e avec l&rsquo;expertise et les machines de production pour vous livrer avec sup\u00e9riorit\u00e9.<\/p><p>Pour en savoir plus sur la fa\u00e7on dont nous pouvons vous aider, vous et votre entreprise, veuillez nous contacter au (418) &#8211; 439-0999 afin de r\u00e9server un appel de consultation gratuit avec notre \u00e9quipe diversifi\u00e9e de professionnels de l&rsquo;industrie et d&rsquo;experts en a\u00e9rospatiale. Nous avons h\u00e2te de travailler avec vous!<\/p>\t\t\t\t\t\t\t\t<\/div>\n\t\t\t\t<\/div>\n\t\t\t\t\t<\/div>\n\t\t<\/div>\n\t\t\t\t\t<\/div>\n\t\t<\/section>\n\t\t\t\t<\/div>\n\t\t","protected":false},"excerpt":{"rendered":"<p>Fabrication de pi\u00e8ces d&rsquo;avion Entreprises De Fabrication De Pi\u00e8ces D&rsquo;avion Les entreprises de fabrication de pi\u00e8ces d&rsquo;a\u00e9ronefs jouent un r\u00f4le essentiel dans l&rsquo;industrie a\u00e9rospatiale en fournissant des pi\u00e8ces m\u00e9caniques pr\u00e9cises, complexes et importantes aux entreprises qui construisent des avions et des v\u00e9hicules spatiaux dans le monde entier. Alors que bon nombre de ces entreprises de [&hellip;]<\/p>\n","protected":false},"author":1,"featured_media":0,"parent":342,"menu_order":0,"comment_status":"closed","ping_status":"closed","template":"","meta":{"ocean_post_layout":"","ocean_both_sidebars_style":"","ocean_both_sidebars_content_width":0,"ocean_both_sidebars_sidebars_width":0,"ocean_sidebar":"0","ocean_second_sidebar":"0","ocean_disable_margins":"enable","ocean_add_body_class":"","ocean_shortcode_before_top_bar":"","ocean_shortcode_after_top_bar":"","ocean_shortcode_before_header":"","ocean_shortcode_after_header":"","ocean_has_shortcode":"","ocean_shortcode_after_title":"","ocean_shortcode_before_footer_widgets":"","ocean_shortcode_after_footer_widgets":"","ocean_shortcode_before_footer_bottom":"","ocean_shortcode_after_footer_bottom":"","ocean_display_top_bar":"default","ocean_display_header":"default","ocean_header_style":"","ocean_center_header_left_menu":"0","ocean_custom_header_template":"0","ocean_custom_logo":0,"ocean_custom_retina_logo":0,"ocean_custom_logo_max_width":0,"ocean_custom_logo_tablet_max_width":0,"ocean_custom_logo_mobile_max_width":0,"ocean_custom_logo_max_height":0,"ocean_custom_logo_tablet_max_height":0,"ocean_custom_logo_mobile_max_height":0,"ocean_header_custom_menu":"0","ocean_menu_typo_font_family":"0","ocean_menu_typo_font_subset":"","ocean_menu_typo_font_size":0,"ocean_menu_typo_font_size_tablet":0,"ocean_menu_typo_font_size_mobile":0,"ocean_menu_typo_font_size_unit":"px","ocean_menu_typo_font_weight":"","ocean_menu_typo_font_weight_tablet":"","ocean_menu_typo_font_weight_mobile":"","ocean_menu_typo_transform":"","ocean_menu_typo_transform_tablet":"","ocean_menu_typo_transform_mobile":"","ocean_menu_typo_line_height":0,"ocean_menu_typo_line_height_tablet":0,"ocean_menu_typo_line_height_mobile":0,"ocean_menu_typo_line_height_unit":"","ocean_menu_typo_spacing":0,"ocean_menu_typo_spacing_tablet":0,"ocean_menu_typo_spacing_mobile":0,"ocean_menu_typo_spacing_unit":"","ocean_menu_link_color":"","ocean_menu_link_color_hover":"","ocean_menu_link_color_active":"","ocean_menu_link_background":"","ocean_menu_link_hover_background":"","ocean_menu_link_active_background":"","ocean_menu_social_links_bg":"","ocean_menu_social_hover_links_bg":"","ocean_menu_social_links_color":"","ocean_menu_social_hover_links_color":"","ocean_disable_title":"default","ocean_disable_heading":"default","ocean_post_title":"","ocean_post_subheading":"","ocean_post_title_style":"","ocean_post_title_background_color":"","ocean_post_title_background":0,"ocean_post_title_bg_image_position":"","ocean_post_title_bg_image_attachment":"","ocean_post_title_bg_image_repeat":"","ocean_post_title_bg_image_size":"","ocean_post_title_height":0,"ocean_post_title_bg_overlay":0.5,"ocean_post_title_bg_overlay_color":"","ocean_disable_breadcrumbs":"default","ocean_breadcrumbs_color":"","ocean_breadcrumbs_separator_color":"","ocean_breadcrumbs_links_color":"","ocean_breadcrumbs_links_hover_color":"","ocean_display_footer_widgets":"default","ocean_display_footer_bottom":"default","ocean_custom_footer_template":"1508","footnotes":""},"class_list":["post-1822","page","type-page","status-publish","hentry","entry"],"_links":{"self":[{"href":"https:\/\/fibrotek.com\/fr_fr\/wp-json\/wp\/v2\/pages\/1822","targetHints":{"allow":["GET"]}}],"collection":[{"href":"https:\/\/fibrotek.com\/fr_fr\/wp-json\/wp\/v2\/pages"}],"about":[{"href":"https:\/\/fibrotek.com\/fr_fr\/wp-json\/wp\/v2\/types\/page"}],"author":[{"embeddable":true,"href":"https:\/\/fibrotek.com\/fr_fr\/wp-json\/wp\/v2\/users\/1"}],"replies":[{"embeddable":true,"href":"https:\/\/fibrotek.com\/fr_fr\/wp-json\/wp\/v2\/comments?post=1822"}],"version-history":[{"count":25,"href":"https:\/\/fibrotek.com\/fr_fr\/wp-json\/wp\/v2\/pages\/1822\/revisions"}],"predecessor-version":[{"id":2409,"href":"https:\/\/fibrotek.com\/fr_fr\/wp-json\/wp\/v2\/pages\/1822\/revisions\/2409"}],"up":[{"embeddable":true,"href":"https:\/\/fibrotek.com\/fr_fr\/wp-json\/wp\/v2\/pages\/342"}],"wp:attachment":[{"href":"https:\/\/fibrotek.com\/fr_fr\/wp-json\/wp\/v2\/media?parent=1822"}],"curies":[{"name":"wp","href":"https:\/\/api.w.org\/{rel}","templated":true}]}}