{"id":1841,"date":"2021-12-02T14:24:23","date_gmt":"2021-12-02T19:24:23","guid":{"rendered":"https:\/\/fibrotek.com\/?page_id=1841"},"modified":"2024-02-13T18:47:41","modified_gmt":"2024-02-13T23:47:41","slug":"fabricant-de-pieces-automobiles","status":"publish","type":"page","link":"https:\/\/fibrotek.com\/fr_fr\/nouveautes\/fabricant-de-pieces-automobiles\/","title":{"rendered":"Automotive Parts Manufacturer"},"content":{"rendered":"\t\t<div data-elementor-type=\"wp-page\" data-elementor-id=\"1841\" class=\"elementor elementor-1841\">\n\t\t\t\t\t\t<section class=\"elementor-section elementor-top-section elementor-element elementor-element-7ceac3d1 elementor-section-height-min-height elementor-section-content-middle elementor-section-stretched elementor-section-boxed elementor-section-height-default elementor-section-items-middle\" data-id=\"7ceac3d1\" data-element_type=\"section\" data-e-type=\"section\" data-settings=\"{&quot;background_background&quot;:&quot;classic&quot;,&quot;stretch_section&quot;:&quot;section-stretched&quot;}\">\n\t\t\t\t\t\t\t<div class=\"elementor-background-overlay\"><\/div>\n\t\t\t\t\t\t\t<div class=\"elementor-container elementor-column-gap-default\">\n\t\t\t\t\t<div class=\"elementor-column elementor-col-100 elementor-top-column elementor-element elementor-element-165ca8b3\" data-id=\"165ca8b3\" data-element_type=\"column\" data-e-type=\"column\">\n\t\t\t<div class=\"elementor-widget-wrap elementor-element-populated\">\n\t\t\t\t\t\t<div class=\"elementor-element elementor-element-7f40c6d9 elementor-widget elementor-widget-heading\" data-id=\"7f40c6d9\" data-element_type=\"widget\" data-e-type=\"widget\" data-widget_type=\"heading.default\">\n\t\t\t\t<div class=\"elementor-widget-container\">\n\t\t\t\t\t<h1 class=\"elementor-heading-title elementor-size-default\">FABRICANT DE PI\u00c8CES AUTOMOBILES<\/h1>\t\t\t\t<\/div>\n\t\t\t\t<\/div>\n\t\t\t\t\t<\/div>\n\t\t<\/div>\n\t\t\t\t\t<\/div>\n\t\t<\/section>\n\t\t\t\t<section class=\"elementor-section elementor-top-section elementor-element elementor-element-bc3d947 elementor-section-content-middle elementor-section-stretched elementor-section-boxed elementor-section-height-default elementor-section-height-default\" data-id=\"bc3d947\" data-element_type=\"section\" data-e-type=\"section\" data-settings=\"{&quot;stretch_section&quot;:&quot;section-stretched&quot;}\">\n\t\t\t\t\t\t<div class=\"elementor-container elementor-column-gap-no\">\n\t\t\t\t\t<div class=\"elementor-column elementor-col-100 elementor-top-column elementor-element elementor-element-4d13fe43\" data-id=\"4d13fe43\" data-element_type=\"column\" data-e-type=\"column\">\n\t\t\t<div class=\"elementor-widget-wrap elementor-element-populated\">\n\t\t\t\t\t\t<div class=\"elementor-element elementor-element-7203db0 elementor-widget-divider--view-line elementor-widget elementor-widget-divider\" data-id=\"7203db0\" data-element_type=\"widget\" data-e-type=\"widget\" data-widget_type=\"divider.default\">\n\t\t\t\t<div class=\"elementor-widget-container\">\n\t\t\t\t\t\t\t<div class=\"elementor-divider\">\n\t\t\t<span class=\"elementor-divider-separator\">\n\t\t\t\t\t\t<\/span>\n\t\t<\/div>\n\t\t\t\t\t\t<\/div>\n\t\t\t\t<\/div>\n\t\t\t\t<div class=\"elementor-element elementor-element-4b342103 elementor-widget elementor-widget-text-editor\" data-id=\"4b342103\" data-element_type=\"widget\" data-e-type=\"widget\" data-widget_type=\"text-editor.default\">\n\t\t\t\t<div class=\"elementor-widget-container\">\n\t\t\t\t\t\t\t\t\t<h2><strong>Fabricant De Pi\u00e8ces Automobiles<\/strong><\/h2><p>Avec environ 1 milliard de v\u00e9hicules sur la route dans le monde, cette statistique devrait doubler pour atteindre 2 milliards d&rsquo;ici 2035. Chaque v\u00e9hicule, bien que de conception unique, est compos\u00e9 d&rsquo;environ 30 000 pi\u00e8ces individuelles avec diverses fonctions et exigences pr\u00e9cises &#8211; ce qui rend l&rsquo;automobile partie de l&rsquo;industrie l&rsquo;un des plus grands secteurs de l&rsquo;\u00e9conomie dans le monde. Et bien qu&rsquo;il existe plus de 5 000 entreprises de fabrication de pi\u00e8ces automobiles op\u00e9rant dans le monde, <u>Fibrotek Mat\u00e9riaux Avanc\u00e9s <\/u>continue d&rsquo;\u00eatre \u00e0 la t\u00eate des normes de l&rsquo;industrie en mati\u00e8re de qualit\u00e9 et d&rsquo;exp\u00e9riences de service client.<\/p><p><strong>Cat\u00e9gories de la cha\u00eene d&rsquo;approvisionnement des pi\u00e8ces automobiles<\/strong><\/p><p>La cha\u00eene d&rsquo;approvisionnement des pi\u00e8ces automobiles repose sur trois cat\u00e9gories essentielles : OEM, pi\u00e8ces de rechange et pi\u00e8ces de rechange. Vous trouverez ci-dessous une explication plus d\u00e9taill\u00e9e de ce que chacune de ces cat\u00e9gories imp\u00e9ratives implique.<\/p><p><strong>Fabricants d&rsquo;\u00e9quipement d&rsquo;origine (OEM)<\/strong><\/p><p>Les fabricants d&rsquo;\u00e9quipement d&rsquo;origine (OEM) fournissent des pi\u00e8ces automobiles pour les v\u00e9hicules nouvellement produits et sont utilis\u00e9s directement dans la cha\u00eene de montage. Par cons\u00e9quent, ces pi\u00e8ces doivent \u00eatre disponibles \u00e0 tout moment lors de l&rsquo;assemblage d&rsquo;un nouveau v\u00e9hicule pour garantir une efficacit\u00e9 de construction ininterrompue.<\/p><p><strong>Pi\u00e8ces de rechange automobiles<\/strong><\/p><p>Les pi\u00e8ces de rechange automobiles sont g\u00e9n\u00e9ralement fabriqu\u00e9es par les m\u00eames entreprises qui produisent l&rsquo;\u00e9quipement d&rsquo;origine des v\u00e9hicules neufs. Ces pi\u00e8ces de rechange sont utilis\u00e9es si un v\u00e9hicule est impliqu\u00e9 dans un accident ou n\u00e9cessite une mise \u00e0 jour.<\/p><p><strong>Pi\u00e8ces automobiles de rechange\u00a0<\/strong><\/p><p>Les pi\u00e8ces automobiles de rechange comprennent toute pi\u00e8ce de v\u00e9hicule qui n&rsquo;est pas fabriqu\u00e9e par le constructeur automobile d&rsquo;origine.<\/p><p><strong>Cat\u00e9gories de m\u00e9canismes automobiles\u00a0<\/strong><\/p><p>Des syst\u00e8mes \u00e9lectriques, des freins, des cadres de si\u00e8ge, des poign\u00e9es, des charni\u00e8res aux moteurs \u00e0 essence, les m\u00e9canismes requis par chaque voiture sont immenses. Cependant, l&rsquo;industrie est class\u00e9e par grandes et sous-industries qui fabriquent uniquement des produits sp\u00e9cifiques. Examinons de plus pr\u00e8s ces cat\u00e9gories ci-dessous<\/p><ol><li><strong>Pi\u00e8ces embouties en m\u00e9tal<\/strong><\/li><\/ol><p>Les pi\u00e8ces embouties en m\u00e9tal constituent un secteur important de l&rsquo;industrie des pi\u00e8ces automobiles et sont g\u00e9n\u00e9ralement fabriqu\u00e9es par des entreprises qui construisent les \u00e9l\u00e9ments suivants :\u00a0<\/p><ul><li>Moteurs \u00e0 essence<\/li><li>Hauts<\/li><li>Garnitures<\/li><li>Chapeaux de moyeu<\/li><li>Ailes<\/li><li>Parties du corps<\/li><li>Moulures<\/li><li>Centres de roue<\/li><\/ul><ol start=\"2\"><li><strong>Transmissions et groupe motopropulseur<\/strong><\/li><\/ol><p>Les transmissions et les m\u00e9canismes de groupe motopropulseur constituent une autre cat\u00e9gorie majeure au sein de l&rsquo;industrie et comprennent la fabrication de :<\/p><ul><li>Les articulations<\/li><li>Engrenages<\/li><li>Essieux<\/li><li>Embrayages<\/li><\/ul><ol start=\"3\"><li><strong>Moteurs et pi\u00e8ces pour moteurs<\/strong><\/li><\/ol><p>Les moteurs et les pi\u00e8ces de moteurs sont g\u00e9n\u00e9ralement fabriqu\u00e9s par les m\u00eames entreprises qui produisent des pi\u00e8ces embouties en m\u00e9tal. Cependant, en raison de ses exigences complexes en mati\u00e8re de pi\u00e8ces, il peut \u00eatre identifi\u00e9 comme sa propre cat\u00e9gorie. Les autres pi\u00e8ces de moteur fabriqu\u00e9es sont :<\/p><ul><li>Roulements<\/li><li>Vilebrequins<\/li><li>Collecteurs<\/li><li>Pignons de distribution<\/li><li>Vilebrequins<\/li><\/ul><ol start=\"4\"><li><strong>\u00c9lectrique<\/strong><\/li><\/ol><p>Bien qu&rsquo;il s&rsquo;agisse d&rsquo;un composant essentiel des v\u00e9hicules \u00e0 essence, les secteurs de la fabrication \u00e9lectrique de l&rsquo;industrie automobile devraient cro\u00eetre avec l&rsquo;augmentation de la demande de v\u00e9hicules \u00e9lectriques dans les ann\u00e9es \u00e0 venir. Certaines des principales pi\u00e8ces \u00e9lectriques actuellement fabriqu\u00e9es sont :\u00a0 \u00a0 \u00a0 \u00a0 \u00a0 \u00a0 \u00a0 \u00a0 &#8211;<\/p><ul><li>\u00c9clairage<\/li><li>Faisceaux et allumages<\/li><li>Pompes \u00e0 essence<\/li><li>M\u00e9canique des essuie-glaces<\/li><li>Entr\u00e9es<\/li><li>Batteries \u00e0 lithium<\/li><li>Moteurs \u00e9lectriques<\/li><\/ul><ol start=\"5\"><li><strong>Si\u00e8ges et garnitures int\u00e9rieures<\/strong><\/li><\/ol><p>Passant \u00e0 l&rsquo;int\u00e9rieur du v\u00e9hicule, ces pi\u00e8ces automobiles sont g\u00e9n\u00e9ralement constitu\u00e9es de tissus et de garnitures pour inclure :<\/p><ul><li>Titres<\/li><li>Panneaux int\u00e9rieurs<\/li><li>Garnitures int\u00e9rieures<\/li><li>Ceinture de s\u00e9curit\u00e9<\/li><\/ul><ol start=\"6\"><li><strong>Syst\u00e8mes de freinage<\/strong><\/li><\/ol><p>Cat\u00e9gorie relativement simple, ces m\u00e9canismes automobiles comprennent :<\/p><ul><li>Cylindres de frein<\/li><li>Tambours de frein<\/li><\/ul><ol start=\"7\"><li><strong>Direction et suspensions<\/strong><\/li><\/ol><p>Pour s&rsquo;assurer que l&rsquo;automobile est capable d&rsquo;absorber les chocs et de diriger, ces composants comprennent :<\/p><ul><li>Amortisseurs<\/li><li>Pompes de direction assist\u00e9e\u00a0<\/li><\/ul><ol start=\"8\"><li><strong>Autres m\u00e9canismes automobiles\u00a0<\/strong><\/li><\/ol><p>En outre, d&rsquo;autres pi\u00e8ces automobiles comprennent la production de :\u00a0<\/p><ul><li>R\u00e9servoir d&rsquo;essence<\/li><li>Les syst\u00e8mes d&rsquo;\u00e9chappement<\/li><li>Syst\u00e8mes CVC<\/li><li>Coussins gonflables<\/li><\/ul><p><strong>Comment les mat\u00e9riaux avanc\u00e9s de Fibrotek peuvent vous aider<\/strong><\/p><p>Fibrotek Mat\u00e9riaux Avanc\u00e9s est une entreprise de fabrication de premier plan avec plus de 20 ans d&rsquo;exp\u00e9rience de travail avec des clients du monde entier dans les secteurs de l&rsquo;a\u00e9rospatiale, de l&rsquo;automobile et des drones. Notre \u00e9quipe se compose d&rsquo;ing\u00e9nieurs experts, de chefs de projet et de plus de 140 ouvriers de fabrication qui dirigent les normes de l&rsquo;industrie en mati\u00e8re de qualit\u00e9, de service client et d&rsquo;innovation pour fournir des solutions sup\u00e9rieures \u00e0 des prix rentables.\u00a0<\/p><p>Nous collaborons \u00e9troitement avec nos clients depuis la phase de conception et d&rsquo;ing\u00e9nierie jusqu&rsquo;\u00e0 la phase de production et de livraison pour supprimer efficacement tous les co\u00fbts de sous-traitance et pr\u00e9server un excellent savoir-faire dans tous les domaines de notre gamme de produits de fabrication. Nos installations accueillent l&rsquo;usinage 3, 4 et 5 axes, l&rsquo;autoclavage, l&rsquo;impression 3D et la mod\u00e9lisation de prototypes \u00e0 des fins d&rsquo;affichage si votre entreprise l&rsquo;exige. En cons\u00e9quence, notre entreprise est plus qu\u2019\u00e9quip\u00e9e des \u00e9l\u00e9ments de production requis qui peuvent fournir \u00e0 votre entreprise ce dont elle a besoin, quelle que soit la complexit\u00e9 de vos sp\u00e9cifications.\u00a0\u00a0\u00a0<\/p><p><strong>Principes avanc\u00e9s d&rsquo;inspection des mat\u00e9riaux de Fibrotek\u00a0<\/strong><\/p><p>Fibrotek Mat\u00e9riaux Avanc\u00e9s utilise une suite compl\u00e8te de solutions de mesure innovantes \u00e0 toutes les \u00e9tapes du cycle de vie des produits gr\u00e2ce \u00e0 un logiciel scientifique, notamment HandyScan 3D, un scanner 3D portable de qualit\u00e9 m\u00e9trologique. Ce scanner 3D portatif actif offre rapidement des num\u00e9risations 3D pr\u00e9cises et haute r\u00e9solution avec des coques complexes dans toutes les conditions environnementales. Il comprend \u00e9galement une nettet\u00e9 jusqu&rsquo;\u00e0 0,030 mm (0,0012 po) et une r\u00e9solution supr\u00eame de 0,050 mm (0,0020 po).<\/p><p>De plus, son taux d&rsquo;approvisionnement maximal est de 480 000 mesures\/s. Utilis\u00e9es dans l&rsquo;unification avec un logiciel de post-traitement, les donn\u00e9es de la num\u00e9risation 3D peuvent \u00eatre s\u00e9curis\u00e9es et transport\u00e9es sous la forme d&rsquo;un simple fichier 3D pour l&rsquo;inspection, l&rsquo;impression 3D et les logiciels de CAO (CATIA, SolidWorks, Inventor, etc.). De plus, Fibrotek Mat\u00e9riaux Avanc\u00e9s est \u00e9galement heureux de fournir \u00e0 ses clients une num\u00e9risation 3D infinie malgr\u00e9 la taille, la complexit\u00e9, le mat\u00e9riau ou<\/p><p>l\u2019ext\u00e9rieur de la pi\u00e8ce avec ce scanner de rendu moderne.<\/p><p><strong>Nous certifions la qualit\u00e9<\/strong><\/p><p>Chez <u>Fibrotek Mat\u00e9riaux Avanc\u00e9s<\/u>, nous sommes fiers de certifier notre qualit\u00e9. Avec plus de 20 ans d&rsquo;activit\u00e9, notre entreprise adh\u00e8re \u00e0 de nombreuses certifications de qualit\u00e9, notamment :<\/p><ul><li>ISO 9001 : 2015 Management de la Qualit\u00e9<\/li><li>Gestion de la qualit\u00e9 AS 9100 pour l&rsquo;a\u00e9rospatiale et la d\u00e9fense<\/li><\/ul><p>Nous sommes \u00e9galement enregistr\u00e9s dans le cadre du Programme canadien des produits contr\u00f4l\u00e9s (PMC) et conformes \u00e0 l&rsquo;ITAR.<\/p><p><strong>Appelez Fibrotek Mat\u00e9riaux Avanc\u00e9s d\u00e8s aujourd&rsquo;hui<\/strong>\u00a0<\/p><p>Chez <u>Fibrotek Mat\u00e9riaux Avanc\u00e9s<\/u>, nous offrons \u00e0 nos clients la confiance dont ils ont besoin pour s&rsquo;associer \u00e0 une entreprise qui poss\u00e8de des ann\u00e9es de connaissances et d&rsquo;expertise combin\u00e9es. L&rsquo;ensemble de notre personnel comprend les complexit\u00e9s et l&rsquo;importance de produire des pi\u00e8ces automobiles pr\u00e9cises, innovantes et r\u00e9sistantes qui sont garanties pour durer. <u>Fibrotek Mat\u00e9riaux Avanc\u00e9s <\/u>est \u00e9quip\u00e9 de solutions de machines innovantes pour fournir aux clients d&rsquo;excellents produits et r\u00e9sultats en fonction de leurs besoins et sp\u00e9cifications uniques.\u00a0<\/p><p>Pour en savoir plus sur la fa\u00e7on dont nous pouvons vous aider et pour recevoir un aper\u00e7u de notre liste compl\u00e8te de pi\u00e8ces automobiles que nous pouvons fabriquer pour vous, veuillez nous appeler au (418) -439-0999 pour r\u00e9server un appel de consultation avec notre \u00e9quipe de divers sp\u00e9cialistes exp\u00e9riment\u00e9s de l&rsquo;industrie. Nous avons h\u00e2te de travailler avec vous!<\/p>\t\t\t\t\t\t\t\t<\/div>\n\t\t\t\t<\/div>\n\t\t\t\t\t<\/div>\n\t\t<\/div>\n\t\t\t\t\t<\/div>\n\t\t<\/section>\n\t\t\t\t<section class=\"elementor-section elementor-top-section elementor-element elementor-element-26eeb9de elementor-section-boxed elementor-section-height-default elementor-section-height-default\" data-id=\"26eeb9de\" data-element_type=\"section\" data-e-type=\"section\">\n\t\t\t\t\t\t<div class=\"elementor-container elementor-column-gap-default\">\n\t\t\t\t\t<div class=\"elementor-column elementor-col-100 elementor-top-column elementor-element elementor-element-6becfa3\" data-id=\"6becfa3\" data-element_type=\"column\" data-e-type=\"column\">\n\t\t\t<div class=\"elementor-widget-wrap\">\n\t\t\t\t\t\t\t<\/div>\n\t\t<\/div>\n\t\t\t\t\t<\/div>\n\t\t<\/section>\n\t\t\t\t<\/div>\n\t\t","protected":false},"excerpt":{"rendered":"<p>FABRICANT DE PI\u00c8CES AUTOMOBILES Fabricant De Pi\u00e8ces Automobiles Avec environ 1 milliard de v\u00e9hicules sur la route dans le monde, cette statistique devrait doubler pour atteindre 2 milliards d&rsquo;ici 2035. Chaque v\u00e9hicule, bien que de conception unique, est compos\u00e9 d&rsquo;environ 30 000 pi\u00e8ces individuelles avec diverses fonctions et exigences pr\u00e9cises &#8211; ce qui rend l&rsquo;automobile [&hellip;]<\/p>\n","protected":false},"author":1,"featured_media":0,"parent":342,"menu_order":0,"comment_status":"closed","ping_status":"closed","template":"","meta":{"ocean_post_layout":"","ocean_both_sidebars_style":"","ocean_both_sidebars_content_width":0,"ocean_both_sidebars_sidebars_width":0,"ocean_sidebar":"0","ocean_second_sidebar":"0","ocean_disable_margins":"enable","ocean_add_body_class":"","ocean_shortcode_before_top_bar":"","ocean_shortcode_after_top_bar":"","ocean_shortcode_before_header":"","ocean_shortcode_after_header":"","ocean_has_shortcode":"","ocean_shortcode_after_title":"","ocean_shortcode_before_footer_widgets":"","ocean_shortcode_after_footer_widgets":"","ocean_shortcode_before_footer_bottom":"","ocean_shortcode_after_footer_bottom":"","ocean_display_top_bar":"default","ocean_display_header":"default","ocean_header_style":"","ocean_center_header_left_menu":"0","ocean_custom_header_template":"0","ocean_custom_logo":0,"ocean_custom_retina_logo":0,"ocean_custom_logo_max_width":0,"ocean_custom_logo_tablet_max_width":0,"ocean_custom_logo_mobile_max_width":0,"ocean_custom_logo_max_height":0,"ocean_custom_logo_tablet_max_height":0,"ocean_custom_logo_mobile_max_height":0,"ocean_header_custom_menu":"0","ocean_menu_typo_font_family":"0","ocean_menu_typo_font_subset":"","ocean_menu_typo_font_size":0,"ocean_menu_typo_font_size_tablet":0,"ocean_menu_typo_font_size_mobile":0,"ocean_menu_typo_font_size_unit":"px","ocean_menu_typo_font_weight":"","ocean_menu_typo_font_weight_tablet":"","ocean_menu_typo_font_weight_mobile":"","ocean_menu_typo_transform":"","ocean_menu_typo_transform_tablet":"","ocean_menu_typo_transform_mobile":"","ocean_menu_typo_line_height":0,"ocean_menu_typo_line_height_tablet":0,"ocean_menu_typo_line_height_mobile":0,"ocean_menu_typo_line_height_unit":"","ocean_menu_typo_spacing":0,"ocean_menu_typo_spacing_tablet":0,"ocean_menu_typo_spacing_mobile":0,"ocean_menu_typo_spacing_unit":"","ocean_menu_link_color":"","ocean_menu_link_color_hover":"","ocean_menu_link_color_active":"","ocean_menu_link_background":"","ocean_menu_link_hover_background":"","ocean_menu_link_active_background":"","ocean_menu_social_links_bg":"","ocean_menu_social_hover_links_bg":"","ocean_menu_social_links_color":"","ocean_menu_social_hover_links_color":"","ocean_disable_title":"default","ocean_disable_heading":"default","ocean_post_title":"","ocean_post_subheading":"","ocean_post_title_style":"","ocean_post_title_background_color":"","ocean_post_title_background":0,"ocean_post_title_bg_image_position":"","ocean_post_title_bg_image_attachment":"","ocean_post_title_bg_image_repeat":"","ocean_post_title_bg_image_size":"","ocean_post_title_height":0,"ocean_post_title_bg_overlay":0.5,"ocean_post_title_bg_overlay_color":"","ocean_disable_breadcrumbs":"default","ocean_breadcrumbs_color":"","ocean_breadcrumbs_separator_color":"","ocean_breadcrumbs_links_color":"","ocean_breadcrumbs_links_hover_color":"","ocean_display_footer_widgets":"default","ocean_display_footer_bottom":"default","ocean_custom_footer_template":"1508","footnotes":""},"class_list":["post-1841","page","type-page","status-publish","hentry","entry"],"_links":{"self":[{"href":"https:\/\/fibrotek.com\/fr_fr\/wp-json\/wp\/v2\/pages\/1841","targetHints":{"allow":["GET"]}}],"collection":[{"href":"https:\/\/fibrotek.com\/fr_fr\/wp-json\/wp\/v2\/pages"}],"about":[{"href":"https:\/\/fibrotek.com\/fr_fr\/wp-json\/wp\/v2\/types\/page"}],"author":[{"embeddable":true,"href":"https:\/\/fibrotek.com\/fr_fr\/wp-json\/wp\/v2\/users\/1"}],"replies":[{"embeddable":true,"href":"https:\/\/fibrotek.com\/fr_fr\/wp-json\/wp\/v2\/comments?post=1841"}],"version-history":[{"count":24,"href":"https:\/\/fibrotek.com\/fr_fr\/wp-json\/wp\/v2\/pages\/1841\/revisions"}],"predecessor-version":[{"id":2436,"href":"https:\/\/fibrotek.com\/fr_fr\/wp-json\/wp\/v2\/pages\/1841\/revisions\/2436"}],"up":[{"embeddable":true,"href":"https:\/\/fibrotek.com\/fr_fr\/wp-json\/wp\/v2\/pages\/342"}],"wp:attachment":[{"href":"https:\/\/fibrotek.com\/fr_fr\/wp-json\/wp\/v2\/media?parent=1841"}],"curies":[{"name":"wp","href":"https:\/\/api.w.org\/{rel}","templated":true}]}}