{"id":1849,"date":"2021-12-02T14:39:06","date_gmt":"2021-12-02T19:39:06","guid":{"rendered":"https:\/\/fibrotek.com\/?page_id=1849"},"modified":"2023-09-19T09:08:24","modified_gmt":"2023-09-19T14:08:24","slug":"composites-automobiles","status":"publish","type":"page","link":"https:\/\/fibrotek.com\/fr_fr\/nouveautes\/composites-automobiles\/","title":{"rendered":"COMPOSITES AUTOMOBILES"},"content":{"rendered":"\t\t<div data-elementor-type=\"wp-page\" data-elementor-id=\"1849\" class=\"elementor elementor-1849\">\n\t\t\t\t\t\t<section class=\"elementor-section elementor-top-section elementor-element elementor-element-7ceac3d1 elementor-section-height-min-height elementor-section-content-middle elementor-section-stretched elementor-section-boxed elementor-section-height-default elementor-section-items-middle\" data-id=\"7ceac3d1\" data-element_type=\"section\" data-e-type=\"section\" data-settings=\"{&quot;background_background&quot;:&quot;classic&quot;,&quot;stretch_section&quot;:&quot;section-stretched&quot;}\">\n\t\t\t\t\t\t\t<div class=\"elementor-background-overlay\"><\/div>\n\t\t\t\t\t\t\t<div class=\"elementor-container elementor-column-gap-default\">\n\t\t\t\t\t<div class=\"elementor-column elementor-col-100 elementor-top-column elementor-element elementor-element-165ca8b3\" data-id=\"165ca8b3\" data-element_type=\"column\" data-e-type=\"column\">\n\t\t\t<div class=\"elementor-widget-wrap elementor-element-populated\">\n\t\t\t\t\t\t<div class=\"elementor-element elementor-element-7f40c6d9 elementor-widget elementor-widget-heading\" data-id=\"7f40c6d9\" data-element_type=\"widget\" data-e-type=\"widget\" data-widget_type=\"heading.default\">\n\t\t\t\t<div class=\"elementor-widget-container\">\n\t\t\t\t\t<h4 class=\"elementor-heading-title elementor-size-default\">COMPOSITES AUTOMOBILES<\/h4>\t\t\t\t<\/div>\n\t\t\t\t<\/div>\n\t\t\t\t\t<\/div>\n\t\t<\/div>\n\t\t\t\t\t<\/div>\n\t\t<\/section>\n\t\t\t\t<section class=\"elementor-section elementor-top-section elementor-element elementor-element-bc3d947 elementor-section-content-middle elementor-section-stretched elementor-section-boxed elementor-section-height-default elementor-section-height-default\" data-id=\"bc3d947\" data-element_type=\"section\" data-e-type=\"section\" data-settings=\"{&quot;stretch_section&quot;:&quot;section-stretched&quot;}\">\n\t\t\t\t\t\t<div class=\"elementor-container elementor-column-gap-no\">\n\t\t\t\t\t<div class=\"elementor-column elementor-col-100 elementor-top-column elementor-element elementor-element-4d13fe43\" data-id=\"4d13fe43\" data-element_type=\"column\" data-e-type=\"column\">\n\t\t\t<div class=\"elementor-widget-wrap elementor-element-populated\">\n\t\t\t\t\t\t<div class=\"elementor-element elementor-element-7203db0 elementor-widget-divider--view-line elementor-widget elementor-widget-divider\" data-id=\"7203db0\" data-element_type=\"widget\" data-e-type=\"widget\" data-widget_type=\"divider.default\">\n\t\t\t\t<div class=\"elementor-widget-container\">\n\t\t\t\t\t\t\t<div class=\"elementor-divider\">\n\t\t\t<span class=\"elementor-divider-separator\">\n\t\t\t\t\t\t<\/span>\n\t\t<\/div>\n\t\t\t\t\t\t<\/div>\n\t\t\t\t<\/div>\n\t\t\t\t<div class=\"elementor-element elementor-element-4b342103 elementor-widget elementor-widget-text-editor\" data-id=\"4b342103\" data-element_type=\"widget\" data-e-type=\"widget\" data-widget_type=\"text-editor.default\">\n\t\t\t\t<div class=\"elementor-widget-container\">\n\t\t\t\t\t\t\t\t\t<h2><strong>Composites Automobiles<\/strong><\/h2><p>L&rsquo;un des d\u00e9fis les plus urgents auxquels l&rsquo;industrie automobile est confront\u00e9e dans son ensemble, plus particuli\u00e8rement les fabricants d&rsquo;\u00e9quipement d&rsquo;origine (OEM), est la capacit\u00e9 \u00e0 r\u00e9duire le poids des v\u00e9hicules dans le but d&rsquo;augmenter l&rsquo;efficacit\u00e9 \u00e9nerg\u00e9tique, tout en maintenant les exigences de s\u00e9curit\u00e9. Cela vient comme une demande des ONG et d&rsquo;autres minist\u00e8res qui tentent de r\u00e9duire les \u00e9missions globales de gaz \u00e0 effet de serre \u00e9manant des industries de l&rsquo;automobile et des transports.<\/p><p>Heureusement, de nombreux fabricants d&rsquo;\u00e9quipement d&rsquo;origine (OEM), y compris <u>Fibrotek Mat\u00e9riaux Avanc\u00e9s<\/u>, ont commenc\u00e9 \u00e0 utiliser des mat\u00e9riaux alternatifs tels que les composites pour remplacer les aciers et les aluminiums traditionnels, car ils sont :<\/p><ul><li>Extr\u00eamement l\u00e9ger par rapport \u00e0 l&rsquo;aluminium et \u00e0 l&rsquo;acier<\/li><li>10 fois plus r\u00e9sistant que les mat\u00e9riaux en acier<\/li><li>8 fois plus r\u00e9sistant que les mat\u00e9riaux en aluminium<\/li><\/ul><p><strong>Que sont les composites ?\u00a0<\/strong><\/p><p>Bien qu&rsquo;il existe de nombreux types de mat\u00e9riaux composites, ils sont g\u00e9n\u00e9ralement constitu\u00e9s de fibres moyennement solides et rigides enferm\u00e9es dans une matrice de r\u00e9sine incassable, ce qui leur conf\u00e8re de nombreux avantages, notamment :<\/p><ul><li>Constance thermique \u00e0 nu pour acc\u00e9l\u00e9rer les ajustements de temp\u00e9rature<\/li><li>\u00c9limination des probl\u00e8mes de corrosion pouvant survenir en raison des conditions m\u00e9t\u00e9orologiques<\/li><li>Tol\u00e9rance accrue aux dommages majeurs<\/li><li>Une production plus rentable<\/li><li>Augmentation de l&rsquo;endurance aux chocs importants, ce qui est imp\u00e9ratif dans l&rsquo;industrie automobile<\/li><li>Simplicit\u00e9 dans l&rsquo;assemblage de m\u00e9canismes complexes tels que des formes et des conceptions qui peuvent autrement n\u00e9cessiter plus de temps de production<\/li><\/ul><p>Bien que les avantages des mat\u00e9riaux composites soient impressionnants, l&rsquo;un des avantages les plus imp\u00e9ratifs dont l&rsquo;industrie automobile a besoin, est l&rsquo;augmentation de l&rsquo;endurance des pi\u00e8ces automobiles face \u00e0 des impacts importants. En cons\u00e9quence, la recherche d\u00e9montre que les mat\u00e9riaux composites peuvent respecter et d\u00e9passer les sp\u00e9cifications de s\u00e9curit\u00e9 de l&rsquo;industrie en cas d&rsquo;accident, car ils peuvent \u00eatre con\u00e7us de mani\u00e8re unique pendant la phase d&rsquo;ing\u00e9nierie et de prototype pour absorber plus d&rsquo;\u00e9nergie que les m\u00e9taux durs traditionnels lorsqu&rsquo;ils sont \u00e9cras\u00e9s sous des impacts importants.<\/p><p>Les m\u00e9taux absorbent l&rsquo;\u00e9nergie lors d&rsquo;un accident en se contractant, tandis que les mat\u00e9riaux composites s&rsquo;\u00e9crasent g\u00e9n\u00e9ralement selon une m\u00e9thode plus in\u00e9lastique. La circonstance id\u00e9ale si une pi\u00e8ce automobile devait \u00eatre con\u00e7ue et construite \u00e0 l&rsquo;aide d&rsquo;une structure composite serait qu&rsquo;elle se brise en petites parties o\u00f9 l&rsquo;impact se produit, tandis que la structure restante est laiss\u00e9e intacte. L&rsquo;imp\u00e9ratif ici est que les mat\u00e9riaux composites soient con\u00e7us pour se rompre de mani\u00e8re contr\u00f4l\u00e9e, contrairement aux m\u00e9taux.<\/p><p><strong>Composites automobiles utilis\u00e9s par Fibrotek Mat\u00e9riaux Avanc\u00e9s\u00a0<\/strong><\/p><p>Chez <u>Fibrotek Mat\u00e9riaux Avanc\u00e9s<\/u>, nous sommes fiers d&rsquo;offrir \u00e0 nos clients une gamme vari\u00e9e de mat\u00e9riaux composites automobiles qui sont enti\u00e8rement personnalisables pour correspondre \u00e0 vos dimensions, conceptions et plus encore pour r\u00e9pondre \u00e0 vos besoins uniques. Notre \u00e9quipe utilise les mat\u00e9riaux composites suivants qui peuvent \u00eatre strat\u00e9giquement utilis\u00e9s en m\u00e9lange ou seuls pour fabriquer efficacement vos pi\u00e8ces automobiles, notamment :<\/p><ul><li>Fibre de carbone<\/li><li>Kevlar<\/li><li>Fibre de verre<\/li><li>Graphite<\/li><li>\u00c9poxy et autres r\u00e9sines synth\u00e9tiques thermodurcissables et polym\u00e8res<\/li><li>Stratifi\u00e9 sandwich composite<\/li><\/ul><p><strong>Comment les mat\u00e9riaux avanc\u00e9s de Fibrotek peuvent livrer\u00a0<\/strong><\/p><p><u>Fibrotek Mat\u00e9riaux Avanc\u00e9s<\/u> est un ing\u00e9nieur et une entreprise de fabrication de premier plan avec plus de 20 ans d&rsquo;exp\u00e9rience au service des industries de l&rsquo;a\u00e9rospatiale, de l&rsquo;automobile et des drones. Avec divers clients dans le monde entier, nos installations sont \u00e9quip\u00e9es de machines innovantes et de professionnels de premier plan qui peuvent personnaliser vos pi\u00e8ces composites automobiles selon vos sp\u00e9cifications souhait\u00e9es. Notre entrep\u00f4t h\u00e9berge plusieurs solutions d&rsquo;usinage dont :<\/p><ul><li>Usinage 3, 4 et 5 axes<\/li><li>Fabrication additive, \u00e9galement appel\u00e9e impression 3D\u00a0\u00a0<\/li><li>ligne d&rsquo;assemblage<\/li><li>Machines d&rsquo;autoclavage pour proc\u00e9d\u00e9s industriels et scientifiques r\u00e9alis\u00e9s sur site<\/li><li>Pr\u00e9sentoir de prototypes et de maquettes pour vos besoins de d\u00e9monstration<\/li><\/ul><p><strong>Syst\u00e8me de gestion de la qualit\u00e9 sup\u00e9rieure<\/strong><\/p><p>Chez <u>Fibrotek Mat\u00e9riaux Avanc\u00e9s<\/u>, nous nous engageons \u00e0 certifier que chaque pi\u00e8ce personnalis\u00e9e con\u00e7ue, produite et export\u00e9e depuis notre entrep\u00f4t surpasse les mesures de qualit\u00e9 de l&rsquo;industrie. Notre \u00e9quipe \u00e0 la pointe de l&rsquo;industrie utilise des outils de gestion de la qualit\u00e9 innovants et des \u00e9quipements d&rsquo;inspection sophistiqu\u00e9s, notamment :<\/p><ul><li>MINCE<\/li><li>Examen \u00e0 360 degr\u00e9s<\/li><li>Cartographie des processus<\/li><li>6 Sigma<\/li><\/ul><p><strong>HandyScan 3D<\/strong>\u00a0<\/p><p>HandyScan est un scanner 3D mobile de mesure qui utilise un logiciel scientifique innovant. Ce scanner 3D portable pr\u00e9sente des num\u00e9risations pr\u00e9cises \u00e0 haute r\u00e9solution et fonctionne \u00e9galement efficacement dans toutes les conditions environnementales. Plus pr\u00e9cis\u00e9ment, HandyScan \u00e9tend la nettet\u00e9 jusqu&rsquo;\u00e0 0,030 mm (0,0012 pouce) et une r\u00e9solution maximale de 0,050 mm (0,0020 pouce).<\/p><p>De plus, ce logiciel scientifique et scanner 3D a \u00e9galement un taux d&rsquo;acquisition maximal de 480 000 mesures\/s qui est ensuite utilis\u00e9 en conjonction avec un programme de post-traitement. Les donn\u00e9es complexes et pr\u00e9cises collect\u00e9es lors de l&rsquo;inspection sont facilement obtenues et export\u00e9es sous la forme d&rsquo;un simple fichier 3D pour l&rsquo;inspection, l&rsquo;impression 3D et les logiciels de CAO (CATIA, SolidWorks, Inventor, etc.). <u>Fibrotek Mat\u00e9riaux Avanc\u00e9s<\/u> s&rsquo;engage \u00e0 offrir aux clients, quel que soit le type de projet ou les sp\u00e9cifications, y compris la taille, la complexit\u00e9, le mat\u00e9riau ou la surface de la pi\u00e8ce, ce scanner de production innovant, avec une num\u00e9risation 3D illimit\u00e9e pour votre commodit\u00e9.<\/p><p>En plus de ces initiatives, notre entreprise se consacre \u00e9galement \u00e0 :\u00a0<\/p><ul><li>Tra\u00e7abilit\u00e9 des documents<\/li><li>Inspections \u00e0 la source<\/li><li>Gestion de projet sup\u00e9rieure<\/li><li>Niveaux d&rsquo;inspection personnalis\u00e9s \u00e0 toutes les \u00e9tapes du cycle de production du produit<\/li><li>ISO 9001 : 2015 Management de la Qualit\u00e9<\/li><li>Gestion de la qualit\u00e9 AS 9100 pour l&rsquo;a\u00e9rospatiale et la d\u00e9fense\u00a0<\/li><\/ul><p>Notre entreprise est \u00e9galement enregistr\u00e9e et adh\u00e8re aux normes du Programme des marchandises contr\u00f4l\u00e9es du Canada (PMC) et est conforme \u00e0 l&rsquo;ITAR.<\/p><p><strong>Appelez <u>Fibrotek Mat\u00e9riaux Avanc\u00e9s<\/u> d\u00e8s aujourd&rsquo;hui<\/strong><\/p><p>Chez <u>Fibrotek Mat\u00e9riaux Avanc\u00e9s<\/u>, nous offrons \u00e0 nos clients l&rsquo;assurance dont ils ont besoin pour s&rsquo;associer \u00e0 une entreprise qui a des ann\u00e9es de compr\u00e9hension et d&rsquo;expertise conjointes. Notre personnel complet, des ing\u00e9nieurs, des chefs de projet \u00e0 l&rsquo;\u00e9quipe de la cha\u00eene de production, reconna\u00eet la complexit\u00e9 et l&rsquo;importance de la fabrication de composites automobiles exacts, innovants et solides qui sont garantis pour durer. <u>Fibrotek Mat\u00e9riaux Avanc\u00e9s<\/u> est pr\u00e9par\u00e9 avec des solutions de machines innovantes, des programmes scientifiques et d&rsquo;autres outils de gestion pour fournir aux clients des produits et des r\u00e9sultats exceptionnels, r\u00e9pondant \u00e0 leurs besoins et dispositions distinctifs pour chaque projet pr\u00e9sent\u00e9 \u00e0 nos experts.<\/p><p>Pour en savoir plus sur la fa\u00e7on dont nous pouvons vous aider avec nos composites automobiles, veuillez nous appeler au (418) -439-0999 pour r\u00e9server un appel de consultation avec notre \u00e9quipe d&rsquo;experts vari\u00e9s et qualifi\u00e9s de l&rsquo;industrie.<\/p><h1>Nous avons h\u00e2te de travailler avec vous!<\/h1>\t\t\t\t\t\t\t\t<\/div>\n\t\t\t\t<\/div>\n\t\t\t\t\t<\/div>\n\t\t<\/div>\n\t\t\t\t\t<\/div>\n\t\t<\/section>\n\t\t\t\t<section class=\"elementor-section elementor-top-section elementor-element elementor-element-26eeb9de elementor-section-boxed elementor-section-height-default elementor-section-height-default\" data-id=\"26eeb9de\" data-element_type=\"section\" data-e-type=\"section\">\n\t\t\t\t\t\t<div class=\"elementor-container elementor-column-gap-default\">\n\t\t\t\t\t<div class=\"elementor-column elementor-col-100 elementor-top-column elementor-element elementor-element-6becfa3\" data-id=\"6becfa3\" data-element_type=\"column\" data-e-type=\"column\">\n\t\t\t<div class=\"elementor-widget-wrap\">\n\t\t\t\t\t\t\t<\/div>\n\t\t<\/div>\n\t\t\t\t\t<\/div>\n\t\t<\/section>\n\t\t\t\t<\/div>\n\t\t","protected":false},"excerpt":{"rendered":"<p>COMPOSITES AUTOMOBILES Composites Automobiles L&rsquo;un des d\u00e9fis les plus urgents auxquels l&rsquo;industrie automobile est confront\u00e9e dans son ensemble, plus particuli\u00e8rement les fabricants d&rsquo;\u00e9quipement d&rsquo;origine (OEM), est la capacit\u00e9 \u00e0 r\u00e9duire le poids des v\u00e9hicules dans le but d&rsquo;augmenter l&rsquo;efficacit\u00e9 \u00e9nerg\u00e9tique, tout en maintenant les exigences de s\u00e9curit\u00e9. Cela vient comme une demande des ONG et [&hellip;]<\/p>\n","protected":false},"author":1,"featured_media":0,"parent":342,"menu_order":0,"comment_status":"closed","ping_status":"closed","template":"","meta":{"ocean_post_layout":"","ocean_both_sidebars_style":"","ocean_both_sidebars_content_width":0,"ocean_both_sidebars_sidebars_width":0,"ocean_sidebar":"0","ocean_second_sidebar":"0","ocean_disable_margins":"enable","ocean_add_body_class":"","ocean_shortcode_before_top_bar":"","ocean_shortcode_after_top_bar":"","ocean_shortcode_before_header":"","ocean_shortcode_after_header":"","ocean_has_shortcode":"","ocean_shortcode_after_title":"","ocean_shortcode_before_footer_widgets":"","ocean_shortcode_after_footer_widgets":"","ocean_shortcode_before_footer_bottom":"","ocean_shortcode_after_footer_bottom":"","ocean_display_top_bar":"default","ocean_display_header":"default","ocean_header_style":"","ocean_center_header_left_menu":"0","ocean_custom_header_template":"0","ocean_custom_logo":0,"ocean_custom_retina_logo":0,"ocean_custom_logo_max_width":0,"ocean_custom_logo_tablet_max_width":0,"ocean_custom_logo_mobile_max_width":0,"ocean_custom_logo_max_height":0,"ocean_custom_logo_tablet_max_height":0,"ocean_custom_logo_mobile_max_height":0,"ocean_header_custom_menu":"0","ocean_menu_typo_font_family":"0","ocean_menu_typo_font_subset":"","ocean_menu_typo_font_size":0,"ocean_menu_typo_font_size_tablet":0,"ocean_menu_typo_font_size_mobile":0,"ocean_menu_typo_font_size_unit":"px","ocean_menu_typo_font_weight":"","ocean_menu_typo_font_weight_tablet":"","ocean_menu_typo_font_weight_mobile":"","ocean_menu_typo_transform":"","ocean_menu_typo_transform_tablet":"","ocean_menu_typo_transform_mobile":"","ocean_menu_typo_line_height":0,"ocean_menu_typo_line_height_tablet":0,"ocean_menu_typo_line_height_mobile":0,"ocean_menu_typo_line_height_unit":"","ocean_menu_typo_spacing":0,"ocean_menu_typo_spacing_tablet":0,"ocean_menu_typo_spacing_mobile":0,"ocean_menu_typo_spacing_unit":"","ocean_menu_link_color":"","ocean_menu_link_color_hover":"","ocean_menu_link_color_active":"","ocean_menu_link_background":"","ocean_menu_link_hover_background":"","ocean_menu_link_active_background":"","ocean_menu_social_links_bg":"","ocean_menu_social_hover_links_bg":"","ocean_menu_social_links_color":"","ocean_menu_social_hover_links_color":"","ocean_disable_title":"default","ocean_disable_heading":"default","ocean_post_title":"","ocean_post_subheading":"","ocean_post_title_style":"","ocean_post_title_background_color":"","ocean_post_title_background":0,"ocean_post_title_bg_image_position":"","ocean_post_title_bg_image_attachment":"","ocean_post_title_bg_image_repeat":"","ocean_post_title_bg_image_size":"","ocean_post_title_height":0,"ocean_post_title_bg_overlay":0.5,"ocean_post_title_bg_overlay_color":"","ocean_disable_breadcrumbs":"default","ocean_breadcrumbs_color":"","ocean_breadcrumbs_separator_color":"","ocean_breadcrumbs_links_color":"","ocean_breadcrumbs_links_hover_color":"","ocean_display_footer_widgets":"default","ocean_display_footer_bottom":"default","ocean_custom_footer_template":"1508","footnotes":""},"class_list":["post-1849","page","type-page","status-publish","hentry","entry"],"_links":{"self":[{"href":"https:\/\/fibrotek.com\/fr_fr\/wp-json\/wp\/v2\/pages\/1849","targetHints":{"allow":["GET"]}}],"collection":[{"href":"https:\/\/fibrotek.com\/fr_fr\/wp-json\/wp\/v2\/pages"}],"about":[{"href":"https:\/\/fibrotek.com\/fr_fr\/wp-json\/wp\/v2\/types\/page"}],"author":[{"embeddable":true,"href":"https:\/\/fibrotek.com\/fr_fr\/wp-json\/wp\/v2\/users\/1"}],"replies":[{"embeddable":true,"href":"https:\/\/fibrotek.com\/fr_fr\/wp-json\/wp\/v2\/comments?post=1849"}],"version-history":[{"count":15,"href":"https:\/\/fibrotek.com\/fr_fr\/wp-json\/wp\/v2\/pages\/1849\/revisions"}],"predecessor-version":[{"id":2334,"href":"https:\/\/fibrotek.com\/fr_fr\/wp-json\/wp\/v2\/pages\/1849\/revisions\/2334"}],"up":[{"embeddable":true,"href":"https:\/\/fibrotek.com\/fr_fr\/wp-json\/wp\/v2\/pages\/342"}],"wp:attachment":[{"href":"https:\/\/fibrotek.com\/fr_fr\/wp-json\/wp\/v2\/media?parent=1849"}],"curies":[{"name":"wp","href":"https:\/\/api.w.org\/{rel}","templated":true}]}}