{"id":1854,"date":"2021-12-02T14:54:24","date_gmt":"2021-12-02T19:54:24","guid":{"rendered":"https:\/\/fibrotek.com\/?page_id=1854"},"modified":"2023-01-27T14:35:25","modified_gmt":"2023-01-27T19:35:25","slug":"equipement-de-leve-geophysique","status":"publish","type":"page","link":"https:\/\/fibrotek.com\/fr_fr\/nouveautes\/equipement-de-leve-geophysique\/","title":{"rendered":"Geophysical Survey Equipment for Sales"},"content":{"rendered":"\t\t<div data-elementor-type=\"wp-page\" data-elementor-id=\"1854\" class=\"elementor elementor-1854\">\n\t\t\t\t\t\t<section class=\"elementor-section elementor-top-section elementor-element elementor-element-7ceac3d1 elementor-section-height-min-height elementor-section-content-middle elementor-section-stretched elementor-section-boxed elementor-section-height-default elementor-section-items-middle\" data-id=\"7ceac3d1\" data-element_type=\"section\" data-e-type=\"section\" data-settings=\"{&quot;background_background&quot;:&quot;classic&quot;,&quot;stretch_section&quot;:&quot;section-stretched&quot;}\">\n\t\t\t\t\t\t\t<div class=\"elementor-background-overlay\"><\/div>\n\t\t\t\t\t\t\t<div class=\"elementor-container elementor-column-gap-default\">\n\t\t\t\t\t<div class=\"elementor-column elementor-col-100 elementor-top-column elementor-element elementor-element-165ca8b3\" data-id=\"165ca8b3\" data-element_type=\"column\" data-e-type=\"column\">\n\t\t\t<div class=\"elementor-widget-wrap elementor-element-populated\">\n\t\t\t\t\t\t<div class=\"elementor-element elementor-element-7f40c6d9 elementor-widget elementor-widget-heading\" data-id=\"7f40c6d9\" data-element_type=\"widget\" data-e-type=\"widget\" data-widget_type=\"heading.default\">\n\t\t\t\t<div class=\"elementor-widget-container\">\n\t\t\t\t\t<h4 class=\"elementor-heading-title elementor-size-default\">\u00c9QUIPEMENT DE LEV\u00c9 GEOPHYSIQUE \u00c0 VENDRE<\/h4>\t\t\t\t<\/div>\n\t\t\t\t<\/div>\n\t\t\t\t\t<\/div>\n\t\t<\/div>\n\t\t\t\t\t<\/div>\n\t\t<\/section>\n\t\t\t\t<section class=\"elementor-section elementor-top-section elementor-element elementor-element-bc3d947 elementor-section-content-middle elementor-section-stretched elementor-section-boxed elementor-section-height-default elementor-section-height-default\" data-id=\"bc3d947\" data-element_type=\"section\" data-e-type=\"section\" data-settings=\"{&quot;stretch_section&quot;:&quot;section-stretched&quot;}\">\n\t\t\t\t\t\t<div class=\"elementor-container elementor-column-gap-no\">\n\t\t\t\t\t<div class=\"elementor-column elementor-col-100 elementor-top-column elementor-element elementor-element-4d13fe43\" data-id=\"4d13fe43\" data-element_type=\"column\" data-e-type=\"column\">\n\t\t\t<div class=\"elementor-widget-wrap elementor-element-populated\">\n\t\t\t\t\t\t<div class=\"elementor-element elementor-element-7203db0 elementor-widget-divider--view-line elementor-widget elementor-widget-divider\" data-id=\"7203db0\" data-element_type=\"widget\" data-e-type=\"widget\" data-widget_type=\"divider.default\">\n\t\t\t\t<div class=\"elementor-widget-container\">\n\t\t\t\t\t\t\t<div class=\"elementor-divider\">\n\t\t\t<span class=\"elementor-divider-separator\">\n\t\t\t\t\t\t<\/span>\n\t\t<\/div>\n\t\t\t\t\t\t<\/div>\n\t\t\t\t<\/div>\n\t\t\t\t<div class=\"elementor-element elementor-element-4b342103 elementor-widget elementor-widget-text-editor\" data-id=\"4b342103\" data-element_type=\"widget\" data-e-type=\"widget\" data-widget_type=\"text-editor.default\">\n\t\t\t\t<div class=\"elementor-widget-container\">\n\t\t\t\t\t\t\t\t\t<h1><strong>\u00c9quipement De Lev\u00e9 G\u00e9ophysique \u00c0 Vendre<\/strong><\/h1><p>Outre la fabrication d&rsquo;outils composites et de pi\u00e8ces et composants de haute pr\u00e9cision pour des clients des secteurs de l&rsquo;a\u00e9rospatiale, de l&rsquo;automobile et des drones dans le monde entier, <u>Fibrotek Mat\u00e9riaux Avanc\u00e9s<\/u> s&rsquo;engage \u00e9galement \u00e0 fournir des \u00e9quipements de sondage g\u00e9ophysique innovants pour la vente. Avec l&rsquo;aide de notre \u00e9quipe de professionnels et d&rsquo;experts de pointe, nous vous guiderons tout au long de la proc\u00e9dure d&rsquo;achat de votre instrument de lev\u00e9 g\u00e9ophysique en fonction des exigences de votre application.\u00a0<\/p><p><strong>\u00c9quipement de lev\u00e9 g\u00e9ophysique que nous vendons<\/strong><\/p><p>Chez <u>Fibrotek Mat\u00e9riaux Avanc\u00e9s<\/u>, nous sommes fiers de vendre divers instruments de lev\u00e9s g\u00e9ophysique qui r\u00e9pondront \u00e0 vos sp\u00e9cifications et exigences. Vous trouverez ci-dessous un guide d\u00e9taill\u00e9 de chacun des instruments que nous pouvons fournir \u00e0 votre entreprise, y compris la mani\u00e8re dont ils peuvent vous aider.<\/p><ol><li><u>Imagerie de r\u00e9sistivit\u00e9 \u00e9lectrique <\/u><\/li><li>L&rsquo;imagerie de r\u00e9sistivit\u00e9 \u00e9lectrique (ERI), \u00e9galement connue sous le nom de tomographie de r\u00e9sistivit\u00e9 \u00e9lectrique (ERT) et similaire au radar \u00e0 p\u00e9n\u00e9tration de sol (GPR), est une m\u00e9thode de test \u00e9lectrique dans laquelle un courant \u00e9lectrique est stimul\u00e9 dans le sol \u00e0 travers deux \u00e9lectrodes pour d\u00e9terminer la distribution de r\u00e9sistivit\u00e9 souterraine. Ces donn\u00e9es sont rapidement collect\u00e9es et peuvent renseigner sur :<\/li><\/ol><ul><li>Mise \u00e0 la terre \u00e9lectrique<\/li><li>Cartographie g\u00e9ologique<\/li><li>\u00c9tudes environnementales\u00a0<\/li><li>D\u00e9couverte min\u00e9rale<\/li><li>Vider la localisation<\/li><li>Cartographie de la profondeur du socle rocheux<\/li><\/ul><ol start=\"2\"><li><u>Gravim\u00e8tre<\/u><\/li><\/ol><p>Un gravim\u00e8tre est un appareil qui \u00e9tudie et mesure les d\u00e9viations du champ gravitationnel de la terre d\u00e9clench\u00e9es par les diff\u00e9rences de concentration dans les s\u00e9diments et les roches de surface \u00e0 proximit\u00e9. Ces mesures sont presque toujours compl\u00e9t\u00e9es par un lev\u00e9 topographique tr\u00e8s pr\u00e9cis pour des r\u00e9sultats de donn\u00e9es complets et complets. Ces donn\u00e9es peuvent \u00eatre strat\u00e9giquement utilis\u00e9es pour produire des donn\u00e9es sures :<\/p><ul><li>Cartographie g\u00e9ographique<\/li><li>D\u00e9tection de vide<\/li><li>Enqu\u00eates p\u00e9troli\u00e8res et gazi\u00e8res<\/li><li>L&rsquo;examen des min\u00e9raux\u00a0\u00a0<\/li><li>Mesures pr\u00e9cises de l&rsquo;\u00e9paisseur des s\u00e9diments<\/li><\/ul><ol start=\"3\"><li><u>Syst\u00e8mes \u00e9lectromagn\u00e9tiques<\/u><\/li><\/ol><p>Les syst\u00e8mes \u00e9lectromagn\u00e9tiques utilisent une bobine et un courant alternatif qui produisent un champ magn\u00e9tique autour de l&rsquo;anneau. Un champ ult\u00e9rieur est ensuite produit dans le sol \u00e9tudi\u00e9 pour compenser la force de la bobine. Ce champ magn\u00e9tique auxiliaire est ensuite mesur\u00e9 et interpr\u00e9t\u00e9. D&rsquo;autre part, les magn\u00e9tom\u00e8tres sont utilis\u00e9s pour collecter des mesures du champ magn\u00e9tique terrestre. Ces instruments de lev\u00e9 g\u00e9ophysique sont utilis\u00e9s \u00e0 plusieurs fins, notamment :\u00a0<\/p><ul><li>La cartographie des contaminations<\/li><li>La d\u00e9tection des m\u00e9taux sous la surface<\/li><li>L&rsquo;exploration des min\u00e9raux<\/li><li>Cartographie g\u00e9ologique<\/li><li>L&rsquo;exploration des nappes phr\u00e9atiques<\/li><li>Enqu\u00eates p\u00e9troli\u00e8res et gazi\u00e8res<\/li><\/ul><ol start=\"4\"><li><u>GPS<\/u><\/li><\/ol><p>Le GPS est un syst\u00e8me de navigation qui re\u00e7oit les fr\u00e9quences radio des satellites qui tournent constamment autour de la terre. Les appareils GPS d\u00e9codent et calculent l&#8217;emplacement exact du satellite avant d&rsquo;utiliser ces signaux de donn\u00e9es pour calculer l&#8217;emplacement pr\u00e9cis d&rsquo;un utilisateur. Ces appareils sont utilis\u00e9s dans plusieurs industries, notamment :<\/p><ul><li>Agriculture<\/li><li>A\u00e9rospatial\u00a0\u00a0<\/li><li>Drone dans<\/li><li>La d\u00e9fense<\/li><li>Automobile<\/li><\/ul><ol start=\"5\"><li><u>Syst\u00e8mes sismiques marins<\/u><\/li><\/ol><p>Fibrotek Mat\u00e9riaux Avanc\u00e9s est heureux d&rsquo;offrir l&rsquo;acc\u00e8s \u00e0 plusieurs syst\u00e8mes sismiques marins avec diverses techniques, notamment :<\/p><ul><li>Bathym\u00e9trie<\/li><li>Sonar \u00e0 balayage lat\u00e9ral<\/li><li>Sismique<\/li><li>Profilage sous-fond<\/li><li>Bathym\u00e9trie de fauch\u00e9e<\/li><li>Mesures de courant et de mar\u00e9e<\/li><li>Magn\u00e9tom\u00e9trie<\/li><li>S\u00e9curit\u00e9 maritime<\/li><li>Pr\u00e9l\u00e8vement d&rsquo;eau et imagerie sous-marine<\/li><\/ul><p>Ces syst\u00e8mes sont \u00e9galement largement utilis\u00e9s dans diverses applications allant de l&rsquo;exploration mini\u00e8re et des mineurs, des lev\u00e9s g\u00e9ologiques et g\u00e9otechniques, de l&rsquo;exploration p\u00e9troli\u00e8re et gazi\u00e8re, des circonstances environnementales, etc.<\/p><ol start=\"6\"><li><u>Georadar<\/u><\/li><\/ol><p>Le radar \u00e0 p\u00e9n\u00e9tration de sol (GPR) utilise strat\u00e9giquement l&rsquo;\u00e9nergie radar pour p\u00e9n\u00e9trer profond\u00e9ment dans la surface du sol. Cette \u00e9nergie est ensuite r\u00e9fl\u00e9chie si quelque chose interf\u00e8re. Le radar \u00e0 p\u00e9n\u00e9tration de sol est utilis\u00e9 dans plusieurs industries, notamment :<\/p><ul><li>La construction de routes et de ponts<\/li><li>\u00c9tudes environnementales<\/li><li>Infrastructures civiles<\/li><li>Cartographie des vides et du karst<\/li><li>Cartographie g\u00e9ologique<\/li><li>L&rsquo;\u00e9tude de l&rsquo;\u00e9paisseur de la glace<\/li><\/ul><ol start=\"7\"><li><u>LiDAR<\/u><\/li><\/ol><p>LiDAR est un instrument de lev\u00e9 g\u00e9ophysique, \u00e9galement connu sous le nom de d\u00e9tection et t\u00e9l\u00e9m\u00e9trie de la lumi\u00e8re. Il utilise un laser puls\u00e9 pour mesurer des distances variables par rapport \u00e0 la terre. Cet appareil g\u00e9n\u00e8re des informations 3D pr\u00e9cises et ses caract\u00e9ristiques de surface. Le LiDAR est utilis\u00e9 pour :<\/p><ul><li>R\u00e9alisation de cartes de rivages<\/li><li>Dans les op\u00e9rations d&rsquo;intervention d&rsquo;urgence<\/li><li>Pour mesurer la hauteur et la densit\u00e9 de la v\u00e9g\u00e9tation<\/li><\/ul><p>Et beaucoup plus.<\/p><ol start=\"8\"><li><u>Sismique R\u00e9fraction et R\u00e9flexion<\/u><\/li><\/ol><p>Une r\u00e9fraction ou r\u00e9flexion sismique est une combinaison de sismographes align\u00e9s le long de la surface de la terre. Il est utilis\u00e9 pour enregistrer les fluctuations sismiques produites par une explosion ou un tremblement de terre pour indiquer les r\u00e9flexions et les r\u00e9fractions de ces fr\u00e9quences \u00e0 partir des perturbations de vitesse \u00e0 l&rsquo;int\u00e9rieur de la surface de la terre. Cette technologie est utilis\u00e9e dans diverses industries pour :<\/p><ul><li>Explorer les structures de pi\u00e9geage des hydrocarbures<\/li><li>L&rsquo;exploration du p\u00e9trole et du gaz<\/li><\/ul><p>Et beaucoup plus.<\/p><p><strong>Contactez Fibrotek Mat\u00e9riaux Avanc\u00e9s d\u00e8s aujourd&rsquo;hui<\/strong><\/p><p>Chez <u>Fibrotek Mat\u00e9riaux Avanc\u00e9s<\/u>, nous cumulons des ann\u00e9es d&rsquo;exp\u00e9rience et d&rsquo;autorit\u00e9 dans l&rsquo;industrie. Notre \u00e9quipe est plus que pr\u00e9par\u00e9e avec les connaissances et l&rsquo;\u00e9quipement de l&rsquo;industrie pour vous livrer avec excellence en fonction des instruments de lev\u00e9 g\u00e9ophysique dont vous avez besoin pour le travail. Que vous sachiez d\u00e9j\u00e0 ce que vous cherchez ou que vous ayez besoin de conseils, <u>Fibrotek Mat\u00e9riaux Avanc\u00e9s<\/u> est l\u00e0 pour vous aider avec vos besoins et vos sp\u00e9cifications.<\/p><p>Pour en savoir plus sur la fa\u00e7on dont nous pouvons vous aider \u00e0 acheter des instruments de levage g\u00e9ophysique, veuillez nous contacter au (418) -439-0999, veuillez r\u00e9server un appel avec notre \u00e9quipe d&rsquo;experts divers. Nous sommes impatients de travailler avec vous.<\/p>\t\t\t\t\t\t\t\t<\/div>\n\t\t\t\t<\/div>\n\t\t\t\t\t<\/div>\n\t\t<\/div>\n\t\t\t\t\t<\/div>\n\t\t<\/section>\n\t\t\t\t<section class=\"elementor-section elementor-top-section elementor-element elementor-element-26eeb9de elementor-section-boxed elementor-section-height-default elementor-section-height-default\" data-id=\"26eeb9de\" data-element_type=\"section\" data-e-type=\"section\">\n\t\t\t\t\t\t<div class=\"elementor-container elementor-column-gap-default\">\n\t\t\t\t\t<div class=\"elementor-column elementor-col-100 elementor-top-column elementor-element elementor-element-6becfa3\" data-id=\"6becfa3\" data-element_type=\"column\" data-e-type=\"column\">\n\t\t\t<div class=\"elementor-widget-wrap\">\n\t\t\t\t\t\t\t<\/div>\n\t\t<\/div>\n\t\t\t\t\t<\/div>\n\t\t<\/section>\n\t\t\t\t<\/div>\n\t\t","protected":false},"excerpt":{"rendered":"<p>\u00c9QUIPEMENT DE LEV\u00c9 GEOPHYSIQUE \u00c0 VENDRE \u00c9quipement De Lev\u00e9 G\u00e9ophysique \u00c0 Vendre Outre la fabrication d&rsquo;outils composites et de pi\u00e8ces et composants de haute pr\u00e9cision pour des clients des secteurs de l&rsquo;a\u00e9rospatiale, de l&rsquo;automobile et des drones dans le monde entier, Fibrotek Mat\u00e9riaux Avanc\u00e9s s&rsquo;engage \u00e9galement \u00e0 fournir des \u00e9quipements de sondage g\u00e9ophysique innovants pour [&hellip;]<\/p>\n","protected":false},"author":1,"featured_media":0,"parent":342,"menu_order":0,"comment_status":"closed","ping_status":"closed","template":"","meta":{"ocean_post_layout":"","ocean_both_sidebars_style":"","ocean_both_sidebars_content_width":0,"ocean_both_sidebars_sidebars_width":0,"ocean_sidebar":"0","ocean_second_sidebar":"0","ocean_disable_margins":"enable","ocean_add_body_class":"","ocean_shortcode_before_top_bar":"","ocean_shortcode_after_top_bar":"","ocean_shortcode_before_header":"","ocean_shortcode_after_header":"","ocean_has_shortcode":"","ocean_shortcode_after_title":"","ocean_shortcode_before_footer_widgets":"","ocean_shortcode_after_footer_widgets":"","ocean_shortcode_before_footer_bottom":"","ocean_shortcode_after_footer_bottom":"","ocean_display_top_bar":"default","ocean_display_header":"default","ocean_header_style":"","ocean_center_header_left_menu":"0","ocean_custom_header_template":"0","ocean_custom_logo":0,"ocean_custom_retina_logo":0,"ocean_custom_logo_max_width":0,"ocean_custom_logo_tablet_max_width":0,"ocean_custom_logo_mobile_max_width":0,"ocean_custom_logo_max_height":0,"ocean_custom_logo_tablet_max_height":0,"ocean_custom_logo_mobile_max_height":0,"ocean_header_custom_menu":"0","ocean_menu_typo_font_family":"0","ocean_menu_typo_font_subset":"","ocean_menu_typo_font_size":0,"ocean_menu_typo_font_size_tablet":0,"ocean_menu_typo_font_size_mobile":0,"ocean_menu_typo_font_size_unit":"px","ocean_menu_typo_font_weight":"","ocean_menu_typo_font_weight_tablet":"","ocean_menu_typo_font_weight_mobile":"","ocean_menu_typo_transform":"","ocean_menu_typo_transform_tablet":"","ocean_menu_typo_transform_mobile":"","ocean_menu_typo_line_height":0,"ocean_menu_typo_line_height_tablet":0,"ocean_menu_typo_line_height_mobile":0,"ocean_menu_typo_line_height_unit":"","ocean_menu_typo_spacing":0,"ocean_menu_typo_spacing_tablet":0,"ocean_menu_typo_spacing_mobile":0,"ocean_menu_typo_spacing_unit":"","ocean_menu_link_color":"","ocean_menu_link_color_hover":"","ocean_menu_link_color_active":"","ocean_menu_link_background":"","ocean_menu_link_hover_background":"","ocean_menu_link_active_background":"","ocean_menu_social_links_bg":"","ocean_menu_social_hover_links_bg":"","ocean_menu_social_links_color":"","ocean_menu_social_hover_links_color":"","ocean_disable_title":"default","ocean_disable_heading":"default","ocean_post_title":"","ocean_post_subheading":"","ocean_post_title_style":"","ocean_post_title_background_color":"","ocean_post_title_background":0,"ocean_post_title_bg_image_position":"","ocean_post_title_bg_image_attachment":"","ocean_post_title_bg_image_repeat":"","ocean_post_title_bg_image_size":"","ocean_post_title_height":0,"ocean_post_title_bg_overlay":0.5,"ocean_post_title_bg_overlay_color":"","ocean_disable_breadcrumbs":"default","ocean_breadcrumbs_color":"","ocean_breadcrumbs_separator_color":"","ocean_breadcrumbs_links_color":"","ocean_breadcrumbs_links_hover_color":"","ocean_display_footer_widgets":"default","ocean_display_footer_bottom":"default","ocean_custom_footer_template":"1508","footnotes":""},"class_list":["post-1854","page","type-page","status-publish","hentry","entry"],"_links":{"self":[{"href":"https:\/\/fibrotek.com\/fr_fr\/wp-json\/wp\/v2\/pages\/1854","targetHints":{"allow":["GET"]}}],"collection":[{"href":"https:\/\/fibrotek.com\/fr_fr\/wp-json\/wp\/v2\/pages"}],"about":[{"href":"https:\/\/fibrotek.com\/fr_fr\/wp-json\/wp\/v2\/types\/page"}],"author":[{"embeddable":true,"href":"https:\/\/fibrotek.com\/fr_fr\/wp-json\/wp\/v2\/users\/1"}],"replies":[{"embeddable":true,"href":"https:\/\/fibrotek.com\/fr_fr\/wp-json\/wp\/v2\/comments?post=1854"}],"version-history":[{"count":12,"href":"https:\/\/fibrotek.com\/fr_fr\/wp-json\/wp\/v2\/pages\/1854\/revisions"}],"predecessor-version":[{"id":2249,"href":"https:\/\/fibrotek.com\/fr_fr\/wp-json\/wp\/v2\/pages\/1854\/revisions\/2249"}],"up":[{"embeddable":true,"href":"https:\/\/fibrotek.com\/fr_fr\/wp-json\/wp\/v2\/pages\/342"}],"wp:attachment":[{"href":"https:\/\/fibrotek.com\/fr_fr\/wp-json\/wp\/v2\/media?parent=1854"}],"curies":[{"name":"wp","href":"https:\/\/api.w.org\/{rel}","templated":true}]}}