{"id":1872,"date":"2021-12-02T15:55:55","date_gmt":"2021-12-02T20:55:55","guid":{"rendered":"https:\/\/fibrotek.com\/?page_id=1872"},"modified":"2023-01-25T13:32:42","modified_gmt":"2023-01-25T18:32:42","slug":"fabrication-de-composites","status":"publish","type":"page","link":"https:\/\/fibrotek.com\/fr_fr\/nouveautes\/fabrication-de-composites\/","title":{"rendered":"Composite Manufacturing"},"content":{"rendered":"\t\t<div data-elementor-type=\"wp-page\" data-elementor-id=\"1872\" class=\"elementor elementor-1872\">\n\t\t\t\t\t\t<section class=\"elementor-section elementor-top-section elementor-element elementor-element-7ceac3d1 elementor-section-height-min-height elementor-section-content-middle elementor-section-stretched elementor-section-boxed elementor-section-height-default elementor-section-items-middle\" data-id=\"7ceac3d1\" data-element_type=\"section\" data-e-type=\"section\" data-settings=\"{&quot;background_background&quot;:&quot;classic&quot;,&quot;stretch_section&quot;:&quot;section-stretched&quot;}\">\n\t\t\t\t\t\t\t<div class=\"elementor-background-overlay\"><\/div>\n\t\t\t\t\t\t\t<div class=\"elementor-container elementor-column-gap-default\">\n\t\t\t\t\t<div class=\"elementor-column elementor-col-100 elementor-top-column elementor-element elementor-element-165ca8b3\" data-id=\"165ca8b3\" data-element_type=\"column\" data-e-type=\"column\">\n\t\t\t<div class=\"elementor-widget-wrap elementor-element-populated\">\n\t\t\t\t\t\t<div class=\"elementor-element elementor-element-7f40c6d9 elementor-widget elementor-widget-heading\" data-id=\"7f40c6d9\" data-element_type=\"widget\" data-e-type=\"widget\" data-widget_type=\"heading.default\">\n\t\t\t\t<div class=\"elementor-widget-container\">\n\t\t\t\t\t<h4 class=\"elementor-heading-title elementor-size-default\">FABRICATION DE COMPOSITES<\/h4>\t\t\t\t<\/div>\n\t\t\t\t<\/div>\n\t\t\t\t\t<\/div>\n\t\t<\/div>\n\t\t\t\t\t<\/div>\n\t\t<\/section>\n\t\t\t\t<section class=\"elementor-section elementor-top-section elementor-element elementor-element-bc3d947 elementor-section-content-middle elementor-section-stretched elementor-section-boxed elementor-section-height-default elementor-section-height-default\" data-id=\"bc3d947\" data-element_type=\"section\" data-e-type=\"section\" data-settings=\"{&quot;stretch_section&quot;:&quot;section-stretched&quot;}\">\n\t\t\t\t\t\t<div class=\"elementor-container elementor-column-gap-no\">\n\t\t\t\t\t<div class=\"elementor-column elementor-col-100 elementor-top-column elementor-element elementor-element-4d13fe43\" data-id=\"4d13fe43\" data-element_type=\"column\" data-e-type=\"column\">\n\t\t\t<div class=\"elementor-widget-wrap elementor-element-populated\">\n\t\t\t\t\t\t<div class=\"elementor-element elementor-element-7203db0 elementor-widget-divider--view-line elementor-widget elementor-widget-divider\" data-id=\"7203db0\" data-element_type=\"widget\" data-e-type=\"widget\" data-widget_type=\"divider.default\">\n\t\t\t\t<div class=\"elementor-widget-container\">\n\t\t\t\t\t\t\t<div class=\"elementor-divider\">\n\t\t\t<span class=\"elementor-divider-separator\">\n\t\t\t\t\t\t<\/span>\n\t\t<\/div>\n\t\t\t\t\t\t<\/div>\n\t\t\t\t<\/div>\n\t\t\t\t<div class=\"elementor-element elementor-element-4b342103 elementor-widget elementor-widget-text-editor\" data-id=\"4b342103\" data-element_type=\"widget\" data-e-type=\"widget\" data-widget_type=\"text-editor.default\">\n\t\t\t\t<div class=\"elementor-widget-container\">\n\t\t\t\t\t\t\t\t\t<h1><strong>Fabrication De Composites<\/strong><\/h1><p>Avec plus de 20 ans d&rsquo;exp\u00e9rience en tant que soci\u00e9t\u00e9 leader dans la fabrication et l&rsquo;ing\u00e9nierie de composites pour l&rsquo;industrie a\u00e9rospatiale, automobile et des drones, <u>Fibrotek Mat\u00e9riaux Avanc\u00e9s<\/u> s&rsquo;engage \u00e0 repousser les limites de la conception d&rsquo;outils innovants et de l&rsquo;efficacit\u00e9 de la production en reconnaissant la valeur de l&rsquo;utilisation de mat\u00e9riaux composites.<\/p><p>L&rsquo;une des nombreuses difficult\u00e9s rencontr\u00e9es par les industries dans lesquelles nous travaillons est la capacit\u00e9 de produire des m\u00e9canismes et des pi\u00e8ces de qualit\u00e9 sup\u00e9rieure \u00e0 un poids r\u00e9duit pour augmenter l&rsquo;efficacit\u00e9 \u00e9nerg\u00e9tique. En raison de la complexit\u00e9 de la conception, des exigences dimensionnelles et des exigences de production, les fabricants doivent avoir acc\u00e8s \u00e0 des solutions d&rsquo;outillage robustes.<\/p><p>Cependant, les outils durs qui sont g\u00e9n\u00e9ralement construits \u00e0 partir de compos\u00e9s m\u00e9talliques comme l&rsquo;aluminium, le nickel et l&rsquo;acier souffrent de lacunes importantes qui peuvent rendre le processus de production plus compliqu\u00e9 et plus long qu&rsquo;il ne devrait l&rsquo;\u00eatre. Par exemple, en raison du poids des m\u00e9taux, les ouvriers de la production auront des difficult\u00e9s \u00e0 les d\u00e9placer facilement. Ils sont \u00e9galement extr\u00eamement co\u00fbteux \u00e0 fabriquer et leur conductivit\u00e9 thermique peut allonger les temps de durcissement et rendre difficile la v\u00e9rification du durcissement.<\/p><p>C&rsquo;est pourquoi <u>Fibrotek Mat\u00e9riaux Avanc\u00e9s<\/u> utilise les avantages des mat\u00e9riaux composites pour fabriquer des outils souples qui peuvent offrir aux clients plusieurs avantages, notamment :\u00a0<\/p><ul><li>Assemblage efficace de conceptions et de formes complexes<\/li><li>Augmenter la force de l&rsquo;outil<\/li><li>Une perte de poids d&rsquo;environ 20 \u00e0 50 %.<\/li><li>Robustesse am\u00e9lior\u00e9e aux dommages importants<\/li><li>Constance thermique en cas d&rsquo;exposition \u00e0 des ajustements rapides de temp\u00e9rature<\/li><li>L&rsquo;\u00e9limination compl\u00e8te des probl\u00e8mes de corrosion<\/li><li>Une r\u00e9silience accrue contre les impacts importants<\/li><\/ul><p><strong>Quels mat\u00e9riaux composites utilisons-nous ?<\/strong><\/p><p>Chez <u>Fibrotek Mat\u00e9riaux Avanc\u00e9s<\/u>, nous sommes fiers d&rsquo;utiliser divers mat\u00e9riaux composites dans nos lignes de production pour fabriquer de mani\u00e8re transparente des produits pour nos clients, quelles que soient leurs sp\u00e9cifications et leurs exigences. Nous utilisons un m\u00e9lange des mat\u00e9riaux suivants pour construire des outils hybrides innovants qui offrent l&rsquo;avantage des outils durs et souples pour maximiser les performances et r\u00e9duire les obstacles tout au long de la cha\u00eene de production :<\/p><ul><li>Fibre de carbone<\/li><li>Kevlar<\/li><li>Fibre de verre<\/li><li>Graphite<\/li><li>Tableaux d&rsquo;outillage<\/li><li>\u00c9poxy et autres r\u00e9sines synth\u00e9tiques thermodurcissables et polym\u00e8res<\/li><li>Stratifi\u00e9 sandwich composite<\/li><li>Aluminium<\/li><li>Acier<\/li><li>Bois<\/li><li>Pl\u00e2tre<\/li><\/ul><p><strong>M\u00e9thodes de fabrication composites<\/strong><\/p><p>Nos sous-structures de cadre exclusivement assembl\u00e9es sont fabriqu\u00e9es en aluminium massif ou en acier, offrant la robustesse, la sup\u00e9riorit\u00e9 et la possibilit\u00e9 de faible retrait n\u00e9cessaires. Nos vastes comp\u00e9tences en entrep\u00f4t comprennent :<\/p><ul><li>Usinage 3, 4 et 5 axes<\/li><li>Autoclavage<\/li><li>Fabrication additive ou impression 3D\u00a0\u00a0<\/li><li>Assembl\u00e9e<\/li><li>Exposition de prototypes et de mod\u00e8les \u00e0 des fins de d\u00e9monstration<\/li><\/ul><p>Gr\u00e2ce \u00e0 nos machines robustes, \u00e0 nos professionnels de pointe et \u00e0 notre technologie innovante, nous sommes en mesure d&#8217;employer plusieurs m\u00e9thodes de fabrication de composites, notamment :<\/p><p>Moulage ouvert : Un m\u00e9lange de mat\u00e9riaux composites est strat\u00e9giquement plac\u00e9 dans un moule ouvert o\u00f9 ils sont durcis naturellement avec l&rsquo;air, ce qui le rend parfait pour les petites exigences de production.<\/p><p>Moulage ferm\u00e9 : un m\u00e9lange de mat\u00e9riaux composites est efficacement durci \u00e0 l&rsquo;int\u00e9rieur d&rsquo;un moule \u00e0 deux faces, ce qui le rend id\u00e9al pour les volumes de production \u00e9lev\u00e9s.<\/p><p>Moulage en polym\u00e8re coul\u00e9 : un m\u00e9lange de r\u00e9sine et de fibres est plac\u00e9 dans un moule et durcit.<\/p><p>Notre \u00e9quipe vous consultera lors de la phase de planification initiale pour d\u00e9terminer quelle m\u00e9thode d&rsquo;outillage composite convient aux exigences de votre projet.\u00a0<\/p><p><strong>Le processus de d\u00e9veloppement de mat\u00e9riaux avanc\u00e9s de Fibrotek<\/strong><\/p><p><u>Fibrotek Mat\u00e9riaux Avanc\u00e9s<\/u> s&rsquo;engage \u00e0 superviser l&rsquo;ensemble du processus de d\u00e9veloppement, des concepts initiaux et de la conception \u00e0 l&rsquo;ex\u00e9cution des produits de nos clients. Notre proc\u00e9dure de d\u00e9veloppement comprend :<\/p><ol><li>La consultation initiale : les clients auront l&rsquo;occasion de rencontrer notre \u00e9quipe d&rsquo;ing\u00e9nierie et de conception en t\u00eate-\u00e0-t\u00eate afin que nous puissions acqu\u00e9rir une meilleure compr\u00e9hension de vos exigences et de vos sp\u00e9cifications pour le projet.<\/li><li>La conception de votre moule : notre \u00e9quipe concevra vos moules et assurera une exactitude pr\u00e9cise en 3D, quelle que soit leur complexit\u00e9.<\/li><li>Pr\u00e9sentation du prototype : Nous fournirons ensuite \u00e0 votre \u00e9quipe un premier prototype \u00e0 des fins de d\u00e9monstration avant de passer \u00e0 la production.<\/li><li>Production : Notre \u00e9quipe de production fabriquera vos outils souples en utilisant des mat\u00e9riaux composites innovants sans faire appel \u00e0 des sous-traitants tiers pour vous faire \u00e9conomiser de l&rsquo;argent.<\/li><li>Contr\u00f4le de la qualit\u00e9 : <u>Fibrotek Mat\u00e9riaux Avanc\u00e9s<\/u> supervise m\u00e9thodiquement le contr\u00f4le et la qualit\u00e9 des produits, y compris l&rsquo;utilisation de mesures pr\u00e9cises \u00e0 l&rsquo;aide de notre scanner HandyScan 3D.<\/li><li>Post-production : <u>Fibrotek Mat\u00e9riaux Avanc\u00e9s<\/u> emballera et livrera professionnellement vos mat\u00e9riaux composites selon vos sp\u00e9cifications et vos exigences.<\/li><\/ol><p><strong>Nos certifications de contr\u00f4le qualit\u00e9\u00a0<\/strong><\/p><p>Notre entreprise de fabrication de composites s&rsquo;efforce de produire des produits d&rsquo;excellence pour nos clients. C&rsquo;est pourquoi nous nous engageons \u00e0 rester en conformit\u00e9 avec plusieurs certifications qualit\u00e9 dont :<\/p><ul><li>ISO 9001 : 2015 Management de la Qualit\u00e9<\/li><li>Gestion de la qualit\u00e9 AS 9100 pour l&rsquo;a\u00e9rospatiale et la d\u00e9fense<\/li><\/ul><p>Notre entreprise est \u00e9galement enregistr\u00e9e dans le cadre du Programme canadien des produits contr\u00f4l\u00e9s (PMC) et conforme \u00e0 l&rsquo;ITAR.<\/p><p><strong>Inspections approfondies \u00e0 toutes les \u00e9tapes de la production<\/strong><\/p><p><u>Fibrotek Mat\u00e9riaux Avanc\u00e9s<\/u> utilise diverses r\u00e9solutions de mesure \u00e0 toutes les \u00e9tapes du cycle de vie de nos produits \u00e0 l&rsquo;aide de logiciels et d&rsquo;appareils syst\u00e9matiques innovants, notamment HandyScan 3D, un scanner 3D de calcul portable. Ce scanner 3D portable moderne pr\u00e9sente directement des scans 3D pr\u00e9cis et haute r\u00e9solution avec des surfaces complexes dans tous les \u00e9tats environnementaux. Il transf\u00e8re \u00e9galement une nettet\u00e9 jusqu&rsquo;\u00e0 0,030 mm (0,0012 po) et une r\u00e9solution maximale de 0,050 mm (0,0020 po).<\/p><p>De plus, son \u00e9chelle culminante est de 480 000 mesures\/s. <u>Fibrotek Mat\u00e9riaux Avanc\u00e9s<\/u> utilise ensuite ces donn\u00e9es en combinaison avec un logiciel de post-traitement. Les donn\u00e9es du scan 3D sont ensuite collect\u00e9es et transf\u00e9r\u00e9es efficacement sous forme de fichier 3D simple pour analyse. <u>Fibrotek Mat\u00e9riaux Avanc\u00e9s<\/u> produit la num\u00e9risation 3D cons\u00e9cutive de notre client, quelle que soit la taille des cadres, la complexit\u00e9 de la conception, nos mat\u00e9riaux composites utilis\u00e9s ou l&rsquo;ext\u00e9rieur avec ce scanner de produit innovant.\u00a0<\/p><p><strong>Contactez Fibrotek Mat\u00e9riaux Avanc\u00e9s d\u00e8s aujourd&rsquo;hui<\/strong>\u00a0<\/p><p>Chez <u>Fibrotek Mat\u00e9riaux Avanc\u00e9s<\/u>, nous sommes une entreprise de fabrication de composites qui appr\u00e9cie la complexit\u00e9 et l&rsquo;importance des solutions d&rsquo;outillage r\u00e9volutionnaires pour les clients. Avec des ann\u00e9es d&rsquo;expertise et d&rsquo;influence de l&rsquo;industrie, notre \u00e9quipe d&rsquo;ing\u00e9nieurs, de chefs de projet et de professionnels de la production est pr\u00e9par\u00e9e avec les connaissances, le savoir-faire expert et les machines de fabrication pour personnaliser des produits de haute qualit\u00e9 en fonction de vos besoins en tant qu&rsquo;entreprise.<\/p><p>Pour en savoir plus sur la fa\u00e7on dont nous pouvons vous aider avec tous vos besoins de fabrication de composites, veuillez nous appeler au (418) -439-0999 pour r\u00e9server un appel de consultation avec notre \u00e9quipe d&rsquo;experts divers. Nous avons h\u00e2te de travailler avec vous.<\/p>\t\t\t\t\t\t\t\t<\/div>\n\t\t\t\t<\/div>\n\t\t\t\t\t<\/div>\n\t\t<\/div>\n\t\t\t\t\t<\/div>\n\t\t<\/section>\n\t\t\t\t<section class=\"elementor-section elementor-top-section elementor-element elementor-element-26eeb9de elementor-section-boxed elementor-section-height-default elementor-section-height-default\" data-id=\"26eeb9de\" data-element_type=\"section\" data-e-type=\"section\">\n\t\t\t\t\t\t<div class=\"elementor-container elementor-column-gap-default\">\n\t\t\t\t\t<div class=\"elementor-column elementor-col-100 elementor-top-column elementor-element elementor-element-6becfa3\" data-id=\"6becfa3\" data-element_type=\"column\" data-e-type=\"column\">\n\t\t\t<div class=\"elementor-widget-wrap\">\n\t\t\t\t\t\t\t<\/div>\n\t\t<\/div>\n\t\t\t\t\t<\/div>\n\t\t<\/section>\n\t\t\t\t<\/div>\n\t\t","protected":false},"excerpt":{"rendered":"<p>FABRICATION DE COMPOSITES Fabrication De Composites Avec plus de 20 ans d&rsquo;exp\u00e9rience en tant que soci\u00e9t\u00e9 leader dans la fabrication et l&rsquo;ing\u00e9nierie de composites pour l&rsquo;industrie a\u00e9rospatiale, automobile et des drones, Fibrotek Mat\u00e9riaux Avanc\u00e9s s&rsquo;engage \u00e0 repousser les limites de la conception d&rsquo;outils innovants et de l&rsquo;efficacit\u00e9 de la production en reconnaissant la valeur de [&hellip;]<\/p>\n","protected":false},"author":1,"featured_media":0,"parent":342,"menu_order":0,"comment_status":"closed","ping_status":"closed","template":"","meta":{"ocean_post_layout":"","ocean_both_sidebars_style":"","ocean_both_sidebars_content_width":0,"ocean_both_sidebars_sidebars_width":0,"ocean_sidebar":"0","ocean_second_sidebar":"0","ocean_disable_margins":"enable","ocean_add_body_class":"","ocean_shortcode_before_top_bar":"","ocean_shortcode_after_top_bar":"","ocean_shortcode_before_header":"","ocean_shortcode_after_header":"","ocean_has_shortcode":"","ocean_shortcode_after_title":"","ocean_shortcode_before_footer_widgets":"","ocean_shortcode_after_footer_widgets":"","ocean_shortcode_before_footer_bottom":"","ocean_shortcode_after_footer_bottom":"","ocean_display_top_bar":"default","ocean_display_header":"default","ocean_header_style":"","ocean_center_header_left_menu":"0","ocean_custom_header_template":"0","ocean_custom_logo":0,"ocean_custom_retina_logo":0,"ocean_custom_logo_max_width":0,"ocean_custom_logo_tablet_max_width":0,"ocean_custom_logo_mobile_max_width":0,"ocean_custom_logo_max_height":0,"ocean_custom_logo_tablet_max_height":0,"ocean_custom_logo_mobile_max_height":0,"ocean_header_custom_menu":"0","ocean_menu_typo_font_family":"0","ocean_menu_typo_font_subset":"","ocean_menu_typo_font_size":0,"ocean_menu_typo_font_size_tablet":0,"ocean_menu_typo_font_size_mobile":0,"ocean_menu_typo_font_size_unit":"px","ocean_menu_typo_font_weight":"","ocean_menu_typo_font_weight_tablet":"","ocean_menu_typo_font_weight_mobile":"","ocean_menu_typo_transform":"","ocean_menu_typo_transform_tablet":"","ocean_menu_typo_transform_mobile":"","ocean_menu_typo_line_height":0,"ocean_menu_typo_line_height_tablet":0,"ocean_menu_typo_line_height_mobile":0,"ocean_menu_typo_line_height_unit":"","ocean_menu_typo_spacing":0,"ocean_menu_typo_spacing_tablet":0,"ocean_menu_typo_spacing_mobile":0,"ocean_menu_typo_spacing_unit":"","ocean_menu_link_color":"","ocean_menu_link_color_hover":"","ocean_menu_link_color_active":"","ocean_menu_link_background":"","ocean_menu_link_hover_background":"","ocean_menu_link_active_background":"","ocean_menu_social_links_bg":"","ocean_menu_social_hover_links_bg":"","ocean_menu_social_links_color":"","ocean_menu_social_hover_links_color":"","ocean_disable_title":"default","ocean_disable_heading":"default","ocean_post_title":"","ocean_post_subheading":"","ocean_post_title_style":"","ocean_post_title_background_color":"","ocean_post_title_background":0,"ocean_post_title_bg_image_position":"","ocean_post_title_bg_image_attachment":"","ocean_post_title_bg_image_repeat":"","ocean_post_title_bg_image_size":"","ocean_post_title_height":0,"ocean_post_title_bg_overlay":0.5,"ocean_post_title_bg_overlay_color":"","ocean_disable_breadcrumbs":"default","ocean_breadcrumbs_color":"","ocean_breadcrumbs_separator_color":"","ocean_breadcrumbs_links_color":"","ocean_breadcrumbs_links_hover_color":"","ocean_display_footer_widgets":"default","ocean_display_footer_bottom":"default","ocean_custom_footer_template":"1508","footnotes":""},"class_list":["post-1872","page","type-page","status-publish","hentry","entry"],"_links":{"self":[{"href":"https:\/\/fibrotek.com\/fr_fr\/wp-json\/wp\/v2\/pages\/1872","targetHints":{"allow":["GET"]}}],"collection":[{"href":"https:\/\/fibrotek.com\/fr_fr\/wp-json\/wp\/v2\/pages"}],"about":[{"href":"https:\/\/fibrotek.com\/fr_fr\/wp-json\/wp\/v2\/types\/page"}],"author":[{"embeddable":true,"href":"https:\/\/fibrotek.com\/fr_fr\/wp-json\/wp\/v2\/users\/1"}],"replies":[{"embeddable":true,"href":"https:\/\/fibrotek.com\/fr_fr\/wp-json\/wp\/v2\/comments?post=1872"}],"version-history":[{"count":12,"href":"https:\/\/fibrotek.com\/fr_fr\/wp-json\/wp\/v2\/pages\/1872\/revisions"}],"predecessor-version":[{"id":2219,"href":"https:\/\/fibrotek.com\/fr_fr\/wp-json\/wp\/v2\/pages\/1872\/revisions\/2219"}],"up":[{"embeddable":true,"href":"https:\/\/fibrotek.com\/fr_fr\/wp-json\/wp\/v2\/pages\/342"}],"wp:attachment":[{"href":"https:\/\/fibrotek.com\/fr_fr\/wp-json\/wp\/v2\/media?parent=1872"}],"curies":[{"name":"wp","href":"https:\/\/api.w.org\/{rel}","templated":true}]}}