{"id":2004,"date":"2022-04-18T08:11:37","date_gmt":"2022-04-18T13:11:37","guid":{"rendered":"https:\/\/fibrotek.com\/?page_id=2004"},"modified":"2024-02-13T18:28:44","modified_gmt":"2024-02-13T23:28:44","slug":"entreprise-de-moulage-de-fibre-de-carbone","status":"publish","type":"page","link":"https:\/\/fibrotek.com\/fr_fr\/nouveautes\/entreprise-de-moulage-de-fibre-de-carbone\/","title":{"rendered":"Carbon Fiber Manufacturing Company"},"content":{"rendered":"\t\t<div data-elementor-type=\"wp-page\" data-elementor-id=\"2004\" class=\"elementor elementor-2004\">\n\t\t\t\t\t\t<section class=\"elementor-section elementor-top-section elementor-element elementor-element-7ceac3d1 elementor-section-height-min-height elementor-section-content-middle elementor-section-stretched elementor-section-boxed elementor-section-height-default elementor-section-items-middle\" data-id=\"7ceac3d1\" data-element_type=\"section\" data-e-type=\"section\" data-settings=\"{&quot;background_background&quot;:&quot;classic&quot;,&quot;stretch_section&quot;:&quot;section-stretched&quot;}\">\n\t\t\t\t\t\t\t<div class=\"elementor-background-overlay\"><\/div>\n\t\t\t\t\t\t\t<div class=\"elementor-container elementor-column-gap-default\">\n\t\t\t\t\t<div class=\"elementor-column elementor-col-100 elementor-top-column elementor-element elementor-element-165ca8b3\" data-id=\"165ca8b3\" data-element_type=\"column\" data-e-type=\"column\">\n\t\t\t<div class=\"elementor-widget-wrap elementor-element-populated\">\n\t\t\t\t\t\t<div class=\"elementor-element elementor-element-7f40c6d9 elementor-widget elementor-widget-heading\" data-id=\"7f40c6d9\" data-element_type=\"widget\" data-e-type=\"widget\" data-widget_type=\"heading.default\">\n\t\t\t\t<div class=\"elementor-widget-container\">\n\t\t\t\t\t<h1 class=\"elementor-heading-title elementor-size-default\">ENTREPRISE DE FABRICATION DE FIBRE DE CARBONE<\/h1>\t\t\t\t<\/div>\n\t\t\t\t<\/div>\n\t\t\t\t\t<\/div>\n\t\t<\/div>\n\t\t\t\t\t<\/div>\n\t\t<\/section>\n\t\t\t\t<section class=\"elementor-section elementor-top-section elementor-element elementor-element-bc3d947 elementor-section-content-middle elementor-section-stretched elementor-section-boxed elementor-section-height-default elementor-section-height-default\" data-id=\"bc3d947\" data-element_type=\"section\" data-e-type=\"section\" data-settings=\"{&quot;stretch_section&quot;:&quot;section-stretched&quot;}\">\n\t\t\t\t\t\t<div class=\"elementor-container elementor-column-gap-no\">\n\t\t\t\t\t<div class=\"elementor-column elementor-col-100 elementor-top-column elementor-element elementor-element-4d13fe43\" data-id=\"4d13fe43\" data-element_type=\"column\" data-e-type=\"column\">\n\t\t\t<div class=\"elementor-widget-wrap elementor-element-populated\">\n\t\t\t\t\t\t<div class=\"elementor-element elementor-element-7203db0 elementor-widget-divider--view-line elementor-widget elementor-widget-divider\" data-id=\"7203db0\" data-element_type=\"widget\" data-e-type=\"widget\" data-widget_type=\"divider.default\">\n\t\t\t\t<div class=\"elementor-widget-container\">\n\t\t\t\t\t\t\t<div class=\"elementor-divider\">\n\t\t\t<span class=\"elementor-divider-separator\">\n\t\t\t\t\t\t<\/span>\n\t\t<\/div>\n\t\t\t\t\t\t<\/div>\n\t\t\t\t<\/div>\n\t\t\t\t<div class=\"elementor-element elementor-element-4b342103 elementor-widget elementor-widget-text-editor\" data-id=\"4b342103\" data-element_type=\"widget\" data-e-type=\"widget\" data-widget_type=\"text-editor.default\">\n\t\t\t\t<div class=\"elementor-widget-container\">\n\t\t\t\t\t\t\t\t\t<h2><strong>Entreprise De Moulage De Fibre De Carbone\u00a0<\/strong><\/h2><p>La fibre de carbone est un mat\u00e9riau composite pr\u00e9cieux largement utilis\u00e9 dans les industries de l&rsquo;a\u00e9rospatiale, de l&rsquo;automobile, des v\u00e9hicules a\u00e9riens sans pilote (UAV) et des submersibles pour plusieurs raisons, notamment sa r\u00e9sistance sup\u00e9rieure, ses rapports de densit\u00e9 et sa flexibilit\u00e9. De plus, si la fibre de carbone est un mat\u00e9riau composite qui offre des propri\u00e9t\u00e9s m\u00e9caniques exceptionnelles, elle est \u00e9galement l\u00e9g\u00e8re, ce qui en fait une offre tr\u00e8s recherch\u00e9e pour sa capacit\u00e9 \u00e0 augmenter l&rsquo;efficacit\u00e9 \u00e9nerg\u00e9tique par rapport \u00e0 l&rsquo;acier traditionnel et \u00e0 d&rsquo;autres mat\u00e9riaux m\u00e9talliques.\u00a0<\/p><p>Cependant, en raison de la n\u00e9cessit\u00e9 pour les pi\u00e8ces a\u00e9rospatiales, automobiles, UAV et submersibles d&rsquo;avoir un haut niveau de pr\u00e9cision pendant l&rsquo;\u00e9tape de production, des demandes de production importantes, des conceptions complexes et des exigences dimensionnelles, les entreprises de fabrication sont tenues d&rsquo;h\u00e9berger des outils solides, ou moules pour maintenir les rotations d&rsquo;assemblage et maintenir les cha\u00eenes d&rsquo;approvisionnement dans le monde entier. Reconnaissant l&rsquo;imp\u00e9ratif de cela, <u>Fibrotek Mat\u00e9riaux Avanc\u00e9s<\/u> s&rsquo;engage \u00e0 diriger l&rsquo;industrie manufacturi\u00e8re en tant que soci\u00e9t\u00e9 de moulage de fibre de carbone de premier plan.<\/p><p><strong>Moules en fibre de carbone<\/strong><\/p><p>Alors que la fabrication traditionnelle utilise des outils durs ou des moules construits \u00e0 partir de compos\u00e9s m\u00e9talliques tels que le nickel, l&rsquo;acier et l&rsquo;aluminium pour leur fiabilit\u00e9, <u>Fibrotek Mat\u00e9riaux Avanc\u00e9s<\/u> comprend que ces moules pr\u00e9sentent plusieurs insuffisances, notamment :<\/p><ul><li>Le poids des moules peut emp\u00eacher les travailleurs de la cha\u00eene de production de d\u00e9placer facilement les outils<\/li><li>Leur co\u00fbt de fabrication industriel \u00e9lev\u00e9<\/li><li>La conductivit\u00e9 thermique naturelle des m\u00e9taux peut augmenter les temps de durcissement et entra\u00eener des complications plus tard dans la cha\u00eene de production<\/li><li>Ils n\u00e9cessitent des proc\u00e9dures de finition et de polissage approfondies avant de pouvoir \u00eatre utilis\u00e9s<\/li><\/ul><p>C&rsquo;est pourquoi notre entreprise utilise des mat\u00e9riaux composites, tels que la r\u00e9sine \u00e9poxy renforc\u00e9e de fibres de carbone pour cr\u00e9er des outils souples (moules) qui peuvent \u00eatre enti\u00e8rement personnalis\u00e9s selon vos sp\u00e9cifications tout en vous offrant plusieurs autres avantages, notamment :<\/p><ul><li>Efficacit\u00e9 dans l&rsquo;assemblage de formes et de conceptions g\u00e9om\u00e9triques complexes si vous en avez besoin<\/li><li>Augmentation de la r\u00e9sistance de l&rsquo;outil avec un poids total inf\u00e9rieur de 20 \u00e0 50 %<\/li><li>Tol\u00e9rance aux dommages consid\u00e9rablement am\u00e9lior\u00e9e<\/li><li>Constance thermique en cas d&rsquo;exposition \u00e0 des changements rapides de temp\u00e9rature<\/li><li>L&rsquo;\u00e9limination compl\u00e8te des probl\u00e8mes de corrosion<\/li><li>R\u00e9sistance accrue contre les impacts importants<\/li><\/ul><p><strong>Moulures en fibre de carbone personnalis\u00e9es\u00a0<\/strong><\/p><p>Avec plus de 20 ans d&rsquo;exp\u00e9rience de travail avec des clients au Canada, aux \u00c9tats-Unis et au Mexique, <u>Fibrotek Mat\u00e9riaux Avanc\u00e9s<\/u> continue de diriger les normes de l&rsquo;industrie en tant que fabricant d&rsquo;outillage et soci\u00e9t\u00e9 d&rsquo;ing\u00e9nierie.<\/p><p>Notre objectif est d&rsquo;\u00e9tendre l&rsquo;innovation et un excellent service client en offrant aux clients des moulures en fibre de carbone de qualit\u00e9 sup\u00e9rieure \u00e0 un prix rentable. Pour ce faire, nous nous engageons \u00e9troitement dans chaque projet que nous entreprenons, qu&rsquo;il soit petit ou grand, et supervisons chaque d\u00e9tail depuis la conception initiale du prototype, tout au long de la cha\u00eene de production, jusqu&rsquo;\u00e0 la livraison finale. Non seulement cela garantit que nos normes de qualit\u00e9 et d&rsquo;inspection d\u00e9passent les attentes, mais cela nous permet \u00e9galement d&rsquo;\u00e9liminer les tiers et les exigences d&rsquo;externalisation pour vous faire \u00e9conomiser de l&rsquo;argent.<\/p><p>De plus, l&rsquo;entreprise <u>Fibrotek Mat\u00e9riaux Avanc\u00e9s<\/u> h\u00e9berge plusieurs technologies et machines de pointe pour aider notre \u00e9quipe \u00e0 fournir des r\u00e9sultats exceptionnels \u00e0 chaque fois, notamment :<\/p><ul><li>Usinage 3, 4 et 5 axes<\/li><li>Autoclavage<\/li><li>Fabrication additive ou impression 3D\u00a0\u00a0<\/li><li>Assembl\u00e9e<\/li><li>Exposition de prototypes et de mod\u00e8les \u00e0 des fins de d\u00e9monstration<\/li><\/ul><p><strong>Nos m\u00e9thodes de fabrication<\/strong><\/p><p>Chez <u>Fibrotek Mat\u00e9riaux Avanc\u00e9s<\/u>, nous utilisons plusieurs m\u00e9thodes de production innovantes pour nous aider \u00e0 fournir aux clients leurs sp\u00e9cifications uniques. Voici un aper\u00e7u de certaines de nos proc\u00e9dures que nous pouvons utiliser pour donner vie \u00e0 votre projet.<\/p><ul><li>Autoclave pr\u00e9impr\u00e9gn\u00e9<\/li><li>Pr\u00e9impr\u00e9gn\u00e9 hors autoclave<\/li><li>\u00c9poxy infus\u00e9<\/li><li>Fibres humides\u00a0<\/li><\/ul><p><strong>Le processus de d\u00e9veloppement de mat\u00e9riaux avanc\u00e9s de Fibrotek<\/strong>\u00a0<\/p><p>Comme nous l&rsquo;avons mentionn\u00e9, <u>Fibrotek Mat\u00e9riaux Avanc\u00e9s<\/u> s&rsquo;engage \u00e0 superviser l&rsquo;ensemble de votre projet, du lancement \u00e0 l&rsquo;ex\u00e9cution. Voici un aper\u00e7u de notre processus de d\u00e9veloppement en tant qu&rsquo;entreprise de moulage de fibre de carbone.<\/p><ol><li>Consultation initiale : vous rencontrerez notre \u00e9quipe d&rsquo;ing\u00e9nierie et de conception pour conna\u00eetre les exigences de votre travail.<\/li><li>Conception de votre moule : Notre \u00e9quipe concevra votre moule et assurera la pr\u00e9cision en 3D.<\/li><li>Prototype : <u>Fibrotek Mat\u00e9riaux Avanc\u00e9s<\/u> vous fournira un prototype \u00e0 des fins de d\u00e9monstration avant d&rsquo;aller de l&rsquo;avant.<\/li><li>Production : Notre \u00e9quipe de production r\u00e9alisera vos moulures en fibre de carbone.<\/li><li>Contr\u00f4le de la qualit\u00e9 : notre personnel supervise m\u00e9ticuleusement le contr\u00f4le des produits, y compris des mesures pr\u00e9cises \u00e0 l&rsquo;aide de notre HandyScan 3D.<\/li><li>Post-production : <u>Fibrotek Mat\u00e9riaux Avanc\u00e9s<\/u> emballera et livrera professionnellement vos moules en fibre de carbone.<\/li><\/ol><p>Gr\u00e2ce \u00e0 ce processus de d\u00e9veloppement, <u>Fibrotek Mat\u00e9riaux Avanc\u00e9s<\/u> est en mesure de se conformer \u00e0 nos plusieurs certifications qualifi\u00e9es, notamment :<\/p><p>ISO 9001 : 2015 Management de la Qualit\u00e9<\/p><p>Gestion de la qualit\u00e9 AS 9100 pour l&rsquo;a\u00e9rospatiale et la d\u00e9fense<\/p><p>Notre entreprise est \u00e9galement enregistr\u00e9e dans le cadre du Programme canadien des produits contr\u00f4l\u00e9s (PMC) et conforme \u00e0 l&rsquo;ITAR.\u00a0<\/p><p><strong>Nos normes d&rsquo;inspection<\/strong><\/p><p><u>Fibrotek Mat\u00e9riaux Avanc\u00e9s<\/u> utilise plusieurs solutions de mesure \u00e0 toutes les \u00e9tapes du cycle de vie de nos produits en utilisant des logiciels et des instruments scientifiques innovants, notamment HandyScan 3D, un scanner 3D de mesure mobile. Ce scanner 3D portable convaincant affiche imm\u00e9diatement des num\u00e9risations 3D pr\u00e9cises et haute r\u00e9solution avec des surfaces complexes dans toutes les conditions environnementales. Il atteint en outre une nettet\u00e9 jusqu&rsquo;\u00e0 0,030 mm (0,0012 pouce) et une r\u00e9solution maximale de 0,050 mm (0,0020 pouce).<\/p><p>De plus, son \u00e9chelle d&rsquo;acquisition maximale est de 480 000 mesures\/s. <u>Fibrotek Mat\u00e9riaux Avanc\u00e9s<\/u> applique ensuite ces informations en unification avec un logiciel de post-traitement. Les donn\u00e9es de la num\u00e9risation 3D sont ensuite facilement obtenues et efficacement export\u00e9es sous forme de fichier 3D simple pour r\u00e9vision, impression 3D et logiciel de CAO (CATIA, SolidWorks, Inventor, etc.). <u>Fibrotek Mat\u00e9riaux Avanc\u00e9s<\/u> offre \u00e0 nos clients une num\u00e9risation 3D continue malgr\u00e9 la taille des moulures, la complexit\u00e9 de la conception elle-m\u00eame, les mat\u00e9riaux utilis\u00e9s ou la surface avec ce scanner de production innovant.<\/p><p><strong>Contactez <u>Fibrotek Mat\u00e9riaux Avanc\u00e9s<\/u> d\u00e8s aujourd&rsquo;hui<\/strong>\u00a0<\/p><p>Chez <u>Fibrotek Mat\u00e9riaux Avanc\u00e9s<\/u>, nous offrons \u00e0 nos clients la confiance sachant qu&rsquo;ils ont \u00e9tabli un partenariat avec une entreprise qui comprend la complexit\u00e9 et l&rsquo;implication des moulages en fibre de carbone de pointe pour l&rsquo;a\u00e9rospatiale, l&rsquo;automobile, les UAV ou les submersibles pour les outils souples. Avec plus de 20 ans d&rsquo;exp\u00e9rience et d&rsquo;influence dans l&rsquo;industrie en tant qu&rsquo;entreprise de moulage de fibre de carbone, notre \u00e9quipe diversifi\u00e9e est bien pr\u00e9par\u00e9e avec la sensibilisation et les outils de fabrication pour vous offrir des produits de qualit\u00e9 et des exp\u00e9riences de service client exceptionnelles.<\/p><p><strong>Pour en savoir plus sur la fa\u00e7on dont nous pouvons vous aider et r\u00e9pondre aux besoins de votre entreprise, veuillez nous appeler au (418) -439-0999 pour r\u00e9server un appel de consultation avec notre \u00e9quipe d&rsquo;experts. Nous sommes impatients de travailler avec vous.<\/strong><\/p>\t\t\t\t\t\t\t\t<\/div>\n\t\t\t\t<\/div>\n\t\t\t\t\t<\/div>\n\t\t<\/div>\n\t\t\t\t\t<\/div>\n\t\t<\/section>\n\t\t\t\t<section class=\"elementor-section elementor-top-section elementor-element elementor-element-26eeb9de elementor-section-boxed elementor-section-height-default elementor-section-height-default\" data-id=\"26eeb9de\" data-element_type=\"section\" data-e-type=\"section\">\n\t\t\t\t\t\t<div class=\"elementor-container elementor-column-gap-default\">\n\t\t\t\t\t<div class=\"elementor-column elementor-col-100 elementor-top-column elementor-element elementor-element-6becfa3\" data-id=\"6becfa3\" data-element_type=\"column\" data-e-type=\"column\">\n\t\t\t<div class=\"elementor-widget-wrap\">\n\t\t\t\t\t\t\t<\/div>\n\t\t<\/div>\n\t\t\t\t\t<\/div>\n\t\t<\/section>\n\t\t\t\t<\/div>\n\t\t","protected":false},"excerpt":{"rendered":"<p>ENTREPRISE DE FABRICATION DE FIBRE DE CARBONE Entreprise De Moulage De Fibre De Carbone\u00a0 La fibre de carbone est un mat\u00e9riau composite pr\u00e9cieux largement utilis\u00e9 dans les industries de l&rsquo;a\u00e9rospatiale, de l&rsquo;automobile, des v\u00e9hicules a\u00e9riens sans pilote (UAV) et des submersibles pour plusieurs raisons, notamment sa r\u00e9sistance sup\u00e9rieure, ses rapports de densit\u00e9 et sa flexibilit\u00e9. [&hellip;]<\/p>\n","protected":false},"author":1,"featured_media":0,"parent":342,"menu_order":0,"comment_status":"closed","ping_status":"closed","template":"","meta":{"ocean_post_layout":"","ocean_both_sidebars_style":"","ocean_both_sidebars_content_width":0,"ocean_both_sidebars_sidebars_width":0,"ocean_sidebar":"0","ocean_second_sidebar":"0","ocean_disable_margins":"enable","ocean_add_body_class":"","ocean_shortcode_before_top_bar":"","ocean_shortcode_after_top_bar":"","ocean_shortcode_before_header":"","ocean_shortcode_after_header":"","ocean_has_shortcode":"","ocean_shortcode_after_title":"","ocean_shortcode_before_footer_widgets":"","ocean_shortcode_after_footer_widgets":"","ocean_shortcode_before_footer_bottom":"","ocean_shortcode_after_footer_bottom":"","ocean_display_top_bar":"default","ocean_display_header":"default","ocean_header_style":"","ocean_center_header_left_menu":"0","ocean_custom_header_template":"0","ocean_custom_logo":0,"ocean_custom_retina_logo":0,"ocean_custom_logo_max_width":0,"ocean_custom_logo_tablet_max_width":0,"ocean_custom_logo_mobile_max_width":0,"ocean_custom_logo_max_height":0,"ocean_custom_logo_tablet_max_height":0,"ocean_custom_logo_mobile_max_height":0,"ocean_header_custom_menu":"0","ocean_menu_typo_font_family":"0","ocean_menu_typo_font_subset":"","ocean_menu_typo_font_size":0,"ocean_menu_typo_font_size_tablet":0,"ocean_menu_typo_font_size_mobile":0,"ocean_menu_typo_font_size_unit":"px","ocean_menu_typo_font_weight":"","ocean_menu_typo_font_weight_tablet":"","ocean_menu_typo_font_weight_mobile":"","ocean_menu_typo_transform":"","ocean_menu_typo_transform_tablet":"","ocean_menu_typo_transform_mobile":"","ocean_menu_typo_line_height":0,"ocean_menu_typo_line_height_tablet":0,"ocean_menu_typo_line_height_mobile":0,"ocean_menu_typo_line_height_unit":"","ocean_menu_typo_spacing":0,"ocean_menu_typo_spacing_tablet":0,"ocean_menu_typo_spacing_mobile":0,"ocean_menu_typo_spacing_unit":"","ocean_menu_link_color":"","ocean_menu_link_color_hover":"","ocean_menu_link_color_active":"","ocean_menu_link_background":"","ocean_menu_link_hover_background":"","ocean_menu_link_active_background":"","ocean_menu_social_links_bg":"","ocean_menu_social_hover_links_bg":"","ocean_menu_social_links_color":"","ocean_menu_social_hover_links_color":"","ocean_disable_title":"default","ocean_disable_heading":"default","ocean_post_title":"","ocean_post_subheading":"","ocean_post_title_style":"","ocean_post_title_background_color":"","ocean_post_title_background":0,"ocean_post_title_bg_image_position":"","ocean_post_title_bg_image_attachment":"","ocean_post_title_bg_image_repeat":"","ocean_post_title_bg_image_size":"","ocean_post_title_height":0,"ocean_post_title_bg_overlay":0.5,"ocean_post_title_bg_overlay_color":"","ocean_disable_breadcrumbs":"default","ocean_breadcrumbs_color":"","ocean_breadcrumbs_separator_color":"","ocean_breadcrumbs_links_color":"","ocean_breadcrumbs_links_hover_color":"","ocean_display_footer_widgets":"default","ocean_display_footer_bottom":"default","ocean_custom_footer_template":"1508","footnotes":""},"class_list":["post-2004","page","type-page","status-publish","hentry","entry"],"_links":{"self":[{"href":"https:\/\/fibrotek.com\/fr_fr\/wp-json\/wp\/v2\/pages\/2004","targetHints":{"allow":["GET"]}}],"collection":[{"href":"https:\/\/fibrotek.com\/fr_fr\/wp-json\/wp\/v2\/pages"}],"about":[{"href":"https:\/\/fibrotek.com\/fr_fr\/wp-json\/wp\/v2\/types\/page"}],"author":[{"embeddable":true,"href":"https:\/\/fibrotek.com\/fr_fr\/wp-json\/wp\/v2\/users\/1"}],"replies":[{"embeddable":true,"href":"https:\/\/fibrotek.com\/fr_fr\/wp-json\/wp\/v2\/comments?post=2004"}],"version-history":[{"count":21,"href":"https:\/\/fibrotek.com\/fr_fr\/wp-json\/wp\/v2\/pages\/2004\/revisions"}],"predecessor-version":[{"id":2415,"href":"https:\/\/fibrotek.com\/fr_fr\/wp-json\/wp\/v2\/pages\/2004\/revisions\/2415"}],"up":[{"embeddable":true,"href":"https:\/\/fibrotek.com\/fr_fr\/wp-json\/wp\/v2\/pages\/342"}],"wp:attachment":[{"href":"https:\/\/fibrotek.com\/fr_fr\/wp-json\/wp\/v2\/media?parent=2004"}],"curies":[{"name":"wp","href":"https:\/\/api.w.org\/{rel}","templated":true}]}}