{"id":2018,"date":"2022-04-18T08:18:56","date_gmt":"2022-04-18T13:18:56","guid":{"rendered":"https:\/\/fibrotek.com\/?page_id=2018"},"modified":"2024-02-13T14:59:09","modified_gmt":"2024-02-13T19:59:09","slug":"materiaux-doutillage-composites","status":"publish","type":"page","link":"https:\/\/fibrotek.com\/fr_fr\/nouveautes\/materiaux-doutillage-composites\/","title":{"rendered":"Composite Tooling Materials\ufffc"},"content":{"rendered":"\t\t<div data-elementor-type=\"wp-page\" data-elementor-id=\"2018\" class=\"elementor elementor-2018\">\n\t\t\t\t\t\t<section class=\"elementor-section elementor-top-section elementor-element elementor-element-7ceac3d1 elementor-section-height-min-height elementor-section-content-middle elementor-section-stretched elementor-section-boxed elementor-section-height-default elementor-section-items-middle\" data-id=\"7ceac3d1\" data-element_type=\"section\" data-e-type=\"section\" data-settings=\"{&quot;background_background&quot;:&quot;classic&quot;,&quot;stretch_section&quot;:&quot;section-stretched&quot;}\">\n\t\t\t\t\t\t\t<div class=\"elementor-background-overlay\"><\/div>\n\t\t\t\t\t\t\t<div class=\"elementor-container elementor-column-gap-default\">\n\t\t\t\t\t<div class=\"elementor-column elementor-col-100 elementor-top-column elementor-element elementor-element-165ca8b3\" data-id=\"165ca8b3\" data-element_type=\"column\" data-e-type=\"column\">\n\t\t\t<div class=\"elementor-widget-wrap elementor-element-populated\">\n\t\t\t\t\t\t<div class=\"elementor-element elementor-element-7f40c6d9 elementor-widget elementor-widget-heading\" data-id=\"7f40c6d9\" data-element_type=\"widget\" data-e-type=\"widget\" data-widget_type=\"heading.default\">\n\t\t\t\t<div class=\"elementor-widget-container\">\n\t\t\t\t\t<h1 class=\"elementor-heading-title elementor-size-default\">MAT\u00c9RIAUX D'OUTILLAGE COMPOSITES<\/h1>\t\t\t\t<\/div>\n\t\t\t\t<\/div>\n\t\t\t\t\t<\/div>\n\t\t<\/div>\n\t\t\t\t\t<\/div>\n\t\t<\/section>\n\t\t\t\t<section class=\"elementor-section elementor-top-section elementor-element elementor-element-bc3d947 elementor-section-content-middle elementor-section-stretched elementor-section-boxed elementor-section-height-default elementor-section-height-default\" data-id=\"bc3d947\" data-element_type=\"section\" data-e-type=\"section\" data-settings=\"{&quot;stretch_section&quot;:&quot;section-stretched&quot;}\">\n\t\t\t\t\t\t<div class=\"elementor-container elementor-column-gap-no\">\n\t\t\t\t\t<div class=\"elementor-column elementor-col-100 elementor-top-column elementor-element elementor-element-4d13fe43\" data-id=\"4d13fe43\" data-element_type=\"column\" data-e-type=\"column\">\n\t\t\t<div class=\"elementor-widget-wrap elementor-element-populated\">\n\t\t\t\t\t\t<div class=\"elementor-element elementor-element-7203db0 elementor-widget-divider--view-line elementor-widget elementor-widget-divider\" data-id=\"7203db0\" data-element_type=\"widget\" data-e-type=\"widget\" data-widget_type=\"divider.default\">\n\t\t\t\t<div class=\"elementor-widget-container\">\n\t\t\t\t\t\t\t<div class=\"elementor-divider\">\n\t\t\t<span class=\"elementor-divider-separator\">\n\t\t\t\t\t\t<\/span>\n\t\t<\/div>\n\t\t\t\t\t\t<\/div>\n\t\t\t\t<\/div>\n\t\t\t\t<div class=\"elementor-element elementor-element-4b342103 elementor-widget elementor-widget-text-editor\" data-id=\"4b342103\" data-element_type=\"widget\" data-e-type=\"widget\" data-widget_type=\"text-editor.default\">\n\t\t\t\t<div class=\"elementor-widget-container\">\n\t\t\t\t\t\t\t\t\t<h2><strong>Mat\u00e9riaux D&rsquo;outillage Composites<\/strong><\/h2><p>Les entreprises a\u00e9rospatiales, automobiles et de fabrication d&rsquo;UAV en charge de la construction de m\u00e9canismes et de composants complexes et divers n\u00e9cessitent des outils robustes pour r\u00e9pondre aux demandes de production importantes et aux exigences dimensionnelles sp\u00e9cifiques. Alors que les outils conventionnels sont construits \u00e0 partir de compos\u00e9s m\u00e9talliques tels que le nickel, l&rsquo;acier et l&rsquo;aluminium pour leur fiabilit\u00e9, ils posent \u00e9galement des probl\u00e8mes de dur\u00e9e de vie en raison de leur poids inh\u00e9rent, de leurs co\u00fbts de fabrication et de leur conductivit\u00e9 thermique. Reconnaissant ces difficult\u00e9s, <u>Fibrotek Mat\u00e9riaux Avanc\u00e9s<\/u> s&rsquo;engage \u00e0 concevoir et fabriquer des mat\u00e9riaux d&rsquo;outillage composites pour les besoins de votre entreprise.<\/p><p><strong>Que sont les mat\u00e9riaux composites ?\u00a0<\/strong><\/p><p>Les mat\u00e9riaux composites sont construits \u00e0 partir de fibres solides et rigides qui sont int\u00e9gr\u00e9es dans une matrice de r\u00e9sine imp\u00e9n\u00e9trable. La raison pour laquelle les mat\u00e9riaux composites sont souhaitables pour les industries automobile et a\u00e9ronautique est en grande partie due \u00e0 leur rapport de densit\u00e9, \u00e0 leur r\u00e9sistance accrue, \u00e0 leur rigidit\u00e9 et \u00e0 d&rsquo;autres caract\u00e9ristiques physiques. De plus, l&rsquo;utilisation de mat\u00e9riaux composites dans la fabrication d&rsquo;outillage souple pr\u00e9sente plusieurs avantages, notamment :\u00a0<\/p><ul><li>Simplicit\u00e9 dans l&rsquo;assemblage de m\u00e9canismes complexes, y compris les formes et les mod\u00e8les de conception<\/li><li>Plus de r\u00e9sistance sans augmenter le poids total de l&rsquo;outil<\/li><li>Une diminution globale du poids, dans l&rsquo;outil lui-m\u00eame, de 20 \u00e0 50 %.<\/li><li>Tol\u00e9rance am\u00e9lior\u00e9e contre les dommages importants<\/li><li>Constance thermique en cas d&rsquo;exposition \u00e0 des changements rapides de temp\u00e9rature<\/li><li>\u00c9liminer compl\u00e8tement la possibilit\u00e9 de probl\u00e8mes de corrosion<\/li><li>R\u00e9silience accrue contre les impacts importants<\/li><\/ul><p>Avec plus de 20 ans d&rsquo;exp\u00e9rience dans l&rsquo;assistance aux clients des secteurs de l&rsquo;a\u00e9rospatiale, des drones, des submersibles et de l&rsquo;automobile, notre objectif chez <u>Fibrotek Mat\u00e9riaux Avanc\u00e9s<\/u> est de maintenir les principaux crit\u00e8res de fabrication et d&rsquo;ing\u00e9nierie d&rsquo;outillage en repoussant les limites de la performance et de l&rsquo;innovation pour fournir aux clients des produits de haute qualit\u00e9 ainsi que des solutions d&rsquo;outillage souple qui sont plus rentables que les m\u00e9thodes d&rsquo;outillage dur conventionnelles.<\/p><p>Fibrotek Mat\u00e9riaux Avanc\u00e9s a r\u00e9ussi \u00e0 \u00e9liminer toutes les d\u00e9penses de sous-traitance pour les clients tout en garantissant des r\u00e9sultats exceptionnels depuis la mise en page initiale de l&rsquo;arch\u00e9type jusqu&rsquo;\u00e0 la fabrication de votre commande en fonction de vos sp\u00e9cifications et la livraison \u00e0 votre emplacement pour plus de commodit\u00e9. Notre \u00e9quipe d&rsquo;ing\u00e9nieurs, de chefs de projet et de personnel de production utilise plusieurs mat\u00e9riaux composites pour les moules d&rsquo;outillage souple. Parmi les constituants utilis\u00e9s dans ces mat\u00e9riaux composites, on peut citer :<\/p><ul><li>Fibre de carbone<\/li><li>Kevlar<\/li><li>Fibre de verre<\/li><li>\u00c9poxy et autres r\u00e9sines synth\u00e9tiques thermodurcissables<\/li><li>Rayon de miel<\/li><\/ul><p>En utilisant divers mat\u00e9riaux composites, nous pouvons construire des outils hybrides innovants qui profitent \u00e0 la fois des outils durs et souples pour maximiser les r\u00e9alisations de production et r\u00e9duire les difficult\u00e9s tout au long de la cha\u00eene de production tout en offrant des exp\u00e9riences personnalisables \u00e0 nos clients. Notre fondation de cadre compos\u00e9e individuellement est construite en aluminium massif ou en acier, offrant la rigidit\u00e9, la r\u00e9sistance, la qualit\u00e9 et le potentiel de faible retrait exig\u00e9s<\/p><p><strong>Types de m\u00e9thodes d&rsquo;outillage\u00a0<\/strong><\/p><p>L&rsquo;entrep\u00f4t <u>Fibrotek Mat\u00e9riaux Avanc\u00e9s<\/u>, situ\u00e9e au Canada, dispose de capacit\u00e9s internes avec de nombreuses solutions d&rsquo;usinage et technologies logicielles innovantes, notamment :\u00a0<\/p><ul><li>Usinage 3, 4 et 5 axes<\/li><li>Autoclavage<\/li><li>Fabrication additive ou impression 3D\u00a0\u00a0<\/li><li>Assembl\u00e9e<\/li><li>Affichage de prototype et de mod\u00e9lisation pour d\u00e9monstration<\/li><\/ul><p>Comme nos installations sont bien \u00e9quip\u00e9es avec des machines et des technologies robustes, <u>Fibrotek Mat\u00e9riaux Avanc\u00e9s<\/u> a la capacit\u00e9 de personnaliser vos besoins en outillage, quelle que soit la complexit\u00e9 de vos conceptions. Il existe des m\u00e9thodologies sp\u00e9cifiques et divers mat\u00e9riaux composites requis pour l&rsquo;outillage de qualit\u00e9 de production, c&rsquo;est pourquoi nous sommes confiants d&rsquo;offrir \u00e0 nos clients une gamme vari\u00e9e de mat\u00e9riaux et de styles de production pour faire le travail correctement.<\/p><p>Notre \u00e9quipe comprend l&rsquo;imp\u00e9ratif de fabriquer des outils de qualit\u00e9 car cela a un effet direct sur la qualit\u00e9 des pi\u00e8ces produites plus tard dans la cha\u00eene de production. Heureusement, <u>Fibrotek Mat\u00e9riaux Avanc\u00e9s<\/u> poss\u00e8de l&rsquo;expertise n\u00e9cessaire pour concevoir vos outils en interne sans avoir besoin de sous-traiter \u00e0 des tiers. Vous trouverez ci-dessous une liste des m\u00e9thodes courantes de <u>Fibrotek Mat\u00e9riaux Avanc\u00e9s<\/u> utilis\u00e9es au cours du processus de production pour fabriquer vos outils.<\/p><p><u>Outillage direct :<\/u> L&rsquo;approche d&rsquo;outillage direct utilise des moules directement fabriqu\u00e9s \u00e0 partir d&rsquo;une dalle de mat\u00e9riau dense. Les mat\u00e9riaux utilis\u00e9s pour cette m\u00e9thode d&rsquo;outillage comprennent des morceaux de polym\u00e8re, des mousses d&rsquo;outillage, des m\u00e9taux et des argiles ou c\u00e9ramiques usinables.<\/p><p>L&rsquo;approche d&rsquo;outillage indirect commence par un prototype principal. Cette conception originale peut \u00eatre fabriqu\u00e9e ou un produit existant. Une fois le prototype r\u00e9alis\u00e9, le moule est coul\u00e9 ou superpos\u00e9 dessus. Ces moules sont souvent fabriqu\u00e9s \u00e0 partir de fibre de verre et de fibre de carbone. Cependant, il est possible d&rsquo;utiliser des polym\u00e8res coulables, de la c\u00e9ramique, du b\u00e9ton ou du nickel si n\u00e9cessaire.<\/p><p><strong>Questions \u00e0 r\u00e9pondre<\/strong>\u00a0<\/p><p>Il peut \u00eatre difficile de d\u00e9terminer les mat\u00e9riaux composites et les m\u00e9thodes de fabrication car il existe plusieurs solutions que vous pouvez utiliser. Par cons\u00e9quent, avant de choisir les options d&rsquo;outillage en mat\u00e9riau composite pour votre projet, r\u00e9fl\u00e9chissez aux questions suivantes qui peuvent vous aider \u00e0 mieux d\u00e9terminer si l&rsquo;outillage composite est la bonne m\u00e9thode pour vous et les besoins de votre entreprise.\u00a0\u00a0\u00a0<\/p><ol><li>\u00c0 quoi ressemble votre processus d&rsquo;outillage composite ?<\/li><\/ol><p>Le processus <u>Fibrotek Mat\u00e9riaux Avanc\u00e9s<\/u> ressemble \u00e0 ceci :\u00a0<\/p><ol><li>Consultation initiale pour rencontrer nos ing\u00e9nieurs.<\/li><li>Conception de vos moules d&rsquo;outillage composite pour garantir la pr\u00e9cision.<\/li><li>Le d\u00e9veloppement de votre prototype qui subira des agressions ext\u00e9rieures pour assurer sa p\u00e9rennit\u00e9.<\/li><li>R\u00e9alisation de vos outillages en mat\u00e9riaux composites.<\/li><li>Contr\u00f4le qualit\u00e9 et inspections avec HandyScan 3D.<\/li><li>Emballage et livraison post-production.<\/li><li>Peut-on transformer des produits m\u00e9talliques en composite ?<\/li><\/ol><p>Oui, <u>Fibrotek Mat\u00e9riaux Avanc\u00e9s<\/u> poss\u00e8de l&rsquo;expertise et les machines disponibles pour reconcevoir vos outils m\u00e9talliques en composites.<\/p><ol start=\"3\"><li>Faites-vous appel \u00e0 des sous-traitants tiers ?\u00a0<\/li><\/ol><p>Non, <u>Fibrotek Mat\u00e9riaux Avanc\u00e9s<\/u> s&rsquo;engage \u00e0 superviser toutes les \u00e9tapes du cycle de production du produit pour garantir une qualit\u00e9 et une pr\u00e9cision sup\u00e9rieures. Cela permet \u00e9galement aux clients d&rsquo;\u00e9conomiser de l&rsquo;argent \u00e0 long terme.<\/p><ol start=\"4\"><li>Quelles normes d&rsquo;inspection avez-vous?<\/li><\/ol><p><u>Fibrotek Mat\u00e9riaux Avanc\u00e9s<\/u> utilise de nombreuses solutions de mesure en utilisant des logiciels et des instruments scientifiques innovants, notamment HandyScan 3D, un scanner 3D de mesure mobile.\u00a0<\/p><p><strong>Appelez Fibrotek Mat\u00e9riaux Avanc\u00e9s d\u00e8s aujourd&rsquo;hui<\/strong><\/p><p>Chez <u>Fibrotek Mat\u00e9riaux Avanc\u00e9s<\/u>, les clients peuvent s&rsquo;associer en toute confiance \u00e0 une entreprise qui reconna\u00eet la complexit\u00e9 et l&rsquo;importance de l&rsquo;outillage de pointe en mat\u00e9riaux composites pour l&rsquo;a\u00e9rospatiale. Avec des ann\u00e9es d&rsquo;exp\u00e9rience de travail avec des clients au Canada, aux \u00c9tats-Unis et au Mexique, ainsi que notre autorit\u00e9 sup\u00e9rieure de l&rsquo;industrie, notre \u00e9quipe est bien pr\u00e9par\u00e9e avec les informations et l&rsquo;\u00e9quipement de fabrication pour vous fournir des produits de haute qualit\u00e9 et d&rsquo;excellentes exp\u00e9riences de service client.<\/p><p>Pour en savoir plus sur la fa\u00e7on dont nous pouvons vous aider dans le d\u00e9veloppement de vos outils en mat\u00e9riaux composites, veuillez nous appeler au (418) -439-0999 pour r\u00e9server un appel de consultation avec notre \u00e9quipe d&rsquo;experts de pointe. Nous avons h\u00e2te de travailler avec vous.<\/p>\t\t\t\t\t\t\t\t<\/div>\n\t\t\t\t<\/div>\n\t\t\t\t\t<\/div>\n\t\t<\/div>\n\t\t\t\t\t<\/div>\n\t\t<\/section>\n\t\t\t\t<section class=\"elementor-section elementor-top-section elementor-element elementor-element-26eeb9de elementor-section-boxed elementor-section-height-default elementor-section-height-default\" data-id=\"26eeb9de\" data-element_type=\"section\" data-e-type=\"section\">\n\t\t\t\t\t\t<div class=\"elementor-container elementor-column-gap-default\">\n\t\t\t\t\t<div class=\"elementor-column elementor-col-100 elementor-top-column elementor-element elementor-element-6becfa3\" data-id=\"6becfa3\" data-element_type=\"column\" data-e-type=\"column\">\n\t\t\t<div class=\"elementor-widget-wrap\">\n\t\t\t\t\t\t\t<\/div>\n\t\t<\/div>\n\t\t\t\t\t<\/div>\n\t\t<\/section>\n\t\t\t\t<\/div>\n\t\t","protected":false},"excerpt":{"rendered":"<p>MAT\u00c9RIAUX D&rsquo;OUTILLAGE COMPOSITES Mat\u00e9riaux D&rsquo;outillage Composites Les entreprises a\u00e9rospatiales, automobiles et de fabrication d&rsquo;UAV en charge de la construction de m\u00e9canismes et de composants complexes et divers n\u00e9cessitent des outils robustes pour r\u00e9pondre aux demandes de production importantes et aux exigences dimensionnelles sp\u00e9cifiques. Alors que les outils conventionnels sont construits \u00e0 partir de compos\u00e9s m\u00e9talliques [&hellip;]<\/p>\n","protected":false},"author":1,"featured_media":0,"parent":342,"menu_order":0,"comment_status":"closed","ping_status":"closed","template":"","meta":{"ocean_post_layout":"","ocean_both_sidebars_style":"","ocean_both_sidebars_content_width":0,"ocean_both_sidebars_sidebars_width":0,"ocean_sidebar":"0","ocean_second_sidebar":"0","ocean_disable_margins":"enable","ocean_add_body_class":"","ocean_shortcode_before_top_bar":"","ocean_shortcode_after_top_bar":"","ocean_shortcode_before_header":"","ocean_shortcode_after_header":"","ocean_has_shortcode":"","ocean_shortcode_after_title":"","ocean_shortcode_before_footer_widgets":"","ocean_shortcode_after_footer_widgets":"","ocean_shortcode_before_footer_bottom":"","ocean_shortcode_after_footer_bottom":"","ocean_display_top_bar":"default","ocean_display_header":"default","ocean_header_style":"","ocean_center_header_left_menu":"0","ocean_custom_header_template":"0","ocean_custom_logo":0,"ocean_custom_retina_logo":0,"ocean_custom_logo_max_width":0,"ocean_custom_logo_tablet_max_width":0,"ocean_custom_logo_mobile_max_width":0,"ocean_custom_logo_max_height":0,"ocean_custom_logo_tablet_max_height":0,"ocean_custom_logo_mobile_max_height":0,"ocean_header_custom_menu":"0","ocean_menu_typo_font_family":"0","ocean_menu_typo_font_subset":"","ocean_menu_typo_font_size":0,"ocean_menu_typo_font_size_tablet":0,"ocean_menu_typo_font_size_mobile":0,"ocean_menu_typo_font_size_unit":"px","ocean_menu_typo_font_weight":"","ocean_menu_typo_font_weight_tablet":"","ocean_menu_typo_font_weight_mobile":"","ocean_menu_typo_transform":"","ocean_menu_typo_transform_tablet":"","ocean_menu_typo_transform_mobile":"","ocean_menu_typo_line_height":0,"ocean_menu_typo_line_height_tablet":0,"ocean_menu_typo_line_height_mobile":0,"ocean_menu_typo_line_height_unit":"","ocean_menu_typo_spacing":0,"ocean_menu_typo_spacing_tablet":0,"ocean_menu_typo_spacing_mobile":0,"ocean_menu_typo_spacing_unit":"","ocean_menu_link_color":"","ocean_menu_link_color_hover":"","ocean_menu_link_color_active":"","ocean_menu_link_background":"","ocean_menu_link_hover_background":"","ocean_menu_link_active_background":"","ocean_menu_social_links_bg":"","ocean_menu_social_hover_links_bg":"","ocean_menu_social_links_color":"","ocean_menu_social_hover_links_color":"","ocean_disable_title":"default","ocean_disable_heading":"default","ocean_post_title":"","ocean_post_subheading":"","ocean_post_title_style":"","ocean_post_title_background_color":"","ocean_post_title_background":0,"ocean_post_title_bg_image_position":"","ocean_post_title_bg_image_attachment":"","ocean_post_title_bg_image_repeat":"","ocean_post_title_bg_image_size":"","ocean_post_title_height":0,"ocean_post_title_bg_overlay":0.5,"ocean_post_title_bg_overlay_color":"","ocean_disable_breadcrumbs":"default","ocean_breadcrumbs_color":"","ocean_breadcrumbs_separator_color":"","ocean_breadcrumbs_links_color":"","ocean_breadcrumbs_links_hover_color":"","ocean_display_footer_widgets":"default","ocean_display_footer_bottom":"default","ocean_custom_footer_template":"1508","footnotes":""},"class_list":["post-2018","page","type-page","status-publish","hentry","entry"],"_links":{"self":[{"href":"https:\/\/fibrotek.com\/fr_fr\/wp-json\/wp\/v2\/pages\/2018","targetHints":{"allow":["GET"]}}],"collection":[{"href":"https:\/\/fibrotek.com\/fr_fr\/wp-json\/wp\/v2\/pages"}],"about":[{"href":"https:\/\/fibrotek.com\/fr_fr\/wp-json\/wp\/v2\/types\/page"}],"author":[{"embeddable":true,"href":"https:\/\/fibrotek.com\/fr_fr\/wp-json\/wp\/v2\/users\/1"}],"replies":[{"embeddable":true,"href":"https:\/\/fibrotek.com\/fr_fr\/wp-json\/wp\/v2\/comments?post=2018"}],"version-history":[{"count":21,"href":"https:\/\/fibrotek.com\/fr_fr\/wp-json\/wp\/v2\/pages\/2018\/revisions"}],"predecessor-version":[{"id":2391,"href":"https:\/\/fibrotek.com\/fr_fr\/wp-json\/wp\/v2\/pages\/2018\/revisions\/2391"}],"up":[{"embeddable":true,"href":"https:\/\/fibrotek.com\/fr_fr\/wp-json\/wp\/v2\/pages\/342"}],"wp:attachment":[{"href":"https:\/\/fibrotek.com\/fr_fr\/wp-json\/wp\/v2\/media?parent=2018"}],"curies":[{"name":"wp","href":"https:\/\/api.w.org\/{rel}","templated":true}]}}