{"id":352,"date":"2020-04-30T16:48:22","date_gmt":"2020-04-30T21:48:22","guid":{"rendered":"https:\/\/rorkaal-dev.ninja\/?page_id=352"},"modified":"2024-02-13T17:42:38","modified_gmt":"2024-02-13T22:42:38","slug":"services-ingenierie","status":"publish","type":"page","link":"https:\/\/fibrotek.com\/fr_fr\/produits\/services-ingenierie\/","title":{"rendered":"Services d&rsquo;ing\u00e9nierie"},"content":{"rendered":"\t\t<div data-elementor-type=\"wp-page\" data-elementor-id=\"352\" class=\"elementor elementor-352\">\n\t\t\t\t\t\t<section class=\"elementor-section elementor-top-section elementor-element elementor-element-59bf373e elementor-section-content-middle elementor-section-boxed elementor-section-height-default elementor-section-height-default\" data-id=\"59bf373e\" data-element_type=\"section\" data-e-type=\"section\">\n\t\t\t\t\t\t<div class=\"elementor-container elementor-column-gap-no\">\n\t\t\t\t\t<div class=\"elementor-column elementor-col-100 elementor-top-column elementor-element elementor-element-47028239\" data-id=\"47028239\" data-element_type=\"column\" data-e-type=\"column\">\n\t\t\t<div class=\"elementor-widget-wrap elementor-element-populated\">\n\t\t\t\t\t\t<div class=\"elementor-element elementor-element-4b132a54 elementor-widget elementor-widget-heading\" data-id=\"4b132a54\" data-element_type=\"widget\" data-e-type=\"widget\" data-widget_type=\"heading.default\">\n\t\t\t\t<div class=\"elementor-widget-container\">\n\t\t\t\t\t<h1 class=\"elementor-heading-title elementor-size-default\">Nos services d'ing\u00e9nierie<\/h1>\t\t\t\t<\/div>\n\t\t\t\t<\/div>\n\t\t\t\t\t<\/div>\n\t\t<\/div>\n\t\t\t\t\t<\/div>\n\t\t<\/section>\n\t\t\t\t<section class=\"elementor-section elementor-top-section elementor-element elementor-element-55b07420 elementor-section-boxed elementor-section-height-default elementor-section-height-default\" data-id=\"55b07420\" data-element_type=\"section\" data-e-type=\"section\">\n\t\t\t\t\t\t<div class=\"elementor-container elementor-column-gap-default\">\n\t\t\t\t\t<div class=\"elementor-column elementor-col-50 elementor-top-column elementor-element elementor-element-6eec5c64\" data-id=\"6eec5c64\" data-element_type=\"column\" data-e-type=\"column\">\n\t\t\t<div class=\"elementor-widget-wrap\">\n\t\t\t\t\t\t\t<\/div>\n\t\t<\/div>\n\t\t\t\t<div class=\"elementor-column elementor-col-50 elementor-top-column elementor-element elementor-element-5ffa5237\" data-id=\"5ffa5237\" data-element_type=\"column\" data-e-type=\"column\">\n\t\t\t<div class=\"elementor-widget-wrap\">\n\t\t\t\t\t\t\t<\/div>\n\t\t<\/div>\n\t\t\t\t\t<\/div>\n\t\t<\/section>\n\t\t\t\t<section class=\"elementor-section elementor-top-section elementor-element elementor-element-67f6490f elementor-section-height-min-height elementor-section-content-middle elementor-section-stretched elementor-section-boxed elementor-section-height-default elementor-section-items-middle\" data-id=\"67f6490f\" data-element_type=\"section\" data-e-type=\"section\" data-settings=\"{&quot;background_background&quot;:&quot;classic&quot;,&quot;stretch_section&quot;:&quot;section-stretched&quot;}\">\n\t\t\t\t\t\t\t<div class=\"elementor-background-overlay\"><\/div>\n\t\t\t\t\t\t\t<div class=\"elementor-container elementor-column-gap-default\">\n\t\t\t\t\t<div class=\"elementor-column elementor-col-100 elementor-top-column elementor-element elementor-element-4f0e094\" data-id=\"4f0e094\" data-element_type=\"column\" data-e-type=\"column\">\n\t\t\t<div class=\"elementor-widget-wrap elementor-element-populated\">\n\t\t\t\t\t\t<div class=\"elementor-element elementor-element-764463e elementor-widget elementor-widget-menu-anchor\" data-id=\"764463e\" data-element_type=\"widget\" data-e-type=\"widget\" data-widget_type=\"menu-anchor.default\">\n\t\t\t\t<div class=\"elementor-widget-container\">\n\t\t\t\t\t\t\t<div class=\"elementor-menu-anchor\" id=\"aero\"><\/div>\n\t\t\t\t\t\t<\/div>\n\t\t\t\t<\/div>\n\t\t\t\t<div class=\"elementor-element elementor-element-754df0cb elementor-widget elementor-widget-heading\" data-id=\"754df0cb\" data-element_type=\"widget\" data-e-type=\"widget\" data-widget_type=\"heading.default\">\n\t\t\t\t<div class=\"elementor-widget-container\">\n\t\t\t\t\t<h2 class=\"elementor-heading-title elementor-size-default\">CONCEPTION D\u2019OUTILS POUR L\u2019A\u00c9ROSPATIALE<\/h2>\t\t\t\t<\/div>\n\t\t\t\t<\/div>\n\t\t\t\t\t<\/div>\n\t\t<\/div>\n\t\t\t\t\t<\/div>\n\t\t<\/section>\n\t\t\t\t<section class=\"elementor-section elementor-top-section elementor-element elementor-element-57cb00f3 elementor-section-boxed elementor-section-height-default elementor-section-height-default\" data-id=\"57cb00f3\" data-element_type=\"section\" data-e-type=\"section\">\n\t\t\t\t\t\t<div class=\"elementor-container elementor-column-gap-default\">\n\t\t\t\t\t<div class=\"elementor-column elementor-col-100 elementor-top-column elementor-element elementor-element-4e3e20cc\" data-id=\"4e3e20cc\" data-element_type=\"column\" data-e-type=\"column\">\n\t\t\t<div class=\"elementor-widget-wrap elementor-element-populated\">\n\t\t\t\t\t\t<div class=\"elementor-element elementor-element-42b16bb0 elementor-widget-divider--view-line elementor-widget elementor-widget-divider\" data-id=\"42b16bb0\" data-element_type=\"widget\" data-e-type=\"widget\" data-widget_type=\"divider.default\">\n\t\t\t\t<div class=\"elementor-widget-container\">\n\t\t\t\t\t\t\t<div class=\"elementor-divider\">\n\t\t\t<span class=\"elementor-divider-separator\">\n\t\t\t\t\t\t<\/span>\n\t\t<\/div>\n\t\t\t\t\t\t<\/div>\n\t\t\t\t<\/div>\n\t\t\t\t<div class=\"elementor-element elementor-element-6181bc77 elementor-widget elementor-widget-text-editor\" data-id=\"6181bc77\" data-element_type=\"widget\" data-e-type=\"widget\" data-widget_type=\"text-editor.default\">\n\t\t\t\t<div class=\"elementor-widget-container\">\n\t\t\t\t\t\t\t\t\t<p>Avec plusieurs ann\u00e9es d\u2019exp\u00e9rience, nous poss\u00e9dons l\u2019expertise et le savoir-faire n\u00e9cessaire pour assurer que les outils rencontrent les besoins et les exigences des clients. Fibrotek s\u2019efforce de d\u00e9velopper des relations durables en offrant par des prix justes et comp\u00e9titifs ainsi qu\u2019une livraison dans les d\u00e9lais pr\u00e9vus.<\/p>\t\t\t\t\t\t\t\t<\/div>\n\t\t\t\t<\/div>\n\t\t\t\t\t<\/div>\n\t\t<\/div>\n\t\t\t\t\t<\/div>\n\t\t<\/section>\n\t\t\t\t<section class=\"elementor-section elementor-top-section elementor-element elementor-element-293901d0 elementor-section-boxed elementor-section-height-default elementor-section-height-default\" data-id=\"293901d0\" data-element_type=\"section\" data-e-type=\"section\">\n\t\t\t\t\t\t<div class=\"elementor-container elementor-column-gap-default\">\n\t\t\t\t\t<div class=\"elementor-column elementor-col-100 elementor-top-column elementor-element elementor-element-6139ffed\" data-id=\"6139ffed\" data-element_type=\"column\" data-e-type=\"column\">\n\t\t\t<div class=\"elementor-widget-wrap elementor-element-populated\">\n\t\t\t\t\t\t<div class=\"elementor-element elementor-element-7d6afc91 elementor-widget elementor-widget-image-carousel\" data-id=\"7d6afc91\" data-element_type=\"widget\" data-e-type=\"widget\" data-settings=\"{&quot;slides_to_show&quot;:&quot;3&quot;,&quot;navigation&quot;:&quot;none&quot;,&quot;autoplay&quot;:&quot;no&quot;,&quot;image_spacing_custom&quot;:{&quot;unit&quot;:&quot;px&quot;,&quot;size&quot;:0,&quot;sizes&quot;:[]},&quot;infinite&quot;:&quot;no&quot;,&quot;speed&quot;:500,&quot;image_spacing_custom_tablet&quot;:{&quot;unit&quot;:&quot;px&quot;,&quot;size&quot;:&quot;&quot;,&quot;sizes&quot;:[]},&quot;image_spacing_custom_mobile&quot;:{&quot;unit&quot;:&quot;px&quot;,&quot;size&quot;:&quot;&quot;,&quot;sizes&quot;:[]}}\" data-widget_type=\"image-carousel.default\">\n\t\t\t\t<div class=\"elementor-widget-container\">\n\t\t\t\t\t\t\t<div class=\"elementor-image-carousel-wrapper swiper\" role=\"region\" aria-roledescription=\"carousel\" aria-label=\"Carrousel d\u2019images\" dir=\"ltr\">\n\t\t\t<div class=\"elementor-image-carousel swiper-wrapper\" aria-live=\"polite\">\n\t\t\t\t\t\t\t\t<div class=\"swiper-slide\" role=\"group\" aria-roledescription=\"slide\" aria-label=\"1 sur 3\"><a data-elementor-open-lightbox=\"yes\" data-elementor-lightbox-slideshow=\"7d6afc91\" data-elementor-lightbox-title=\"14-244-5MY001CE-00-scale_max-1000x800\" data-e-action-hash=\"#elementor-action%3Aaction%3Dlightbox%26settings%3DeyJpZCI6NzA0LCJ1cmwiOiJodHRwczpcL1wvZmlicm90ZWsuY29tXC93cC1jb250ZW50XC91cGxvYWRzXC8yMDIwXC8wNVwvMTQtMjQ0LTVNWTAwMUNFLTAwLXNjYWxlX21heC0xMDAweDgwMC0xLnBuZyIsInNsaWRlc2hvdyI6IjdkNmFmYzkxIn0%3D\" href=\"https:\/\/fibrotek.com\/wp-content\/uploads\/2020\/05\/14-244-5MY001CE-00-scale_max-1000x800-1.png\"><figure class=\"swiper-slide-inner\"><img decoding=\"async\" class=\"swiper-slide-image\" src=\"https:\/\/fibrotek.com\/wp-content\/uploads\/2020\/05\/14-244-5MY001CE-00-scale_max-1000x800-1-300x237.png\" alt=\"14-244-5MY001CE-00-scale_max-1000x800\" title=\"\"><\/figure><\/a><\/div><div class=\"swiper-slide\" role=\"group\" aria-roledescription=\"slide\" aria-label=\"2 sur 3\"><a data-elementor-open-lightbox=\"yes\" data-elementor-lightbox-slideshow=\"7d6afc91\" data-elementor-lightbox-title=\"TLH081004-501-BF_TOP_ASSY-scale_max-1000x800\" data-e-action-hash=\"#elementor-action%3Aaction%3Dlightbox%26settings%3DeyJpZCI6NzA1LCJ1cmwiOiJodHRwczpcL1wvZmlicm90ZWsuY29tXC93cC1jb250ZW50XC91cGxvYWRzXC8yMDIwXC8wNVwvVExIMDgxMDA0LTUwMS1CRl9UT1BfQVNTWS1zY2FsZV9tYXgtMTAwMHg4MDAtMS5wbmciLCJzbGlkZXNob3ciOiI3ZDZhZmM5MSJ9\" href=\"https:\/\/fibrotek.com\/wp-content\/uploads\/2020\/05\/TLH081004-501-BF_TOP_ASSY-scale_max-1000x800-1.png\"><figure class=\"swiper-slide-inner\"><img decoding=\"async\" class=\"swiper-slide-image\" src=\"https:\/\/fibrotek.com\/wp-content\/uploads\/2020\/05\/TLH081004-501-BF_TOP_ASSY-scale_max-1000x800-1-187x300.png\" alt=\"TLH081004-501-BF_TOP_ASSY-scale_max-1000x800\" title=\"\"><\/figure><\/a><\/div><div class=\"swiper-slide\" role=\"group\" aria-roledescription=\"slide\" aria-label=\"3 sur 3\"><a data-elementor-open-lightbox=\"yes\" data-elementor-lightbox-slideshow=\"7d6afc91\" data-elementor-lightbox-title=\"TLH311101-501-JIG-101-0000-scale_max-1000x800\" data-e-action-hash=\"#elementor-action%3Aaction%3Dlightbox%26settings%3DeyJpZCI6NzA2LCJ1cmwiOiJodHRwczpcL1wvZmlicm90ZWsuY29tXC93cC1jb250ZW50XC91cGxvYWRzXC8yMDIwXC8wNVwvVExIMzExMTAxLTUwMS1KSUctMTAxLTAwMDAtc2NhbGVfbWF4LTEwMDB4ODAwLTEucG5nIiwic2xpZGVzaG93IjoiN2Q2YWZjOTEifQ%3D%3D\" href=\"https:\/\/fibrotek.com\/wp-content\/uploads\/2020\/05\/TLH311101-501-JIG-101-0000-scale_max-1000x800-1.png\"><figure class=\"swiper-slide-inner\"><img decoding=\"async\" class=\"swiper-slide-image\" src=\"https:\/\/fibrotek.com\/wp-content\/uploads\/2020\/05\/TLH311101-501-JIG-101-0000-scale_max-1000x800-1-300x182.png\" alt=\"TLH311101-501-JIG-101-0000-scale_max-1000x800\" title=\"\"><\/figure><\/a><\/div>\t\t\t<\/div>\n\t\t\t\t\t\t\t\n\t\t\t\t\t\t\t\t\t<\/div>\n\t\t\t\t\t\t<\/div>\n\t\t\t\t<\/div>\n\t\t\t\t<div class=\"elementor-element elementor-element-2f71e96 elementor-widget elementor-widget-spacer\" data-id=\"2f71e96\" data-element_type=\"widget\" data-e-type=\"widget\" data-widget_type=\"spacer.default\">\n\t\t\t\t<div class=\"elementor-widget-container\">\n\t\t\t\t\t\t\t<div class=\"elementor-spacer\">\n\t\t\t<div class=\"elementor-spacer-inner\"><\/div>\n\t\t<\/div>\n\t\t\t\t\t\t<\/div>\n\t\t\t\t<\/div>\n\t\t\t\t\t<\/div>\n\t\t<\/div>\n\t\t\t\t\t<\/div>\n\t\t<\/section>\n\t\t\t\t<section class=\"elementor-section elementor-top-section elementor-element elementor-element-6192b67b elementor-section-height-min-height elementor-section-content-middle elementor-section-stretched elementor-section-boxed elementor-section-height-default elementor-section-items-middle\" data-id=\"6192b67b\" data-element_type=\"section\" data-e-type=\"section\" data-settings=\"{&quot;background_background&quot;:&quot;classic&quot;,&quot;stretch_section&quot;:&quot;section-stretched&quot;}\">\n\t\t\t\t\t\t\t<div class=\"elementor-background-overlay\"><\/div>\n\t\t\t\t\t\t\t<div class=\"elementor-container elementor-column-gap-default\">\n\t\t\t\t\t<div class=\"elementor-column elementor-col-100 elementor-top-column elementor-element elementor-element-3c8bad3f\" data-id=\"3c8bad3f\" data-element_type=\"column\" data-e-type=\"column\">\n\t\t\t<div class=\"elementor-widget-wrap elementor-element-populated\">\n\t\t\t\t\t\t<div class=\"elementor-element elementor-element-d72bd10 elementor-widget elementor-widget-menu-anchor\" data-id=\"d72bd10\" data-element_type=\"widget\" data-e-type=\"widget\" data-widget_type=\"menu-anchor.default\">\n\t\t\t\t<div class=\"elementor-widget-container\">\n\t\t\t\t\t\t\t<div class=\"elementor-menu-anchor\" id=\"inspection\"><\/div>\n\t\t\t\t\t\t<\/div>\n\t\t\t\t<\/div>\n\t\t\t\t<div class=\"elementor-element elementor-element-572a570c elementor-widget elementor-widget-heading\" data-id=\"572a570c\" data-element_type=\"widget\" data-e-type=\"widget\" data-widget_type=\"heading.default\">\n\t\t\t\t<div class=\"elementor-widget-container\">\n\t\t\t\t\t<h2 class=\"elementor-heading-title elementor-size-default\">inspection et m\u00e9trologie<\/h2>\t\t\t\t<\/div>\n\t\t\t\t<\/div>\n\t\t\t\t\t<\/div>\n\t\t<\/div>\n\t\t\t\t\t<\/div>\n\t\t<\/section>\n\t\t\t\t<section class=\"elementor-section elementor-top-section elementor-element elementor-element-7742ac3 elementor-section-boxed elementor-section-height-default elementor-section-height-default\" data-id=\"7742ac3\" data-element_type=\"section\" data-e-type=\"section\">\n\t\t\t\t\t\t<div class=\"elementor-container elementor-column-gap-default\">\n\t\t\t\t\t<div class=\"elementor-column elementor-col-100 elementor-top-column elementor-element elementor-element-4348d88b\" data-id=\"4348d88b\" data-element_type=\"column\" data-e-type=\"column\">\n\t\t\t<div class=\"elementor-widget-wrap elementor-element-populated\">\n\t\t\t\t\t\t<div class=\"elementor-element elementor-element-603d227a elementor-widget elementor-widget-text-editor\" data-id=\"603d227a\" data-element_type=\"widget\" data-e-type=\"widget\" data-widget_type=\"text-editor.default\">\n\t\t\t\t<div class=\"elementor-widget-container\">\n\t\t\t\t\t\t\t\t\t<p>Fibrotek propose une gamme de solutions de m\u00e9trologie \u00e0 toutes les \u00e9tapes de la gestion du cycle de vie des produits avec l&rsquo;utilisation de HandyScan 3D, un scanner 3D portable de qualit\u00e9 m\u00e9trologique. Qu&rsquo;il s&rsquo;agisse de contr\u00f4le qualit\u00e9, de validation d&rsquo;outillage, d&rsquo;inspection de pi\u00e8ces ou de r\u00e9tro-ing\u00e9nierie; Ce scanner 3D portable ultra-rapide est capable de fournir rapidement des num\u00e9risations 3D pr\u00e9cises et haute r\u00e9solution avec des surfaces complexes et dans toutes les conditions environnementales. Il offre une pr\u00e9cision allant jusqu&rsquo;\u00e0 0,030 mm (0,0012 po) et une r\u00e9solution maximale de 0,050 mm (0,0020 po). Son taux d&rsquo;acquisition maximal est de 480 000 mesures s.<\/p><p>Utilis\u00e9es conjointement avec un logiciel de post-traitement, les donn\u00e9es de num\u00e9risation 3D peuvent \u00eatre finalis\u00e9es et export\u00e9es sous forme de fichier 3D lisible pour les logiciels d&rsquo;inspection, d&rsquo;impression 3D et de CAO (CATIA, SolidWorks, Inventor, etc.).<\/p><p>Avec ce scanner de nouvelle g\u00e9n\u00e9ration, nous pouvons offrir \u00e0 nos clients une num\u00e9risation 3D pratiquement illimit\u00e9e ind\u00e9pendamment de la taille, de la complexit\u00e9, du mat\u00e9riau ou de la surface de la pi\u00e8ce.<\/p>\t\t\t\t\t\t\t\t<\/div>\n\t\t\t\t<\/div>\n\t\t\t\t\t<\/div>\n\t\t<\/div>\n\t\t\t\t\t<\/div>\n\t\t<\/section>\n\t\t\t\t<section class=\"elementor-section elementor-top-section elementor-element elementor-element-68131679 elementor-section-boxed elementor-section-height-default elementor-section-height-default\" data-id=\"68131679\" data-element_type=\"section\" data-e-type=\"section\">\n\t\t\t\t\t\t<div class=\"elementor-container elementor-column-gap-default\">\n\t\t\t\t\t<div class=\"elementor-column elementor-col-100 elementor-top-column elementor-element elementor-element-1d756ee7\" data-id=\"1d756ee7\" data-element_type=\"column\" data-e-type=\"column\">\n\t\t\t<div class=\"elementor-widget-wrap elementor-element-populated\">\n\t\t\t\t\t\t<div class=\"elementor-element elementor-element-4a9560fa elementor-widget elementor-widget-image-carousel\" data-id=\"4a9560fa\" data-element_type=\"widget\" data-e-type=\"widget\" data-settings=\"{&quot;slides_to_show&quot;:&quot;2&quot;,&quot;navigation&quot;:&quot;none&quot;,&quot;autoplay&quot;:&quot;no&quot;,&quot;image_spacing_custom&quot;:{&quot;unit&quot;:&quot;px&quot;,&quot;size&quot;:34,&quot;sizes&quot;:[]},&quot;infinite&quot;:&quot;no&quot;,&quot;speed&quot;:500,&quot;image_spacing_custom_tablet&quot;:{&quot;unit&quot;:&quot;px&quot;,&quot;size&quot;:&quot;&quot;,&quot;sizes&quot;:[]},&quot;image_spacing_custom_mobile&quot;:{&quot;unit&quot;:&quot;px&quot;,&quot;size&quot;:&quot;&quot;,&quot;sizes&quot;:[]}}\" data-widget_type=\"image-carousel.default\">\n\t\t\t\t<div class=\"elementor-widget-container\">\n\t\t\t\t\t\t\t<div class=\"elementor-image-carousel-wrapper swiper\" role=\"region\" aria-roledescription=\"carousel\" aria-label=\"Carrousel d\u2019images\" dir=\"ltr\">\n\t\t\t<div class=\"elementor-image-carousel swiper-wrapper\" aria-live=\"polite\">\n\t\t\t\t\t\t\t\t<div class=\"swiper-slide\" role=\"group\" aria-roledescription=\"slide\" aria-label=\"1 sur 2\"><a data-elementor-open-lightbox=\"yes\" data-elementor-lightbox-slideshow=\"4a9560fa\" data-elementor-lightbox-title=\"HandScan3D\" data-e-action-hash=\"#elementor-action%3Aaction%3Dlightbox%26settings%3DeyJpZCI6MTI0NywidXJsIjoiaHR0cHM6XC9cL2ZpYnJvdGVrLmNvbVwvd3AtY29udGVudFwvdXBsb2Fkc1wvMjAyMFwvMDlcL0hhbmRTY2FuM0Qtc2NhbGVkLmpwZyIsInNsaWRlc2hvdyI6IjRhOTU2MGZhIn0%3D\" href=\"https:\/\/fibrotek.com\/wp-content\/uploads\/2020\/09\/HandScan3D-scaled.jpg\"><figure class=\"swiper-slide-inner\"><img decoding=\"async\" class=\"swiper-slide-image\" src=\"https:\/\/fibrotek.com\/wp-content\/uploads\/2020\/09\/HandScan3D-1024x632.jpg\" alt=\"HandScan3D\" title=\"\"><\/figure><\/a><\/div><div class=\"swiper-slide\" role=\"group\" aria-roledescription=\"slide\" aria-label=\"2 sur 2\"><a data-elementor-open-lightbox=\"yes\" data-elementor-lightbox-slideshow=\"4a9560fa\" data-elementor-lightbox-title=\"HandScan3D(3)\" data-e-action-hash=\"#elementor-action%3Aaction%3Dlightbox%26settings%3DeyJpZCI6MTI0OCwidXJsIjoiaHR0cHM6XC9cL2ZpYnJvdGVrLmNvbVwvd3AtY29udGVudFwvdXBsb2Fkc1wvMjAyMFwvMDlcL0hhbmRTY2FuM0QzLXNjYWxlZC5qcGciLCJzbGlkZXNob3ciOiI0YTk1NjBmYSJ9\" href=\"https:\/\/fibrotek.com\/wp-content\/uploads\/2020\/09\/HandScan3D3-scaled.jpg\"><figure class=\"swiper-slide-inner\"><img decoding=\"async\" class=\"swiper-slide-image\" src=\"https:\/\/fibrotek.com\/wp-content\/uploads\/2020\/09\/HandScan3D3-1024x367.jpg\" alt=\"HandScan3D(3)\" title=\"\"><\/figure><\/a><\/div>\t\t\t<\/div>\n\t\t\t\t\t\t\t\n\t\t\t\t\t\t\t\t\t<\/div>\n\t\t\t\t\t\t<\/div>\n\t\t\t\t<\/div>\n\t\t\t\t\t<\/div>\n\t\t<\/div>\n\t\t\t\t\t<\/div>\n\t\t<\/section>\n\t\t\t\t<section class=\"elementor-section elementor-top-section elementor-element elementor-element-66a55f39 elementor-section-boxed elementor-section-height-default elementor-section-height-default\" data-id=\"66a55f39\" data-element_type=\"section\" data-e-type=\"section\">\n\t\t\t\t\t\t<div class=\"elementor-container elementor-column-gap-default\">\n\t\t\t\t\t<div class=\"elementor-column elementor-col-100 elementor-top-column elementor-element elementor-element-46e034d\" data-id=\"46e034d\" data-element_type=\"column\" data-e-type=\"column\">\n\t\t\t<div class=\"elementor-widget-wrap\">\n\t\t\t\t\t\t\t<\/div>\n\t\t<\/div>\n\t\t\t\t\t<\/div>\n\t\t<\/section>\n\t\t\t\t<section class=\"elementor-section elementor-top-section elementor-element elementor-element-1bc1cb71 elementor-section-boxed elementor-section-height-default elementor-section-height-default\" data-id=\"1bc1cb71\" data-element_type=\"section\" data-e-type=\"section\">\n\t\t\t\t\t\t<div class=\"elementor-container elementor-column-gap-default\">\n\t\t\t\t\t<div class=\"elementor-column elementor-col-100 elementor-top-column elementor-element elementor-element-3ff99bb1\" data-id=\"3ff99bb1\" data-element_type=\"column\" data-e-type=\"column\">\n\t\t\t<div class=\"elementor-widget-wrap\">\n\t\t\t\t\t\t\t<\/div>\n\t\t<\/div>\n\t\t\t\t\t<\/div>\n\t\t<\/section>\n\t\t\t\t<\/div>\n\t\t","protected":false},"excerpt":{"rendered":"<p>Nos services d&rsquo;ing\u00e9nierie CONCEPTION D\u2019OUTILS POUR L\u2019A\u00c9ROSPATIALE Avec plusieurs ann\u00e9es d\u2019exp\u00e9rience, nous poss\u00e9dons l\u2019expertise et le savoir-faire n\u00e9cessaire pour assurer que les outils rencontrent les besoins et les exigences des clients. Fibrotek s\u2019efforce de d\u00e9velopper des relations durables en offrant par des prix justes et comp\u00e9titifs ainsi qu\u2019une livraison dans les d\u00e9lais pr\u00e9vus. inspection et [&hellip;]<\/p>\n","protected":false},"author":1,"featured_media":306,"parent":926,"menu_order":0,"comment_status":"closed","ping_status":"closed","template":"","meta":{"ocean_post_layout":"","ocean_both_sidebars_style":"","ocean_both_sidebars_content_width":0,"ocean_both_sidebars_sidebars_width":0,"ocean_sidebar":"0","ocean_second_sidebar":"0","ocean_disable_margins":"enable","ocean_add_body_class":"","ocean_shortcode_before_top_bar":"","ocean_shortcode_after_top_bar":"","ocean_shortcode_before_header":"","ocean_shortcode_after_header":"","ocean_has_shortcode":"","ocean_shortcode_after_title":"","ocean_shortcode_before_footer_widgets":"","ocean_shortcode_after_footer_widgets":"","ocean_shortcode_before_footer_bottom":"","ocean_shortcode_after_footer_bottom":"","ocean_display_top_bar":"default","ocean_display_header":"default","ocean_header_style":"","ocean_center_header_left_menu":"0","ocean_custom_header_template":"0","ocean_custom_logo":0,"ocean_custom_retina_logo":0,"ocean_custom_logo_max_width":0,"ocean_custom_logo_tablet_max_width":0,"ocean_custom_logo_mobile_max_width":0,"ocean_custom_logo_max_height":0,"ocean_custom_logo_tablet_max_height":0,"ocean_custom_logo_mobile_max_height":0,"ocean_header_custom_menu":"0","ocean_menu_typo_font_family":"0","ocean_menu_typo_font_subset":"","ocean_menu_typo_font_size":0,"ocean_menu_typo_font_size_tablet":0,"ocean_menu_typo_font_size_mobile":0,"ocean_menu_typo_font_size_unit":"px","ocean_menu_typo_font_weight":"","ocean_menu_typo_font_weight_tablet":"","ocean_menu_typo_font_weight_mobile":"","ocean_menu_typo_transform":"","ocean_menu_typo_transform_tablet":"","ocean_menu_typo_transform_mobile":"","ocean_menu_typo_line_height":0,"ocean_menu_typo_line_height_tablet":0,"ocean_menu_typo_line_height_mobile":0,"ocean_menu_typo_line_height_unit":"","ocean_menu_typo_spacing":0,"ocean_menu_typo_spacing_tablet":0,"ocean_menu_typo_spacing_mobile":0,"ocean_menu_typo_spacing_unit":"","ocean_menu_link_color":"","ocean_menu_link_color_hover":"","ocean_menu_link_color_active":"","ocean_menu_link_background":"","ocean_menu_link_hover_background":"","ocean_menu_link_active_background":"","ocean_menu_social_links_bg":"","ocean_menu_social_hover_links_bg":"","ocean_menu_social_links_color":"","ocean_menu_social_hover_links_color":"","ocean_disable_title":"default","ocean_disable_heading":"default","ocean_post_title":"","ocean_post_subheading":"","ocean_post_title_style":"","ocean_post_title_background_color":"","ocean_post_title_background":0,"ocean_post_title_bg_image_position":"","ocean_post_title_bg_image_attachment":"","ocean_post_title_bg_image_repeat":"","ocean_post_title_bg_image_size":"","ocean_post_title_height":0,"ocean_post_title_bg_overlay":0.5,"ocean_post_title_bg_overlay_color":"","ocean_disable_breadcrumbs":"default","ocean_breadcrumbs_color":"","ocean_breadcrumbs_separator_color":"","ocean_breadcrumbs_links_color":"","ocean_breadcrumbs_links_hover_color":"","ocean_display_footer_widgets":"default","ocean_display_footer_bottom":"default","ocean_custom_footer_template":"1508","footnotes":""},"class_list":["post-352","page","type-page","status-publish","has-post-thumbnail","hentry","entry","has-media"],"_links":{"self":[{"href":"https:\/\/fibrotek.com\/fr_fr\/wp-json\/wp\/v2\/pages\/352","targetHints":{"allow":["GET"]}}],"collection":[{"href":"https:\/\/fibrotek.com\/fr_fr\/wp-json\/wp\/v2\/pages"}],"about":[{"href":"https:\/\/fibrotek.com\/fr_fr\/wp-json\/wp\/v2\/types\/page"}],"author":[{"embeddable":true,"href":"https:\/\/fibrotek.com\/fr_fr\/wp-json\/wp\/v2\/users\/1"}],"replies":[{"embeddable":true,"href":"https:\/\/fibrotek.com\/fr_fr\/wp-json\/wp\/v2\/comments?post=352"}],"version-history":[{"count":37,"href":"https:\/\/fibrotek.com\/fr_fr\/wp-json\/wp\/v2\/pages\/352\/revisions"}],"predecessor-version":[{"id":2397,"href":"https:\/\/fibrotek.com\/fr_fr\/wp-json\/wp\/v2\/pages\/352\/revisions\/2397"}],"up":[{"embeddable":true,"href":"https:\/\/fibrotek.com\/fr_fr\/wp-json\/wp\/v2\/pages\/926"}],"wp:featuredmedia":[{"embeddable":true,"href":"https:\/\/fibrotek.com\/fr_fr\/wp-json\/wp\/v2\/media\/306"}],"wp:attachment":[{"href":"https:\/\/fibrotek.com\/fr_fr\/wp-json\/wp\/v2\/media?parent=352"}],"curies":[{"name":"wp","href":"https:\/\/api.w.org\/{rel}","templated":true}]}}