{"id":620,"date":"2020-05-03T15:47:19","date_gmt":"2020-05-03T20:47:19","guid":{"rendered":"https:\/\/rorkaal-dev.ninja\/?page_id=620"},"modified":"2024-02-13T18:30:12","modified_gmt":"2024-02-13T23:30:12","slug":"pieces-automobiles","status":"publish","type":"page","link":"https:\/\/fibrotek.com\/fr_fr\/produits\/pieces-automobiles\/","title":{"rendered":"Pi\u00e8ces automobiles"},"content":{"rendered":"\t\t<div data-elementor-type=\"wp-page\" data-elementor-id=\"620\" class=\"elementor elementor-620\">\n\t\t\t\t\t\t<section class=\"elementor-section elementor-top-section elementor-element elementor-element-7f820890 elementor-section-height-min-height elementor-section-content-middle elementor-section-stretched elementor-section-boxed elementor-section-height-default elementor-section-items-middle\" data-id=\"7f820890\" data-element_type=\"section\" data-e-type=\"section\" data-settings=\"{&quot;background_background&quot;:&quot;classic&quot;,&quot;stretch_section&quot;:&quot;section-stretched&quot;}\">\n\t\t\t\t\t\t\t<div class=\"elementor-background-overlay\"><\/div>\n\t\t\t\t\t\t\t<div class=\"elementor-container elementor-column-gap-default\">\n\t\t\t\t\t<div class=\"elementor-column elementor-col-100 elementor-top-column elementor-element elementor-element-102dc668\" data-id=\"102dc668\" data-element_type=\"column\" data-e-type=\"column\">\n\t\t\t<div class=\"elementor-widget-wrap elementor-element-populated\">\n\t\t\t\t\t\t<div class=\"elementor-element elementor-element-48219eff elementor-widget elementor-widget-heading\" data-id=\"48219eff\" data-element_type=\"widget\" data-e-type=\"widget\" data-widget_type=\"heading.default\">\n\t\t\t\t<div class=\"elementor-widget-container\">\n\t\t\t\t\t<h1 class=\"elementor-heading-title elementor-size-default\">Fabricant de pi\u00e8ces automobiles<\/h1>\t\t\t\t<\/div>\n\t\t\t\t<\/div>\n\t\t\t\t\t<\/div>\n\t\t<\/div>\n\t\t\t\t\t<\/div>\n\t\t<\/section>\n\t\t\t\t<section class=\"elementor-section elementor-top-section elementor-element elementor-element-579c2695 elementor-section-content-middle elementor-section-stretched elementor-section-boxed elementor-section-height-default elementor-section-height-default\" data-id=\"579c2695\" data-element_type=\"section\" data-e-type=\"section\" data-settings=\"{&quot;stretch_section&quot;:&quot;section-stretched&quot;}\">\n\t\t\t\t\t\t<div class=\"elementor-container elementor-column-gap-no\">\n\t\t\t\t\t<div class=\"elementor-column elementor-col-100 elementor-top-column elementor-element elementor-element-7227ff3\" data-id=\"7227ff3\" data-element_type=\"column\" data-e-type=\"column\">\n\t\t\t<div class=\"elementor-widget-wrap elementor-element-populated\">\n\t\t\t\t\t\t<div class=\"elementor-element elementor-element-80341a8 elementor-widget-divider--view-line elementor-widget elementor-widget-divider\" data-id=\"80341a8\" data-element_type=\"widget\" data-e-type=\"widget\" data-widget_type=\"divider.default\">\n\t\t\t\t<div class=\"elementor-widget-container\">\n\t\t\t\t\t\t\t<div class=\"elementor-divider\">\n\t\t\t<span class=\"elementor-divider-separator\">\n\t\t\t\t\t\t<\/span>\n\t\t<\/div>\n\t\t\t\t\t\t<\/div>\n\t\t\t\t<\/div>\n\t\t\t\t\t<\/div>\n\t\t<\/div>\n\t\t\t\t\t<\/div>\n\t\t<\/section>\n\t\t\t\t<section class=\"elementor-section elementor-top-section elementor-element elementor-element-3845e34 elementor-section-boxed elementor-section-height-default elementor-section-height-default\" data-id=\"3845e34\" data-element_type=\"section\" data-e-type=\"section\">\n\t\t\t\t\t\t<div class=\"elementor-container elementor-column-gap-default\">\n\t\t\t\t\t<div class=\"elementor-column elementor-col-50 elementor-top-column elementor-element elementor-element-f98a7b7\" data-id=\"f98a7b7\" data-element_type=\"column\" data-e-type=\"column\">\n\t\t\t<div class=\"elementor-widget-wrap elementor-element-populated\">\n\t\t\t\t\t\t<div class=\"elementor-element elementor-element-3c231a2f elementor-widget elementor-widget-text-editor\" data-id=\"3c231a2f\" data-element_type=\"widget\" data-e-type=\"widget\" data-widget_type=\"text-editor.default\">\n\t\t\t\t<div class=\"elementor-widget-container\">\n\t\t\t\t\t\t\t\t\t<p>Fibrotek Mat\u00e9riaux Avanc\u00e9s, un fabricant canadien de composites automobiles engag\u00e9 dans l&rsquo;ing\u00e9nierie et la fabrication d&rsquo;outils et de pi\u00e8ces composites int\u00e9rieurs et ext\u00e9rieurs pour automobiles, desservant les \u00c9tats-Unis, le Mexique et le Canada.<\/p><p>Fibrotek Mat\u00e9riaux Avanc\u00e9s fabrique des outils et des pi\u00e8ces automobiles de qualit\u00e9 sup\u00e9rieure, de la conception initiale \u00e0 la fabrication et \u00e0 la livraison. L&rsquo;utilisation de mat\u00e9riaux composites dans l&rsquo;industrie automobile a augment\u00e9 ces derni\u00e8res ann\u00e9es. Alors que la demande continue de cro\u00eetre, Fibrotek Mat\u00e9riaux Avanc\u00e9s est l\u00e0 pour r\u00e9pondre aux exigences de nos clients dans cette industrie hautement technique. Les principaux avantages offerts par les pi\u00e8ces composites automobiles sont la r\u00e9duction des co\u00fbts, la r\u00e9duction du poids et la recyclabilit\u00e9. Les composites offrent de nombreux avantages structurels et de poids par rapport aux pi\u00e8ces automobiles traditionnelles en acier et moul\u00e9es par injection.<\/p>\t\t\t\t\t\t\t\t<\/div>\n\t\t\t\t<\/div>\n\t\t\t\t<div class=\"elementor-element elementor-element-ab01afa elementor-widget elementor-widget-heading\" data-id=\"ab01afa\" data-element_type=\"widget\" data-e-type=\"widget\" data-widget_type=\"heading.default\">\n\t\t\t\t<div class=\"elementor-widget-container\">\n\t\t\t\t\t<h2 class=\"elementor-heading-title elementor-size-default\">Les composites en fibre de carbone p\u00e8sent environ un cinqui\u00e8me du poids de l'acier, mais sont aussi bons voire meilleurs en termes de rigidit\u00e9 et de r\u00e9sistance. <\/h2>\t\t\t\t<\/div>\n\t\t\t\t<\/div>\n\t\t\t\t\t<\/div>\n\t\t<\/div>\n\t\t\t\t<div class=\"elementor-column elementor-col-50 elementor-top-column elementor-element elementor-element-614bc94\" data-id=\"614bc94\" data-element_type=\"column\" data-e-type=\"column\">\n\t\t\t<div class=\"elementor-widget-wrap elementor-element-populated\">\n\t\t\t\t\t\t<div class=\"elementor-element elementor-element-35b73c6 elementor-widget elementor-widget-text-editor\" data-id=\"35b73c6\" data-element_type=\"widget\" data-e-type=\"widget\" data-widget_type=\"text-editor.default\">\n\t\t\t\t<div class=\"elementor-widget-container\">\n\t\t\t\t\t\t\t\t\t<p>Les composites en fibre de carbone p\u00e8sent environ un cinqui\u00e8me du poids de l&rsquo;acier, mais sont aussi bons voire meilleurs en termes de rigidit\u00e9 et de r\u00e9sistance. Ils ne rouillent pas et ne se corrodent pas comme l&rsquo;acier ou l&rsquo;aluminium, et ils pourraient augmenter consid\u00e9rablement l&rsquo;\u00e9conomie de carburant du v\u00e9hicule en r\u00e9duisant le poids du v\u00e9hicule jusqu&rsquo;\u00e0 60 %.<\/p><p>Par rapport \u00e0 l&rsquo;acier, les capacit\u00e9s des mat\u00e9riaux composites permettent de r\u00e9pondre et de surpasser les demandes de l&rsquo;industrie automobile. Ces caract\u00e9ristiques uniques comprennent : une excellente stabilit\u00e9 dimensionnelle pour la conservation de la forme et la fiabilit\u00e9, une r\u00e9sistance \u00e0 la corrosion, une r\u00e9sistance aux chocs \u00e9lev\u00e9e et un poids relativement faible pour r\u00e9duire la masse globale du v\u00e9hicule.<\/p><p>L&rsquo;utilisation de la fibre de carbone dans la fabrication automobile existe depuis un certain temps. Pour la plupart, cependant, la fibre de carbone sera utilis\u00e9e dans les pi\u00e8ces structurelles d&rsquo;un v\u00e9hicule.<br \/>R\u00e9cemment, l&rsquo;accent mis par la soci\u00e9t\u00e9 sur les pratiques respectueuses de l&rsquo;environnement consid\u00e8re encore plus la fibre de carbone. C&rsquo;est vrai parce qu&rsquo;il est si l\u00e9ger dans la nature. En cons\u00e9quence, les v\u00e9hicules n&rsquo;ont pas besoin de consommer autant de carburant, ce qui est respectueux de l&rsquo;environnement.<\/p>\t\t\t\t\t\t\t\t<\/div>\n\t\t\t\t<\/div>\n\t\t\t\t\t<\/div>\n\t\t<\/div>\n\t\t\t\t\t<\/div>\n\t\t<\/section>\n\t\t\t\t<section class=\"elementor-section elementor-top-section elementor-element elementor-element-1d93954 elementor-section-boxed elementor-section-height-default elementor-section-height-default\" data-id=\"1d93954\" data-element_type=\"section\" data-e-type=\"section\">\n\t\t\t\t\t\t<div class=\"elementor-container elementor-column-gap-default\">\n\t\t\t\t\t<div class=\"elementor-column elementor-col-100 elementor-top-column elementor-element elementor-element-7eb328f\" data-id=\"7eb328f\" data-element_type=\"column\" data-e-type=\"column\">\n\t\t\t<div class=\"elementor-widget-wrap elementor-element-populated\">\n\t\t\t\t\t\t<div class=\"elementor-element elementor-element-074402b elementor-widget elementor-widget-image-carousel\" data-id=\"074402b\" data-element_type=\"widget\" data-e-type=\"widget\" data-settings=\"{&quot;slides_to_show&quot;:&quot;2&quot;,&quot;navigation&quot;:&quot;none&quot;,&quot;autoplay&quot;:&quot;no&quot;,&quot;image_spacing_custom&quot;:{&quot;unit&quot;:&quot;px&quot;,&quot;size&quot;:34,&quot;sizes&quot;:[]},&quot;infinite&quot;:&quot;no&quot;,&quot;speed&quot;:500,&quot;image_spacing_custom_tablet&quot;:{&quot;unit&quot;:&quot;px&quot;,&quot;size&quot;:&quot;&quot;,&quot;sizes&quot;:[]},&quot;image_spacing_custom_mobile&quot;:{&quot;unit&quot;:&quot;px&quot;,&quot;size&quot;:&quot;&quot;,&quot;sizes&quot;:[]}}\" data-widget_type=\"image-carousel.default\">\n\t\t\t\t<div class=\"elementor-widget-container\">\n\t\t\t\t\t\t\t<div class=\"elementor-image-carousel-wrapper swiper\" role=\"region\" aria-roledescription=\"carousel\" aria-label=\"<trp-gettext data-trpgettextoriginal=1401>Image Carousel<\/trp-gettext>\" dir=\"ltr\">\n\t\t\t<div class=\"elementor-image-carousel swiper-wrapper\" aria-live=\"polite\">\n\t\t\t\t\t\t\t\t<div class=\"swiper-slide\" role=\"group\" aria-roledescription=\"slide\" aria-label=\"<trp-gettext data-trpgettextoriginal=1804>1 of 2<\/trp-gettext>\"><a data-elementor-open-lightbox=\"yes\" data-elementor-lightbox-slideshow=\"074402b\" data-elementor-lightbox-title=\"Moulage 5 - 2019 - GoXplore (2)\" data-e-action-hash=\"#elementor-action%3Aaction%3Dlightbox%26settings%3DeyJpZCI6NjQ0LCJ1cmwiOiJodHRwczpcL1wvZmlicm90ZWsuY29tXC93cC1jb250ZW50XC91cGxvYWRzXC8yMDIwXC8wNVwvTW91bGFnZS01LTIwMTktR29YcGxvcmUtMi1zY2FsZWQuanBlZyIsInNsaWRlc2hvdyI6IjA3NDQwMmIifQ%3D%3D\" href=\"https:\/\/fibrotek.com\/wp-content\/uploads\/2020\/05\/Moulage-5-2019-GoXplore-2-scaled.jpeg\"><figure class=\"swiper-slide-inner\"><img decoding=\"async\" class=\"swiper-slide-image\" src=\"https:\/\/fibrotek.com\/wp-content\/uploads\/2020\/05\/Moulage-5-2019-GoXplore-2-1024x654.jpeg\" alt=\"Fabrication de pi\u00e8ces automobile chez Fibrotek Mat\u00e9riaux Avanc\u00e9s\" title=\"\"><figcaption class=\"elementor-image-carousel-caption\">Fabrication de pi\u00e8ces automobile chez Fibrotek Mat\u00e9riaux Avanc\u00e9s<\/figcaption><\/figure><\/a><\/div><div class=\"swiper-slide\" role=\"group\" aria-roledescription=\"slide\" aria-label=\"<trp-gettext data-trpgettextoriginal=1804>2 of 2<\/trp-gettext>\"><a data-elementor-open-lightbox=\"yes\" data-elementor-lightbox-slideshow=\"074402b\" data-elementor-lightbox-title=\"Assemblage 3 - 2019 - GoXplore (1)\" data-e-action-hash=\"#elementor-action%3Aaction%3Dlightbox%26settings%3DeyJpZCI6NTU2LCJ1cmwiOiJodHRwczpcL1wvZmlicm90ZWsuY29tXC93cC1jb250ZW50XC91cGxvYWRzXC8yMDIwXC8wNVwvQXNzZW1ibGFnZS0zLTIwMTktR29YcGxvcmUtMS1zY2FsZWQuanBlZyIsInNsaWRlc2hvdyI6IjA3NDQwMmIifQ%3D%3D\" href=\"https:\/\/fibrotek.com\/wp-content\/uploads\/2020\/05\/Assemblage-3-2019-GoXplore-1-scaled.jpeg\"><figure class=\"swiper-slide-inner\"><img decoding=\"async\" class=\"swiper-slide-image\" src=\"https:\/\/fibrotek.com\/wp-content\/uploads\/2020\/05\/Assemblage-3-2019-GoXplore-1-1024x710.jpeg\" alt=\"Moules Fabrication de pi\u00e8ces automobile chez Fibrotek Mat\u00e9riaux Avanc\u00e9s diversifi\u00e9s par Fibrotek Mat\u00e9riaux Avanc\u00e9s\" title=\"\"><figcaption class=\"elementor-image-carousel-caption\">Moules Fabrication de pi\u00e8ces automobile chez Fibrotek Mat\u00e9riaux Avanc\u00e9s diversifi\u00e9s par Fibrotek Mat\u00e9riaux Avanc\u00e9s<\/figcaption><\/figure><\/a><\/div>\t\t\t<\/div>\n\t\t\t\t\t\t\t\n\t\t\t\t\t\t\t\t\t<\/div>\n\t\t\t\t\t\t<\/div>\n\t\t\t\t<\/div>\n\t\t\t\t\t<\/div>\n\t\t<\/div>\n\t\t\t\t\t<\/div>\n\t\t<\/section>\n\t\t\t\t<section class=\"elementor-section elementor-top-section elementor-element elementor-element-79db411d elementor-section-boxed elementor-section-height-default elementor-section-height-default\" data-id=\"79db411d\" data-element_type=\"section\" data-e-type=\"section\">\n\t\t\t\t\t\t<div class=\"elementor-container elementor-column-gap-default\">\n\t\t\t\t\t<div class=\"elementor-column elementor-col-100 elementor-top-column elementor-element elementor-element-72b32e3a\" data-id=\"72b32e3a\" data-element_type=\"column\" data-e-type=\"column\">\n\t\t\t<div class=\"elementor-widget-wrap\">\n\t\t\t\t\t\t\t<\/div>\n\t\t<\/div>\n\t\t\t\t\t<\/div>\n\t\t<\/section>\n\t\t\t\t<\/div>\n\t\t","protected":false},"excerpt":{"rendered":"<p>Fabricant de pi\u00e8ces automobiles Fibrotek Mat\u00e9riaux Avanc\u00e9s, un fabricant canadien de composites automobiles engag\u00e9 dans l&rsquo;ing\u00e9nierie et la fabrication d&rsquo;outils et de pi\u00e8ces composites int\u00e9rieurs et ext\u00e9rieurs pour automobiles, desservant les \u00c9tats-Unis, le Mexique et le Canada. Fibrotek Mat\u00e9riaux Avanc\u00e9s fabrique des outils et des pi\u00e8ces automobiles de qualit\u00e9 sup\u00e9rieure, de la conception initiale \u00e0 [&hellip;]<\/p>\n","protected":false},"author":1,"featured_media":0,"parent":926,"menu_order":0,"comment_status":"closed","ping_status":"closed","template":"","meta":{"ocean_post_layout":"","ocean_both_sidebars_style":"","ocean_both_sidebars_content_width":0,"ocean_both_sidebars_sidebars_width":0,"ocean_sidebar":"0","ocean_second_sidebar":"0","ocean_disable_margins":"enable","ocean_add_body_class":"","ocean_shortcode_before_top_bar":"","ocean_shortcode_after_top_bar":"","ocean_shortcode_before_header":"","ocean_shortcode_after_header":"","ocean_has_shortcode":"","ocean_shortcode_after_title":"","ocean_shortcode_before_footer_widgets":"","ocean_shortcode_after_footer_widgets":"","ocean_shortcode_before_footer_bottom":"","ocean_shortcode_after_footer_bottom":"","ocean_display_top_bar":"default","ocean_display_header":"default","ocean_header_style":"","ocean_center_header_left_menu":"0","ocean_custom_header_template":"0","ocean_custom_logo":0,"ocean_custom_retina_logo":0,"ocean_custom_logo_max_width":0,"ocean_custom_logo_tablet_max_width":0,"ocean_custom_logo_mobile_max_width":0,"ocean_custom_logo_max_height":0,"ocean_custom_logo_tablet_max_height":0,"ocean_custom_logo_mobile_max_height":0,"ocean_header_custom_menu":"0","ocean_menu_typo_font_family":"0","ocean_menu_typo_font_subset":"","ocean_menu_typo_font_size":0,"ocean_menu_typo_font_size_tablet":0,"ocean_menu_typo_font_size_mobile":0,"ocean_menu_typo_font_size_unit":"px","ocean_menu_typo_font_weight":"","ocean_menu_typo_font_weight_tablet":"","ocean_menu_typo_font_weight_mobile":"","ocean_menu_typo_transform":"","ocean_menu_typo_transform_tablet":"","ocean_menu_typo_transform_mobile":"","ocean_menu_typo_line_height":0,"ocean_menu_typo_line_height_tablet":0,"ocean_menu_typo_line_height_mobile":0,"ocean_menu_typo_line_height_unit":"","ocean_menu_typo_spacing":0,"ocean_menu_typo_spacing_tablet":0,"ocean_menu_typo_spacing_mobile":0,"ocean_menu_typo_spacing_unit":"","ocean_menu_link_color":"","ocean_menu_link_color_hover":"","ocean_menu_link_color_active":"","ocean_menu_link_background":"","ocean_menu_link_hover_background":"","ocean_menu_link_active_background":"","ocean_menu_social_links_bg":"","ocean_menu_social_hover_links_bg":"","ocean_menu_social_links_color":"","ocean_menu_social_hover_links_color":"","ocean_disable_title":"default","ocean_disable_heading":"default","ocean_post_title":"","ocean_post_subheading":"","ocean_post_title_style":"","ocean_post_title_background_color":"","ocean_post_title_background":0,"ocean_post_title_bg_image_position":"","ocean_post_title_bg_image_attachment":"","ocean_post_title_bg_image_repeat":"","ocean_post_title_bg_image_size":"","ocean_post_title_height":0,"ocean_post_title_bg_overlay":0.5,"ocean_post_title_bg_overlay_color":"","ocean_disable_breadcrumbs":"default","ocean_breadcrumbs_color":"","ocean_breadcrumbs_separator_color":"","ocean_breadcrumbs_links_color":"","ocean_breadcrumbs_links_hover_color":"","ocean_display_footer_widgets":"default","ocean_display_footer_bottom":"default","ocean_custom_footer_template":"1508","footnotes":""},"class_list":["post-620","page","type-page","status-publish","hentry","entry"],"_links":{"self":[{"href":"https:\/\/fibrotek.com\/fr_fr\/wp-json\/wp\/v2\/pages\/620","targetHints":{"allow":["GET"]}}],"collection":[{"href":"https:\/\/fibrotek.com\/fr_fr\/wp-json\/wp\/v2\/pages"}],"about":[{"href":"https:\/\/fibrotek.com\/fr_fr\/wp-json\/wp\/v2\/types\/page"}],"author":[{"embeddable":true,"href":"https:\/\/fibrotek.com\/fr_fr\/wp-json\/wp\/v2\/users\/1"}],"replies":[{"embeddable":true,"href":"https:\/\/fibrotek.com\/fr_fr\/wp-json\/wp\/v2\/comments?post=620"}],"version-history":[{"count":30,"href":"https:\/\/fibrotek.com\/fr_fr\/wp-json\/wp\/v2\/pages\/620\/revisions"}],"predecessor-version":[{"id":2418,"href":"https:\/\/fibrotek.com\/fr_fr\/wp-json\/wp\/v2\/pages\/620\/revisions\/2418"}],"up":[{"embeddable":true,"href":"https:\/\/fibrotek.com\/fr_fr\/wp-json\/wp\/v2\/pages\/926"}],"wp:attachment":[{"href":"https:\/\/fibrotek.com\/fr_fr\/wp-json\/wp\/v2\/media?parent=620"}],"curies":[{"name":"wp","href":"https:\/\/api.w.org\/{rel}","templated":true}]}}