{"id":847,"date":"2020-05-21T10:59:49","date_gmt":"2020-05-21T15:59:49","guid":{"rendered":"https:\/\/rorkaal-dev.ninja\/gabarits-dassemblage\/"},"modified":"2024-02-13T18:41:12","modified_gmt":"2024-02-13T23:41:12","slug":"autres-produits","status":"publish","type":"page","link":"https:\/\/fibrotek.com\/fr_fr\/produits\/autres-produits\/","title":{"rendered":"Autres produits"},"content":{"rendered":"\t\t<div data-elementor-type=\"wp-page\" data-elementor-id=\"847\" class=\"elementor elementor-847\">\n\t\t\t\t\t\t<section class=\"elementor-section elementor-top-section elementor-element elementor-element-7ceac3d1 elementor-section-height-min-height elementor-section-content-middle elementor-section-stretched elementor-section-boxed elementor-section-height-default elementor-section-items-middle\" data-id=\"7ceac3d1\" data-element_type=\"section\" data-e-type=\"section\" data-settings=\"{&quot;background_background&quot;:&quot;classic&quot;,&quot;stretch_section&quot;:&quot;section-stretched&quot;}\">\n\t\t\t\t\t\t\t<div class=\"elementor-background-overlay\"><\/div>\n\t\t\t\t\t\t\t<div class=\"elementor-container elementor-column-gap-default\">\n\t\t\t\t\t<div class=\"elementor-column elementor-col-100 elementor-top-column elementor-element elementor-element-165ca8b3\" data-id=\"165ca8b3\" data-element_type=\"column\" data-e-type=\"column\">\n\t\t\t<div class=\"elementor-widget-wrap elementor-element-populated\">\n\t\t\t\t\t\t<div class=\"elementor-element elementor-element-7f40c6d9 elementor-widget elementor-widget-heading\" data-id=\"7f40c6d9\" data-element_type=\"widget\" data-e-type=\"widget\" data-widget_type=\"heading.default\">\n\t\t\t\t<div class=\"elementor-widget-container\">\n\t\t\t\t\t<h1 class=\"elementor-heading-title elementor-size-default\">Autres produits \u00e0 valeur ajout\u00e9e<\/h1>\t\t\t\t<\/div>\n\t\t\t\t<\/div>\n\t\t\t\t\t<\/div>\n\t\t<\/div>\n\t\t\t\t\t<\/div>\n\t\t<\/section>\n\t\t\t\t<section class=\"elementor-section elementor-top-section elementor-element elementor-element-5761c4dd elementor-section-content-middle elementor-section-stretched elementor-section-boxed elementor-section-height-default elementor-section-height-default\" data-id=\"5761c4dd\" data-element_type=\"section\" data-e-type=\"section\" data-settings=\"{&quot;stretch_section&quot;:&quot;section-stretched&quot;}\">\n\t\t\t\t\t\t<div class=\"elementor-container elementor-column-gap-no\">\n\t\t\t\t\t<div class=\"elementor-column elementor-col-100 elementor-top-column elementor-element elementor-element-3e120a3f\" data-id=\"3e120a3f\" data-element_type=\"column\" data-e-type=\"column\">\n\t\t\t<div class=\"elementor-widget-wrap elementor-element-populated\">\n\t\t\t\t\t\t<div class=\"elementor-element elementor-element-0a18737 elementor-widget-divider--view-line elementor-widget elementor-widget-divider\" data-id=\"0a18737\" data-element_type=\"widget\" data-e-type=\"widget\" data-widget_type=\"divider.default\">\n\t\t\t\t<div class=\"elementor-widget-container\">\n\t\t\t\t\t\t\t<div class=\"elementor-divider\">\n\t\t\t<span class=\"elementor-divider-separator\">\n\t\t\t\t\t\t<\/span>\n\t\t<\/div>\n\t\t\t\t\t\t<\/div>\n\t\t\t\t<\/div>\n\t\t\t\t<div class=\"elementor-element elementor-element-191e97ec elementor-widget elementor-widget-text-editor\" data-id=\"191e97ec\" data-element_type=\"widget\" data-e-type=\"widget\" data-widget_type=\"text-editor.default\">\n\t\t\t\t<div class=\"elementor-widget-container\">\n\t\t\t\t\t\t\t\t\t<p>Fibrotek est une entreprise int\u00e9gr\u00e9e qui offre une combinaison d\u2019usinage \u00e0 commande num\u00e9rique, d\u2019outillages et de pi\u00e8ces de production en mat\u00e9riaux composites. Avec nos d\u00e9partements de R&amp;D et d\u2019ing\u00e9nierie, nous sommes toujours pr\u00eats \u00e0 relever de nouveaux d\u00e9fis et \u00e0 \u00e9tendre notre champ d\u2019expertise tout en suivant les demandes de nos clients. Notre programme de gestion nous permet de garantir une bonne qualit\u00e9 et fiabilit\u00e9 en toutes circonstances.<\/p>\t\t\t\t\t\t\t\t<\/div>\n\t\t\t\t<\/div>\n\t\t\t\t\t<\/div>\n\t\t<\/div>\n\t\t\t\t\t<\/div>\n\t\t<\/section>\n\t\t\t\t<section class=\"elementor-section elementor-top-section elementor-element elementor-element-6a65978 elementor-section-boxed elementor-section-height-default elementor-section-height-default\" data-id=\"6a65978\" data-element_type=\"section\" data-e-type=\"section\">\n\t\t\t\t\t\t<div class=\"elementor-container elementor-column-gap-default\">\n\t\t\t\t\t<div class=\"elementor-column elementor-col-100 elementor-top-column elementor-element elementor-element-a922d86\" data-id=\"a922d86\" data-element_type=\"column\" data-e-type=\"column\">\n\t\t\t<div class=\"elementor-widget-wrap elementor-element-populated\">\n\t\t\t\t\t\t<div class=\"elementor-element elementor-element-71594f25 elementor-widget elementor-widget-image-carousel\" data-id=\"71594f25\" data-element_type=\"widget\" data-e-type=\"widget\" data-settings=\"{&quot;slides_to_show&quot;:&quot;3&quot;,&quot;navigation&quot;:&quot;none&quot;,&quot;autoplay&quot;:&quot;no&quot;,&quot;image_spacing_custom&quot;:{&quot;unit&quot;:&quot;px&quot;,&quot;size&quot;:34,&quot;sizes&quot;:[]},&quot;infinite&quot;:&quot;no&quot;,&quot;speed&quot;:500,&quot;image_spacing_custom_tablet&quot;:{&quot;unit&quot;:&quot;px&quot;,&quot;size&quot;:&quot;&quot;,&quot;sizes&quot;:[]},&quot;image_spacing_custom_mobile&quot;:{&quot;unit&quot;:&quot;px&quot;,&quot;size&quot;:&quot;&quot;,&quot;sizes&quot;:[]}}\" data-widget_type=\"image-carousel.default\">\n\t\t\t\t<div class=\"elementor-widget-container\">\n\t\t\t\t\t\t\t<div class=\"elementor-image-carousel-wrapper swiper\" role=\"region\" aria-roledescription=\"carousel\" aria-label=\"Carrousel d\u2019images\" dir=\"ltr\">\n\t\t\t<div class=\"elementor-image-carousel swiper-wrapper\" aria-live=\"polite\">\n\t\t\t\t\t\t\t\t<div class=\"swiper-slide\" role=\"group\" aria-roledescription=\"slide\" aria-label=\"1 sur 3\"><a data-elementor-open-lightbox=\"yes\" data-elementor-lightbox-slideshow=\"71594f25\" data-elementor-lightbox-title=\"BE_Aerospace_1\" data-elementor-lightbox-description=\"Projet pour BE Aerospace  r\u00e9alis\u00e9 par Fibrotek Mat\u00e9riaux Avanc\u00e9s\" data-e-action-hash=\"#elementor-action%3Aaction%3Dlightbox%26settings%3DeyJpZCI6MTEzOSwidXJsIjoiaHR0cHM6XC9cL2ZpYnJvdGVrLmNvbVwvd3AtY29udGVudFwvdXBsb2Fkc1wvMjAyMFwvMDlcL0JFX0Flcm9zcGFjZV8xLmpwZyIsInNsaWRlc2hvdyI6IjcxNTk0ZjI1In0%3D\" href=\"https:\/\/fibrotek.com\/wp-content\/uploads\/2020\/09\/BE_Aerospace_1.jpg\"><figure class=\"swiper-slide-inner\"><img decoding=\"async\" class=\"swiper-slide-image\" src=\"https:\/\/fibrotek.com\/wp-content\/uploads\/2020\/09\/BE_Aerospace_1.jpg\" alt=\"Projet pour BE Aerospace\" title=\"\"><figcaption class=\"elementor-image-carousel-caption\">Projet pour BE Aerospace  r\u00e9alis\u00e9 par Fibrotek Mat\u00e9riaux Avanc\u00e9s<\/figcaption><\/figure><\/a><\/div><div class=\"swiper-slide\" role=\"group\" aria-roledescription=\"slide\" aria-label=\"2 sur 3\"><a data-elementor-open-lightbox=\"yes\" data-elementor-lightbox-slideshow=\"71594f25\" data-elementor-lightbox-title=\"BE_Aerospace_6\" data-elementor-lightbox-description=\"Projet pour BE Aerospace  r\u00e9alis\u00e9 par Fibrotek Mat\u00e9riaux Avanc\u00e9s\" data-e-action-hash=\"#elementor-action%3Aaction%3Dlightbox%26settings%3DeyJpZCI6MTE0MSwidXJsIjoiaHR0cHM6XC9cL2ZpYnJvdGVrLmNvbVwvd3AtY29udGVudFwvdXBsb2Fkc1wvMjAyMFwvMDlcL0JFX0Flcm9zcGFjZV82LmpwZyIsInNsaWRlc2hvdyI6IjcxNTk0ZjI1In0%3D\" href=\"https:\/\/fibrotek.com\/wp-content\/uploads\/2020\/09\/BE_Aerospace_6.jpg\"><figure class=\"swiper-slide-inner\"><img decoding=\"async\" class=\"swiper-slide-image\" src=\"https:\/\/fibrotek.com\/wp-content\/uploads\/2020\/09\/BE_Aerospace_6.jpg\" alt=\"Projet pour BE Aerospace  r\u00e9alis\u00e9 par Fibrotek Mat\u00e9riaux Avanc\u00e9s\" title=\"\"><figcaption class=\"elementor-image-carousel-caption\">Projet pour BE Aerospace  r\u00e9alis\u00e9 par Fibrotek Mat\u00e9riaux Avanc\u00e9s<\/figcaption><\/figure><\/a><\/div><div class=\"swiper-slide\" role=\"group\" aria-roledescription=\"slide\" aria-label=\"3 sur 3\"><a data-elementor-open-lightbox=\"yes\" data-elementor-lightbox-slideshow=\"71594f25\" data-elementor-lightbox-title=\"BE_Aerospace_5\" data-elementor-lightbox-description=\"Projet pour BE Aerospace  r\u00e9alis\u00e9 par Fibrotek Mat\u00e9riaux Avanc\u00e9s\" data-e-action-hash=\"#elementor-action%3Aaction%3Dlightbox%26settings%3DeyJpZCI6MTE0MiwidXJsIjoiaHR0cHM6XC9cL2ZpYnJvdGVrLmNvbVwvd3AtY29udGVudFwvdXBsb2Fkc1wvMjAyMFwvMDlcL0JFX0Flcm9zcGFjZV81LmpwZyIsInNsaWRlc2hvdyI6IjcxNTk0ZjI1In0%3D\" href=\"https:\/\/fibrotek.com\/wp-content\/uploads\/2020\/09\/BE_Aerospace_5.jpg\"><figure class=\"swiper-slide-inner\"><img decoding=\"async\" class=\"swiper-slide-image\" src=\"https:\/\/fibrotek.com\/wp-content\/uploads\/2020\/09\/BE_Aerospace_5.jpg\" alt=\"Projet pour BE Aerospace  r\u00e9alis\u00e9 par Fibrotek Mat\u00e9riaux Avanc\u00e9s\" title=\"\"><figcaption class=\"elementor-image-carousel-caption\">Projet pour BE Aerospace  r\u00e9alis\u00e9 par Fibrotek Mat\u00e9riaux Avanc\u00e9s<\/figcaption><\/figure><\/a><\/div>\t\t\t<\/div>\n\t\t\t\t\t\t\t\n\t\t\t\t\t\t\t\t\t<\/div>\n\t\t\t\t\t\t<\/div>\n\t\t\t\t<\/div>\n\t\t\t\t<div class=\"elementor-element elementor-element-0ceff1f elementor-widget elementor-widget-image-carousel\" data-id=\"0ceff1f\" data-element_type=\"widget\" data-e-type=\"widget\" data-settings=\"{&quot;slides_to_show&quot;:&quot;3&quot;,&quot;navigation&quot;:&quot;none&quot;,&quot;autoplay&quot;:&quot;no&quot;,&quot;image_spacing_custom&quot;:{&quot;unit&quot;:&quot;px&quot;,&quot;size&quot;:34,&quot;sizes&quot;:[]},&quot;infinite&quot;:&quot;no&quot;,&quot;speed&quot;:500,&quot;image_spacing_custom_tablet&quot;:{&quot;unit&quot;:&quot;px&quot;,&quot;size&quot;:&quot;&quot;,&quot;sizes&quot;:[]},&quot;image_spacing_custom_mobile&quot;:{&quot;unit&quot;:&quot;px&quot;,&quot;size&quot;:&quot;&quot;,&quot;sizes&quot;:[]}}\" data-widget_type=\"image-carousel.default\">\n\t\t\t\t<div class=\"elementor-widget-container\">\n\t\t\t\t\t\t\t<div class=\"elementor-image-carousel-wrapper swiper\" role=\"region\" aria-roledescription=\"carousel\" aria-label=\"Carrousel d\u2019images\" dir=\"ltr\">\n\t\t\t<div class=\"elementor-image-carousel swiper-wrapper\" aria-live=\"polite\">\n\t\t\t\t\t\t\t\t<div class=\"swiper-slide\" role=\"group\" aria-roledescription=\"slide\" aria-label=\"1 sur 3\"><a data-elementor-open-lightbox=\"yes\" data-elementor-lightbox-slideshow=\"0ceff1f\" data-elementor-lightbox-title=\"BE_Aerospace_4\" data-elementor-lightbox-description=\"Projet pour BE Aerospace  r\u00e9alis\u00e9 par Fibrotek Mat\u00e9riaux Avanc\u00e9s\" data-e-action-hash=\"#elementor-action%3Aaction%3Dlightbox%26settings%3DeyJpZCI6MTE0MywidXJsIjoiaHR0cHM6XC9cL2ZpYnJvdGVrLmNvbVwvd3AtY29udGVudFwvdXBsb2Fkc1wvMjAyMFwvMDlcL0JFX0Flcm9zcGFjZV80LmpwZyIsInNsaWRlc2hvdyI6IjBjZWZmMWYifQ%3D%3D\" href=\"https:\/\/fibrotek.com\/wp-content\/uploads\/2020\/09\/BE_Aerospace_4.jpg\"><figure class=\"swiper-slide-inner\"><img decoding=\"async\" class=\"swiper-slide-image\" src=\"https:\/\/fibrotek.com\/wp-content\/uploads\/2020\/09\/BE_Aerospace_4.jpg\" alt=\"Projet pour BE Aerospace  r\u00e9alis\u00e9 par Fibrotek Mat\u00e9riaux Avanc\u00e9s\" title=\"\"><figcaption class=\"elementor-image-carousel-caption\">Projet pour BE Aerospace  r\u00e9alis\u00e9 par Fibrotek Mat\u00e9riaux Avanc\u00e9s<\/figcaption><\/figure><\/a><\/div><div class=\"swiper-slide\" role=\"group\" aria-roledescription=\"slide\" aria-label=\"2 sur 3\"><a data-elementor-open-lightbox=\"yes\" data-elementor-lightbox-slideshow=\"0ceff1f\" data-elementor-lightbox-title=\"BE_Aerospace_3\" data-elementor-lightbox-description=\"Projet pour BE Aerospace  r\u00e9alis\u00e9 par Fibrotek Mat\u00e9riaux Avanc\u00e9s\" data-e-action-hash=\"#elementor-action%3Aaction%3Dlightbox%26settings%3DeyJpZCI6MTE0NCwidXJsIjoiaHR0cHM6XC9cL2ZpYnJvdGVrLmNvbVwvd3AtY29udGVudFwvdXBsb2Fkc1wvMjAyMFwvMDlcL0JFX0Flcm9zcGFjZV8zLmpwZyIsInNsaWRlc2hvdyI6IjBjZWZmMWYifQ%3D%3D\" href=\"https:\/\/fibrotek.com\/wp-content\/uploads\/2020\/09\/BE_Aerospace_3.jpg\"><figure class=\"swiper-slide-inner\"><img decoding=\"async\" class=\"swiper-slide-image\" src=\"https:\/\/fibrotek.com\/wp-content\/uploads\/2020\/09\/BE_Aerospace_3.jpg\" alt=\"Projet pour BE Aerospace  r\u00e9alis\u00e9 par Fibrotek Mat\u00e9riaux Avanc\u00e9s\" title=\"\"><figcaption class=\"elementor-image-carousel-caption\">Projet pour BE Aerospace  r\u00e9alis\u00e9 par Fibrotek Mat\u00e9riaux Avanc\u00e9s<\/figcaption><\/figure><\/a><\/div><div class=\"swiper-slide\" role=\"group\" aria-roledescription=\"slide\" aria-label=\"3 sur 3\"><a data-elementor-open-lightbox=\"yes\" data-elementor-lightbox-slideshow=\"0ceff1f\" data-elementor-lightbox-title=\"BE_Aerospace_2\" data-elementor-lightbox-description=\"Projet pour BE Aerospace  r\u00e9alis\u00e9 par Fibrotek Mat\u00e9riaux Avanc\u00e9s\" data-e-action-hash=\"#elementor-action%3Aaction%3Dlightbox%26settings%3DeyJpZCI6MTE0NSwidXJsIjoiaHR0cHM6XC9cL2ZpYnJvdGVrLmNvbVwvd3AtY29udGVudFwvdXBsb2Fkc1wvMjAyMFwvMDlcL0JFX0Flcm9zcGFjZV8yLmpwZyIsInNsaWRlc2hvdyI6IjBjZWZmMWYifQ%3D%3D\" href=\"https:\/\/fibrotek.com\/wp-content\/uploads\/2020\/09\/BE_Aerospace_2.jpg\"><figure class=\"swiper-slide-inner\"><img decoding=\"async\" class=\"swiper-slide-image\" src=\"https:\/\/fibrotek.com\/wp-content\/uploads\/2020\/09\/BE_Aerospace_2.jpg\" alt=\"Projet pour BE Aerospace  r\u00e9alis\u00e9 par Fibrotek Mat\u00e9riaux Avanc\u00e9s\" title=\"\"><figcaption class=\"elementor-image-carousel-caption\">Projet pour BE Aerospace  r\u00e9alis\u00e9 par Fibrotek Mat\u00e9riaux Avanc\u00e9s<\/figcaption><\/figure><\/a><\/div>\t\t\t<\/div>\n\t\t\t\t\t\t\t\n\t\t\t\t\t\t\t\t\t<\/div>\n\t\t\t\t\t\t<\/div>\n\t\t\t\t<\/div>\n\t\t\t\t\t<\/div>\n\t\t<\/div>\n\t\t\t\t\t<\/div>\n\t\t<\/section>\n\t\t\t\t<section class=\"elementor-section elementor-top-section elementor-element elementor-element-7d03ddf5 elementor-section-boxed elementor-section-height-default elementor-section-height-default\" data-id=\"7d03ddf5\" data-element_type=\"section\" data-e-type=\"section\">\n\t\t\t\t\t\t<div class=\"elementor-container elementor-column-gap-default\">\n\t\t\t\t\t<div class=\"elementor-column elementor-col-100 elementor-top-column elementor-element elementor-element-3a81bd60\" data-id=\"3a81bd60\" data-element_type=\"column\" data-e-type=\"column\">\n\t\t\t<div class=\"elementor-widget-wrap\">\n\t\t\t\t\t\t\t<\/div>\n\t\t<\/div>\n\t\t\t\t\t<\/div>\n\t\t<\/section>\n\t\t\t\t<\/div>\n\t\t","protected":false},"excerpt":{"rendered":"<p>Autres produits \u00e0 valeur ajout\u00e9e Fibrotek est une entreprise int\u00e9gr\u00e9e qui offre une combinaison d\u2019usinage \u00e0 commande num\u00e9rique, d\u2019outillages et de pi\u00e8ces de production en mat\u00e9riaux composites. Avec nos d\u00e9partements de R&amp;D et d\u2019ing\u00e9nierie, nous sommes toujours pr\u00eats \u00e0 relever de nouveaux d\u00e9fis et \u00e0 \u00e9tendre notre champ d\u2019expertise tout en suivant les demandes de [&hellip;]<\/p>\n","protected":false},"author":1,"featured_media":0,"parent":926,"menu_order":0,"comment_status":"closed","ping_status":"closed","template":"","meta":{"ocean_post_layout":"","ocean_both_sidebars_style":"","ocean_both_sidebars_content_width":0,"ocean_both_sidebars_sidebars_width":0,"ocean_sidebar":"0","ocean_second_sidebar":"0","ocean_disable_margins":"enable","ocean_add_body_class":"","ocean_shortcode_before_top_bar":"","ocean_shortcode_after_top_bar":"","ocean_shortcode_before_header":"","ocean_shortcode_after_header":"","ocean_has_shortcode":"","ocean_shortcode_after_title":"","ocean_shortcode_before_footer_widgets":"","ocean_shortcode_after_footer_widgets":"","ocean_shortcode_before_footer_bottom":"","ocean_shortcode_after_footer_bottom":"","ocean_display_top_bar":"default","ocean_display_header":"default","ocean_header_style":"","ocean_center_header_left_menu":"0","ocean_custom_header_template":"0","ocean_custom_logo":0,"ocean_custom_retina_logo":0,"ocean_custom_logo_max_width":0,"ocean_custom_logo_tablet_max_width":0,"ocean_custom_logo_mobile_max_width":0,"ocean_custom_logo_max_height":0,"ocean_custom_logo_tablet_max_height":0,"ocean_custom_logo_mobile_max_height":0,"ocean_header_custom_menu":"0","ocean_menu_typo_font_family":"0","ocean_menu_typo_font_subset":"","ocean_menu_typo_font_size":0,"ocean_menu_typo_font_size_tablet":0,"ocean_menu_typo_font_size_mobile":0,"ocean_menu_typo_font_size_unit":"px","ocean_menu_typo_font_weight":"","ocean_menu_typo_font_weight_tablet":"","ocean_menu_typo_font_weight_mobile":"","ocean_menu_typo_transform":"","ocean_menu_typo_transform_tablet":"","ocean_menu_typo_transform_mobile":"","ocean_menu_typo_line_height":0,"ocean_menu_typo_line_height_tablet":0,"ocean_menu_typo_line_height_mobile":0,"ocean_menu_typo_line_height_unit":"","ocean_menu_typo_spacing":0,"ocean_menu_typo_spacing_tablet":0,"ocean_menu_typo_spacing_mobile":0,"ocean_menu_typo_spacing_unit":"","ocean_menu_link_color":"","ocean_menu_link_color_hover":"","ocean_menu_link_color_active":"","ocean_menu_link_background":"","ocean_menu_link_hover_background":"","ocean_menu_link_active_background":"","ocean_menu_social_links_bg":"","ocean_menu_social_hover_links_bg":"","ocean_menu_social_links_color":"","ocean_menu_social_hover_links_color":"","ocean_disable_title":"default","ocean_disable_heading":"default","ocean_post_title":"","ocean_post_subheading":"","ocean_post_title_style":"","ocean_post_title_background_color":"","ocean_post_title_background":0,"ocean_post_title_bg_image_position":"","ocean_post_title_bg_image_attachment":"","ocean_post_title_bg_image_repeat":"","ocean_post_title_bg_image_size":"","ocean_post_title_height":0,"ocean_post_title_bg_overlay":0.5,"ocean_post_title_bg_overlay_color":"","ocean_disable_breadcrumbs":"default","ocean_breadcrumbs_color":"","ocean_breadcrumbs_separator_color":"","ocean_breadcrumbs_links_color":"","ocean_breadcrumbs_links_hover_color":"","ocean_display_footer_widgets":"default","ocean_display_footer_bottom":"default","ocean_custom_footer_template":"1508","footnotes":""},"class_list":["post-847","page","type-page","status-publish","hentry","entry"],"_links":{"self":[{"href":"https:\/\/fibrotek.com\/fr_fr\/wp-json\/wp\/v2\/pages\/847","targetHints":{"allow":["GET"]}}],"collection":[{"href":"https:\/\/fibrotek.com\/fr_fr\/wp-json\/wp\/v2\/pages"}],"about":[{"href":"https:\/\/fibrotek.com\/fr_fr\/wp-json\/wp\/v2\/types\/page"}],"author":[{"embeddable":true,"href":"https:\/\/fibrotek.com\/fr_fr\/wp-json\/wp\/v2\/users\/1"}],"replies":[{"embeddable":true,"href":"https:\/\/fibrotek.com\/fr_fr\/wp-json\/wp\/v2\/comments?post=847"}],"version-history":[{"count":12,"href":"https:\/\/fibrotek.com\/fr_fr\/wp-json\/wp\/v2\/pages\/847\/revisions"}],"predecessor-version":[{"id":2424,"href":"https:\/\/fibrotek.com\/fr_fr\/wp-json\/wp\/v2\/pages\/847\/revisions\/2424"}],"up":[{"embeddable":true,"href":"https:\/\/fibrotek.com\/fr_fr\/wp-json\/wp\/v2\/pages\/926"}],"wp:attachment":[{"href":"https:\/\/fibrotek.com\/fr_fr\/wp-json\/wp\/v2\/media?parent=847"}],"curies":[{"name":"wp","href":"https:\/\/api.w.org\/{rel}","templated":true}]}}